{"id":29586,"date":"2021-04-29T16:31:11","date_gmt":"2021-04-29T15:31:11","guid":{"rendered":"https:\/\/inhala.net\/shop\/sin%20categor\u00eda\/galetes-de-mantega-shortbread-caramel-al-punt-de-sal-tub-de-280-grams\/"},"modified":"2022-03-23T20:31:29","modified_gmt":"2022-03-23T19:31:29","slug":"galletas-de-limon-celine-citronde-generous-120-gramos","status":"publish","type":"product","link":"https:\/\/inhala.net\/es\/productes\/galletas-de-limon-celine-citronde-generous-120-gramos\/","title":{"rendered":"Galletas de Lim\u00f3n &#8220;C\u00e9line Citron&#8221;de Generous, 120 gramos"},"content":{"rendered":"<p>En <a href=\"http:\/\/inhala.net\/es\"><strong>INHALA Caf\u00e9s y T\u00e9s<\/strong><\/a>, seleccionamos los mejores complementos y accesorios para tus <strong>coffee <\/strong>y <strong>tea time<\/strong>.<\/p>\n<p>Preparamos regalos personalizados siempre a adapt\u00e1ndonos a tu gusto y presupuesto y adem\u00e1s podremos enviarlos d\u00f3nde t\u00fa nos digas.<\/p>\n<p>&nbsp;<\/p>\n","protected":false},"excerpt":{"rendered":"<p>Las\u00a0<strong>galletas\u00a0<\/strong>de<strong> lim\u00f3n<\/strong> <strong>&#8220;C\u00e9line Citron&#8221;<\/strong>\u00a0de\u00a0<a href=\"https:\/\/generous.eu\/accueil\/qui-sommes-nous\/\"><strong>Generous<\/strong><\/a> est\u00e1n elaboradas en B\u00e9lgica de una manera totalmente artesanal y tienen el sello de producto\u00a0<strong>ecol\u00f3gico.<\/strong><\/p>\n<p><strong>NO <\/strong>contienen<strong> gluten<\/strong>.<\/p>\n<p>Son unas galletitas peque\u00f1as (pesan 8 grs.) ideales para acompa\u00f1ar una taza de <strong>caf\u00e9 <\/strong>o<strong> t\u00e9<\/strong>, tambi\u00e9n tenemos las de <strong><a href=\"https:\/\/inhala.net\/es\/productes\/galletas-de-chocolate-y-avellanas-charlotte-chocolat-de-generous-120-gramo\/\">chocolate<\/a>.<\/strong><\/p>\n<p>Contiene\u00a0<strong>LECHE<\/strong>,\u00a0<strong>FRUTOS SECOS <\/strong>y puede contener trazas de\u00a0<strong>HUEVO<\/strong>.<\/p>\n<p>Estas galletas no pueden faltar en la selecci\u00f3n gourmet de nuestra tienda\u00a0<a href=\"http:\/\/inhala.net\/es\"><strong>INHALA.<\/strong><\/a><\/p>\n<h6><strong>INGREDIENTES<\/strong>: harinas* sin gluten (sarraceno*, f\u00e9cula de patata*, tapioca*), mantequilla* (<strong>lait<\/strong>), az\u00facar de ca\u00f1a*, aroma natural de lim\u00f3n (0,5%), espesante (goma de xanthana), sal.<\/h6>\n<h6>*Producto proveniente de agricultura biol\u00f3gica.<\/h6>\n<h6><\/h6>\n<h6><strong>VALOR NUTRICIONAL<\/strong> \/100 gr.:\u00a0 Energ\u00eda 2071Kj\/497Kcal; Grasas 30 g, de las cuales saturadas 18 gr; Carbohidratos 48 gr, de los cuales son az\u00facares 22 gr.; Prote\u00ednas 5.7 gr; Sal: 0.6 gr.<\/h6>\n<p>&nbsp;<\/p>\n","protected":false},"featured_media":33041,"comment_status":"open","ping_status":"closed","template":"","meta":{"inline_featured_image":false},"product_brand":[],"product_cat":[220],"product_tag":[1400,507,893,696,1222],"class_list":{"0":"post-29586","1":"product","2":"type-product","3":"status-publish","4":"has-post-thumbnail","6":"product_cat-galletas-y-chocolates","7":"product_tag-biscuits-es","8":"product_tag-galletas","9":"product_tag-llimona-es","10":"product_tag-regalos-originales","11":"product_tag-tea-lover-es","13":"first","14":"instock","15":"taxable","16":"shipping-taxable","17":"purchasable","18":"product-type-simple"},"yoast_head":"<!-- This site is optimized with the Yoast SEO plugin v27.3 - https:\/\/yoast.com\/product\/yoast-seo-wordpress\/ -->\n<title>Galletas de Lim\u00f3n &quot;C\u00ebline Citron&quot;de Generous, 120 gramos - Inhala<\/title>\n<meta name=\"description\" content=\"Las\u00a0galletas\u00a0de lim\u00f3n &quot;C\u00e9line Citron&quot;\u00a0de\u00a0Generous est\u00e1n elaboradas en B\u00e9lgica de una manera totalmente artesanal. En INHALA Caf\u00e9s y T\u00e9s.\" \/>\n<meta name=\"robots\" content=\"index, follow, max-snippet:-1, max-image-preview:large, max-video-preview:-1\" \/>\n<link rel=\"canonical\" href=\"https:\/\/inhala.net\/es\/productes\/galletas-de-limon-celine-citronde-generous-120-gramos\/\" \/>\n<meta property=\"og:locale\" content=\"es_ES\" \/>\n<meta property=\"og:type\" content=\"article\" \/>\n<meta property=\"og:title\" content=\"Galletas de Lim\u00f3n &quot;C\u00ebline Citron&quot;de Generous, 120 gramos - Inhala\" \/>\n<meta property=\"og:description\" content=\"Las\u00a0galletas\u00a0de lim\u00f3n &quot;C\u00e9line Citron&quot;\u00a0de\u00a0Generous est\u00e1n elaboradas en B\u00e9lgica de una manera totalmente artesanal. En INHALA Caf\u00e9s y T\u00e9s.\" \/>\n<meta property=\"og:url\" content=\"https:\/\/inhala.net\/es\/productes\/galletas-de-limon-celine-citronde-generous-120-gramos\/\" \/>\n<meta property=\"og:site_name\" content=\"Inhala\" \/>\n<meta property=\"article:modified_time\" content=\"2022-03-23T19:31:29+00:00\" \/>\n<meta property=\"og:image\" content=\"https:\/\/inhala.net\/wp-content\/uploads\/2021\/04\/galletas-limon-Celine-Citron-galetes-llimona-Generous-Inhala-Cafes-y-Tes-Granollers-Barcelona-2.jpg\" \/>\n\t<meta property=\"og:image:width\" content=\"819\" \/>\n\t<meta property=\"og:image:height\" content=\"683\" \/>\n\t<meta property=\"og:image:type\" content=\"image\/jpeg\" \/>\n<meta name=\"twitter:card\" content=\"summary_large_image\" \/>\n<meta name=\"twitter:label1\" content=\"Tiempo de lectura\" \/>\n\t<meta name=\"twitter:data1\" content=\"1 minuto\" \/>\n<script type=\"application\/ld+json\" class=\"yoast-schema-graph\">{\"@context\":\"https:\\\/\\\/schema.org\",\"@graph\":[{\"@type\":\"WebPage\",\"@id\":\"https:\\\/\\\/inhala.net\\\/es\\\/productes\\\/galletas-de-limon-celine-citronde-generous-120-gramos\\\/\",\"url\":\"https:\\\/\\\/inhala.net\\\/es\\\/productes\\\/galletas-de-limon-celine-citronde-generous-120-gramos\\\/\",\"name\":\"Galletas de Lim\u00f3n \\\"C\u00ebline Citron\\\"de Generous, 120 gramos - Inhala\",\"isPartOf\":{\"@id\":\"https:\\\/\\\/inhala.net\\\/#website\"},\"primaryImageOfPage\":{\"@id\":\"https:\\\/\\\/inhala.net\\\/es\\\/productes\\\/galletas-de-limon-celine-citronde-generous-120-gramos\\\/#primaryimage\"},\"image\":{\"@id\":\"https:\\\/\\\/inhala.net\\\/es\\\/productes\\\/galletas-de-limon-celine-citronde-generous-120-gramos\\\/#primaryimage\"},\"thumbnailUrl\":\"https:\\\/\\\/inhala.net\\\/wp-content\\\/uploads\\\/2021\\\/04\\\/galletas-limon-Celine-Citron-galetes-llimona-Generous-Inhala-Cafes-y-Tes-Granollers-Barcelona-2.jpg\",\"datePublished\":\"2021-04-29T15:31:11+00:00\",\"dateModified\":\"2022-03-23T19:31:29+00:00\",\"description\":\"Las\u00a0galletas\u00a0de lim\u00f3n \\\"C\u00e9line Citron\\\"\u00a0de\u00a0Generous est\u00e1n elaboradas en B\u00e9lgica de una manera totalmente artesanal. En INHALA Caf\u00e9s y T\u00e9s.\",\"breadcrumb\":{\"@id\":\"https:\\\/\\\/inhala.net\\\/es\\\/productes\\\/galletas-de-limon-celine-citronde-generous-120-gramos\\\/#breadcrumb\"},\"inLanguage\":\"es\",\"potentialAction\":[{\"@type\":\"ReadAction\",\"target\":[\"https:\\\/\\\/inhala.net\\\/es\\\/productes\\\/galletas-de-limon-celine-citronde-generous-120-gramos\\\/\"]}]},{\"@type\":\"ImageObject\",\"inLanguage\":\"es\",\"@id\":\"https:\\\/\\\/inhala.net\\\/es\\\/productes\\\/galletas-de-limon-celine-citronde-generous-120-gramos\\\/#primaryimage\",\"url\":\"https:\\\/\\\/inhala.net\\\/wp-content\\\/uploads\\\/2021\\\/04\\\/galletas-limon-Celine-Citron-galetes-llimona-Generous-Inhala-Cafes-y-Tes-Granollers-Barcelona-2.jpg\",\"contentUrl\":\"https:\\\/\\\/inhala.net\\\/wp-content\\\/uploads\\\/2021\\\/04\\\/galletas-limon-Celine-Citron-galetes-llimona-Generous-Inhala-Cafes-y-Tes-Granollers-Barcelona-2.jpg\",\"width\":819,\"height\":683,\"caption\":\"galletas lim\u00f3n C\u00e9line Citron galetes llimona Generous Inhala Caf\u00e9s y T\u00e9s Granollers Barcelona\"},{\"@type\":\"BreadcrumbList\",\"@id\":\"https:\\\/\\\/inhala.net\\\/es\\\/productes\\\/galletas-de-limon-celine-citronde-generous-120-gramos\\\/#breadcrumb\",\"itemListElement\":[{\"@type\":\"ListItem\",\"position\":1,\"name\":\"Inici\",\"item\":\"https:\\\/\\\/inhala.net\\\/es\\\/inicio\\\/\"},{\"@type\":\"ListItem\",\"position\":2,\"name\":\"Productos\",\"item\":\"https:\\\/\\\/inhala.net\\\/es\\\/product\\\/\"},{\"@type\":\"ListItem\",\"position\":3,\"name\":\"Galletas de Lim\u00f3n &#8220;C\u00e9line Citron&#8221;de Generous, 120 gramos\"}]},{\"@type\":\"WebSite\",\"@id\":\"https:\\\/\\\/inhala.net\\\/#website\",\"url\":\"https:\\\/\\\/inhala.net\\\/\",\"name\":\"Inhala\",\"description\":\"Coffee & Tea | Invade los sentidos\",\"potentialAction\":[{\"@type\":\"SearchAction\",\"target\":{\"@type\":\"EntryPoint\",\"urlTemplate\":\"https:\\\/\\\/inhala.net\\\/?s={search_term_string}\"},\"query-input\":{\"@type\":\"PropertyValueSpecification\",\"valueRequired\":true,\"valueName\":\"search_term_string\"}}],\"inLanguage\":\"es\"}]}<\/script>\n<!-- \/ Yoast SEO plugin. -->","yoast_head_json":{"title":"Galletas de Lim\u00f3n \"C\u00ebline Citron\"de Generous, 120 gramos - Inhala","description":"Las\u00a0galletas\u00a0de lim\u00f3n \"C\u00e9line Citron\"\u00a0de\u00a0Generous est\u00e1n elaboradas en B\u00e9lgica de una manera totalmente artesanal. En INHALA Caf\u00e9s y T\u00e9s.","robots":{"index":"index","follow":"follow","max-snippet":"max-snippet:-1","max-image-preview":"max-image-preview:large","max-video-preview":"max-video-preview:-1"},"canonical":"https:\/\/inhala.net\/es\/productes\/galletas-de-limon-celine-citronde-generous-120-gramos\/","og_locale":"es_ES","og_type":"article","og_title":"Galletas de Lim\u00f3n \"C\u00ebline Citron\"de Generous, 120 gramos - Inhala","og_description":"Las\u00a0galletas\u00a0de lim\u00f3n \"C\u00e9line Citron\"\u00a0de\u00a0Generous est\u00e1n elaboradas en B\u00e9lgica de una manera totalmente artesanal. En INHALA Caf\u00e9s y T\u00e9s.","og_url":"https:\/\/inhala.net\/es\/productes\/galletas-de-limon-celine-citronde-generous-120-gramos\/","og_site_name":"Inhala","article_modified_time":"2022-03-23T19:31:29+00:00","og_image":[{"width":819,"height":683,"url":"https:\/\/inhala.net\/wp-content\/uploads\/2021\/04\/galletas-limon-Celine-Citron-galetes-llimona-Generous-Inhala-Cafes-y-Tes-Granollers-Barcelona-2.jpg","type":"image\/jpeg"}],"twitter_card":"summary_large_image","twitter_misc":{"Tiempo de lectura":"1 minuto"},"schema":{"@context":"https:\/\/schema.org","@graph":[{"@type":"WebPage","@id":"https:\/\/inhala.net\/es\/productes\/galletas-de-limon-celine-citronde-generous-120-gramos\/","url":"https:\/\/inhala.net\/es\/productes\/galletas-de-limon-celine-citronde-generous-120-gramos\/","name":"Galletas de Lim\u00f3n \"C\u00ebline Citron\"de Generous, 120 gramos - Inhala","isPartOf":{"@id":"https:\/\/inhala.net\/#website"},"primaryImageOfPage":{"@id":"https:\/\/inhala.net\/es\/productes\/galletas-de-limon-celine-citronde-generous-120-gramos\/#primaryimage"},"image":{"@id":"https:\/\/inhala.net\/es\/productes\/galletas-de-limon-celine-citronde-generous-120-gramos\/#primaryimage"},"thumbnailUrl":"https:\/\/inhala.net\/wp-content\/uploads\/2021\/04\/galletas-limon-Celine-Citron-galetes-llimona-Generous-Inhala-Cafes-y-Tes-Granollers-Barcelona-2.jpg","datePublished":"2021-04-29T15:31:11+00:00","dateModified":"2022-03-23T19:31:29+00:00","description":"Las\u00a0galletas\u00a0de lim\u00f3n \"C\u00e9line Citron\"\u00a0de\u00a0Generous est\u00e1n elaboradas en B\u00e9lgica de una manera totalmente artesanal. En INHALA Caf\u00e9s y T\u00e9s.","breadcrumb":{"@id":"https:\/\/inhala.net\/es\/productes\/galletas-de-limon-celine-citronde-generous-120-gramos\/#breadcrumb"},"inLanguage":"es","potentialAction":[{"@type":"ReadAction","target":["https:\/\/inhala.net\/es\/productes\/galletas-de-limon-celine-citronde-generous-120-gramos\/"]}]},{"@type":"ImageObject","inLanguage":"es","@id":"https:\/\/inhala.net\/es\/productes\/galletas-de-limon-celine-citronde-generous-120-gramos\/#primaryimage","url":"https:\/\/inhala.net\/wp-content\/uploads\/2021\/04\/galletas-limon-Celine-Citron-galetes-llimona-Generous-Inhala-Cafes-y-Tes-Granollers-Barcelona-2.jpg","contentUrl":"https:\/\/inhala.net\/wp-content\/uploads\/2021\/04\/galletas-limon-Celine-Citron-galetes-llimona-Generous-Inhala-Cafes-y-Tes-Granollers-Barcelona-2.jpg","width":819,"height":683,"caption":"galletas lim\u00f3n C\u00e9line Citron galetes llimona Generous Inhala Caf\u00e9s y T\u00e9s Granollers Barcelona"},{"@type":"BreadcrumbList","@id":"https:\/\/inhala.net\/es\/productes\/galletas-de-limon-celine-citronde-generous-120-gramos\/#breadcrumb","itemListElement":[{"@type":"ListItem","position":1,"name":"Inici","item":"https:\/\/inhala.net\/es\/inicio\/"},{"@type":"ListItem","position":2,"name":"Productos","item":"https:\/\/inhala.net\/es\/product\/"},{"@type":"ListItem","position":3,"name":"Galletas de Lim\u00f3n &#8220;C\u00e9line Citron&#8221;de Generous, 120 gramos"}]},{"@type":"WebSite","@id":"https:\/\/inhala.net\/#website","url":"https:\/\/inhala.net\/","name":"Inhala","description":"Coffee & Tea | Invade los sentidos","potentialAction":[{"@type":"SearchAction","target":{"@type":"EntryPoint","urlTemplate":"https:\/\/inhala.net\/?s={search_term_string}"},"query-input":{"@type":"PropertyValueSpecification","valueRequired":true,"valueName":"search_term_string"}}],"inLanguage":"es"}]}},"_links":{"self":[{"href":"https:\/\/inhala.net\/es\/wp-json\/wp\/v2\/product\/29586","targetHints":{"allow":["GET"]}}],"collection":[{"href":"https:\/\/inhala.net\/es\/wp-json\/wp\/v2\/product"}],"about":[{"href":"https:\/\/inhala.net\/es\/wp-json\/wp\/v2\/types\/product"}],"replies":[{"embeddable":true,"href":"https:\/\/inhala.net\/es\/wp-json\/wp\/v2\/comments?post=29586"}],"wp:featuredmedia":[{"embeddable":true,"href":"https:\/\/inhala.net\/es\/wp-json\/wp\/v2\/media\/33041"}],"wp:attachment":[{"href":"https:\/\/inhala.net\/es\/wp-json\/wp\/v2\/media?parent=29586"}],"wp:term":[{"taxonomy":"product_brand","embeddable":true,"href":"https:\/\/inhala.net\/es\/wp-json\/wp\/v2\/product_brand?post=29586"},{"taxonomy":"product_cat","embeddable":true,"href":"https:\/\/inhala.net\/es\/wp-json\/wp\/v2\/product_cat?post=29586"},{"taxonomy":"product_tag","embeddable":true,"href":"https:\/\/inhala.net\/es\/wp-json\/wp\/v2\/product_tag?post=29586"}],"curies":[{"name":"wp","href":"https:\/\/api.w.org\/{rel}","templated":true}]}}