{"id":29698,"date":"2021-04-29T15:58:11","date_gmt":"2021-04-29T14:58:11","guid":{"rendered":"https:\/\/inhala.net\/?product=chasen-batedor-de-bambu-para-te-matcha"},"modified":"2024-01-03T13:02:31","modified_gmt":"2024-01-03T12:02:31","slug":"chasen-batidor-de-bambu-para-te-matcha","status":"publish","type":"product","link":"https:\/\/inhala.net\/es\/productes\/chasen-batidor-de-bambu-para-te-matcha\/","title":{"rendered":"Chasen &#8211; Batidor de bamb\u00fa para t\u00e9 Matcha"},"content":{"rendered":"<p>Chasen &#8211; Batidor de bamb\u00fa para t\u00e9 Matcha.<\/p>\n<p>En <a href=\"http:\/\/inhala.net\/es\"><strong>INHALA Caf\u00e9s y T\u00e9s<\/strong><\/a> te ofrecemos t\u00e9 Matcha y los accessorios y complementos necesarios para prepararlo.<\/p>\n","protected":false},"excerpt":{"rendered":"<p>El <strong>Chasen<\/strong> es un batidor <strong>hecho a mano <\/strong>con una rama de bamb\u00fa, tiene\u00a0100 puntas.<\/p>\n<p>Es una herramienta indispensable para preparar el <strong><a href=\"https:\/\/inhala.net\/es\/productes\/te-verde-en-polvo-premium-matcha-bio-a-granel-50-gramos\/\">t\u00e9 Matcha<\/a> <\/strong>durante el Chanoyu, ceremonia del T\u00e9 japonesa.<\/p>\n<p>Mide 6 cm. de di\u00e1metro x 11 cm. de alto.<\/p>\n<p>*\u00bfC\u00f3mo utilizarlo?<\/p>\n<p>Pon una peque\u00f1a cantidad de <a href=\"https:\/\/inhala.net\/es\/productes\/te-verde-en-polvo-premium-matcha-bio-a-granel-50-gramos\/\"><strong>t\u00e9 verde Matcha<\/strong><\/a> en un bol a\u00f1ade unos 80 ml. de agua caliente (a una temperatura aproximada de 80\u00baC).<\/p>\n<p>Remueve con energ\u00eda con el Chasen (batidor de bamb\u00fa) formando la letra<strong>\u00a0W<\/strong> varias veces hasta que se forme una espuma consistente en la superficie.<\/p>\n<p>Los <strong>Chawan<\/strong>\u00a0son unos boles especiales para hacer que vuestra preparaci\u00f3n sea m\u00e1s aut\u00e9ntica.<\/p>\n<p>En <a href=\"http:\/\/inhala.net\/es\"><strong>INHALA Caf\u00e9s y T\u00e9s<\/strong><\/a>\u00a0te ofrecemos Matcha y los accessorios y complementos necesarios.<\/p>\n<p>&nbsp;<\/p>\n","protected":false},"featured_media":33388,"comment_status":"open","ping_status":"closed","template":"","meta":{"inline_featured_image":false},"product_brand":[],"product_cat":[216],"product_tag":[745,493,2547,665],"class_list":{"0":"post-29698","1":"product","2":"type-product","3":"status-publish","4":"has-post-thumbnail","6":"product_cat-tazas","7":"product_tag-japon","8":"product_tag-matcha","9":"product_tag-te-verd-japones-es","10":"product_tag-te-verde","12":"first","13":"instock","14":"taxable","15":"shipping-taxable","16":"purchasable","17":"product-type-simple"},"yoast_head":"<!-- This site is optimized with the Yoast SEO plugin v27.3 - https:\/\/yoast.com\/product\/yoast-seo-wordpress\/ -->\n<title>Comprar Chasen - Batidor de bamb\u00fa para t\u00e9 Matcha - Inhala<\/title>\n<meta name=\"description\" content=\"Batidor de\u00a0bamb\u00fa hecho a mano, tambi\u00e9n conocido como\u00a0Chasen, tiene 100 puntas. Es una herramienta indispensable para preparar un t\u00e9 Matcha.\" \/>\n<meta name=\"robots\" content=\"index, follow, max-snippet:-1, max-image-preview:large, max-video-preview:-1\" \/>\n<link rel=\"canonical\" href=\"https:\/\/inhala.net\/es\/productes\/chasen-batidor-de-bambu-para-te-matcha\/\" \/>\n<meta property=\"og:locale\" content=\"es_ES\" \/>\n<meta property=\"og:type\" content=\"article\" \/>\n<meta property=\"og:title\" content=\"Comprar Chasen - Batidor de bamb\u00fa para t\u00e9 Matcha - Inhala\" \/>\n<meta property=\"og:description\" content=\"Batidor de\u00a0bamb\u00fa hecho a mano, tambi\u00e9n conocido como\u00a0Chasen, tiene 100 puntas. Es una herramienta indispensable para preparar un t\u00e9 Matcha.\" \/>\n<meta property=\"og:url\" content=\"https:\/\/inhala.net\/es\/productes\/chasen-batidor-de-bambu-para-te-matcha\/\" \/>\n<meta property=\"og:site_name\" content=\"Inhala\" \/>\n<meta property=\"article:modified_time\" content=\"2024-01-03T12:02:31+00:00\" \/>\n<meta property=\"og:image\" content=\"https:\/\/inhala.net\/wp-content\/uploads\/2021\/04\/matcha-time-chasen-chawen-Inhala-Cafes-y-Tes-Granollers-Barcelona.jpg\" \/>\n\t<meta property=\"og:image:width\" content=\"800\" \/>\n\t<meta property=\"og:image:height\" content=\"552\" \/>\n\t<meta property=\"og:image:type\" content=\"image\/jpeg\" \/>\n<meta name=\"twitter:card\" content=\"summary_large_image\" \/>\n<meta name=\"twitter:label1\" content=\"Tiempo de lectura\" \/>\n\t<meta name=\"twitter:data1\" content=\"1 minuto\" \/>\n<script type=\"application\/ld+json\" class=\"yoast-schema-graph\">{\"@context\":\"https:\\\/\\\/schema.org\",\"@graph\":[{\"@type\":\"WebPage\",\"@id\":\"https:\\\/\\\/inhala.net\\\/es\\\/productes\\\/chasen-batidor-de-bambu-para-te-matcha\\\/\",\"url\":\"https:\\\/\\\/inhala.net\\\/es\\\/productes\\\/chasen-batidor-de-bambu-para-te-matcha\\\/\",\"name\":\"Comprar Chasen - Batidor de bamb\u00fa para t\u00e9 Matcha - Inhala\",\"isPartOf\":{\"@id\":\"https:\\\/\\\/inhala.net\\\/#website\"},\"primaryImageOfPage\":{\"@id\":\"https:\\\/\\\/inhala.net\\\/es\\\/productes\\\/chasen-batidor-de-bambu-para-te-matcha\\\/#primaryimage\"},\"image\":{\"@id\":\"https:\\\/\\\/inhala.net\\\/es\\\/productes\\\/chasen-batidor-de-bambu-para-te-matcha\\\/#primaryimage\"},\"thumbnailUrl\":\"https:\\\/\\\/inhala.net\\\/wp-content\\\/uploads\\\/2021\\\/04\\\/matcha-time-chasen-chawen-Inhala-Cafes-y-Tes-Granollers-Barcelona.jpg\",\"datePublished\":\"2021-04-29T14:58:11+00:00\",\"dateModified\":\"2024-01-03T12:02:31+00:00\",\"description\":\"Batidor de\u00a0bamb\u00fa hecho a mano, tambi\u00e9n conocido como\u00a0Chasen, tiene 100 puntas. Es una herramienta indispensable para preparar un t\u00e9 Matcha.\",\"breadcrumb\":{\"@id\":\"https:\\\/\\\/inhala.net\\\/es\\\/productes\\\/chasen-batidor-de-bambu-para-te-matcha\\\/#breadcrumb\"},\"inLanguage\":\"es\",\"potentialAction\":[{\"@type\":\"ReadAction\",\"target\":[\"https:\\\/\\\/inhala.net\\\/es\\\/productes\\\/chasen-batidor-de-bambu-para-te-matcha\\\/\"]}]},{\"@type\":\"ImageObject\",\"inLanguage\":\"es\",\"@id\":\"https:\\\/\\\/inhala.net\\\/es\\\/productes\\\/chasen-batidor-de-bambu-para-te-matcha\\\/#primaryimage\",\"url\":\"https:\\\/\\\/inhala.net\\\/wp-content\\\/uploads\\\/2021\\\/04\\\/matcha-time-chasen-chawen-Inhala-Cafes-y-Tes-Granollers-Barcelona.jpg\",\"contentUrl\":\"https:\\\/\\\/inhala.net\\\/wp-content\\\/uploads\\\/2021\\\/04\\\/matcha-time-chasen-chawen-Inhala-Cafes-y-Tes-Granollers-Barcelona.jpg\",\"width\":800,\"height\":552,\"caption\":\"Batedor de bamb\u00fa Chasen per a Matcha a Inhala Caf\u00e9s y T\u00e9s, Portalet, 9, Granollers, Barcelona.\"},{\"@type\":\"BreadcrumbList\",\"@id\":\"https:\\\/\\\/inhala.net\\\/es\\\/productes\\\/chasen-batidor-de-bambu-para-te-matcha\\\/#breadcrumb\",\"itemListElement\":[{\"@type\":\"ListItem\",\"position\":1,\"name\":\"Inici\",\"item\":\"https:\\\/\\\/inhala.net\\\/es\\\/inicio\\\/\"},{\"@type\":\"ListItem\",\"position\":2,\"name\":\"Productos\",\"item\":\"https:\\\/\\\/inhala.net\\\/es\\\/product\\\/\"},{\"@type\":\"ListItem\",\"position\":3,\"name\":\"Chasen &#8211; Batidor de bamb\u00fa para t\u00e9 Matcha\"}]},{\"@type\":\"WebSite\",\"@id\":\"https:\\\/\\\/inhala.net\\\/#website\",\"url\":\"https:\\\/\\\/inhala.net\\\/\",\"name\":\"Inhala\",\"description\":\"Coffee & Tea | Invade los sentidos\",\"potentialAction\":[{\"@type\":\"SearchAction\",\"target\":{\"@type\":\"EntryPoint\",\"urlTemplate\":\"https:\\\/\\\/inhala.net\\\/?s={search_term_string}\"},\"query-input\":{\"@type\":\"PropertyValueSpecification\",\"valueRequired\":true,\"valueName\":\"search_term_string\"}}],\"inLanguage\":\"es\"}]}<\/script>\n<!-- \/ Yoast SEO plugin. -->","yoast_head_json":{"title":"Comprar Chasen - Batidor de bamb\u00fa para t\u00e9 Matcha - Inhala","description":"Batidor de\u00a0bamb\u00fa hecho a mano, tambi\u00e9n conocido como\u00a0Chasen, tiene 100 puntas. Es una herramienta indispensable para preparar un t\u00e9 Matcha.","robots":{"index":"index","follow":"follow","max-snippet":"max-snippet:-1","max-image-preview":"max-image-preview:large","max-video-preview":"max-video-preview:-1"},"canonical":"https:\/\/inhala.net\/es\/productes\/chasen-batidor-de-bambu-para-te-matcha\/","og_locale":"es_ES","og_type":"article","og_title":"Comprar Chasen - Batidor de bamb\u00fa para t\u00e9 Matcha - Inhala","og_description":"Batidor de\u00a0bamb\u00fa hecho a mano, tambi\u00e9n conocido como\u00a0Chasen, tiene 100 puntas. Es una herramienta indispensable para preparar un t\u00e9 Matcha.","og_url":"https:\/\/inhala.net\/es\/productes\/chasen-batidor-de-bambu-para-te-matcha\/","og_site_name":"Inhala","article_modified_time":"2024-01-03T12:02:31+00:00","og_image":[{"width":800,"height":552,"url":"https:\/\/inhala.net\/wp-content\/uploads\/2021\/04\/matcha-time-chasen-chawen-Inhala-Cafes-y-Tes-Granollers-Barcelona.jpg","type":"image\/jpeg"}],"twitter_card":"summary_large_image","twitter_misc":{"Tiempo de lectura":"1 minuto"},"schema":{"@context":"https:\/\/schema.org","@graph":[{"@type":"WebPage","@id":"https:\/\/inhala.net\/es\/productes\/chasen-batidor-de-bambu-para-te-matcha\/","url":"https:\/\/inhala.net\/es\/productes\/chasen-batidor-de-bambu-para-te-matcha\/","name":"Comprar Chasen - Batidor de bamb\u00fa para t\u00e9 Matcha - Inhala","isPartOf":{"@id":"https:\/\/inhala.net\/#website"},"primaryImageOfPage":{"@id":"https:\/\/inhala.net\/es\/productes\/chasen-batidor-de-bambu-para-te-matcha\/#primaryimage"},"image":{"@id":"https:\/\/inhala.net\/es\/productes\/chasen-batidor-de-bambu-para-te-matcha\/#primaryimage"},"thumbnailUrl":"https:\/\/inhala.net\/wp-content\/uploads\/2021\/04\/matcha-time-chasen-chawen-Inhala-Cafes-y-Tes-Granollers-Barcelona.jpg","datePublished":"2021-04-29T14:58:11+00:00","dateModified":"2024-01-03T12:02:31+00:00","description":"Batidor de\u00a0bamb\u00fa hecho a mano, tambi\u00e9n conocido como\u00a0Chasen, tiene 100 puntas. Es una herramienta indispensable para preparar un t\u00e9 Matcha.","breadcrumb":{"@id":"https:\/\/inhala.net\/es\/productes\/chasen-batidor-de-bambu-para-te-matcha\/#breadcrumb"},"inLanguage":"es","potentialAction":[{"@type":"ReadAction","target":["https:\/\/inhala.net\/es\/productes\/chasen-batidor-de-bambu-para-te-matcha\/"]}]},{"@type":"ImageObject","inLanguage":"es","@id":"https:\/\/inhala.net\/es\/productes\/chasen-batidor-de-bambu-para-te-matcha\/#primaryimage","url":"https:\/\/inhala.net\/wp-content\/uploads\/2021\/04\/matcha-time-chasen-chawen-Inhala-Cafes-y-Tes-Granollers-Barcelona.jpg","contentUrl":"https:\/\/inhala.net\/wp-content\/uploads\/2021\/04\/matcha-time-chasen-chawen-Inhala-Cafes-y-Tes-Granollers-Barcelona.jpg","width":800,"height":552,"caption":"Batedor de bamb\u00fa Chasen per a Matcha a Inhala Caf\u00e9s y T\u00e9s, Portalet, 9, Granollers, Barcelona."},{"@type":"BreadcrumbList","@id":"https:\/\/inhala.net\/es\/productes\/chasen-batidor-de-bambu-para-te-matcha\/#breadcrumb","itemListElement":[{"@type":"ListItem","position":1,"name":"Inici","item":"https:\/\/inhala.net\/es\/inicio\/"},{"@type":"ListItem","position":2,"name":"Productos","item":"https:\/\/inhala.net\/es\/product\/"},{"@type":"ListItem","position":3,"name":"Chasen &#8211; Batidor de bamb\u00fa para t\u00e9 Matcha"}]},{"@type":"WebSite","@id":"https:\/\/inhala.net\/#website","url":"https:\/\/inhala.net\/","name":"Inhala","description":"Coffee & Tea | Invade los sentidos","potentialAction":[{"@type":"SearchAction","target":{"@type":"EntryPoint","urlTemplate":"https:\/\/inhala.net\/?s={search_term_string}"},"query-input":{"@type":"PropertyValueSpecification","valueRequired":true,"valueName":"search_term_string"}}],"inLanguage":"es"}]}},"_links":{"self":[{"href":"https:\/\/inhala.net\/es\/wp-json\/wp\/v2\/product\/29698","targetHints":{"allow":["GET"]}}],"collection":[{"href":"https:\/\/inhala.net\/es\/wp-json\/wp\/v2\/product"}],"about":[{"href":"https:\/\/inhala.net\/es\/wp-json\/wp\/v2\/types\/product"}],"replies":[{"embeddable":true,"href":"https:\/\/inhala.net\/es\/wp-json\/wp\/v2\/comments?post=29698"}],"wp:featuredmedia":[{"embeddable":true,"href":"https:\/\/inhala.net\/es\/wp-json\/wp\/v2\/media\/33388"}],"wp:attachment":[{"href":"https:\/\/inhala.net\/es\/wp-json\/wp\/v2\/media?parent=29698"}],"wp:term":[{"taxonomy":"product_brand","embeddable":true,"href":"https:\/\/inhala.net\/es\/wp-json\/wp\/v2\/product_brand?post=29698"},{"taxonomy":"product_cat","embeddable":true,"href":"https:\/\/inhala.net\/es\/wp-json\/wp\/v2\/product_cat?post=29698"},{"taxonomy":"product_tag","embeddable":true,"href":"https:\/\/inhala.net\/es\/wp-json\/wp\/v2\/product_tag?post=29698"}],"curies":[{"name":"wp","href":"https:\/\/api.w.org\/{rel}","templated":true}]}}