{"id":29744,"date":"2021-04-29T16:28:29","date_gmt":"2021-04-29T15:28:29","guid":{"rendered":"https:\/\/inhala.net\/?product=taza-mug-alice-red-de-greengate"},"modified":"2024-09-26T10:04:08","modified_gmt":"2024-09-26T09:04:08","slug":"taza-mug-alice-red-de-greengate","status":"publish","type":"product","link":"https:\/\/inhala.net\/es\/productes\/taza-mug-alice-red-de-greengate\/","title":{"rendered":"Taza Mug Alice Red de GreenGate"},"content":{"rendered":"<p>La\u00a0<strong>taza Mug ALICE Red<\/strong>\u00a0de\u00a0<strong>GreenGate <\/strong>es un cl\u00e1sico de la colecci\u00f3n Everyday y tiene una capacidad de 300 ml.<\/p>\n","protected":false},"excerpt":{"rendered":"<p>La\u00a0<strong>taza Mug ALICE Red<\/strong>\u00a0de\u00a0<strong>GreenGate<\/strong> es un cl\u00e1sico de la colecci\u00f3n Everyday y tiene una capacidad de 300 ml.<\/p>\n<p>El color<strong> rojo<\/strong> es muy alegre y vistoso y adem\u00e1s combina con todos los otros colores de esta colecci\u00f3n.<\/p>\n<p>Esta taza es ideal para tomar un <strong>caf\u00e9<\/strong>,\u00a0un\u00a0<strong>t\u00e9<\/strong>, una<strong> infusi\u00f3n<\/strong> o un <strong>chocolate<\/strong> caliente.<\/p>\n<p>Tambi\u00e9n disponemos del <strong>cereal bowl<\/strong> y tambi\u00e9n en otros colores: <strong>azul<\/strong> pastel, <strong>rosa<\/strong> pastel, <strong>verde<\/strong> pastel, <strong>blanco<\/strong>, <strong>verde<\/strong> dusty, adem\u00e1s de otros muchos complementos como los<strong> platos<\/strong>, <span style=\"color: #800000;\"><a style=\"color: #800000;\" href=\"https:\/\/inhala.net\/shop\/tasses-complements\/tassa-mini-latte-cup-alice-red-de-greengate\/\">mini <strong>latte cups<\/strong><\/a><\/span>, <strong>jarras<\/strong> cremeras para la leche, <span style=\"color: #800000;\"><a style=\"color: #800000;\" href=\"https:\/\/inhala.net\/es\/?s=taza+y+plato+greengate&amp;post_type=product\"><strong>tazas <\/strong>con<strong> plato<\/strong><\/a><\/span>, <a href=\"https:\/\/inhala.net\/es\/?s=azucarero+greengate&amp;post_type=product\"><strong><span style=\"color: #800000;\">azucareros<\/span><\/strong><\/a> y <strong>cucharas<\/strong>.<\/p>\n<p>En <a href=\"http:\/\/inhala.net\/\"><strong>INHALA Caf\u00e9s y T\u00e9s<\/strong><\/a> somos punto de venta de <a href=\"https:\/\/inhala.net\/es\/marques\/greengate-es\/\"><strong>GreenGate<\/strong><\/a> desde hace mucho tiempo, somos unas enamoradas de esta firma danesa.<\/p>\n<p>\u00bfY a t\u00ed? \u00bfTe gusta tanto como a nosotras?<\/p>\n<p>&nbsp;<\/p>\n","protected":false},"featured_media":29124,"comment_status":"open","ping_status":"closed","template":"","meta":{"inline_featured_image":false},"product_brand":[],"product_cat":[3113,216],"product_tag":[1249,1381,458,828,1424,847,1121,1582],"class_list":{"0":"post-29744","1":"product","2":"type-product","3":"status-publish","4":"has-post-thumbnail","6":"product_cat-greengate","7":"product_cat-tazas","8":"product_tag-alice-es","9":"product_tag-alice-red-es","10":"product_tag-greengate","11":"product_tag-mug-es","12":"product_tag-red-es-2","13":"product_tag-rojo","14":"product_tag-tassa-de-te-es","15":"product_tag-tea-time-es","17":"first","18":"instock","19":"taxable","20":"shipping-taxable","21":"purchasable","22":"product-type-simple"},"yoast_head":"<!-- This site is optimized with the Yoast SEO plugin v27.3 - https:\/\/yoast.com\/product\/yoast-seo-wordpress\/ -->\n<title>Comprar Taza Mug Alice Red de GreenGate - Inhala<\/title>\n<meta name=\"description\" content=\"La taza\u00a0mug\u00a0Alice Red\u00a0de\u00a0GreenGate\u00a0es un cl\u00e1sico de la colecci\u00f3n Everyday, tiene una capacidad de 300 ml. En INHALA Caf\u00e9s y T\u00e9s, Granollers.\" \/>\n<meta name=\"robots\" content=\"index, follow, max-snippet:-1, max-image-preview:large, max-video-preview:-1\" \/>\n<link rel=\"canonical\" href=\"https:\/\/inhala.net\/es\/productes\/taza-mug-alice-red-de-greengate\/\" \/>\n<meta property=\"og:locale\" content=\"es_ES\" \/>\n<meta property=\"og:type\" content=\"article\" \/>\n<meta property=\"og:title\" content=\"Comprar Taza Mug Alice Red de GreenGate - Inhala\" \/>\n<meta property=\"og:description\" content=\"La taza\u00a0mug\u00a0Alice Red\u00a0de\u00a0GreenGate\u00a0es un cl\u00e1sico de la colecci\u00f3n Everyday, tiene una capacidad de 300 ml. En INHALA Caf\u00e9s y T\u00e9s, Granollers.\" \/>\n<meta property=\"og:url\" content=\"https:\/\/inhala.net\/es\/productes\/taza-mug-alice-red-de-greengate\/\" \/>\n<meta property=\"og:site_name\" content=\"Inhala\" \/>\n<meta property=\"article:modified_time\" content=\"2024-09-26T09:04:08+00:00\" \/>\n<meta property=\"og:image\" content=\"https:\/\/inhala.net\/wp-content\/uploads\/2021\/04\/mug-tassa-Alice-Red-GreenGate-inhala-cafe-barcelona.jpg\" \/>\n\t<meta property=\"og:image:width\" content=\"480\" \/>\n\t<meta property=\"og:image:height\" content=\"638\" \/>\n\t<meta property=\"og:image:type\" content=\"image\/jpeg\" \/>\n<meta name=\"twitter:card\" content=\"summary_large_image\" \/>\n<meta name=\"twitter:label1\" content=\"Tiempo de lectura\" \/>\n\t<meta name=\"twitter:data1\" content=\"1 minuto\" \/>\n<script type=\"application\/ld+json\" class=\"yoast-schema-graph\">{\"@context\":\"https:\\\/\\\/schema.org\",\"@graph\":[{\"@type\":\"WebPage\",\"@id\":\"https:\\\/\\\/inhala.net\\\/es\\\/productes\\\/taza-mug-alice-red-de-greengate\\\/\",\"url\":\"https:\\\/\\\/inhala.net\\\/es\\\/productes\\\/taza-mug-alice-red-de-greengate\\\/\",\"name\":\"Comprar Taza Mug Alice Red de GreenGate - Inhala\",\"isPartOf\":{\"@id\":\"https:\\\/\\\/inhala.net\\\/#website\"},\"primaryImageOfPage\":{\"@id\":\"https:\\\/\\\/inhala.net\\\/es\\\/productes\\\/taza-mug-alice-red-de-greengate\\\/#primaryimage\"},\"image\":{\"@id\":\"https:\\\/\\\/inhala.net\\\/es\\\/productes\\\/taza-mug-alice-red-de-greengate\\\/#primaryimage\"},\"thumbnailUrl\":\"https:\\\/\\\/inhala.net\\\/wp-content\\\/uploads\\\/2021\\\/04\\\/mug-tassa-Alice-Red-GreenGate-inhala-cafe-barcelona.jpg\",\"datePublished\":\"2021-04-29T15:28:29+00:00\",\"dateModified\":\"2024-09-26T09:04:08+00:00\",\"description\":\"La taza\u00a0mug\u00a0Alice Red\u00a0de\u00a0GreenGate\u00a0es un cl\u00e1sico de la colecci\u00f3n Everyday, tiene una capacidad de 300 ml. En INHALA Caf\u00e9s y T\u00e9s, Granollers.\",\"breadcrumb\":{\"@id\":\"https:\\\/\\\/inhala.net\\\/es\\\/productes\\\/taza-mug-alice-red-de-greengate\\\/#breadcrumb\"},\"inLanguage\":\"es\",\"potentialAction\":[{\"@type\":\"ReadAction\",\"target\":[\"https:\\\/\\\/inhala.net\\\/es\\\/productes\\\/taza-mug-alice-red-de-greengate\\\/\"]}]},{\"@type\":\"ImageObject\",\"inLanguage\":\"es\",\"@id\":\"https:\\\/\\\/inhala.net\\\/es\\\/productes\\\/taza-mug-alice-red-de-greengate\\\/#primaryimage\",\"url\":\"https:\\\/\\\/inhala.net\\\/wp-content\\\/uploads\\\/2021\\\/04\\\/mug-tassa-Alice-Red-GreenGate-inhala-cafe-barcelona.jpg\",\"contentUrl\":\"https:\\\/\\\/inhala.net\\\/wp-content\\\/uploads\\\/2021\\\/04\\\/mug-tassa-Alice-Red-GreenGate-inhala-cafe-barcelona.jpg\",\"width\":480,\"height\":638},{\"@type\":\"BreadcrumbList\",\"@id\":\"https:\\\/\\\/inhala.net\\\/es\\\/productes\\\/taza-mug-alice-red-de-greengate\\\/#breadcrumb\",\"itemListElement\":[{\"@type\":\"ListItem\",\"position\":1,\"name\":\"Inici\",\"item\":\"https:\\\/\\\/inhala.net\\\/es\\\/inicio\\\/\"},{\"@type\":\"ListItem\",\"position\":2,\"name\":\"Productos\",\"item\":\"https:\\\/\\\/inhala.net\\\/es\\\/product\\\/\"},{\"@type\":\"ListItem\",\"position\":3,\"name\":\"Taza Mug Alice Red de GreenGate\"}]},{\"@type\":\"WebSite\",\"@id\":\"https:\\\/\\\/inhala.net\\\/#website\",\"url\":\"https:\\\/\\\/inhala.net\\\/\",\"name\":\"Inhala\",\"description\":\"Coffee & Tea | Invade los sentidos\",\"potentialAction\":[{\"@type\":\"SearchAction\",\"target\":{\"@type\":\"EntryPoint\",\"urlTemplate\":\"https:\\\/\\\/inhala.net\\\/?s={search_term_string}\"},\"query-input\":{\"@type\":\"PropertyValueSpecification\",\"valueRequired\":true,\"valueName\":\"search_term_string\"}}],\"inLanguage\":\"es\"}]}<\/script>\n<!-- \/ Yoast SEO plugin. -->","yoast_head_json":{"title":"Comprar Taza Mug Alice Red de GreenGate - Inhala","description":"La taza\u00a0mug\u00a0Alice Red\u00a0de\u00a0GreenGate\u00a0es un cl\u00e1sico de la colecci\u00f3n Everyday, tiene una capacidad de 300 ml. En INHALA Caf\u00e9s y T\u00e9s, Granollers.","robots":{"index":"index","follow":"follow","max-snippet":"max-snippet:-1","max-image-preview":"max-image-preview:large","max-video-preview":"max-video-preview:-1"},"canonical":"https:\/\/inhala.net\/es\/productes\/taza-mug-alice-red-de-greengate\/","og_locale":"es_ES","og_type":"article","og_title":"Comprar Taza Mug Alice Red de GreenGate - Inhala","og_description":"La taza\u00a0mug\u00a0Alice Red\u00a0de\u00a0GreenGate\u00a0es un cl\u00e1sico de la colecci\u00f3n Everyday, tiene una capacidad de 300 ml. En INHALA Caf\u00e9s y T\u00e9s, Granollers.","og_url":"https:\/\/inhala.net\/es\/productes\/taza-mug-alice-red-de-greengate\/","og_site_name":"Inhala","article_modified_time":"2024-09-26T09:04:08+00:00","og_image":[{"width":480,"height":638,"url":"https:\/\/inhala.net\/wp-content\/uploads\/2021\/04\/mug-tassa-Alice-Red-GreenGate-inhala-cafe-barcelona.jpg","type":"image\/jpeg"}],"twitter_card":"summary_large_image","twitter_misc":{"Tiempo de lectura":"1 minuto"},"schema":{"@context":"https:\/\/schema.org","@graph":[{"@type":"WebPage","@id":"https:\/\/inhala.net\/es\/productes\/taza-mug-alice-red-de-greengate\/","url":"https:\/\/inhala.net\/es\/productes\/taza-mug-alice-red-de-greengate\/","name":"Comprar Taza Mug Alice Red de GreenGate - Inhala","isPartOf":{"@id":"https:\/\/inhala.net\/#website"},"primaryImageOfPage":{"@id":"https:\/\/inhala.net\/es\/productes\/taza-mug-alice-red-de-greengate\/#primaryimage"},"image":{"@id":"https:\/\/inhala.net\/es\/productes\/taza-mug-alice-red-de-greengate\/#primaryimage"},"thumbnailUrl":"https:\/\/inhala.net\/wp-content\/uploads\/2021\/04\/mug-tassa-Alice-Red-GreenGate-inhala-cafe-barcelona.jpg","datePublished":"2021-04-29T15:28:29+00:00","dateModified":"2024-09-26T09:04:08+00:00","description":"La taza\u00a0mug\u00a0Alice Red\u00a0de\u00a0GreenGate\u00a0es un cl\u00e1sico de la colecci\u00f3n Everyday, tiene una capacidad de 300 ml. En INHALA Caf\u00e9s y T\u00e9s, Granollers.","breadcrumb":{"@id":"https:\/\/inhala.net\/es\/productes\/taza-mug-alice-red-de-greengate\/#breadcrumb"},"inLanguage":"es","potentialAction":[{"@type":"ReadAction","target":["https:\/\/inhala.net\/es\/productes\/taza-mug-alice-red-de-greengate\/"]}]},{"@type":"ImageObject","inLanguage":"es","@id":"https:\/\/inhala.net\/es\/productes\/taza-mug-alice-red-de-greengate\/#primaryimage","url":"https:\/\/inhala.net\/wp-content\/uploads\/2021\/04\/mug-tassa-Alice-Red-GreenGate-inhala-cafe-barcelona.jpg","contentUrl":"https:\/\/inhala.net\/wp-content\/uploads\/2021\/04\/mug-tassa-Alice-Red-GreenGate-inhala-cafe-barcelona.jpg","width":480,"height":638},{"@type":"BreadcrumbList","@id":"https:\/\/inhala.net\/es\/productes\/taza-mug-alice-red-de-greengate\/#breadcrumb","itemListElement":[{"@type":"ListItem","position":1,"name":"Inici","item":"https:\/\/inhala.net\/es\/inicio\/"},{"@type":"ListItem","position":2,"name":"Productos","item":"https:\/\/inhala.net\/es\/product\/"},{"@type":"ListItem","position":3,"name":"Taza Mug Alice Red de GreenGate"}]},{"@type":"WebSite","@id":"https:\/\/inhala.net\/#website","url":"https:\/\/inhala.net\/","name":"Inhala","description":"Coffee & Tea | Invade los sentidos","potentialAction":[{"@type":"SearchAction","target":{"@type":"EntryPoint","urlTemplate":"https:\/\/inhala.net\/?s={search_term_string}"},"query-input":{"@type":"PropertyValueSpecification","valueRequired":true,"valueName":"search_term_string"}}],"inLanguage":"es"}]}},"_links":{"self":[{"href":"https:\/\/inhala.net\/es\/wp-json\/wp\/v2\/product\/29744","targetHints":{"allow":["GET"]}}],"collection":[{"href":"https:\/\/inhala.net\/es\/wp-json\/wp\/v2\/product"}],"about":[{"href":"https:\/\/inhala.net\/es\/wp-json\/wp\/v2\/types\/product"}],"replies":[{"embeddable":true,"href":"https:\/\/inhala.net\/es\/wp-json\/wp\/v2\/comments?post=29744"}],"wp:featuredmedia":[{"embeddable":true,"href":"https:\/\/inhala.net\/es\/wp-json\/wp\/v2\/media\/29124"}],"wp:attachment":[{"href":"https:\/\/inhala.net\/es\/wp-json\/wp\/v2\/media?parent=29744"}],"wp:term":[{"taxonomy":"product_brand","embeddable":true,"href":"https:\/\/inhala.net\/es\/wp-json\/wp\/v2\/product_brand?post=29744"},{"taxonomy":"product_cat","embeddable":true,"href":"https:\/\/inhala.net\/es\/wp-json\/wp\/v2\/product_cat?post=29744"},{"taxonomy":"product_tag","embeddable":true,"href":"https:\/\/inhala.net\/es\/wp-json\/wp\/v2\/product_tag?post=29744"}],"curies":[{"name":"wp","href":"https:\/\/api.w.org\/{rel}","templated":true}]}}