{"id":29745,"date":"2021-04-29T15:58:10","date_gmt":"2021-04-29T14:58:10","guid":{"rendered":"https:\/\/inhala.net\/?product=vaso-de-vidrio-borosilicat-casto-de-kinto-iced-tea-350-ml"},"modified":"2025-09-10T13:05:12","modified_gmt":"2025-09-10T12:05:12","slug":"vaso-de-vidrio-borosilicato-cast-de-kinto-iced-tea-350-ml","status":"publish","type":"product","link":"https:\/\/inhala.net\/es\/productes\/vaso-de-vidrio-borosilicato-cast-de-kinto-iced-tea-350-ml\/","title":{"rendered":"Vaso de vidrio borosilicato CAST de Kinto &#8220;Iced tea&#8221; 350 ml."},"content":{"rendered":"<p>Vaso de vidrio borosilicato CAST de Kinto &#8220;Iced tea&#8221;, 350 ml.<\/p>\n","protected":false},"excerpt":{"rendered":"<p>El vaso <strong>CAST<\/strong> de Kinto es de vidrio borosilicato y tiene una capacidad de 350 ml.<\/p>\n<p>Desde <strong>INHALA<\/strong> lo recomendamos para servir un &#8220;<strong>iced tea<\/strong>&#8221; de una manera elegante puesto que es un vaso muy ligero y su forma tiene un dise\u00f1o muy bonito. Tenemos otra medida m\u00e1s peque\u00f1a que hace juego. Tambi\u00e9n puedes acompa\u00f1ar estos vasos con la jarra <a href=\"https:\/\/inhala.net\/product\/?s=plug&amp;post_type=product\"><span style=\"color: #993300;\"><strong>PLUG<\/strong><\/span><\/a>.<\/p>\n<p><strong>Kinto<\/strong> es una firma japonesa que dise\u00f1a art\u00edculos muy pr\u00e1cticos y funcionales al m\u00e1ximo, siempre cuidando la est\u00e9tica, haciendo que cada art\u00edculo sea muy especial.<\/p>\n<p>\u00bfQu\u00e9 t\u00e9 fr\u00edo es tu preferido? \u00bfTe ense\u00f1amos a prepararlo?<\/p>\n<p>En nuestra <strong><a href=\"https:\/\/inhala.net\/product\/\" target=\"_blank\" rel=\"noopener noreferrer\">tienda Online<\/a><\/strong> tienes unos cu\u00e1ntos para elegir.<\/p>\n<p>Estaremos encantadas de mostrarte nuestra selecci\u00f3n, en <a href=\"http:\/\/inhala.net7es\"><strong>INHALA Caf\u00e9s y T\u00e9s<\/strong><\/a>, calle <strong>Portalet, 9<\/strong> de Granollers, <strong>Barcelona.<\/strong><\/p>\n<p>&nbsp;<\/p>\n<p>&nbsp;<\/p>\n","protected":false},"featured_media":26168,"comment_status":"open","ping_status":"closed","template":"","meta":{"inline_featured_image":false},"product_brand":[],"product_cat":[216],"product_tag":[1820,579,542,808,492,623,1821,533,1822,494,495,1429],"class_list":{"0":"post-29745","1":"product","2":"type-product","3":"status-publish","4":"has-post-thumbnail","6":"product_cat-tazas","7":"product_tag-borosilicat-es","8":"product_tag-chai-es","9":"product_tag-desayuno","10":"product_tag-iced-tea-es","11":"product_tag-infusion","12":"product_tag-kinto","13":"product_tag-plug-es","14":"product_tag-taza","15":"product_tag-te-frio-es","16":"product_tag-tes-es","17":"product_tag-tetera","18":"product_tag-vidre-es","20":"first","21":"instock","22":"taxable","23":"shipping-taxable","24":"purchasable","25":"product-type-simple"},"yoast_head":"<!-- This site is optimized with the Yoast SEO plugin v27.3 - https:\/\/yoast.com\/product\/yoast-seo-wordpress\/ -->\n<title>Comprar Vaso vidrio borosilicato CAST Iced Tea de Kinto - Inhala<\/title>\n<meta name=\"description\" content=\"Vaso de vidrio borosilicato CAST de Kinto &quot;Iced tea&quot;, 350 ml. Estaremos encantadas de mostrarte nuestra selecci\u00f3n en INHALA Caf\u00e9s y T\u00e9s en Granollers.\" \/>\n<meta name=\"robots\" content=\"index, follow, max-snippet:-1, max-image-preview:large, max-video-preview:-1\" \/>\n<link rel=\"canonical\" href=\"https:\/\/inhala.net\/es\/productes\/vaso-de-vidrio-borosilicato-cast-de-kinto-iced-tea-350-ml\/\" \/>\n<meta property=\"og:locale\" content=\"es_ES\" \/>\n<meta property=\"og:type\" content=\"article\" \/>\n<meta property=\"og:title\" content=\"Comprar Vaso vidrio borosilicato CAST Iced Tea de Kinto - Inhala\" \/>\n<meta property=\"og:description\" content=\"Vaso de vidrio borosilicato CAST de Kinto &quot;Iced tea&quot;, 350 ml. Estaremos encantadas de mostrarte nuestra selecci\u00f3n en INHALA Caf\u00e9s y T\u00e9s en Granollers.\" \/>\n<meta property=\"og:url\" content=\"https:\/\/inhala.net\/es\/productes\/vaso-de-vidrio-borosilicato-cast-de-kinto-iced-tea-350-ml\/\" \/>\n<meta property=\"og:site_name\" content=\"Inhala\" \/>\n<meta property=\"article:modified_time\" content=\"2025-09-10T12:05:12+00:00\" \/>\n<meta property=\"og:image\" content=\"https:\/\/inhala.net\/wp-content\/uploads\/2021\/04\/kinto-vaso-cast-green-tea-inhala-cafe-barcelona-granollers.jpg\" \/>\n\t<meta property=\"og:image:width\" content=\"800\" \/>\n\t<meta property=\"og:image:height\" content=\"596\" \/>\n\t<meta property=\"og:image:type\" content=\"image\/jpeg\" \/>\n<meta name=\"twitter:card\" content=\"summary_large_image\" \/>\n<script type=\"application\/ld+json\" class=\"yoast-schema-graph\">{\"@context\":\"https:\\\/\\\/schema.org\",\"@graph\":[{\"@type\":\"WebPage\",\"@id\":\"https:\\\/\\\/inhala.net\\\/es\\\/productes\\\/vaso-de-vidrio-borosilicato-cast-de-kinto-iced-tea-350-ml\\\/\",\"url\":\"https:\\\/\\\/inhala.net\\\/es\\\/productes\\\/vaso-de-vidrio-borosilicato-cast-de-kinto-iced-tea-350-ml\\\/\",\"name\":\"Comprar Vaso vidrio borosilicato CAST Iced Tea de Kinto - Inhala\",\"isPartOf\":{\"@id\":\"https:\\\/\\\/inhala.net\\\/#website\"},\"primaryImageOfPage\":{\"@id\":\"https:\\\/\\\/inhala.net\\\/es\\\/productes\\\/vaso-de-vidrio-borosilicato-cast-de-kinto-iced-tea-350-ml\\\/#primaryimage\"},\"image\":{\"@id\":\"https:\\\/\\\/inhala.net\\\/es\\\/productes\\\/vaso-de-vidrio-borosilicato-cast-de-kinto-iced-tea-350-ml\\\/#primaryimage\"},\"thumbnailUrl\":\"https:\\\/\\\/inhala.net\\\/wp-content\\\/uploads\\\/2021\\\/04\\\/kinto-vaso-cast-green-tea-inhala-cafe-barcelona-granollers.jpg\",\"datePublished\":\"2021-04-29T14:58:10+00:00\",\"dateModified\":\"2025-09-10T12:05:12+00:00\",\"description\":\"Vaso de vidrio borosilicato CAST de Kinto \\\"Iced tea\\\", 350 ml. Estaremos encantadas de mostrarte nuestra selecci\u00f3n en INHALA Caf\u00e9s y T\u00e9s en Granollers.\",\"breadcrumb\":{\"@id\":\"https:\\\/\\\/inhala.net\\\/es\\\/productes\\\/vaso-de-vidrio-borosilicato-cast-de-kinto-iced-tea-350-ml\\\/#breadcrumb\"},\"inLanguage\":\"es\",\"potentialAction\":[{\"@type\":\"ReadAction\",\"target\":[\"https:\\\/\\\/inhala.net\\\/es\\\/productes\\\/vaso-de-vidrio-borosilicato-cast-de-kinto-iced-tea-350-ml\\\/\"]}]},{\"@type\":\"ImageObject\",\"inLanguage\":\"es\",\"@id\":\"https:\\\/\\\/inhala.net\\\/es\\\/productes\\\/vaso-de-vidrio-borosilicato-cast-de-kinto-iced-tea-350-ml\\\/#primaryimage\",\"url\":\"https:\\\/\\\/inhala.net\\\/wp-content\\\/uploads\\\/2021\\\/04\\\/kinto-vaso-cast-green-tea-inhala-cafe-barcelona-granollers.jpg\",\"contentUrl\":\"https:\\\/\\\/inhala.net\\\/wp-content\\\/uploads\\\/2021\\\/04\\\/kinto-vaso-cast-green-tea-inhala-cafe-barcelona-granollers.jpg\",\"width\":800,\"height\":596,\"caption\":\"El got CAST de Kinto \u00e9s de vidre borosilicat i t\u00e9 una capacitat de 350 ml. Des de INHALA el recomanem per servir-te un \u201ciced tea\u201d d\u2019 una manera molt elegant ja que \u00e9s un got molt lleuger i la seva forma t\u00e9 un disseny molt bonic. Tenim un altra mida m\u00e9s petita que li fa joc. Tamb\u00e9 pots acompanyar aquests gots amb la gerra PLUG. Kinto \u00e9s una firma japonesa que dissenya articles molt pr\u00e0ctics i funcionals al m\u00e0xim, sempre cuidant l\u2019 est\u00e8tica, fent que cada article sigui molt especial. Quin te fred \u00e9s el teu preferit? T\u2019 ensenyem a preparar-lo? A la nostra botiga Online en tens uns quants per triar. Estarem encantades de mostrar-te la nostra selecci\u00f3, a INHALA Caf\u00e8s i Tes al carrer Portalet, 9 de Granollers, Barcelona.\"},{\"@type\":\"BreadcrumbList\",\"@id\":\"https:\\\/\\\/inhala.net\\\/es\\\/productes\\\/vaso-de-vidrio-borosilicato-cast-de-kinto-iced-tea-350-ml\\\/#breadcrumb\",\"itemListElement\":[{\"@type\":\"ListItem\",\"position\":1,\"name\":\"Inici\",\"item\":\"https:\\\/\\\/inhala.net\\\/es\\\/inicio\\\/\"},{\"@type\":\"ListItem\",\"position\":2,\"name\":\"Productos\",\"item\":\"https:\\\/\\\/inhala.net\\\/es\\\/product\\\/\"},{\"@type\":\"ListItem\",\"position\":3,\"name\":\"Vaso de vidrio borosilicato CAST de Kinto &#8220;Iced tea&#8221; 350 ml.\"}]},{\"@type\":\"WebSite\",\"@id\":\"https:\\\/\\\/inhala.net\\\/#website\",\"url\":\"https:\\\/\\\/inhala.net\\\/\",\"name\":\"Inhala\",\"description\":\"Coffee & Tea | Invade los sentidos\",\"potentialAction\":[{\"@type\":\"SearchAction\",\"target\":{\"@type\":\"EntryPoint\",\"urlTemplate\":\"https:\\\/\\\/inhala.net\\\/?s={search_term_string}\"},\"query-input\":{\"@type\":\"PropertyValueSpecification\",\"valueRequired\":true,\"valueName\":\"search_term_string\"}}],\"inLanguage\":\"es\"}]}<\/script>\n<!-- \/ Yoast SEO plugin. -->","yoast_head_json":{"title":"Comprar Vaso vidrio borosilicato CAST Iced Tea de Kinto - Inhala","description":"Vaso de vidrio borosilicato CAST de Kinto \"Iced tea\", 350 ml. Estaremos encantadas de mostrarte nuestra selecci\u00f3n en INHALA Caf\u00e9s y T\u00e9s en Granollers.","robots":{"index":"index","follow":"follow","max-snippet":"max-snippet:-1","max-image-preview":"max-image-preview:large","max-video-preview":"max-video-preview:-1"},"canonical":"https:\/\/inhala.net\/es\/productes\/vaso-de-vidrio-borosilicato-cast-de-kinto-iced-tea-350-ml\/","og_locale":"es_ES","og_type":"article","og_title":"Comprar Vaso vidrio borosilicato CAST Iced Tea de Kinto - Inhala","og_description":"Vaso de vidrio borosilicato CAST de Kinto \"Iced tea\", 350 ml. Estaremos encantadas de mostrarte nuestra selecci\u00f3n en INHALA Caf\u00e9s y T\u00e9s en Granollers.","og_url":"https:\/\/inhala.net\/es\/productes\/vaso-de-vidrio-borosilicato-cast-de-kinto-iced-tea-350-ml\/","og_site_name":"Inhala","article_modified_time":"2025-09-10T12:05:12+00:00","og_image":[{"width":800,"height":596,"url":"https:\/\/inhala.net\/wp-content\/uploads\/2021\/04\/kinto-vaso-cast-green-tea-inhala-cafe-barcelona-granollers.jpg","type":"image\/jpeg"}],"twitter_card":"summary_large_image","schema":{"@context":"https:\/\/schema.org","@graph":[{"@type":"WebPage","@id":"https:\/\/inhala.net\/es\/productes\/vaso-de-vidrio-borosilicato-cast-de-kinto-iced-tea-350-ml\/","url":"https:\/\/inhala.net\/es\/productes\/vaso-de-vidrio-borosilicato-cast-de-kinto-iced-tea-350-ml\/","name":"Comprar Vaso vidrio borosilicato CAST Iced Tea de Kinto - Inhala","isPartOf":{"@id":"https:\/\/inhala.net\/#website"},"primaryImageOfPage":{"@id":"https:\/\/inhala.net\/es\/productes\/vaso-de-vidrio-borosilicato-cast-de-kinto-iced-tea-350-ml\/#primaryimage"},"image":{"@id":"https:\/\/inhala.net\/es\/productes\/vaso-de-vidrio-borosilicato-cast-de-kinto-iced-tea-350-ml\/#primaryimage"},"thumbnailUrl":"https:\/\/inhala.net\/wp-content\/uploads\/2021\/04\/kinto-vaso-cast-green-tea-inhala-cafe-barcelona-granollers.jpg","datePublished":"2021-04-29T14:58:10+00:00","dateModified":"2025-09-10T12:05:12+00:00","description":"Vaso de vidrio borosilicato CAST de Kinto \"Iced tea\", 350 ml. Estaremos encantadas de mostrarte nuestra selecci\u00f3n en INHALA Caf\u00e9s y T\u00e9s en Granollers.","breadcrumb":{"@id":"https:\/\/inhala.net\/es\/productes\/vaso-de-vidrio-borosilicato-cast-de-kinto-iced-tea-350-ml\/#breadcrumb"},"inLanguage":"es","potentialAction":[{"@type":"ReadAction","target":["https:\/\/inhala.net\/es\/productes\/vaso-de-vidrio-borosilicato-cast-de-kinto-iced-tea-350-ml\/"]}]},{"@type":"ImageObject","inLanguage":"es","@id":"https:\/\/inhala.net\/es\/productes\/vaso-de-vidrio-borosilicato-cast-de-kinto-iced-tea-350-ml\/#primaryimage","url":"https:\/\/inhala.net\/wp-content\/uploads\/2021\/04\/kinto-vaso-cast-green-tea-inhala-cafe-barcelona-granollers.jpg","contentUrl":"https:\/\/inhala.net\/wp-content\/uploads\/2021\/04\/kinto-vaso-cast-green-tea-inhala-cafe-barcelona-granollers.jpg","width":800,"height":596,"caption":"El got CAST de Kinto \u00e9s de vidre borosilicat i t\u00e9 una capacitat de 350 ml. Des de INHALA el recomanem per servir-te un \u201ciced tea\u201d d\u2019 una manera molt elegant ja que \u00e9s un got molt lleuger i la seva forma t\u00e9 un disseny molt bonic. Tenim un altra mida m\u00e9s petita que li fa joc. Tamb\u00e9 pots acompanyar aquests gots amb la gerra PLUG. Kinto \u00e9s una firma japonesa que dissenya articles molt pr\u00e0ctics i funcionals al m\u00e0xim, sempre cuidant l\u2019 est\u00e8tica, fent que cada article sigui molt especial. Quin te fred \u00e9s el teu preferit? T\u2019 ensenyem a preparar-lo? A la nostra botiga Online en tens uns quants per triar. Estarem encantades de mostrar-te la nostra selecci\u00f3, a INHALA Caf\u00e8s i Tes al carrer Portalet, 9 de Granollers, Barcelona."},{"@type":"BreadcrumbList","@id":"https:\/\/inhala.net\/es\/productes\/vaso-de-vidrio-borosilicato-cast-de-kinto-iced-tea-350-ml\/#breadcrumb","itemListElement":[{"@type":"ListItem","position":1,"name":"Inici","item":"https:\/\/inhala.net\/es\/inicio\/"},{"@type":"ListItem","position":2,"name":"Productos","item":"https:\/\/inhala.net\/es\/product\/"},{"@type":"ListItem","position":3,"name":"Vaso de vidrio borosilicato CAST de Kinto &#8220;Iced tea&#8221; 350 ml."}]},{"@type":"WebSite","@id":"https:\/\/inhala.net\/#website","url":"https:\/\/inhala.net\/","name":"Inhala","description":"Coffee & Tea | Invade los sentidos","potentialAction":[{"@type":"SearchAction","target":{"@type":"EntryPoint","urlTemplate":"https:\/\/inhala.net\/?s={search_term_string}"},"query-input":{"@type":"PropertyValueSpecification","valueRequired":true,"valueName":"search_term_string"}}],"inLanguage":"es"}]}},"_links":{"self":[{"href":"https:\/\/inhala.net\/es\/wp-json\/wp\/v2\/product\/29745","targetHints":{"allow":["GET"]}}],"collection":[{"href":"https:\/\/inhala.net\/es\/wp-json\/wp\/v2\/product"}],"about":[{"href":"https:\/\/inhala.net\/es\/wp-json\/wp\/v2\/types\/product"}],"replies":[{"embeddable":true,"href":"https:\/\/inhala.net\/es\/wp-json\/wp\/v2\/comments?post=29745"}],"wp:featuredmedia":[{"embeddable":true,"href":"https:\/\/inhala.net\/es\/wp-json\/wp\/v2\/media\/26168"}],"wp:attachment":[{"href":"https:\/\/inhala.net\/es\/wp-json\/wp\/v2\/media?parent=29745"}],"wp:term":[{"taxonomy":"product_brand","embeddable":true,"href":"https:\/\/inhala.net\/es\/wp-json\/wp\/v2\/product_brand?post=29745"},{"taxonomy":"product_cat","embeddable":true,"href":"https:\/\/inhala.net\/es\/wp-json\/wp\/v2\/product_cat?post=29745"},{"taxonomy":"product_tag","embeddable":true,"href":"https:\/\/inhala.net\/es\/wp-json\/wp\/v2\/product_tag?post=29745"}],"curies":[{"name":"wp","href":"https:\/\/api.w.org\/{rel}","templated":true}]}}