{"id":29746,"date":"2021-04-29T15:58:10","date_gmt":"2021-04-29T14:58:10","guid":{"rendered":"https:\/\/inhala.net\/?product=taza-mug-de-vidrio-con-infusor-yo-yo-de-bodum-30-cl"},"modified":"2024-04-26T10:04:39","modified_gmt":"2024-04-26T09:04:39","slug":"taza-mug-yo-yo-con-filtro-infusor-de-bodum-30-cl","status":"publish","type":"product","link":"https:\/\/inhala.net\/es\/productes\/taza-mug-yo-yo-con-filtro-infusor-de-bodum-30-cl\/","title":{"rendered":"Taza mug Yo-Yo con filtro infusor de BODUM, 30 cl."},"content":{"rendered":"<p>Esta<strong> taza<\/strong> mug <strong>Yo-<\/strong><strong>Yo <\/strong>con <strong>infusor <\/strong><strong>\u00a0<\/strong>de <strong>Bodum<\/strong> es ideal para preparar un <strong>t\u00e9 <\/strong>o <strong>infusi\u00f3n<\/strong> de una manera muy pr\u00e1ctica.<\/p>\n","protected":false},"excerpt":{"rendered":"<p>Esta<strong> taza<\/strong> mug con <strong>infusor Yo-<\/strong><strong>Yo <\/strong>de <strong>Bodum<\/strong> es ideal para preparar un <strong>t\u00e9 o infusi\u00f3n<\/strong> de una manera muy pr\u00e1ctica.<\/p>\n<p><em><strong>La taza mug es de vidrio muy resistente, tambi\u00e9n est\u00e1 disponible de manera individual.<\/strong><\/em><\/p>\n<p>El filtro tiene una malla muy fina de nylon, apta para el lavavajillas pero no apto para microondas.<\/p>\n<p>En <a href=\"http:\/\/inhala.net\/es\"><strong>INHALA Caf\u00e9s y T\u00e9s\u00a0<\/strong><\/a> te proponemos una selecci\u00f3n muy esmerada de <a href=\"https:\/\/inhala.net\/es\/categorias\/tes-infusiones\/\"><strong>t\u00e9s<\/strong> e <strong>infusiones<\/strong><\/a>.<\/p>\n<p>&nbsp;<\/p>\n<p>&nbsp;<\/p>\n","protected":false},"featured_media":26161,"comment_status":"open","ping_status":"closed","template":"","meta":{"inline_featured_image":false},"product_brand":[],"product_cat":[216],"product_tag":[584,1221,828,1121,533],"class_list":{"0":"post-29746","1":"product","2":"type-product","3":"status-publish","4":"has-post-thumbnail","6":"product_cat-tazas","7":"product_tag-bodum-es","8":"product_tag-infusor-es","9":"product_tag-mug-es","10":"product_tag-tassa-de-te-es","11":"product_tag-taza","13":"first","14":"outofstock","15":"taxable","16":"shipping-taxable","17":"purchasable","18":"product-type-simple"},"yoast_head":"<!-- This site is optimized with the Yoast SEO plugin v27.3 - https:\/\/yoast.com\/product\/yoast-seo-wordpress\/ -->\n<title>Comprar Taza mug Yo-Yo con infusor de BODUM, 30 cl. - Inhala<\/title>\n<meta name=\"description\" content=\"Esta taza mug con infusor Yo-Yo de Bodum es ideal para preparar un t\u00e9 o infusi\u00f3n. En INHALA Caf\u00e9s y T\u00e9s, Portalet, 9 de Granollers, Barcelona.\" \/>\n<meta name=\"robots\" content=\"index, follow, max-snippet:-1, max-image-preview:large, max-video-preview:-1\" \/>\n<link rel=\"canonical\" href=\"https:\/\/inhala.net\/es\/productes\/taza-mug-yo-yo-con-filtro-infusor-de-bodum-30-cl\/\" \/>\n<meta property=\"og:locale\" content=\"es_ES\" \/>\n<meta property=\"og:type\" content=\"article\" \/>\n<meta property=\"og:title\" content=\"Comprar Taza mug Yo-Yo con infusor de BODUM, 30 cl. - Inhala\" \/>\n<meta property=\"og:description\" content=\"Esta taza mug con infusor Yo-Yo de Bodum es ideal para preparar un t\u00e9 o infusi\u00f3n. En INHALA Caf\u00e9s y T\u00e9s, Portalet, 9 de Granollers, Barcelona.\" \/>\n<meta property=\"og:url\" content=\"https:\/\/inhala.net\/es\/productes\/taza-mug-yo-yo-con-filtro-infusor-de-bodum-30-cl\/\" \/>\n<meta property=\"og:site_name\" content=\"Inhala\" \/>\n<meta property=\"article:modified_time\" content=\"2024-04-26T09:04:39+00:00\" \/>\n<meta property=\"og:image\" content=\"https:\/\/inhala.net\/wp-content\/uploads\/2021\/04\/yo-yo-set-in-black.jpg\" \/>\n\t<meta property=\"og:image:width\" content=\"600\" \/>\n\t<meta property=\"og:image:height\" content=\"600\" \/>\n\t<meta property=\"og:image:type\" content=\"image\/jpeg\" \/>\n<meta name=\"twitter:card\" content=\"summary_large_image\" \/>\n<meta name=\"twitter:label1\" content=\"Tiempo de lectura\" \/>\n\t<meta name=\"twitter:data1\" content=\"1 minuto\" \/>\n<script type=\"application\/ld+json\" class=\"yoast-schema-graph\">{\"@context\":\"https:\\\/\\\/schema.org\",\"@graph\":[{\"@type\":\"WebPage\",\"@id\":\"https:\\\/\\\/inhala.net\\\/es\\\/productes\\\/taza-mug-yo-yo-con-filtro-infusor-de-bodum-30-cl\\\/\",\"url\":\"https:\\\/\\\/inhala.net\\\/es\\\/productes\\\/taza-mug-yo-yo-con-filtro-infusor-de-bodum-30-cl\\\/\",\"name\":\"Comprar Taza mug Yo-Yo con infusor de BODUM, 30 cl. - Inhala\",\"isPartOf\":{\"@id\":\"https:\\\/\\\/inhala.net\\\/#website\"},\"primaryImageOfPage\":{\"@id\":\"https:\\\/\\\/inhala.net\\\/es\\\/productes\\\/taza-mug-yo-yo-con-filtro-infusor-de-bodum-30-cl\\\/#primaryimage\"},\"image\":{\"@id\":\"https:\\\/\\\/inhala.net\\\/es\\\/productes\\\/taza-mug-yo-yo-con-filtro-infusor-de-bodum-30-cl\\\/#primaryimage\"},\"thumbnailUrl\":\"https:\\\/\\\/inhala.net\\\/wp-content\\\/uploads\\\/2021\\\/04\\\/yo-yo-set-in-black.jpg\",\"datePublished\":\"2021-04-29T14:58:10+00:00\",\"dateModified\":\"2024-04-26T09:04:39+00:00\",\"description\":\"Esta taza mug con infusor Yo-Yo de Bodum es ideal para preparar un t\u00e9 o infusi\u00f3n. En INHALA Caf\u00e9s y T\u00e9s, Portalet, 9 de Granollers, Barcelona.\",\"breadcrumb\":{\"@id\":\"https:\\\/\\\/inhala.net\\\/es\\\/productes\\\/taza-mug-yo-yo-con-filtro-infusor-de-bodum-30-cl\\\/#breadcrumb\"},\"inLanguage\":\"es\",\"potentialAction\":[{\"@type\":\"ReadAction\",\"target\":[\"https:\\\/\\\/inhala.net\\\/es\\\/productes\\\/taza-mug-yo-yo-con-filtro-infusor-de-bodum-30-cl\\\/\"]}]},{\"@type\":\"ImageObject\",\"inLanguage\":\"es\",\"@id\":\"https:\\\/\\\/inhala.net\\\/es\\\/productes\\\/taza-mug-yo-yo-con-filtro-infusor-de-bodum-30-cl\\\/#primaryimage\",\"url\":\"https:\\\/\\\/inhala.net\\\/wp-content\\\/uploads\\\/2021\\\/04\\\/yo-yo-set-in-black.jpg\",\"contentUrl\":\"https:\\\/\\\/inhala.net\\\/wp-content\\\/uploads\\\/2021\\\/04\\\/yo-yo-set-in-black.jpg\",\"width\":600,\"height\":600},{\"@type\":\"BreadcrumbList\",\"@id\":\"https:\\\/\\\/inhala.net\\\/es\\\/productes\\\/taza-mug-yo-yo-con-filtro-infusor-de-bodum-30-cl\\\/#breadcrumb\",\"itemListElement\":[{\"@type\":\"ListItem\",\"position\":1,\"name\":\"Inici\",\"item\":\"https:\\\/\\\/inhala.net\\\/es\\\/inicio\\\/\"},{\"@type\":\"ListItem\",\"position\":2,\"name\":\"Productos\",\"item\":\"https:\\\/\\\/inhala.net\\\/es\\\/product\\\/\"},{\"@type\":\"ListItem\",\"position\":3,\"name\":\"Taza mug Yo-Yo con filtro infusor de BODUM, 30 cl.\"}]},{\"@type\":\"WebSite\",\"@id\":\"https:\\\/\\\/inhala.net\\\/#website\",\"url\":\"https:\\\/\\\/inhala.net\\\/\",\"name\":\"Inhala\",\"description\":\"Coffee & Tea | Invade los sentidos\",\"potentialAction\":[{\"@type\":\"SearchAction\",\"target\":{\"@type\":\"EntryPoint\",\"urlTemplate\":\"https:\\\/\\\/inhala.net\\\/?s={search_term_string}\"},\"query-input\":{\"@type\":\"PropertyValueSpecification\",\"valueRequired\":true,\"valueName\":\"search_term_string\"}}],\"inLanguage\":\"es\"}]}<\/script>\n<!-- \/ Yoast SEO plugin. -->","yoast_head_json":{"title":"Comprar Taza mug Yo-Yo con infusor de BODUM, 30 cl. - Inhala","description":"Esta taza mug con infusor Yo-Yo de Bodum es ideal para preparar un t\u00e9 o infusi\u00f3n. En INHALA Caf\u00e9s y T\u00e9s, Portalet, 9 de Granollers, Barcelona.","robots":{"index":"index","follow":"follow","max-snippet":"max-snippet:-1","max-image-preview":"max-image-preview:large","max-video-preview":"max-video-preview:-1"},"canonical":"https:\/\/inhala.net\/es\/productes\/taza-mug-yo-yo-con-filtro-infusor-de-bodum-30-cl\/","og_locale":"es_ES","og_type":"article","og_title":"Comprar Taza mug Yo-Yo con infusor de BODUM, 30 cl. - Inhala","og_description":"Esta taza mug con infusor Yo-Yo de Bodum es ideal para preparar un t\u00e9 o infusi\u00f3n. En INHALA Caf\u00e9s y T\u00e9s, Portalet, 9 de Granollers, Barcelona.","og_url":"https:\/\/inhala.net\/es\/productes\/taza-mug-yo-yo-con-filtro-infusor-de-bodum-30-cl\/","og_site_name":"Inhala","article_modified_time":"2024-04-26T09:04:39+00:00","og_image":[{"width":600,"height":600,"url":"https:\/\/inhala.net\/wp-content\/uploads\/2021\/04\/yo-yo-set-in-black.jpg","type":"image\/jpeg"}],"twitter_card":"summary_large_image","twitter_misc":{"Tiempo de lectura":"1 minuto"},"schema":{"@context":"https:\/\/schema.org","@graph":[{"@type":"WebPage","@id":"https:\/\/inhala.net\/es\/productes\/taza-mug-yo-yo-con-filtro-infusor-de-bodum-30-cl\/","url":"https:\/\/inhala.net\/es\/productes\/taza-mug-yo-yo-con-filtro-infusor-de-bodum-30-cl\/","name":"Comprar Taza mug Yo-Yo con infusor de BODUM, 30 cl. - Inhala","isPartOf":{"@id":"https:\/\/inhala.net\/#website"},"primaryImageOfPage":{"@id":"https:\/\/inhala.net\/es\/productes\/taza-mug-yo-yo-con-filtro-infusor-de-bodum-30-cl\/#primaryimage"},"image":{"@id":"https:\/\/inhala.net\/es\/productes\/taza-mug-yo-yo-con-filtro-infusor-de-bodum-30-cl\/#primaryimage"},"thumbnailUrl":"https:\/\/inhala.net\/wp-content\/uploads\/2021\/04\/yo-yo-set-in-black.jpg","datePublished":"2021-04-29T14:58:10+00:00","dateModified":"2024-04-26T09:04:39+00:00","description":"Esta taza mug con infusor Yo-Yo de Bodum es ideal para preparar un t\u00e9 o infusi\u00f3n. En INHALA Caf\u00e9s y T\u00e9s, Portalet, 9 de Granollers, Barcelona.","breadcrumb":{"@id":"https:\/\/inhala.net\/es\/productes\/taza-mug-yo-yo-con-filtro-infusor-de-bodum-30-cl\/#breadcrumb"},"inLanguage":"es","potentialAction":[{"@type":"ReadAction","target":["https:\/\/inhala.net\/es\/productes\/taza-mug-yo-yo-con-filtro-infusor-de-bodum-30-cl\/"]}]},{"@type":"ImageObject","inLanguage":"es","@id":"https:\/\/inhala.net\/es\/productes\/taza-mug-yo-yo-con-filtro-infusor-de-bodum-30-cl\/#primaryimage","url":"https:\/\/inhala.net\/wp-content\/uploads\/2021\/04\/yo-yo-set-in-black.jpg","contentUrl":"https:\/\/inhala.net\/wp-content\/uploads\/2021\/04\/yo-yo-set-in-black.jpg","width":600,"height":600},{"@type":"BreadcrumbList","@id":"https:\/\/inhala.net\/es\/productes\/taza-mug-yo-yo-con-filtro-infusor-de-bodum-30-cl\/#breadcrumb","itemListElement":[{"@type":"ListItem","position":1,"name":"Inici","item":"https:\/\/inhala.net\/es\/inicio\/"},{"@type":"ListItem","position":2,"name":"Productos","item":"https:\/\/inhala.net\/es\/product\/"},{"@type":"ListItem","position":3,"name":"Taza mug Yo-Yo con filtro infusor de BODUM, 30 cl."}]},{"@type":"WebSite","@id":"https:\/\/inhala.net\/#website","url":"https:\/\/inhala.net\/","name":"Inhala","description":"Coffee & Tea | Invade los sentidos","potentialAction":[{"@type":"SearchAction","target":{"@type":"EntryPoint","urlTemplate":"https:\/\/inhala.net\/?s={search_term_string}"},"query-input":{"@type":"PropertyValueSpecification","valueRequired":true,"valueName":"search_term_string"}}],"inLanguage":"es"}]}},"_links":{"self":[{"href":"https:\/\/inhala.net\/es\/wp-json\/wp\/v2\/product\/29746","targetHints":{"allow":["GET"]}}],"collection":[{"href":"https:\/\/inhala.net\/es\/wp-json\/wp\/v2\/product"}],"about":[{"href":"https:\/\/inhala.net\/es\/wp-json\/wp\/v2\/types\/product"}],"replies":[{"embeddable":true,"href":"https:\/\/inhala.net\/es\/wp-json\/wp\/v2\/comments?post=29746"}],"wp:featuredmedia":[{"embeddable":true,"href":"https:\/\/inhala.net\/es\/wp-json\/wp\/v2\/media\/26161"}],"wp:attachment":[{"href":"https:\/\/inhala.net\/es\/wp-json\/wp\/v2\/media?parent=29746"}],"wp:term":[{"taxonomy":"product_brand","embeddable":true,"href":"https:\/\/inhala.net\/es\/wp-json\/wp\/v2\/product_brand?post=29746"},{"taxonomy":"product_cat","embeddable":true,"href":"https:\/\/inhala.net\/es\/wp-json\/wp\/v2\/product_cat?post=29746"},{"taxonomy":"product_tag","embeddable":true,"href":"https:\/\/inhala.net\/es\/wp-json\/wp\/v2\/product_tag?post=29746"}],"curies":[{"name":"wp","href":"https:\/\/api.w.org\/{rel}","templated":true}]}}