{"id":29749,"date":"2021-04-29T15:58:08","date_gmt":"2021-04-29T14:58:08","guid":{"rendered":"https:\/\/inhala.net\/?product=te-blanco-pai-mu-tan-imperial-100-gramos"},"modified":"2022-12-11T16:08:57","modified_gmt":"2022-12-11T15:08:57","slug":"te-blanco-pai-mu-tan-imperial-paquete-de-100-gramos","status":"publish","type":"product","link":"https:\/\/inhala.net\/es\/productes\/te-blanco-pai-mu-tan-imperial-paquete-de-100-gramos\/","title":{"rendered":"T\u00e9 blanco Pai Mu Tan Imperial, paquete de 100 gramos"},"content":{"rendered":"<p>T\u00e9 blanco Pai Mu Tan Imperial, paquete de 100 gramos.<\/p>\n<p>Somos\u00a0<a href=\"http:\/\/inhala.net\/es\"><strong>INHALA Caf\u00e9s y T\u00e9s<\/strong><\/a>\u00a0y estamos en Portalet, 9 de Granollers, Barcelona.<\/p>\n<p>Si quieres conocer otros t\u00e9s blancos de nuestra selecci\u00f3n,\u00a0<a href=\"https:\/\/inhala.net\/es\/?s=t%C3%A9+blanco&amp;post_type=product\">pincha aqu\u00ed<\/a>.<\/p>\n<p>&nbsp;<\/p>\n","protected":false},"excerpt":{"rendered":"<p>Este <strong>t\u00e9 blanco<\/strong> <strong>Pai Mu Tan Imperial<\/strong> se produce en la provincia de Fujian, China.<\/p>\n<p>El <strong>Pai Mu Tan Imperial<\/strong> representa la selecci\u00f3n del brote de la hoja del arbusto de la planta del t\u00e9 (son brillantes y plateados) pero tambi\u00e9n la primera y segunda hoja (son, predominantemente, de color marr\u00f3n verdoso en color).<\/p>\n<p>Este <strong>t\u00e9 blanco<\/strong> es cosechado durante unos d\u00edas muy concretos del a\u00f1o y de forma totalmente <strong>manual<\/strong> y su producci\u00f3n es completamente <strong>artesana<\/strong>.<\/p>\n<p>Cuando se prepara en infusi\u00f3n nos da un licor de color amarillo p\u00e1lido y su perfume es muy suave y encantador. Tiene <strong>bajo contenido <\/strong>en<strong> cafe\u00edna<\/strong>, es ideal para tomar a cualquier hora del d\u00eda y es rico en <strong>minerales<\/strong>, <strong>vitaminas<\/strong> y <strong>antioxidantes<\/strong>.<\/p>\n<p>Tiempo de infusi\u00f3n recomendado: <strong>2-3 minutos.<\/strong><\/p>\n<p>Temperatura del agua recomendada: <strong>75\u00b0- 80 \u00b0C.<\/strong><\/p>\n<p>Nuestros paquetes son de 100 gramos.<\/p>\n<p>Si quieres ver nuestra selecci\u00f3n de t\u00e9s blancos, pincha <a href=\"https:\/\/inhala.net\/es\/?s=t%C3%A9+blanco&amp;post_type=product\"><strong>aqu\u00ed<\/strong><\/a>.<\/p>\n<p>&nbsp;<\/p>\n<p>&nbsp;<\/p>\n","protected":false},"featured_media":26150,"comment_status":"open","ping_status":"closed","template":"","meta":{"inline_featured_image":false},"product_brand":[],"product_cat":[389],"product_tag":[513,2438,517,492,533,666,494,439,534],"class_list":{"0":"post-29749","1":"product","2":"type-product","3":"status-publish","4":"has-post-thumbnail","6":"product_cat-tes-rooibos-e-infusiones","7":"product_tag-aroma","8":"product_tag-china-2","9":"product_tag-floral","10":"product_tag-infusion","11":"product_tag-taza","12":"product_tag-te-blanco","13":"product_tag-tes-es","14":"product_tag-tetera","15":"product_tag-wellness-es","17":"first","18":"instock","19":"taxable","20":"shipping-taxable","21":"purchasable","22":"product-type-simple"},"yoast_head":"<!-- This site is optimized with the Yoast SEO plugin v27.3 - https:\/\/yoast.com\/product\/yoast-seo-wordpress\/ -->\n<title>Comprar T\u00e9 blanco Pai Mu Tan Imperial, 100 gramos - Inhala<\/title>\n<meta name=\"description\" content=\"Este t\u00e9 blanco es Pai Mu Tan Imperial y se produce en la provincia de Fujian, China. Nuestros paquetes son de 100 gramos, INHALA, Portalet, 9, Granollers.\" \/>\n<meta name=\"robots\" content=\"index, follow, max-snippet:-1, max-image-preview:large, max-video-preview:-1\" \/>\n<link rel=\"canonical\" href=\"https:\/\/inhala.net\/es\/productes\/te-blanco-pai-mu-tan-imperial-paquete-de-100-gramos\/\" \/>\n<meta property=\"og:locale\" content=\"es_ES\" \/>\n<meta property=\"og:type\" content=\"article\" \/>\n<meta property=\"og:title\" content=\"Comprar T\u00e9 blanco Pai Mu Tan Imperial, 100 gramos - Inhala\" \/>\n<meta property=\"og:description\" content=\"Este t\u00e9 blanco es Pai Mu Tan Imperial y se produce en la provincia de Fujian, China. Nuestros paquetes son de 100 gramos, INHALA, Portalet, 9, Granollers.\" \/>\n<meta property=\"og:url\" content=\"https:\/\/inhala.net\/es\/productes\/te-blanco-pai-mu-tan-imperial-paquete-de-100-gramos\/\" \/>\n<meta property=\"og:site_name\" content=\"Inhala\" \/>\n<meta property=\"article:modified_time\" content=\"2022-12-11T15:08:57+00:00\" \/>\n<meta property=\"og:image\" content=\"https:\/\/inhala.net\/wp-content\/uploads\/2021\/04\/te-blanc-Pai-Mu-Tan-Imperial-Inhala.jpg\" \/>\n\t<meta property=\"og:image:width\" content=\"600\" \/>\n\t<meta property=\"og:image:height\" content=\"586\" \/>\n\t<meta property=\"og:image:type\" content=\"image\/jpeg\" \/>\n<meta name=\"twitter:card\" content=\"summary_large_image\" \/>\n<script type=\"application\/ld+json\" class=\"yoast-schema-graph\">{\"@context\":\"https:\\\/\\\/schema.org\",\"@graph\":[{\"@type\":\"WebPage\",\"@id\":\"https:\\\/\\\/inhala.net\\\/es\\\/productes\\\/te-blanco-pai-mu-tan-imperial-paquete-de-100-gramos\\\/\",\"url\":\"https:\\\/\\\/inhala.net\\\/es\\\/productes\\\/te-blanco-pai-mu-tan-imperial-paquete-de-100-gramos\\\/\",\"name\":\"Comprar T\u00e9 blanco Pai Mu Tan Imperial, 100 gramos - Inhala\",\"isPartOf\":{\"@id\":\"https:\\\/\\\/inhala.net\\\/#website\"},\"primaryImageOfPage\":{\"@id\":\"https:\\\/\\\/inhala.net\\\/es\\\/productes\\\/te-blanco-pai-mu-tan-imperial-paquete-de-100-gramos\\\/#primaryimage\"},\"image\":{\"@id\":\"https:\\\/\\\/inhala.net\\\/es\\\/productes\\\/te-blanco-pai-mu-tan-imperial-paquete-de-100-gramos\\\/#primaryimage\"},\"thumbnailUrl\":\"https:\\\/\\\/inhala.net\\\/wp-content\\\/uploads\\\/2021\\\/04\\\/te-blanc-Pai-Mu-Tan-Imperial-Inhala.jpg\",\"datePublished\":\"2021-04-29T14:58:08+00:00\",\"dateModified\":\"2022-12-11T15:08:57+00:00\",\"description\":\"Este t\u00e9 blanco es Pai Mu Tan Imperial y se produce en la provincia de Fujian, China. Nuestros paquetes son de 100 gramos, INHALA, Portalet, 9, Granollers.\",\"breadcrumb\":{\"@id\":\"https:\\\/\\\/inhala.net\\\/es\\\/productes\\\/te-blanco-pai-mu-tan-imperial-paquete-de-100-gramos\\\/#breadcrumb\"},\"inLanguage\":\"es\",\"potentialAction\":[{\"@type\":\"ReadAction\",\"target\":[\"https:\\\/\\\/inhala.net\\\/es\\\/productes\\\/te-blanco-pai-mu-tan-imperial-paquete-de-100-gramos\\\/\"]}]},{\"@type\":\"ImageObject\",\"inLanguage\":\"es\",\"@id\":\"https:\\\/\\\/inhala.net\\\/es\\\/productes\\\/te-blanco-pai-mu-tan-imperial-paquete-de-100-gramos\\\/#primaryimage\",\"url\":\"https:\\\/\\\/inhala.net\\\/wp-content\\\/uploads\\\/2021\\\/04\\\/te-blanc-Pai-Mu-Tan-Imperial-Inhala.jpg\",\"contentUrl\":\"https:\\\/\\\/inhala.net\\\/wp-content\\\/uploads\\\/2021\\\/04\\\/te-blanc-Pai-Mu-Tan-Imperial-Inhala.jpg\",\"width\":600,\"height\":586},{\"@type\":\"BreadcrumbList\",\"@id\":\"https:\\\/\\\/inhala.net\\\/es\\\/productes\\\/te-blanco-pai-mu-tan-imperial-paquete-de-100-gramos\\\/#breadcrumb\",\"itemListElement\":[{\"@type\":\"ListItem\",\"position\":1,\"name\":\"Inici\",\"item\":\"https:\\\/\\\/inhala.net\\\/es\\\/inicio\\\/\"},{\"@type\":\"ListItem\",\"position\":2,\"name\":\"Productos\",\"item\":\"https:\\\/\\\/inhala.net\\\/es\\\/product\\\/\"},{\"@type\":\"ListItem\",\"position\":3,\"name\":\"T\u00e9 blanco Pai Mu Tan Imperial, paquete de 100 gramos\"}]},{\"@type\":\"WebSite\",\"@id\":\"https:\\\/\\\/inhala.net\\\/#website\",\"url\":\"https:\\\/\\\/inhala.net\\\/\",\"name\":\"Inhala\",\"description\":\"Coffee & Tea | Invade los sentidos\",\"potentialAction\":[{\"@type\":\"SearchAction\",\"target\":{\"@type\":\"EntryPoint\",\"urlTemplate\":\"https:\\\/\\\/inhala.net\\\/?s={search_term_string}\"},\"query-input\":{\"@type\":\"PropertyValueSpecification\",\"valueRequired\":true,\"valueName\":\"search_term_string\"}}],\"inLanguage\":\"es\"}]}<\/script>\n<!-- \/ Yoast SEO plugin. -->","yoast_head_json":{"title":"Comprar T\u00e9 blanco Pai Mu Tan Imperial, 100 gramos - Inhala","description":"Este t\u00e9 blanco es Pai Mu Tan Imperial y se produce en la provincia de Fujian, China. Nuestros paquetes son de 100 gramos, INHALA, Portalet, 9, Granollers.","robots":{"index":"index","follow":"follow","max-snippet":"max-snippet:-1","max-image-preview":"max-image-preview:large","max-video-preview":"max-video-preview:-1"},"canonical":"https:\/\/inhala.net\/es\/productes\/te-blanco-pai-mu-tan-imperial-paquete-de-100-gramos\/","og_locale":"es_ES","og_type":"article","og_title":"Comprar T\u00e9 blanco Pai Mu Tan Imperial, 100 gramos - Inhala","og_description":"Este t\u00e9 blanco es Pai Mu Tan Imperial y se produce en la provincia de Fujian, China. Nuestros paquetes son de 100 gramos, INHALA, Portalet, 9, Granollers.","og_url":"https:\/\/inhala.net\/es\/productes\/te-blanco-pai-mu-tan-imperial-paquete-de-100-gramos\/","og_site_name":"Inhala","article_modified_time":"2022-12-11T15:08:57+00:00","og_image":[{"width":600,"height":586,"url":"https:\/\/inhala.net\/wp-content\/uploads\/2021\/04\/te-blanc-Pai-Mu-Tan-Imperial-Inhala.jpg","type":"image\/jpeg"}],"twitter_card":"summary_large_image","schema":{"@context":"https:\/\/schema.org","@graph":[{"@type":"WebPage","@id":"https:\/\/inhala.net\/es\/productes\/te-blanco-pai-mu-tan-imperial-paquete-de-100-gramos\/","url":"https:\/\/inhala.net\/es\/productes\/te-blanco-pai-mu-tan-imperial-paquete-de-100-gramos\/","name":"Comprar T\u00e9 blanco Pai Mu Tan Imperial, 100 gramos - Inhala","isPartOf":{"@id":"https:\/\/inhala.net\/#website"},"primaryImageOfPage":{"@id":"https:\/\/inhala.net\/es\/productes\/te-blanco-pai-mu-tan-imperial-paquete-de-100-gramos\/#primaryimage"},"image":{"@id":"https:\/\/inhala.net\/es\/productes\/te-blanco-pai-mu-tan-imperial-paquete-de-100-gramos\/#primaryimage"},"thumbnailUrl":"https:\/\/inhala.net\/wp-content\/uploads\/2021\/04\/te-blanc-Pai-Mu-Tan-Imperial-Inhala.jpg","datePublished":"2021-04-29T14:58:08+00:00","dateModified":"2022-12-11T15:08:57+00:00","description":"Este t\u00e9 blanco es Pai Mu Tan Imperial y se produce en la provincia de Fujian, China. Nuestros paquetes son de 100 gramos, INHALA, Portalet, 9, Granollers.","breadcrumb":{"@id":"https:\/\/inhala.net\/es\/productes\/te-blanco-pai-mu-tan-imperial-paquete-de-100-gramos\/#breadcrumb"},"inLanguage":"es","potentialAction":[{"@type":"ReadAction","target":["https:\/\/inhala.net\/es\/productes\/te-blanco-pai-mu-tan-imperial-paquete-de-100-gramos\/"]}]},{"@type":"ImageObject","inLanguage":"es","@id":"https:\/\/inhala.net\/es\/productes\/te-blanco-pai-mu-tan-imperial-paquete-de-100-gramos\/#primaryimage","url":"https:\/\/inhala.net\/wp-content\/uploads\/2021\/04\/te-blanc-Pai-Mu-Tan-Imperial-Inhala.jpg","contentUrl":"https:\/\/inhala.net\/wp-content\/uploads\/2021\/04\/te-blanc-Pai-Mu-Tan-Imperial-Inhala.jpg","width":600,"height":586},{"@type":"BreadcrumbList","@id":"https:\/\/inhala.net\/es\/productes\/te-blanco-pai-mu-tan-imperial-paquete-de-100-gramos\/#breadcrumb","itemListElement":[{"@type":"ListItem","position":1,"name":"Inici","item":"https:\/\/inhala.net\/es\/inicio\/"},{"@type":"ListItem","position":2,"name":"Productos","item":"https:\/\/inhala.net\/es\/product\/"},{"@type":"ListItem","position":3,"name":"T\u00e9 blanco Pai Mu Tan Imperial, paquete de 100 gramos"}]},{"@type":"WebSite","@id":"https:\/\/inhala.net\/#website","url":"https:\/\/inhala.net\/","name":"Inhala","description":"Coffee & Tea | Invade los sentidos","potentialAction":[{"@type":"SearchAction","target":{"@type":"EntryPoint","urlTemplate":"https:\/\/inhala.net\/?s={search_term_string}"},"query-input":{"@type":"PropertyValueSpecification","valueRequired":true,"valueName":"search_term_string"}}],"inLanguage":"es"}]}},"_links":{"self":[{"href":"https:\/\/inhala.net\/es\/wp-json\/wp\/v2\/product\/29749","targetHints":{"allow":["GET"]}}],"collection":[{"href":"https:\/\/inhala.net\/es\/wp-json\/wp\/v2\/product"}],"about":[{"href":"https:\/\/inhala.net\/es\/wp-json\/wp\/v2\/types\/product"}],"replies":[{"embeddable":true,"href":"https:\/\/inhala.net\/es\/wp-json\/wp\/v2\/comments?post=29749"}],"wp:featuredmedia":[{"embeddable":true,"href":"https:\/\/inhala.net\/es\/wp-json\/wp\/v2\/media\/26150"}],"wp:attachment":[{"href":"https:\/\/inhala.net\/es\/wp-json\/wp\/v2\/media?parent=29749"}],"wp:term":[{"taxonomy":"product_brand","embeddable":true,"href":"https:\/\/inhala.net\/es\/wp-json\/wp\/v2\/product_brand?post=29749"},{"taxonomy":"product_cat","embeddable":true,"href":"https:\/\/inhala.net\/es\/wp-json\/wp\/v2\/product_cat?post=29749"},{"taxonomy":"product_tag","embeddable":true,"href":"https:\/\/inhala.net\/es\/wp-json\/wp\/v2\/product_tag?post=29749"}],"curies":[{"name":"wp","href":"https:\/\/api.w.org\/{rel}","templated":true}]}}