{"id":29806,"date":"2021-04-29T15:58:13","date_gmt":"2021-04-29T14:58:13","guid":{"rendered":"https:\/\/inhala.net\/producte\/galletas-con-cacao-y-copos-de-sal-cacao-chips-de-paul-pippa-bio-100-150-gramos\/"},"modified":"2025-07-15T19:50:24","modified_gmt":"2025-07-15T18:50:24","slug":"lata-metal-para-galletas-biscuits-de-living-nostalgia-color-verde-salvia-sage-green","status":"publish","type":"product","link":"https:\/\/inhala.net\/es\/productes\/lata-metal-para-galletas-biscuits-de-living-nostalgia-color-verde-salvia-sage-green\/","title":{"rendered":"Lata metal para galletas BISCUITS de Living Nostalgia color verde salvia (sage green)"},"content":{"rendered":"<p>Lata metal para galletas BISCUITS Living Nostalgia en color verde salvia (sage green).<\/p>\n<p>En\u00a0<strong><a href=\"https:\/\/inhala.net\/es\">INHALA Caf\u00e9s y T\u00e9s\u00a0<\/a><\/strong>te ofrecemos\u00a0una selecci\u00f3n de\u00a0<a href=\"https:\/\/inhala.net\/es\/categorias\/cafes-es\/\"><strong>caf\u00e9s<\/strong>\u00a0reci\u00e9n tostados<\/a>,\u00a0<strong><a href=\"https:\/\/inhala.net\/es\/categorias\/tes-infusiones\/\">t\u00e9s<\/a><\/strong><a href=\"https:\/\/inhala.net\/es\/categorias\/tes-infusiones\/\">\u00a0e\u00a0<\/a><strong><a href=\"https:\/\/inhala.net\/es\/categorias\/tes-infusiones\/\">infusiones<\/a><\/strong>,\u00a0<strong><a href=\"https:\/\/inhala.net\/es\/categorias\/galletas-y-chocolates\/\">chocolates\u00a0<\/a><\/strong><a href=\"https:\/\/inhala.net\/es\/categorias\/galletas-y-chocolates\/\">selectos\u00a0<\/a><a href=\"https:\/\/inhala.net\/es\/categorias\/galletas-y-chocolates\/\">y\u00a0<\/a><a href=\"https:\/\/inhala.net\/es\/categorias\/galletas-y-chocolates\/\">deliciosas<\/a><strong><a href=\"https:\/\/inhala.net\/es\/categorias\/galletas-y-chocolates\/\">\u00a0galletas.<\/a><\/strong><\/p>\n","protected":false},"excerpt":{"rendered":"<p>La lata de metal para galletas de la colecci\u00f3n <strong>Living Nostalgia\u00a0<\/strong>de<strong>\u00a0KitchenCraft\u00a0<\/strong>con la palabra<strong> BISCUITS <\/strong>es un complemento ideal en la decoraci\u00f3n de la cocina.<\/p>\n<p>Mide 14 cm x 14 cm. x 19 cm.<\/p>\n<p>La tapa tiene un asa de acero inoxidable.<\/p>\n<p>Disponible tambi\u00e9n en color crema, gris y azul mint.<\/p>\n<p>Forma parte de una <a href=\"https:\/\/inhala.net\/es\/?s=living+nostalgia&amp;post_type=product\"><span style=\"color: #800000;\">colecci\u00f3n de diferentes <strong>latas<\/strong><\/span><\/a>: <strong>TEA<\/strong>,\u00a0<strong>SUGAR<\/strong>,<a href=\"https:\/\/inhala.net\/es\/productes\/lata-metalica-coffee-living-nostalgia-azul-vintage\/\">\u00a0<strong>COFFEE<\/strong><\/a>,\u00a0<strong>FLOUR<\/strong> (harina), UTENSILS, COMPOST\u00a0 y la balanza mec\u00e1nica, todos son muy bonitos y pr\u00e1cticos para almacenar caf\u00e9, t\u00e9s, galletas, az\u00facar.<\/p>\n<p>\u00bfBuscas un complemento especial para t\u00ed y para tu cocina?<\/p>\n<p>Tenemos muchos complementos para que tus momentos de<strong>\u00a0Caf\u00e9\u00a0<\/strong>y<strong>\u00a0T\u00e9\u00a0<\/strong>sean perfectos: tazas, cucharas, jarras, platos, bowls, tea towels, indiciduales, manteles.<\/p>\n<p>Somos<strong><a href=\"http:\/\/inhala.net\/es\"> INHALA<\/a><\/strong> y estamos en Portalet, 9 de Granollers, Barcelona (enviamos a toda la pen\u00ednsula).<\/p>\n<p>&nbsp;<\/p>\n","protected":false},"featured_media":43608,"comment_status":"open","ping_status":"closed","template":"","meta":{"inline_featured_image":false},"product_brand":[],"product_cat":[218],"product_tag":[1400,571,1531,1437,542,507,2946],"class_list":{"0":"post-29806","1":"product","2":"type-product","3":"status-publish","4":"has-post-thumbnail","6":"product_cat-cocina-y-pasteleria","7":"product_tag-biscuits-es","8":"product_tag-cafe-es","9":"product_tag-coffee-time-es","10":"product_tag-cookies-es","11":"product_tag-desayuno","12":"product_tag-galletas","13":"product_tag-living-nostalgia","15":"first","16":"instock","17":"taxable","18":"shipping-taxable","19":"purchasable","20":"product-type-simple"},"yoast_head":"<!-- This site is optimized with the Yoast SEO plugin v27.3 - https:\/\/yoast.com\/product\/yoast-seo-wordpress\/ -->\n<title>Comprar Lata galletas BISCUITS Living Nostalgia en verde - Inhala<\/title>\n<meta name=\"description\" content=\"Lata metal para galletas BISCUITS de Living Nostalgia color verde salvia (sage green) en INHALA Caf\u00e9s y T\u00e9s, Portalet, 9, Granollers, Barcelona.\" \/>\n<meta name=\"robots\" content=\"index, follow, max-snippet:-1, max-image-preview:large, max-video-preview:-1\" \/>\n<link rel=\"canonical\" href=\"https:\/\/inhala.net\/es\/productes\/lata-metal-para-galletas-biscuits-de-living-nostalgia-color-verde-salvia-sage-green\/\" \/>\n<meta property=\"og:locale\" content=\"es_ES\" \/>\n<meta property=\"og:type\" content=\"article\" \/>\n<meta property=\"og:title\" content=\"Comprar Lata galletas BISCUITS Living Nostalgia en verde - Inhala\" \/>\n<meta property=\"og:description\" content=\"Lata metal para galletas BISCUITS de Living Nostalgia color verde salvia (sage green) en INHALA Caf\u00e9s y T\u00e9s, Portalet, 9, Granollers, Barcelona.\" \/>\n<meta property=\"og:url\" content=\"https:\/\/inhala.net\/es\/productes\/lata-metal-para-galletas-biscuits-de-living-nostalgia-color-verde-salvia-sage-green\/\" \/>\n<meta property=\"og:site_name\" content=\"Inhala\" \/>\n<meta property=\"article:modified_time\" content=\"2025-07-15T18:50:24+00:00\" \/>\n<meta property=\"og:image\" content=\"https:\/\/inhala.net\/wp-content\/uploads\/2021\/04\/latas-coffee-tea-sugar-biscuits-living-nostalgia-Inhala-Cafes-y-Tes-Granollers-Barcelona.jpg\" \/>\n\t<meta property=\"og:image:width\" content=\"1228\" \/>\n\t<meta property=\"og:image:height\" content=\"1189\" \/>\n\t<meta property=\"og:image:type\" content=\"image\/jpeg\" \/>\n<meta name=\"twitter:card\" content=\"summary_large_image\" \/>\n<script type=\"application\/ld+json\" class=\"yoast-schema-graph\">{\"@context\":\"https:\\\/\\\/schema.org\",\"@graph\":[{\"@type\":\"WebPage\",\"@id\":\"https:\\\/\\\/inhala.net\\\/es\\\/productes\\\/lata-metal-para-galletas-biscuits-de-living-nostalgia-color-verde-salvia-sage-green\\\/\",\"url\":\"https:\\\/\\\/inhala.net\\\/es\\\/productes\\\/lata-metal-para-galletas-biscuits-de-living-nostalgia-color-verde-salvia-sage-green\\\/\",\"name\":\"Comprar Lata galletas BISCUITS Living Nostalgia en verde - Inhala\",\"isPartOf\":{\"@id\":\"https:\\\/\\\/inhala.net\\\/#website\"},\"primaryImageOfPage\":{\"@id\":\"https:\\\/\\\/inhala.net\\\/es\\\/productes\\\/lata-metal-para-galletas-biscuits-de-living-nostalgia-color-verde-salvia-sage-green\\\/#primaryimage\"},\"image\":{\"@id\":\"https:\\\/\\\/inhala.net\\\/es\\\/productes\\\/lata-metal-para-galletas-biscuits-de-living-nostalgia-color-verde-salvia-sage-green\\\/#primaryimage\"},\"thumbnailUrl\":\"https:\\\/\\\/inhala.net\\\/wp-content\\\/uploads\\\/2021\\\/04\\\/latas-coffee-tea-sugar-biscuits-living-nostalgia-Inhala-Cafes-y-Tes-Granollers-Barcelona.jpg\",\"datePublished\":\"2021-04-29T14:58:13+00:00\",\"dateModified\":\"2025-07-15T18:50:24+00:00\",\"description\":\"Lata metal para galletas BISCUITS de Living Nostalgia color verde salvia (sage green) en INHALA Caf\u00e9s y T\u00e9s, Portalet, 9, Granollers, Barcelona.\",\"breadcrumb\":{\"@id\":\"https:\\\/\\\/inhala.net\\\/es\\\/productes\\\/lata-metal-para-galletas-biscuits-de-living-nostalgia-color-verde-salvia-sage-green\\\/#breadcrumb\"},\"inLanguage\":\"es\",\"potentialAction\":[{\"@type\":\"ReadAction\",\"target\":[\"https:\\\/\\\/inhala.net\\\/es\\\/productes\\\/lata-metal-para-galletas-biscuits-de-living-nostalgia-color-verde-salvia-sage-green\\\/\"]}]},{\"@type\":\"ImageObject\",\"inLanguage\":\"es\",\"@id\":\"https:\\\/\\\/inhala.net\\\/es\\\/productes\\\/lata-metal-para-galletas-biscuits-de-living-nostalgia-color-verde-salvia-sage-green\\\/#primaryimage\",\"url\":\"https:\\\/\\\/inhala.net\\\/wp-content\\\/uploads\\\/2021\\\/04\\\/latas-coffee-tea-sugar-biscuits-living-nostalgia-Inhala-Cafes-y-Tes-Granollers-Barcelona.jpg\",\"contentUrl\":\"https:\\\/\\\/inhala.net\\\/wp-content\\\/uploads\\\/2021\\\/04\\\/latas-coffee-tea-sugar-biscuits-living-nostalgia-Inhala-Cafes-y-Tes-Granollers-Barcelona.jpg\",\"width\":1228,\"height\":1189,\"caption\":\"La llauna de metall per guardar i conservar galetes BISCUITS de Living Nostalgia en color crema\u00a0\u00e9s un complement ideal per la teva cuina. Forma part d\u2019una col.lecci\u00f3 de diferents pots:\u00a0COFFEE, FLOUR, UTENSILS, COMPOST, BREAD, TEA\u00a0i\u00a0SUGAR, tots s\u00f3n molt bonics i pr\u00e0ctics per\u00a0emmagatzemar\u00a0caf\u00e8s, tes, galetes i sucre. Medeix 14 cm. x 14 cm. x 19 cm. Tamb\u00e9 disponible en color blau mint i gris. I si vols la llauna per\u00a0guardar el caf\u00e8, mira aqu\u00ed. Busques un complement bonic per la teva cuina? Tenim moltes complements per la teva taula i cuina: tasses, plats, termos, tovallons, gerres\u2026tot \u00e9s preci\u00f3s i ben conjuntat. Vine a\u00a0INHALA Caf\u00e8s i Tes\u00a0i et sorprendrem amb coses precioses per tu a m\u00e9s d'una acurada selecci\u00f3 de\u00a0caf\u00e8s\u00a0acabats de torrar,\u00a0tes\u00a0i\u00a0infusions,\u00a0xocolates\u00a0i\u00a0galetes. Estem a Portalet, 9 de Granollers, Barcelona.\"},{\"@type\":\"BreadcrumbList\",\"@id\":\"https:\\\/\\\/inhala.net\\\/es\\\/productes\\\/lata-metal-para-galletas-biscuits-de-living-nostalgia-color-verde-salvia-sage-green\\\/#breadcrumb\",\"itemListElement\":[{\"@type\":\"ListItem\",\"position\":1,\"name\":\"Inici\",\"item\":\"https:\\\/\\\/inhala.net\\\/es\\\/inicio\\\/\"},{\"@type\":\"ListItem\",\"position\":2,\"name\":\"Productos\",\"item\":\"https:\\\/\\\/inhala.net\\\/es\\\/product\\\/\"},{\"@type\":\"ListItem\",\"position\":3,\"name\":\"Lata metal para galletas BISCUITS de Living Nostalgia color verde salvia (sage green)\"}]},{\"@type\":\"WebSite\",\"@id\":\"https:\\\/\\\/inhala.net\\\/#website\",\"url\":\"https:\\\/\\\/inhala.net\\\/\",\"name\":\"Inhala\",\"description\":\"Coffee & Tea | Invade los sentidos\",\"potentialAction\":[{\"@type\":\"SearchAction\",\"target\":{\"@type\":\"EntryPoint\",\"urlTemplate\":\"https:\\\/\\\/inhala.net\\\/?s={search_term_string}\"},\"query-input\":{\"@type\":\"PropertyValueSpecification\",\"valueRequired\":true,\"valueName\":\"search_term_string\"}}],\"inLanguage\":\"es\"}]}<\/script>\n<!-- \/ Yoast SEO plugin. -->","yoast_head_json":{"title":"Comprar Lata galletas BISCUITS Living Nostalgia en verde - Inhala","description":"Lata metal para galletas BISCUITS de Living Nostalgia color verde salvia (sage green) en INHALA Caf\u00e9s y T\u00e9s, Portalet, 9, Granollers, Barcelona.","robots":{"index":"index","follow":"follow","max-snippet":"max-snippet:-1","max-image-preview":"max-image-preview:large","max-video-preview":"max-video-preview:-1"},"canonical":"https:\/\/inhala.net\/es\/productes\/lata-metal-para-galletas-biscuits-de-living-nostalgia-color-verde-salvia-sage-green\/","og_locale":"es_ES","og_type":"article","og_title":"Comprar Lata galletas BISCUITS Living Nostalgia en verde - Inhala","og_description":"Lata metal para galletas BISCUITS de Living Nostalgia color verde salvia (sage green) en INHALA Caf\u00e9s y T\u00e9s, Portalet, 9, Granollers, Barcelona.","og_url":"https:\/\/inhala.net\/es\/productes\/lata-metal-para-galletas-biscuits-de-living-nostalgia-color-verde-salvia-sage-green\/","og_site_name":"Inhala","article_modified_time":"2025-07-15T18:50:24+00:00","og_image":[{"width":1228,"height":1189,"url":"https:\/\/inhala.net\/wp-content\/uploads\/2021\/04\/latas-coffee-tea-sugar-biscuits-living-nostalgia-Inhala-Cafes-y-Tes-Granollers-Barcelona.jpg","type":"image\/jpeg"}],"twitter_card":"summary_large_image","schema":{"@context":"https:\/\/schema.org","@graph":[{"@type":"WebPage","@id":"https:\/\/inhala.net\/es\/productes\/lata-metal-para-galletas-biscuits-de-living-nostalgia-color-verde-salvia-sage-green\/","url":"https:\/\/inhala.net\/es\/productes\/lata-metal-para-galletas-biscuits-de-living-nostalgia-color-verde-salvia-sage-green\/","name":"Comprar Lata galletas BISCUITS Living Nostalgia en verde - Inhala","isPartOf":{"@id":"https:\/\/inhala.net\/#website"},"primaryImageOfPage":{"@id":"https:\/\/inhala.net\/es\/productes\/lata-metal-para-galletas-biscuits-de-living-nostalgia-color-verde-salvia-sage-green\/#primaryimage"},"image":{"@id":"https:\/\/inhala.net\/es\/productes\/lata-metal-para-galletas-biscuits-de-living-nostalgia-color-verde-salvia-sage-green\/#primaryimage"},"thumbnailUrl":"https:\/\/inhala.net\/wp-content\/uploads\/2021\/04\/latas-coffee-tea-sugar-biscuits-living-nostalgia-Inhala-Cafes-y-Tes-Granollers-Barcelona.jpg","datePublished":"2021-04-29T14:58:13+00:00","dateModified":"2025-07-15T18:50:24+00:00","description":"Lata metal para galletas BISCUITS de Living Nostalgia color verde salvia (sage green) en INHALA Caf\u00e9s y T\u00e9s, Portalet, 9, Granollers, Barcelona.","breadcrumb":{"@id":"https:\/\/inhala.net\/es\/productes\/lata-metal-para-galletas-biscuits-de-living-nostalgia-color-verde-salvia-sage-green\/#breadcrumb"},"inLanguage":"es","potentialAction":[{"@type":"ReadAction","target":["https:\/\/inhala.net\/es\/productes\/lata-metal-para-galletas-biscuits-de-living-nostalgia-color-verde-salvia-sage-green\/"]}]},{"@type":"ImageObject","inLanguage":"es","@id":"https:\/\/inhala.net\/es\/productes\/lata-metal-para-galletas-biscuits-de-living-nostalgia-color-verde-salvia-sage-green\/#primaryimage","url":"https:\/\/inhala.net\/wp-content\/uploads\/2021\/04\/latas-coffee-tea-sugar-biscuits-living-nostalgia-Inhala-Cafes-y-Tes-Granollers-Barcelona.jpg","contentUrl":"https:\/\/inhala.net\/wp-content\/uploads\/2021\/04\/latas-coffee-tea-sugar-biscuits-living-nostalgia-Inhala-Cafes-y-Tes-Granollers-Barcelona.jpg","width":1228,"height":1189,"caption":"La llauna de metall per guardar i conservar galetes BISCUITS de Living Nostalgia en color crema\u00a0\u00e9s un complement ideal per la teva cuina. Forma part d\u2019una col.lecci\u00f3 de diferents pots:\u00a0COFFEE, FLOUR, UTENSILS, COMPOST, BREAD, TEA\u00a0i\u00a0SUGAR, tots s\u00f3n molt bonics i pr\u00e0ctics per\u00a0emmagatzemar\u00a0caf\u00e8s, tes, galetes i sucre. Medeix 14 cm. x 14 cm. x 19 cm. Tamb\u00e9 disponible en color blau mint i gris. I si vols la llauna per\u00a0guardar el caf\u00e8, mira aqu\u00ed. Busques un complement bonic per la teva cuina? Tenim moltes complements per la teva taula i cuina: tasses, plats, termos, tovallons, gerres\u2026tot \u00e9s preci\u00f3s i ben conjuntat. Vine a\u00a0INHALA Caf\u00e8s i Tes\u00a0i et sorprendrem amb coses precioses per tu a m\u00e9s d'una acurada selecci\u00f3 de\u00a0caf\u00e8s\u00a0acabats de torrar,\u00a0tes\u00a0i\u00a0infusions,\u00a0xocolates\u00a0i\u00a0galetes. Estem a Portalet, 9 de Granollers, Barcelona."},{"@type":"BreadcrumbList","@id":"https:\/\/inhala.net\/es\/productes\/lata-metal-para-galletas-biscuits-de-living-nostalgia-color-verde-salvia-sage-green\/#breadcrumb","itemListElement":[{"@type":"ListItem","position":1,"name":"Inici","item":"https:\/\/inhala.net\/es\/inicio\/"},{"@type":"ListItem","position":2,"name":"Productos","item":"https:\/\/inhala.net\/es\/product\/"},{"@type":"ListItem","position":3,"name":"Lata metal para galletas BISCUITS de Living Nostalgia color verde salvia (sage green)"}]},{"@type":"WebSite","@id":"https:\/\/inhala.net\/#website","url":"https:\/\/inhala.net\/","name":"Inhala","description":"Coffee & Tea | Invade los sentidos","potentialAction":[{"@type":"SearchAction","target":{"@type":"EntryPoint","urlTemplate":"https:\/\/inhala.net\/?s={search_term_string}"},"query-input":{"@type":"PropertyValueSpecification","valueRequired":true,"valueName":"search_term_string"}}],"inLanguage":"es"}]}},"_links":{"self":[{"href":"https:\/\/inhala.net\/es\/wp-json\/wp\/v2\/product\/29806","targetHints":{"allow":["GET"]}}],"collection":[{"href":"https:\/\/inhala.net\/es\/wp-json\/wp\/v2\/product"}],"about":[{"href":"https:\/\/inhala.net\/es\/wp-json\/wp\/v2\/types\/product"}],"replies":[{"embeddable":true,"href":"https:\/\/inhala.net\/es\/wp-json\/wp\/v2\/comments?post=29806"}],"wp:featuredmedia":[{"embeddable":true,"href":"https:\/\/inhala.net\/es\/wp-json\/wp\/v2\/media\/43608"}],"wp:attachment":[{"href":"https:\/\/inhala.net\/es\/wp-json\/wp\/v2\/media?parent=29806"}],"wp:term":[{"taxonomy":"product_brand","embeddable":true,"href":"https:\/\/inhala.net\/es\/wp-json\/wp\/v2\/product_brand?post=29806"},{"taxonomy":"product_cat","embeddable":true,"href":"https:\/\/inhala.net\/es\/wp-json\/wp\/v2\/product_cat?post=29806"},{"taxonomy":"product_tag","embeddable":true,"href":"https:\/\/inhala.net\/es\/wp-json\/wp\/v2\/product_tag?post=29806"}],"curies":[{"name":"wp","href":"https:\/\/api.w.org\/{rel}","templated":true}]}}