{"id":29810,"date":"2021-04-29T15:58:37","date_gmt":"2021-04-29T14:58:37","guid":{"rendered":"https:\/\/inhala.net\/producte\/tokyo-tea-con-menta-y-jazmin-paquete-de-100-gramos\/"},"modified":"2021-05-12T17:10:43","modified_gmt":"2021-05-12T16:10:43","slug":"tokyo-tea-con-menta-y-jazmin-paquete-de-100-gramos","status":"publish","type":"product","link":"https:\/\/inhala.net\/es\/productes\/tokyo-tea-con-menta-y-jazmin-paquete-de-100-gramos\/","title":{"rendered":"Tokyo Tea con Menta y Jazm\u00edn, paquete de 100 gramos"},"content":{"rendered":"","protected":false},"excerpt":{"rendered":"<p><strong>INHALA<\/strong> te propone este rico <strong>Tokyo Tea<\/strong>, una combinaci\u00f3n de hojas de <strong>t\u00e9 verde<\/strong><b>\u00a0<\/b>con brotes de <strong>t\u00e9 blanco<\/strong>, flores de <strong>jazm\u00edn<\/strong>, hojas de <strong>menta <\/strong>y<strong> rosas <\/strong>de<strong> Alejandr\u00eda<\/strong>.<\/p>\n<p>Sabor muy\u00a0<strong>refrescante <\/strong>y <strong>aroma<\/strong> <strong>floral<\/strong>.<\/p>\n<p>Combinaci\u00f3n muy original y riqu\u00edsima en<strong> antioxidantes<\/strong>\u00a0y\u00a0<strong>vitaminas<\/strong>.<\/p>\n<p><strong>Bajo contenido en cafe\u00edna<\/strong>.<\/p>\n<p>Ideal para tomar en caliente y en <strong>fr\u00edo<\/strong>, pensando ya en la temporada de verano.<\/p>\n<p>Tiempo de infusi\u00f3n: de\u00a0<strong>2 <\/strong>a<strong> 3 minutos<\/strong>.<\/p>\n<p>Temperatura del agua:\u00a0 85\u00baC.<\/p>\n<p>Lo servimos en bolsas de <strong>100 gramos<\/strong>.<\/p>\n<p>Tenemos unas <a href=\"https:\/\/https:\/\/inhala.net\/es\/categories\/galletas-y-chocolates\/\"><strong>galletas<\/strong> <\/a>deliciosas para acompa\u00f1arlo.<\/p>\n","protected":false},"featured_media":26318,"comment_status":"open","ping_status":"closed","template":"","meta":{"inline_featured_image":false},"product_brand":[],"product_cat":[389],"product_tag":[553,517,446,492,533,450,494,439,632,534],"class_list":{"0":"post-29810","1":"product","2":"type-product","3":"status-publish","4":"has-post-thumbnail","6":"product_cat-tes-rooibos-e-infusiones","7":"product_tag-arte-de-la-mesa","8":"product_tag-floral","9":"product_tag-gourmet","10":"product_tag-infusion","11":"product_tag-taza","12":"product_tag-teatime","13":"product_tag-tes-es","14":"product_tag-tetera","15":"product_tag-verano","16":"product_tag-wellness-es","18":"first","19":"instock","20":"taxable","21":"shipping-taxable","22":"purchasable","23":"product-type-simple"},"yoast_head":"<!-- This site is optimized with the Yoast SEO plugin v27.3 - https:\/\/yoast.com\/product\/yoast-seo-wordpress\/ -->\n<title>Comprar Tokyo Tea con Menta y Jazm\u00edn, paquete de 100 gramos - Inhala<\/title>\n<meta name=\"description\" content=\"INHALA\u00a0te propone este rico Tokyo Tea, una combinaci\u00f3n de t\u00e9 verde\u00a0con brotes de t\u00e9 blanco, flores de jazm\u00edn, menta y rosas de Alejandr\u00eda.\" \/>\n<meta name=\"robots\" content=\"index, follow, max-snippet:-1, max-image-preview:large, max-video-preview:-1\" \/>\n<link rel=\"canonical\" href=\"https:\/\/inhala.net\/es\/productes\/tokyo-tea-con-menta-y-jazmin-paquete-de-100-gramos\/\" \/>\n<meta property=\"og:locale\" content=\"es_ES\" \/>\n<meta property=\"og:type\" content=\"article\" \/>\n<meta property=\"og:title\" content=\"Comprar Tokyo Tea con Menta y Jazm\u00edn, paquete de 100 gramos - Inhala\" \/>\n<meta property=\"og:description\" content=\"INHALA\u00a0te propone este rico Tokyo Tea, una combinaci\u00f3n de t\u00e9 verde\u00a0con brotes de t\u00e9 blanco, flores de jazm\u00edn, menta y rosas de Alejandr\u00eda.\" \/>\n<meta property=\"og:url\" content=\"https:\/\/inhala.net\/es\/productes\/tokyo-tea-con-menta-y-jazmin-paquete-de-100-gramos\/\" \/>\n<meta property=\"og:site_name\" content=\"Inhala\" \/>\n<meta property=\"article:modified_time\" content=\"2021-05-12T16:10:43+00:00\" \/>\n<meta property=\"og:image\" content=\"https:\/\/inhala.net\/wp-content\/uploads\/2021\/04\/tokyotea-jazmin-y-menta.jpg\" \/>\n\t<meta property=\"og:image:width\" content=\"1024\" \/>\n\t<meta property=\"og:image:height\" content=\"683\" \/>\n\t<meta property=\"og:image:type\" content=\"image\/jpeg\" \/>\n<meta name=\"twitter:card\" content=\"summary_large_image\" \/>\n<script type=\"application\/ld+json\" class=\"yoast-schema-graph\">{\"@context\":\"https:\\\/\\\/schema.org\",\"@graph\":[{\"@type\":\"WebPage\",\"@id\":\"https:\\\/\\\/inhala.net\\\/es\\\/productes\\\/tokyo-tea-con-menta-y-jazmin-paquete-de-100-gramos\\\/\",\"url\":\"https:\\\/\\\/inhala.net\\\/es\\\/productes\\\/tokyo-tea-con-menta-y-jazmin-paquete-de-100-gramos\\\/\",\"name\":\"Comprar Tokyo Tea con Menta y Jazm\u00edn, paquete de 100 gramos - Inhala\",\"isPartOf\":{\"@id\":\"https:\\\/\\\/inhala.net\\\/#website\"},\"primaryImageOfPage\":{\"@id\":\"https:\\\/\\\/inhala.net\\\/es\\\/productes\\\/tokyo-tea-con-menta-y-jazmin-paquete-de-100-gramos\\\/#primaryimage\"},\"image\":{\"@id\":\"https:\\\/\\\/inhala.net\\\/es\\\/productes\\\/tokyo-tea-con-menta-y-jazmin-paquete-de-100-gramos\\\/#primaryimage\"},\"thumbnailUrl\":\"https:\\\/\\\/inhala.net\\\/wp-content\\\/uploads\\\/2021\\\/04\\\/tokyotea-jazmin-y-menta.jpg\",\"datePublished\":\"2021-04-29T14:58:37+00:00\",\"dateModified\":\"2021-05-12T16:10:43+00:00\",\"description\":\"INHALA\u00a0te propone este rico Tokyo Tea, una combinaci\u00f3n de t\u00e9 verde\u00a0con brotes de t\u00e9 blanco, flores de jazm\u00edn, menta y rosas de Alejandr\u00eda.\",\"breadcrumb\":{\"@id\":\"https:\\\/\\\/inhala.net\\\/es\\\/productes\\\/tokyo-tea-con-menta-y-jazmin-paquete-de-100-gramos\\\/#breadcrumb\"},\"inLanguage\":\"es\",\"potentialAction\":[{\"@type\":\"ReadAction\",\"target\":[\"https:\\\/\\\/inhala.net\\\/es\\\/productes\\\/tokyo-tea-con-menta-y-jazmin-paquete-de-100-gramos\\\/\"]}]},{\"@type\":\"ImageObject\",\"inLanguage\":\"es\",\"@id\":\"https:\\\/\\\/inhala.net\\\/es\\\/productes\\\/tokyo-tea-con-menta-y-jazmin-paquete-de-100-gramos\\\/#primaryimage\",\"url\":\"https:\\\/\\\/inhala.net\\\/wp-content\\\/uploads\\\/2021\\\/04\\\/tokyotea-jazmin-y-menta.jpg\",\"contentUrl\":\"https:\\\/\\\/inhala.net\\\/wp-content\\\/uploads\\\/2021\\\/04\\\/tokyotea-jazmin-y-menta.jpg\",\"width\":1024,\"height\":683},{\"@type\":\"BreadcrumbList\",\"@id\":\"https:\\\/\\\/inhala.net\\\/es\\\/productes\\\/tokyo-tea-con-menta-y-jazmin-paquete-de-100-gramos\\\/#breadcrumb\",\"itemListElement\":[{\"@type\":\"ListItem\",\"position\":1,\"name\":\"Inici\",\"item\":\"https:\\\/\\\/inhala.net\\\/es\\\/inicio\\\/\"},{\"@type\":\"ListItem\",\"position\":2,\"name\":\"Productos\",\"item\":\"https:\\\/\\\/inhala.net\\\/es\\\/product\\\/\"},{\"@type\":\"ListItem\",\"position\":3,\"name\":\"Tokyo Tea con Menta y Jazm\u00edn, paquete de 100 gramos\"}]},{\"@type\":\"WebSite\",\"@id\":\"https:\\\/\\\/inhala.net\\\/#website\",\"url\":\"https:\\\/\\\/inhala.net\\\/\",\"name\":\"Inhala\",\"description\":\"Coffee & Tea | Invade los sentidos\",\"potentialAction\":[{\"@type\":\"SearchAction\",\"target\":{\"@type\":\"EntryPoint\",\"urlTemplate\":\"https:\\\/\\\/inhala.net\\\/?s={search_term_string}\"},\"query-input\":{\"@type\":\"PropertyValueSpecification\",\"valueRequired\":true,\"valueName\":\"search_term_string\"}}],\"inLanguage\":\"es\"}]}<\/script>\n<!-- \/ Yoast SEO plugin. -->","yoast_head_json":{"title":"Comprar Tokyo Tea con Menta y Jazm\u00edn, paquete de 100 gramos - Inhala","description":"INHALA\u00a0te propone este rico Tokyo Tea, una combinaci\u00f3n de t\u00e9 verde\u00a0con brotes de t\u00e9 blanco, flores de jazm\u00edn, menta y rosas de Alejandr\u00eda.","robots":{"index":"index","follow":"follow","max-snippet":"max-snippet:-1","max-image-preview":"max-image-preview:large","max-video-preview":"max-video-preview:-1"},"canonical":"https:\/\/inhala.net\/es\/productes\/tokyo-tea-con-menta-y-jazmin-paquete-de-100-gramos\/","og_locale":"es_ES","og_type":"article","og_title":"Comprar Tokyo Tea con Menta y Jazm\u00edn, paquete de 100 gramos - Inhala","og_description":"INHALA\u00a0te propone este rico Tokyo Tea, una combinaci\u00f3n de t\u00e9 verde\u00a0con brotes de t\u00e9 blanco, flores de jazm\u00edn, menta y rosas de Alejandr\u00eda.","og_url":"https:\/\/inhala.net\/es\/productes\/tokyo-tea-con-menta-y-jazmin-paquete-de-100-gramos\/","og_site_name":"Inhala","article_modified_time":"2021-05-12T16:10:43+00:00","og_image":[{"width":1024,"height":683,"url":"https:\/\/inhala.net\/wp-content\/uploads\/2021\/04\/tokyotea-jazmin-y-menta.jpg","type":"image\/jpeg"}],"twitter_card":"summary_large_image","schema":{"@context":"https:\/\/schema.org","@graph":[{"@type":"WebPage","@id":"https:\/\/inhala.net\/es\/productes\/tokyo-tea-con-menta-y-jazmin-paquete-de-100-gramos\/","url":"https:\/\/inhala.net\/es\/productes\/tokyo-tea-con-menta-y-jazmin-paquete-de-100-gramos\/","name":"Comprar Tokyo Tea con Menta y Jazm\u00edn, paquete de 100 gramos - Inhala","isPartOf":{"@id":"https:\/\/inhala.net\/#website"},"primaryImageOfPage":{"@id":"https:\/\/inhala.net\/es\/productes\/tokyo-tea-con-menta-y-jazmin-paquete-de-100-gramos\/#primaryimage"},"image":{"@id":"https:\/\/inhala.net\/es\/productes\/tokyo-tea-con-menta-y-jazmin-paquete-de-100-gramos\/#primaryimage"},"thumbnailUrl":"https:\/\/inhala.net\/wp-content\/uploads\/2021\/04\/tokyotea-jazmin-y-menta.jpg","datePublished":"2021-04-29T14:58:37+00:00","dateModified":"2021-05-12T16:10:43+00:00","description":"INHALA\u00a0te propone este rico Tokyo Tea, una combinaci\u00f3n de t\u00e9 verde\u00a0con brotes de t\u00e9 blanco, flores de jazm\u00edn, menta y rosas de Alejandr\u00eda.","breadcrumb":{"@id":"https:\/\/inhala.net\/es\/productes\/tokyo-tea-con-menta-y-jazmin-paquete-de-100-gramos\/#breadcrumb"},"inLanguage":"es","potentialAction":[{"@type":"ReadAction","target":["https:\/\/inhala.net\/es\/productes\/tokyo-tea-con-menta-y-jazmin-paquete-de-100-gramos\/"]}]},{"@type":"ImageObject","inLanguage":"es","@id":"https:\/\/inhala.net\/es\/productes\/tokyo-tea-con-menta-y-jazmin-paquete-de-100-gramos\/#primaryimage","url":"https:\/\/inhala.net\/wp-content\/uploads\/2021\/04\/tokyotea-jazmin-y-menta.jpg","contentUrl":"https:\/\/inhala.net\/wp-content\/uploads\/2021\/04\/tokyotea-jazmin-y-menta.jpg","width":1024,"height":683},{"@type":"BreadcrumbList","@id":"https:\/\/inhala.net\/es\/productes\/tokyo-tea-con-menta-y-jazmin-paquete-de-100-gramos\/#breadcrumb","itemListElement":[{"@type":"ListItem","position":1,"name":"Inici","item":"https:\/\/inhala.net\/es\/inicio\/"},{"@type":"ListItem","position":2,"name":"Productos","item":"https:\/\/inhala.net\/es\/product\/"},{"@type":"ListItem","position":3,"name":"Tokyo Tea con Menta y Jazm\u00edn, paquete de 100 gramos"}]},{"@type":"WebSite","@id":"https:\/\/inhala.net\/#website","url":"https:\/\/inhala.net\/","name":"Inhala","description":"Coffee & Tea | Invade los sentidos","potentialAction":[{"@type":"SearchAction","target":{"@type":"EntryPoint","urlTemplate":"https:\/\/inhala.net\/?s={search_term_string}"},"query-input":{"@type":"PropertyValueSpecification","valueRequired":true,"valueName":"search_term_string"}}],"inLanguage":"es"}]}},"_links":{"self":[{"href":"https:\/\/inhala.net\/es\/wp-json\/wp\/v2\/product\/29810","targetHints":{"allow":["GET"]}}],"collection":[{"href":"https:\/\/inhala.net\/es\/wp-json\/wp\/v2\/product"}],"about":[{"href":"https:\/\/inhala.net\/es\/wp-json\/wp\/v2\/types\/product"}],"replies":[{"embeddable":true,"href":"https:\/\/inhala.net\/es\/wp-json\/wp\/v2\/comments?post=29810"}],"wp:featuredmedia":[{"embeddable":true,"href":"https:\/\/inhala.net\/es\/wp-json\/wp\/v2\/media\/26318"}],"wp:attachment":[{"href":"https:\/\/inhala.net\/es\/wp-json\/wp\/v2\/media?parent=29810"}],"wp:term":[{"taxonomy":"product_brand","embeddable":true,"href":"https:\/\/inhala.net\/es\/wp-json\/wp\/v2\/product_brand?post=29810"},{"taxonomy":"product_cat","embeddable":true,"href":"https:\/\/inhala.net\/es\/wp-json\/wp\/v2\/product_cat?post=29810"},{"taxonomy":"product_tag","embeddable":true,"href":"https:\/\/inhala.net\/es\/wp-json\/wp\/v2\/product_tag?post=29810"}],"curies":[{"name":"wp","href":"https:\/\/api.w.org\/{rel}","templated":true}]}}