{"id":29828,"date":"2021-04-29T15:59:27","date_gmt":"2021-04-29T14:59:27","guid":{"rendered":"https:\/\/inhala.net\/producte\/cafe-de-nicaragua-maragogype-250-gramos\/"},"modified":"2026-02-17T18:12:45","modified_gmt":"2026-02-17T17:12:45","slug":"cafe-de-nicaragua-maragogipe-250-grs","status":"publish","type":"product","link":"https:\/\/inhala.net\/es\/productes\/cafe-de-nicaragua-maragogipe-250-grs\/","title":{"rendered":"Caf\u00e9 de Nicaragua Maragogipe 250 grs."},"content":{"rendered":"<p>Caf\u00e9 de Nicaragua Maragogipe en bolsa de 250 gramos.<\/p>\n<p><em>Puedes dar una <strong>2\u00aa vida<\/strong> a tu bolsa de caf\u00e9.<\/em><\/p>\n<p><em>Trae tu bolsa una vez vac\u00eda, la puedes reutilizar y te regalaremos 10 gr. de caf\u00e9.<\/em><\/p>\n","protected":false},"excerpt":{"rendered":"<p>El caf\u00e9 de <strong>Nicaragua<\/strong>\u00a0<strong>Maragogipe<\/strong> tiene el grano de caf\u00e9 m\u00e1s grande del mundo en tama\u00f1o, tambi\u00e9n es conocido como &#8220;<strong>caf\u00e9 Elefante&#8221;<\/strong>.<\/p>\n<p>Crece entre 800 y 1300 metros de altura y su recolecci\u00f3n es siempre a mano y muy escasa.<\/p>\n<p>Es un gran caf\u00e9, muy apreciado por los <strong>coffee lovers <\/strong>por su sabor, aroma y cuerpo muy equilibrados.<\/p>\n<p>Originario de la regi\u00f3n de Jinotega, <strong>Nicaragua<\/strong>.<\/p>\n<p>Variedad de <strong>caf\u00e9 Ar\u00e1bica<\/strong>, proceso lavado.<\/p>\n<p>Aroma<strong> afrutado, dulce,<\/strong>\u00a0con notas de <strong>frutos secos<\/strong>.<\/p>\n<p>Ideal para <strong>cualquier tipo <\/strong>de<strong> cafetera<\/strong> y para tomar en cualquier momento del d\u00eda.<\/p>\n<p>Es un caf\u00e9 para disfrutar de su aroma y sabor cada d\u00eda, tambi\u00e9n ideal para regalar.<\/p>\n<p>Servido en paquetes de <strong>250 gramos<\/strong>.<\/p>\n<p>En\u00a0<span style=\"color: #800000;\"><strong><a style=\"color: #800000;\" href=\"https:\/\/inhala.net\/es\">INHALA<\/a><\/strong><\/span>\u00a0vas a encontrar una selecci\u00f3n de\u00a0<span style=\"color: #800000;\"><strong>caf\u00e9s<\/strong>\u00a0reci\u00e9n tostados<\/span>,\u00a0<a href=\"https:\/\/inhala.net\/es\/categories\/tes-infusiones\/\"><span style=\"color: #800000;\"><strong>t\u00e9s<\/strong>, <strong>Rooibos<\/strong> e <strong>infusiones<\/strong><\/span><\/a>,\u00a0<a href=\"https:\/\/inhala.net\/es\/categories\/galletas-y-chocolates\/\"><strong><span style=\"color: #800000;\">c<\/span><span style=\"color: #800000;\">hocolates\u00a0<\/span><\/strong><span style=\"color: #800000;\">y<\/span><\/a><strong><span style=\"color: #800000;\">\u00a0galletas<\/span><a href=\"https:\/\/inhala.net\/es\/categorias\/galletas-y-chocolates\/\">.<\/a><\/strong><\/p>\n<p>Si lo prefieres, lo podemos moler a tu gusto, tenemos un super molino de caf\u00e9, solo tienes que dejarnos en comentarios qu\u00e9 cafetera tienes.<\/p>\n<p>Te esperamos en Portalet, 9, Granollers, Barcelona.<\/p>\n<p>Si no puedes venir a nuestra tienda y elegir, te podemos sugerir ideas y una vez preparado, lo enviaremos d\u00f3nde t\u00fa nos digas.<\/p>\n<p>&nbsp;<\/p>\n","protected":false},"featured_media":26452,"comment_status":"open","ping_status":"closed","template":"","meta":{"inline_featured_image":false},"product_brand":[],"product_cat":[214],"product_tag":[3807,3512,1141,1531,3775,3404],"class_list":{"0":"post-29828","1":"product","2":"type-product","3":"status-publish","4":"has-post-thumbnail","6":"product_cat-cafes-es","7":"product_tag-cafe-despecialitat-es","8":"product_tag-cafes-en-grano","9":"product_tag-coffee-lover-es","10":"product_tag-coffee-time-es","11":"product_tag-maragogipe","12":"product_tag-nicaragua-es","13":"pa_tipus-de-cafetera-cafetera-embolo","14":"pa_tipus-de-cafetera-cafetera-express-es","15":"pa_tipus-de-cafetera-cafetera-moka-es","16":"pa_tipus-de-cafetera-en-grano","18":"first","19":"instock","20":"taxable","21":"shipping-taxable","22":"purchasable","23":"product-type-simple"},"yoast_head":"<!-- This site is optimized with the Yoast SEO plugin v27.3 - https:\/\/yoast.com\/product\/yoast-seo-wordpress\/ -->\n<title>Caf\u00e9 de Nicaragua Maragogipe 250 grs. - Inhala<\/title>\n<meta name=\"description\" content=\"El caf\u00e9 Nicaragua Maragogipe tiene el grano de caf\u00e9 m\u00e1s grande del mundo en tama\u00f1o, tambi\u00e9n es conocido como Caf\u00e9 Elefante en INHALA Caf\u00e9s y T\u00e9s.\" \/>\n<meta name=\"robots\" content=\"index, follow, max-snippet:-1, max-image-preview:large, max-video-preview:-1\" \/>\n<link rel=\"canonical\" href=\"https:\/\/inhala.net\/es\/productes\/cafe-de-nicaragua-maragogipe-250-grs\/\" \/>\n<meta property=\"og:locale\" content=\"es_ES\" \/>\n<meta property=\"og:type\" content=\"article\" \/>\n<meta property=\"og:title\" content=\"Caf\u00e9 de Nicaragua Maragogipe 250 grs. - Inhala\" \/>\n<meta property=\"og:description\" content=\"El caf\u00e9 Nicaragua Maragogipe tiene el grano de caf\u00e9 m\u00e1s grande del mundo en tama\u00f1o, tambi\u00e9n es conocido como Caf\u00e9 Elefante en INHALA Caf\u00e9s y T\u00e9s.\" \/>\n<meta property=\"og:url\" content=\"https:\/\/inhala.net\/es\/productes\/cafe-de-nicaragua-maragogipe-250-grs\/\" \/>\n<meta property=\"og:site_name\" content=\"Inhala\" \/>\n<meta property=\"article:modified_time\" content=\"2026-02-17T17:12:45+00:00\" \/>\n<meta property=\"og:image\" content=\"https:\/\/inhala.net\/wp-content\/uploads\/2021\/04\/nicaragua-maragogype-cafe-beans-inhala-online-barcelona-scaled.jpg\" \/>\n\t<meta property=\"og:image:width\" content=\"1920\" \/>\n\t<meta property=\"og:image:height\" content=\"2560\" \/>\n\t<meta property=\"og:image:type\" content=\"image\/jpeg\" \/>\n<meta name=\"twitter:card\" content=\"summary_large_image\" \/>\n<script type=\"application\/ld+json\" class=\"yoast-schema-graph\">{\"@context\":\"https:\\\/\\\/schema.org\",\"@graph\":[{\"@type\":\"WebPage\",\"@id\":\"https:\\\/\\\/inhala.net\\\/es\\\/productes\\\/cafe-de-nicaragua-maragogipe-250-grs\\\/\",\"url\":\"https:\\\/\\\/inhala.net\\\/es\\\/productes\\\/cafe-de-nicaragua-maragogipe-250-grs\\\/\",\"name\":\"Caf\u00e9 de Nicaragua Maragogipe 250 grs. - Inhala\",\"isPartOf\":{\"@id\":\"https:\\\/\\\/inhala.net\\\/#website\"},\"primaryImageOfPage\":{\"@id\":\"https:\\\/\\\/inhala.net\\\/es\\\/productes\\\/cafe-de-nicaragua-maragogipe-250-grs\\\/#primaryimage\"},\"image\":{\"@id\":\"https:\\\/\\\/inhala.net\\\/es\\\/productes\\\/cafe-de-nicaragua-maragogipe-250-grs\\\/#primaryimage\"},\"thumbnailUrl\":\"https:\\\/\\\/inhala.net\\\/wp-content\\\/uploads\\\/2021\\\/04\\\/nicaragua-maragogype-cafe-beans-inhala-online-barcelona-scaled.jpg\",\"datePublished\":\"2021-04-29T14:59:27+00:00\",\"dateModified\":\"2026-02-17T17:12:45+00:00\",\"description\":\"El caf\u00e9 Nicaragua Maragogipe tiene el grano de caf\u00e9 m\u00e1s grande del mundo en tama\u00f1o, tambi\u00e9n es conocido como Caf\u00e9 Elefante en INHALA Caf\u00e9s y T\u00e9s.\",\"breadcrumb\":{\"@id\":\"https:\\\/\\\/inhala.net\\\/es\\\/productes\\\/cafe-de-nicaragua-maragogipe-250-grs\\\/#breadcrumb\"},\"inLanguage\":\"es\",\"potentialAction\":[{\"@type\":\"ReadAction\",\"target\":[\"https:\\\/\\\/inhala.net\\\/es\\\/productes\\\/cafe-de-nicaragua-maragogipe-250-grs\\\/\"]}]},{\"@type\":\"ImageObject\",\"inLanguage\":\"es\",\"@id\":\"https:\\\/\\\/inhala.net\\\/es\\\/productes\\\/cafe-de-nicaragua-maragogipe-250-grs\\\/#primaryimage\",\"url\":\"https:\\\/\\\/inhala.net\\\/wp-content\\\/uploads\\\/2021\\\/04\\\/nicaragua-maragogype-cafe-beans-inhala-online-barcelona-scaled.jpg\",\"contentUrl\":\"https:\\\/\\\/inhala.net\\\/wp-content\\\/uploads\\\/2021\\\/04\\\/nicaragua-maragogype-cafe-beans-inhala-online-barcelona-scaled.jpg\",\"width\":1920,\"height\":2560},{\"@type\":\"BreadcrumbList\",\"@id\":\"https:\\\/\\\/inhala.net\\\/es\\\/productes\\\/cafe-de-nicaragua-maragogipe-250-grs\\\/#breadcrumb\",\"itemListElement\":[{\"@type\":\"ListItem\",\"position\":1,\"name\":\"Inici\",\"item\":\"https:\\\/\\\/inhala.net\\\/es\\\/inicio\\\/\"},{\"@type\":\"ListItem\",\"position\":2,\"name\":\"Productos\",\"item\":\"https:\\\/\\\/inhala.net\\\/es\\\/product\\\/\"},{\"@type\":\"ListItem\",\"position\":3,\"name\":\"Caf\u00e9 de Nicaragua Maragogipe 250 grs.\"}]},{\"@type\":\"WebSite\",\"@id\":\"https:\\\/\\\/inhala.net\\\/#website\",\"url\":\"https:\\\/\\\/inhala.net\\\/\",\"name\":\"Inhala\",\"description\":\"Coffee & Tea | Invade los sentidos\",\"potentialAction\":[{\"@type\":\"SearchAction\",\"target\":{\"@type\":\"EntryPoint\",\"urlTemplate\":\"https:\\\/\\\/inhala.net\\\/?s={search_term_string}\"},\"query-input\":{\"@type\":\"PropertyValueSpecification\",\"valueRequired\":true,\"valueName\":\"search_term_string\"}}],\"inLanguage\":\"es\"}]}<\/script>\n<!-- \/ Yoast SEO plugin. -->","yoast_head_json":{"title":"Caf\u00e9 de Nicaragua Maragogipe 250 grs. - Inhala","description":"El caf\u00e9 Nicaragua Maragogipe tiene el grano de caf\u00e9 m\u00e1s grande del mundo en tama\u00f1o, tambi\u00e9n es conocido como Caf\u00e9 Elefante en INHALA Caf\u00e9s y T\u00e9s.","robots":{"index":"index","follow":"follow","max-snippet":"max-snippet:-1","max-image-preview":"max-image-preview:large","max-video-preview":"max-video-preview:-1"},"canonical":"https:\/\/inhala.net\/es\/productes\/cafe-de-nicaragua-maragogipe-250-grs\/","og_locale":"es_ES","og_type":"article","og_title":"Caf\u00e9 de Nicaragua Maragogipe 250 grs. - Inhala","og_description":"El caf\u00e9 Nicaragua Maragogipe tiene el grano de caf\u00e9 m\u00e1s grande del mundo en tama\u00f1o, tambi\u00e9n es conocido como Caf\u00e9 Elefante en INHALA Caf\u00e9s y T\u00e9s.","og_url":"https:\/\/inhala.net\/es\/productes\/cafe-de-nicaragua-maragogipe-250-grs\/","og_site_name":"Inhala","article_modified_time":"2026-02-17T17:12:45+00:00","og_image":[{"width":1920,"height":2560,"url":"https:\/\/inhala.net\/wp-content\/uploads\/2021\/04\/nicaragua-maragogype-cafe-beans-inhala-online-barcelona-scaled.jpg","type":"image\/jpeg"}],"twitter_card":"summary_large_image","schema":{"@context":"https:\/\/schema.org","@graph":[{"@type":"WebPage","@id":"https:\/\/inhala.net\/es\/productes\/cafe-de-nicaragua-maragogipe-250-grs\/","url":"https:\/\/inhala.net\/es\/productes\/cafe-de-nicaragua-maragogipe-250-grs\/","name":"Caf\u00e9 de Nicaragua Maragogipe 250 grs. - Inhala","isPartOf":{"@id":"https:\/\/inhala.net\/#website"},"primaryImageOfPage":{"@id":"https:\/\/inhala.net\/es\/productes\/cafe-de-nicaragua-maragogipe-250-grs\/#primaryimage"},"image":{"@id":"https:\/\/inhala.net\/es\/productes\/cafe-de-nicaragua-maragogipe-250-grs\/#primaryimage"},"thumbnailUrl":"https:\/\/inhala.net\/wp-content\/uploads\/2021\/04\/nicaragua-maragogype-cafe-beans-inhala-online-barcelona-scaled.jpg","datePublished":"2021-04-29T14:59:27+00:00","dateModified":"2026-02-17T17:12:45+00:00","description":"El caf\u00e9 Nicaragua Maragogipe tiene el grano de caf\u00e9 m\u00e1s grande del mundo en tama\u00f1o, tambi\u00e9n es conocido como Caf\u00e9 Elefante en INHALA Caf\u00e9s y T\u00e9s.","breadcrumb":{"@id":"https:\/\/inhala.net\/es\/productes\/cafe-de-nicaragua-maragogipe-250-grs\/#breadcrumb"},"inLanguage":"es","potentialAction":[{"@type":"ReadAction","target":["https:\/\/inhala.net\/es\/productes\/cafe-de-nicaragua-maragogipe-250-grs\/"]}]},{"@type":"ImageObject","inLanguage":"es","@id":"https:\/\/inhala.net\/es\/productes\/cafe-de-nicaragua-maragogipe-250-grs\/#primaryimage","url":"https:\/\/inhala.net\/wp-content\/uploads\/2021\/04\/nicaragua-maragogype-cafe-beans-inhala-online-barcelona-scaled.jpg","contentUrl":"https:\/\/inhala.net\/wp-content\/uploads\/2021\/04\/nicaragua-maragogype-cafe-beans-inhala-online-barcelona-scaled.jpg","width":1920,"height":2560},{"@type":"BreadcrumbList","@id":"https:\/\/inhala.net\/es\/productes\/cafe-de-nicaragua-maragogipe-250-grs\/#breadcrumb","itemListElement":[{"@type":"ListItem","position":1,"name":"Inici","item":"https:\/\/inhala.net\/es\/inicio\/"},{"@type":"ListItem","position":2,"name":"Productos","item":"https:\/\/inhala.net\/es\/product\/"},{"@type":"ListItem","position":3,"name":"Caf\u00e9 de Nicaragua Maragogipe 250 grs."}]},{"@type":"WebSite","@id":"https:\/\/inhala.net\/#website","url":"https:\/\/inhala.net\/","name":"Inhala","description":"Coffee & Tea | Invade los sentidos","potentialAction":[{"@type":"SearchAction","target":{"@type":"EntryPoint","urlTemplate":"https:\/\/inhala.net\/?s={search_term_string}"},"query-input":{"@type":"PropertyValueSpecification","valueRequired":true,"valueName":"search_term_string"}}],"inLanguage":"es"}]}},"_links":{"self":[{"href":"https:\/\/inhala.net\/es\/wp-json\/wp\/v2\/product\/29828","targetHints":{"allow":["GET"]}}],"collection":[{"href":"https:\/\/inhala.net\/es\/wp-json\/wp\/v2\/product"}],"about":[{"href":"https:\/\/inhala.net\/es\/wp-json\/wp\/v2\/types\/product"}],"replies":[{"embeddable":true,"href":"https:\/\/inhala.net\/es\/wp-json\/wp\/v2\/comments?post=29828"}],"wp:featuredmedia":[{"embeddable":true,"href":"https:\/\/inhala.net\/es\/wp-json\/wp\/v2\/media\/26452"}],"wp:attachment":[{"href":"https:\/\/inhala.net\/es\/wp-json\/wp\/v2\/media?parent=29828"}],"wp:term":[{"taxonomy":"product_brand","embeddable":true,"href":"https:\/\/inhala.net\/es\/wp-json\/wp\/v2\/product_brand?post=29828"},{"taxonomy":"product_cat","embeddable":true,"href":"https:\/\/inhala.net\/es\/wp-json\/wp\/v2\/product_cat?post=29828"},{"taxonomy":"product_tag","embeddable":true,"href":"https:\/\/inhala.net\/es\/wp-json\/wp\/v2\/product_tag?post=29828"}],"curies":[{"name":"wp","href":"https:\/\/api.w.org\/{rel}","templated":true}]}}