{"id":29873,"date":"2021-04-29T16:01:44","date_gmt":"2021-04-29T15:01:44","guid":{"rendered":"https:\/\/inhala.net\/producte\/travel-mug-inox-035-litros-de-bodum\/"},"modified":"2025-07-31T19:41:46","modified_gmt":"2025-07-31T18:41:46","slug":"capsulas-de-cafe-recargables-para-nespresso-caja-3-unidades","status":"publish","type":"product","link":"https:\/\/inhala.net\/es\/productes\/capsulas-de-cafe-recargables-para-nespresso-caja-3-unidades\/","title":{"rendered":"C\u00e1psulas de caf\u00e9 recargables para \u00abNespresso\u00bb caja 3 unidades"},"content":{"rendered":"<p>Cada vez que utilizas una\u00a0<strong>c\u00e1psula rellenable,<\/strong>\u00a0una c\u00e1psula menos contaminar\u00e1 el Medio Ambiente.<\/p>\n<p>Estamos en Portalet, 9, Granollers, Barcelona.<\/p>\n<p>&nbsp;<\/p>\n<p>&nbsp;<\/p>\n","protected":false},"excerpt":{"rendered":"<p>Las\u00a0<strong>c\u00e1psulas <\/strong>de<strong> caf\u00e9<\/strong> recargables La Cafeti\u00e8re van en una caja estuchada con 3 unidades, una cuchara medidora y un pincel para limpiar el caf\u00e9 sobrante.<\/p>\n<p>Son compatibles con cafeteras sistema Nespresso y son la opci\u00f3n m\u00e1s econ\u00f3mica y ecol\u00f3gica de utilizar tu cafetera de c\u00e1psulas Nespresso, aunque te recomendamos que para poder disfrutar de un buen caf\u00e9, vayas olvidando este sistema \u00a1nosotras te ayudaremos!<\/p>\n<p>Con 250 gramos de caf\u00e9 puedes preparar entre 40 y 50 caf\u00e9s tan s\u00f3lo necesitas que el caf\u00e9 est\u00e9 molido fino para &#8220;espresso&#8221;.<\/p>\n<p>Cada c\u00e1psula se puede reutilizar un m\u00ednimo de 100 veces.<\/p>\n<p>Tambi\u00e9n tenemos las mismas c\u00e1psulas pero compatibles para cafeteras \u00abDolce Gusto\u00bb,\u00a0<em><a href=\"https:\/\/inhala.net\/es\/productes\/capsulas-de-cafe-recargables-caffettino-en-caja-de-4-unidades-compatibles-para-dolce-gusto\/\">las puedes ver<\/a><strong><a href=\"https:\/\/inhala.net\/es\/productes\/capsulas-de-cafe-recargables-caffettino-en-caja-de-4-unidades-compatibles-para-dolce-gusto\/\">\u00a0aqu\u00ed<\/a><\/strong><\/em>.<\/p>\n<p>Son\u00a0<strong>eco-friendly\u00a0<\/strong>y una muy buena alternativa puesto que el\u00a0<strong>medio ambiente<\/strong>\u00a0te lo agradecer\u00e1 ya que cada c\u00e1psula puede reutilizarse unas 100 veces aproximadamente. Una vez se agotan y dejan de funcionar, siempre las puedes tirar en el contenedor del\u00a0<strong>pl\u00e1stico<\/strong>.<\/p>\n<p>Cada vez que utilizas una\u00a0<strong>c\u00e1psula rellenable,<\/strong>\u00a0una c\u00e1psula menos contaminar\u00e1 el Medio Ambiente.<\/p>\n<p>Aprovechamos para presentarte <a href=\"https:\/\/inhala.net\/es\/?s=cialdas&amp;post_type=product\">las <strong><span style=\"color: #800000;\">cialdas<\/span><\/strong><\/a>, otro sistema &#8220;<a href=\"https:\/\/inhala.net\/es\/?s=cialdas&amp;post_type=product\"><span style=\"color: #800000;\">monodosis de <strong>caf\u00e9<\/strong><\/span><\/a>&#8220;.<\/p>\n<p>En <a href=\"https:\/\/inhala.net\/es\"><strong>INHALA<\/strong><\/a> te ofrecemos una selecci\u00f3n de\u00a0<span style=\"color: #800000;\"><a style=\"color: #800000;\" href=\"https:\/\/inhala.net\/es\/categorias\/cafes-es\/\"><strong>caf\u00e9s<\/strong>\u00a0reci\u00e9n tostados<\/a><\/span>,\u00a0<span style=\"color: #800000;\"><strong><a style=\"color: #800000;\" href=\"https:\/\/inhala.net\/es\/categorias\/tes-infusiones\/\">t\u00e9s<\/a><\/strong><a style=\"color: #800000;\" href=\"https:\/\/inhala.net\/es\/categorias\/tes-infusiones\/\">\u00a0<span style=\"color: #000000;\">e\u00a0<\/span><\/a><strong><a style=\"color: #800000;\" href=\"https:\/\/inhala.net\/es\/categorias\/tes-infusiones\/\">infusiones<\/a><\/strong><\/span>,\u00a0<strong><a href=\"https:\/\/inhala.net\/es\/categorias\/galletas-y-chocolates\/\"><span style=\"color: #800000;\">chocolates<\/span>\u00a0<\/a><\/strong><span style=\"color: #000000;\"><a style=\"color: #000000;\" href=\"https:\/\/inhala.net\/es\/categorias\/galletas-y-chocolates\/\">selectos, <span style=\"color: #800000;\">mermeladas <\/span><\/a><a style=\"color: #000000;\" href=\"https:\/\/inhala.net\/es\/categorias\/galletas-y-chocolates\/\">y\u00a0<\/a><a style=\"color: #000000;\" href=\"https:\/\/inhala.net\/es\/categorias\/galletas-y-chocolates\/\">deliciosas<\/a><\/span><strong><a href=\"https:\/\/inhala.net\/es\/categorias\/galletas-y-chocolates\/\">\u00a0<span style=\"color: #800000;\">galletas<\/span>.<\/a><\/strong><\/p>\n<p class=\"tw-data-text vk_txt tw-ta tw-text-small\" dir=\"ltr\" data-placeholder=\"Traducci\u00f3\">\n","protected":false},"featured_media":43754,"comment_status":"open","ping_status":"closed","template":"","meta":{"inline_featured_image":false},"product_brand":[],"product_cat":[214,216],"product_tag":[571,957,1531,1420,1421],"class_list":{"0":"post-29873","1":"product","2":"type-product","3":"status-publish","4":"has-post-thumbnail","6":"product_cat-cafes-es","7":"product_cat-tazas","8":"product_tag-cafe-es","9":"product_tag-capsules-es","10":"product_tag-coffee-time-es","11":"product_tag-compatible-2-es","12":"product_tag-nespresso-es-2","14":"first","15":"instock","16":"taxable","17":"shipping-taxable","18":"purchasable","19":"product-type-simple"},"yoast_head":"<!-- This site is optimized with the Yoast SEO plugin v27.3 - https:\/\/yoast.com\/product\/yoast-seo-wordpress\/ -->\n<title>Comprar C\u00e1psulas caf\u00e9 recargables para Nespresso 3 unid - Inhala<\/title>\n<meta name=\"description\" content=\"C\u00e1psulas de caf\u00e9 recargables para \u00abNespresso\u00bb caja 3 unidades. En\u00a0INHALA\u00a0puedes encontrar selectos\u00a0caf\u00e9s,\u00a0t\u00e9s,\u00a0chocolates, mermeladas\u00a0y\u00a0galletas.\" \/>\n<meta name=\"robots\" content=\"index, follow, max-snippet:-1, max-image-preview:large, max-video-preview:-1\" \/>\n<link rel=\"canonical\" href=\"https:\/\/inhala.net\/es\/productes\/capsulas-de-cafe-recargables-para-nespresso-caja-3-unidades\/\" \/>\n<meta property=\"og:locale\" content=\"es_ES\" \/>\n<meta property=\"og:type\" content=\"article\" \/>\n<meta property=\"og:title\" content=\"Comprar C\u00e1psulas caf\u00e9 recargables para Nespresso 3 unid - Inhala\" \/>\n<meta property=\"og:description\" content=\"C\u00e1psulas de caf\u00e9 recargables para \u00abNespresso\u00bb caja 3 unidades. En\u00a0INHALA\u00a0puedes encontrar selectos\u00a0caf\u00e9s,\u00a0t\u00e9s,\u00a0chocolates, mermeladas\u00a0y\u00a0galletas.\" \/>\n<meta property=\"og:url\" content=\"https:\/\/inhala.net\/es\/productes\/capsulas-de-cafe-recargables-para-nespresso-caja-3-unidades\/\" \/>\n<meta property=\"og:site_name\" content=\"Inhala\" \/>\n<meta property=\"article:modified_time\" content=\"2025-07-31T18:41:46+00:00\" \/>\n<meta property=\"og:image\" content=\"https:\/\/inhala.net\/wp-content\/uploads\/2021\/04\/capsulas-rellenables-reutilizables-compatibles-Nespresso-Inhala-Cafes-y-Tes-Granollers-Barcelona-2.jpeg\" \/>\n\t<meta property=\"og:image:width\" content=\"1682\" \/>\n\t<meta property=\"og:image:height\" content=\"1250\" \/>\n\t<meta property=\"og:image:type\" content=\"image\/jpeg\" \/>\n<meta name=\"twitter:card\" content=\"summary_large_image\" \/>\n<meta name=\"twitter:label1\" content=\"Tiempo de lectura\" \/>\n\t<meta name=\"twitter:data1\" content=\"1 minuto\" \/>\n<script type=\"application\/ld+json\" class=\"yoast-schema-graph\">{\"@context\":\"https:\\\/\\\/schema.org\",\"@graph\":[{\"@type\":\"WebPage\",\"@id\":\"https:\\\/\\\/inhala.net\\\/es\\\/productes\\\/capsulas-de-cafe-recargables-para-nespresso-caja-3-unidades\\\/\",\"url\":\"https:\\\/\\\/inhala.net\\\/es\\\/productes\\\/capsulas-de-cafe-recargables-para-nespresso-caja-3-unidades\\\/\",\"name\":\"Comprar C\u00e1psulas caf\u00e9 recargables para Nespresso 3 unid - Inhala\",\"isPartOf\":{\"@id\":\"https:\\\/\\\/inhala.net\\\/#website\"},\"primaryImageOfPage\":{\"@id\":\"https:\\\/\\\/inhala.net\\\/es\\\/productes\\\/capsulas-de-cafe-recargables-para-nespresso-caja-3-unidades\\\/#primaryimage\"},\"image\":{\"@id\":\"https:\\\/\\\/inhala.net\\\/es\\\/productes\\\/capsulas-de-cafe-recargables-para-nespresso-caja-3-unidades\\\/#primaryimage\"},\"thumbnailUrl\":\"https:\\\/\\\/inhala.net\\\/wp-content\\\/uploads\\\/2021\\\/04\\\/capsulas-rellenables-reutilizables-compatibles-Nespresso-Inhala-Cafes-y-Tes-Granollers-Barcelona-2.jpeg\",\"datePublished\":\"2021-04-29T15:01:44+00:00\",\"dateModified\":\"2025-07-31T18:41:46+00:00\",\"description\":\"C\u00e1psulas de caf\u00e9 recargables para \u00abNespresso\u00bb caja 3 unidades. En\u00a0INHALA\u00a0puedes encontrar selectos\u00a0caf\u00e9s,\u00a0t\u00e9s,\u00a0chocolates, mermeladas\u00a0y\u00a0galletas.\",\"breadcrumb\":{\"@id\":\"https:\\\/\\\/inhala.net\\\/es\\\/productes\\\/capsulas-de-cafe-recargables-para-nespresso-caja-3-unidades\\\/#breadcrumb\"},\"inLanguage\":\"es\",\"potentialAction\":[{\"@type\":\"ReadAction\",\"target\":[\"https:\\\/\\\/inhala.net\\\/es\\\/productes\\\/capsulas-de-cafe-recargables-para-nespresso-caja-3-unidades\\\/\"]}]},{\"@type\":\"ImageObject\",\"inLanguage\":\"es\",\"@id\":\"https:\\\/\\\/inhala.net\\\/es\\\/productes\\\/capsulas-de-cafe-recargables-para-nespresso-caja-3-unidades\\\/#primaryimage\",\"url\":\"https:\\\/\\\/inhala.net\\\/wp-content\\\/uploads\\\/2021\\\/04\\\/capsulas-rellenables-reutilizables-compatibles-Nespresso-Inhala-Cafes-y-Tes-Granollers-Barcelona-2.jpeg\",\"contentUrl\":\"https:\\\/\\\/inhala.net\\\/wp-content\\\/uploads\\\/2021\\\/04\\\/capsulas-rellenables-reutilizables-compatibles-Nespresso-Inhala-Cafes-y-Tes-Granollers-Barcelona-2.jpeg\",\"width\":1682,\"height\":1250,\"caption\":\"Les\u00a0c\u00e0psules\u00a0de\u00a0caf\u00e8 recargables per cafeteres \\\"sistema Nespresso\\\" van en una capsa de 3 unitats,\u00a0una\u00a0cullera mesuradora per omplir-les i un pinzell per netejar el caf\u00e8 m\u00f2lt sobrant, Cada c\u00e0psula es pot reutilitzar unes 100 vegades aproximadament. *Tamb\u00e9 tenim c\u00e0psules per cafeteres sistema \u201cDolce Gusto\u201d, les pots trobar aqu\u00ed. Com funcionen? El seu disseny permet que l\u2019aigua entri dins la c\u00e0psula sense necessitat de perforar-la. Un cop dins, l\u2019aigua es barreja amb el caf\u00e8 d\u2019una manera uniforme i circula per uns conductes de la tapa fins arribar a la sortida i fent una bona extracci\u00f3 aconseguint un caf\u00e8 amb molt de cos. Les c\u00e0psules \\\"La Cafeti\u00e8re\\\"\u00a0s\u00f3n l\u2019opci\u00f3 m\u00e9s econ\u00f2mica i ecol\u00f2gica si tens una cafetera de c\u00e0psules. En realitat, pots fer entre 40 i 50 caf\u00e8s amb uns 250 grs de caf\u00e8 m\u00f2lt. Pregunta\u2019ns com i t\u2019ho explicarem. S\u00f3n\u00a0eco-friendly, utilitzant aquestes c\u00e0psules, el\u00a0medi ambient ho agra\u00efr\u00e0, doncs cada c\u00e0psula pot ser reutilitzada m\u00e9s de 100 vegades. Un cop deixin de funcionar, aquestes c\u00e0psules es poden reciclar com qualsevol\u00a0pl\u00e0stic. Cada rec\u00e0rrega amb aquesta c\u00e0psula ser\u00e0 una c\u00e0psula menys contaminant el Medi Ambient. Els nostres caf\u00e8s s\u00f3n servits \u201cen gra\u201d, per\u00f2 els podem moldre segons el m\u00e8tode de preparaci\u00f3 que ens indiquis i els\u00a0servim en paquets de 250 grams. A\u00a0INHALA Caf\u00e8s i Tes\u00a0trobar\u00e0s una selecci\u00f3 de\u00a0caf\u00e8s\u00a0acabats de torrar,\u00a0tes\u00a0i\u00a0infusions,\u00a0xocolates\u00a0i\u00a0galetes. Ens trobar\u00e0s a Portalet, 9, Granollers, Barcelona.\"},{\"@type\":\"BreadcrumbList\",\"@id\":\"https:\\\/\\\/inhala.net\\\/es\\\/productes\\\/capsulas-de-cafe-recargables-para-nespresso-caja-3-unidades\\\/#breadcrumb\",\"itemListElement\":[{\"@type\":\"ListItem\",\"position\":1,\"name\":\"Inici\",\"item\":\"https:\\\/\\\/inhala.net\\\/es\\\/inicio\\\/\"},{\"@type\":\"ListItem\",\"position\":2,\"name\":\"Productos\",\"item\":\"https:\\\/\\\/inhala.net\\\/es\\\/product\\\/\"},{\"@type\":\"ListItem\",\"position\":3,\"name\":\"C\u00e1psulas de caf\u00e9 recargables para \u00abNespresso\u00bb caja 3 unidades\"}]},{\"@type\":\"WebSite\",\"@id\":\"https:\\\/\\\/inhala.net\\\/#website\",\"url\":\"https:\\\/\\\/inhala.net\\\/\",\"name\":\"Inhala\",\"description\":\"Coffee & Tea | Invade los sentidos\",\"potentialAction\":[{\"@type\":\"SearchAction\",\"target\":{\"@type\":\"EntryPoint\",\"urlTemplate\":\"https:\\\/\\\/inhala.net\\\/?s={search_term_string}\"},\"query-input\":{\"@type\":\"PropertyValueSpecification\",\"valueRequired\":true,\"valueName\":\"search_term_string\"}}],\"inLanguage\":\"es\"}]}<\/script>\n<!-- \/ Yoast SEO plugin. -->","yoast_head_json":{"title":"Comprar C\u00e1psulas caf\u00e9 recargables para Nespresso 3 unid - Inhala","description":"C\u00e1psulas de caf\u00e9 recargables para \u00abNespresso\u00bb caja 3 unidades. En\u00a0INHALA\u00a0puedes encontrar selectos\u00a0caf\u00e9s,\u00a0t\u00e9s,\u00a0chocolates, mermeladas\u00a0y\u00a0galletas.","robots":{"index":"index","follow":"follow","max-snippet":"max-snippet:-1","max-image-preview":"max-image-preview:large","max-video-preview":"max-video-preview:-1"},"canonical":"https:\/\/inhala.net\/es\/productes\/capsulas-de-cafe-recargables-para-nespresso-caja-3-unidades\/","og_locale":"es_ES","og_type":"article","og_title":"Comprar C\u00e1psulas caf\u00e9 recargables para Nespresso 3 unid - Inhala","og_description":"C\u00e1psulas de caf\u00e9 recargables para \u00abNespresso\u00bb caja 3 unidades. En\u00a0INHALA\u00a0puedes encontrar selectos\u00a0caf\u00e9s,\u00a0t\u00e9s,\u00a0chocolates, mermeladas\u00a0y\u00a0galletas.","og_url":"https:\/\/inhala.net\/es\/productes\/capsulas-de-cafe-recargables-para-nespresso-caja-3-unidades\/","og_site_name":"Inhala","article_modified_time":"2025-07-31T18:41:46+00:00","og_image":[{"width":1682,"height":1250,"url":"https:\/\/inhala.net\/wp-content\/uploads\/2021\/04\/capsulas-rellenables-reutilizables-compatibles-Nespresso-Inhala-Cafes-y-Tes-Granollers-Barcelona-2.jpeg","type":"image\/jpeg"}],"twitter_card":"summary_large_image","twitter_misc":{"Tiempo de lectura":"1 minuto"},"schema":{"@context":"https:\/\/schema.org","@graph":[{"@type":"WebPage","@id":"https:\/\/inhala.net\/es\/productes\/capsulas-de-cafe-recargables-para-nespresso-caja-3-unidades\/","url":"https:\/\/inhala.net\/es\/productes\/capsulas-de-cafe-recargables-para-nespresso-caja-3-unidades\/","name":"Comprar C\u00e1psulas caf\u00e9 recargables para Nespresso 3 unid - Inhala","isPartOf":{"@id":"https:\/\/inhala.net\/#website"},"primaryImageOfPage":{"@id":"https:\/\/inhala.net\/es\/productes\/capsulas-de-cafe-recargables-para-nespresso-caja-3-unidades\/#primaryimage"},"image":{"@id":"https:\/\/inhala.net\/es\/productes\/capsulas-de-cafe-recargables-para-nespresso-caja-3-unidades\/#primaryimage"},"thumbnailUrl":"https:\/\/inhala.net\/wp-content\/uploads\/2021\/04\/capsulas-rellenables-reutilizables-compatibles-Nespresso-Inhala-Cafes-y-Tes-Granollers-Barcelona-2.jpeg","datePublished":"2021-04-29T15:01:44+00:00","dateModified":"2025-07-31T18:41:46+00:00","description":"C\u00e1psulas de caf\u00e9 recargables para \u00abNespresso\u00bb caja 3 unidades. En\u00a0INHALA\u00a0puedes encontrar selectos\u00a0caf\u00e9s,\u00a0t\u00e9s,\u00a0chocolates, mermeladas\u00a0y\u00a0galletas.","breadcrumb":{"@id":"https:\/\/inhala.net\/es\/productes\/capsulas-de-cafe-recargables-para-nespresso-caja-3-unidades\/#breadcrumb"},"inLanguage":"es","potentialAction":[{"@type":"ReadAction","target":["https:\/\/inhala.net\/es\/productes\/capsulas-de-cafe-recargables-para-nespresso-caja-3-unidades\/"]}]},{"@type":"ImageObject","inLanguage":"es","@id":"https:\/\/inhala.net\/es\/productes\/capsulas-de-cafe-recargables-para-nespresso-caja-3-unidades\/#primaryimage","url":"https:\/\/inhala.net\/wp-content\/uploads\/2021\/04\/capsulas-rellenables-reutilizables-compatibles-Nespresso-Inhala-Cafes-y-Tes-Granollers-Barcelona-2.jpeg","contentUrl":"https:\/\/inhala.net\/wp-content\/uploads\/2021\/04\/capsulas-rellenables-reutilizables-compatibles-Nespresso-Inhala-Cafes-y-Tes-Granollers-Barcelona-2.jpeg","width":1682,"height":1250,"caption":"Les\u00a0c\u00e0psules\u00a0de\u00a0caf\u00e8 recargables per cafeteres \"sistema Nespresso\" van en una capsa de 3 unitats,\u00a0una\u00a0cullera mesuradora per omplir-les i un pinzell per netejar el caf\u00e8 m\u00f2lt sobrant, Cada c\u00e0psula es pot reutilitzar unes 100 vegades aproximadament. *Tamb\u00e9 tenim c\u00e0psules per cafeteres sistema \u201cDolce Gusto\u201d, les pots trobar aqu\u00ed. Com funcionen? El seu disseny permet que l\u2019aigua entri dins la c\u00e0psula sense necessitat de perforar-la. Un cop dins, l\u2019aigua es barreja amb el caf\u00e8 d\u2019una manera uniforme i circula per uns conductes de la tapa fins arribar a la sortida i fent una bona extracci\u00f3 aconseguint un caf\u00e8 amb molt de cos. Les c\u00e0psules \"La Cafeti\u00e8re\"\u00a0s\u00f3n l\u2019opci\u00f3 m\u00e9s econ\u00f2mica i ecol\u00f2gica si tens una cafetera de c\u00e0psules. En realitat, pots fer entre 40 i 50 caf\u00e8s amb uns 250 grs de caf\u00e8 m\u00f2lt. Pregunta\u2019ns com i t\u2019ho explicarem. S\u00f3n\u00a0eco-friendly, utilitzant aquestes c\u00e0psules, el\u00a0medi ambient ho agra\u00efr\u00e0, doncs cada c\u00e0psula pot ser reutilitzada m\u00e9s de 100 vegades. Un cop deixin de funcionar, aquestes c\u00e0psules es poden reciclar com qualsevol\u00a0pl\u00e0stic. Cada rec\u00e0rrega amb aquesta c\u00e0psula ser\u00e0 una c\u00e0psula menys contaminant el Medi Ambient. Els nostres caf\u00e8s s\u00f3n servits \u201cen gra\u201d, per\u00f2 els podem moldre segons el m\u00e8tode de preparaci\u00f3 que ens indiquis i els\u00a0servim en paquets de 250 grams. A\u00a0INHALA Caf\u00e8s i Tes\u00a0trobar\u00e0s una selecci\u00f3 de\u00a0caf\u00e8s\u00a0acabats de torrar,\u00a0tes\u00a0i\u00a0infusions,\u00a0xocolates\u00a0i\u00a0galetes. Ens trobar\u00e0s a Portalet, 9, Granollers, Barcelona."},{"@type":"BreadcrumbList","@id":"https:\/\/inhala.net\/es\/productes\/capsulas-de-cafe-recargables-para-nespresso-caja-3-unidades\/#breadcrumb","itemListElement":[{"@type":"ListItem","position":1,"name":"Inici","item":"https:\/\/inhala.net\/es\/inicio\/"},{"@type":"ListItem","position":2,"name":"Productos","item":"https:\/\/inhala.net\/es\/product\/"},{"@type":"ListItem","position":3,"name":"C\u00e1psulas de caf\u00e9 recargables para \u00abNespresso\u00bb caja 3 unidades"}]},{"@type":"WebSite","@id":"https:\/\/inhala.net\/#website","url":"https:\/\/inhala.net\/","name":"Inhala","description":"Coffee & Tea | Invade los sentidos","potentialAction":[{"@type":"SearchAction","target":{"@type":"EntryPoint","urlTemplate":"https:\/\/inhala.net\/?s={search_term_string}"},"query-input":{"@type":"PropertyValueSpecification","valueRequired":true,"valueName":"search_term_string"}}],"inLanguage":"es"}]}},"_links":{"self":[{"href":"https:\/\/inhala.net\/es\/wp-json\/wp\/v2\/product\/29873","targetHints":{"allow":["GET"]}}],"collection":[{"href":"https:\/\/inhala.net\/es\/wp-json\/wp\/v2\/product"}],"about":[{"href":"https:\/\/inhala.net\/es\/wp-json\/wp\/v2\/types\/product"}],"replies":[{"embeddable":true,"href":"https:\/\/inhala.net\/es\/wp-json\/wp\/v2\/comments?post=29873"}],"wp:featuredmedia":[{"embeddable":true,"href":"https:\/\/inhala.net\/es\/wp-json\/wp\/v2\/media\/43754"}],"wp:attachment":[{"href":"https:\/\/inhala.net\/es\/wp-json\/wp\/v2\/media?parent=29873"}],"wp:term":[{"taxonomy":"product_brand","embeddable":true,"href":"https:\/\/inhala.net\/es\/wp-json\/wp\/v2\/product_brand?post=29873"},{"taxonomy":"product_cat","embeddable":true,"href":"https:\/\/inhala.net\/es\/wp-json\/wp\/v2\/product_cat?post=29873"},{"taxonomy":"product_tag","embeddable":true,"href":"https:\/\/inhala.net\/es\/wp-json\/wp\/v2\/product_tag?post=29873"}],"curies":[{"name":"wp","href":"https:\/\/api.w.org\/{rel}","templated":true}]}}