{"id":29881,"date":"2021-04-29T16:02:37","date_gmt":"2021-04-29T15:02:37","guid":{"rendered":"https:\/\/inhala.net\/producte\/servilletero-de-porcelana-star-red-de-greengate\/"},"modified":"2024-09-26T11:36:50","modified_gmt":"2024-09-26T10:36:50","slug":"servilletero-de-porcelana-star-red-de-greengate","status":"publish","type":"product","link":"https:\/\/inhala.net\/es\/productes\/servilletero-de-porcelana-star-red-de-greengate\/","title":{"rendered":"Servilletero de porcelana Star Red de GreenGate"},"content":{"rendered":"<p>El <strong>servilletero<\/strong> de porcelana &#8220;Star Red&#8221; es un complemento muy original de <strong>GreenGate <\/strong>para la mesa de <strong>Navidad<\/strong>.<\/p>\n","protected":false},"excerpt":{"rendered":"<p>El <strong>servilletero<\/strong> de porcelana &#8220;Star Red&#8221; es un complemento muy original de <strong>GreenGate<\/strong>.<\/p>\n<p>El estampado con mini estrellas y el color rojo del fondo <strong>Star Red<\/strong> es muy alegre y combinable con muchos otros art\u00edculos de esta firma danesa que tanto adoramos.<\/p>\n<p>Tambi\u00e9n lo podemos utilizar para presentar los &#8220;huevos pasados por agua&#8221;, eso s\u00ed, con mucho estilo.<\/p>\n<p>De GreenGate tambi\u00e9n tenemos otro modelo de servilletero met\u00e1lico con un acabado dorado, en pack de 6 unidades, lo puedes ver <span style=\"color: #800080;\"><strong><a style=\"color: #800080;\" href=\"https:\/\/inhala.net\/es\/productes\/servilletero-dorado-de-metal-de-greengate-set-de-6\/\">aqu\u00ed<\/a><\/strong><\/span>.<\/p>\n<p>En <a href=\"http:\/\/inhala.net\/es\"><strong>INHALA<\/strong><\/a> somos punto de venta de <a href=\"https:\/\/inhala.net\/es\/marques\/greengate-es\/\"><strong>GreenGate<\/strong><\/a>, d\u00f3nde tambi\u00e9n podr\u00e1s encontrar <a href=\"https:\/\/inhala.net\/es\/?s=taza+latte+cup&amp;post_type=product\">tazas, latte cups<\/a>, platos, cucharas, teteras, <strong><a href=\"https:\/\/inhala.net\/es\/?s=mantel&amp;post_type=product\">manteles<\/a> <\/strong>de algod\u00f3n, bowls, jarras, <a href=\"https:\/\/inhala.net\/es\/?s=azucarero+greengate&amp;post_type=product\"><span style=\"color: #800000;\"><strong>azucareros<\/strong><\/span><\/a>, bandejas y muchas m\u00e1s cosas bonitas.<\/p>\n<p><strong>Caf\u00e9s<\/strong>, <strong>t\u00e9s<\/strong>, <strong>infusiones<\/strong>,<span style=\"color: #008000;\"><a style=\"color: #008000;\" href=\"https:\/\/inhala.net\/es\/?s=Rooibos&amp;post_type=product\"><strong> Rooibos<\/strong><\/a><\/span>,<strong> chocolates<\/strong>,<strong> galletas<\/strong>,<strong> mermeladas<\/strong>,<strong> confituras<\/strong>.<\/p>\n<p>*Cubiertos de Pip Studio.<\/p>\n<p>&nbsp;<\/p>\n","protected":false},"featured_media":42042,"comment_status":"open","ping_status":"closed","template":"","meta":{"inline_featured_image":false},"product_brand":[],"product_cat":[219,3113,3498],"product_tag":[1191,542,458,429,785,1424,696,1885],"class_list":{"0":"post-29881","1":"product","2":"type-product","3":"status-publish","4":"has-post-thumbnail","6":"product_cat-ambiente-en-la-mesa","7":"product_cat-greengate","8":"product_cat-navidad","9":"product_tag-art-de-la-table-es","10":"product_tag-desayuno","11":"product_tag-greengate","12":"product_tag-navidad","13":"product_tag-porcelana-es","14":"product_tag-red-es-2","15":"product_tag-regalos-originales","16":"product_tag-star-red-es-es","18":"first","19":"instock","20":"sale","21":"taxable","22":"shipping-taxable","23":"purchasable","24":"product-type-simple"},"yoast_head":"<!-- This site is optimized with the Yoast SEO plugin v27.3 - https:\/\/yoast.com\/product\/yoast-seo-wordpress\/ -->\n<title>Comprar Servilletero de porcelana Star Red de GreenGate - Inhala<\/title>\n<meta name=\"description\" content=\"El servilletero de porcelana STAR RED es un complemento muy original de GreenGate. Caf\u00e9s, t\u00e9s, infusiones, Rooibos, chocolates, galletas y chocolates.\" \/>\n<meta name=\"robots\" content=\"index, follow, max-snippet:-1, max-image-preview:large, max-video-preview:-1\" \/>\n<link rel=\"canonical\" href=\"https:\/\/inhala.net\/es\/productes\/servilletero-de-porcelana-star-red-de-greengate\/\" \/>\n<meta property=\"og:locale\" content=\"es_ES\" \/>\n<meta property=\"og:type\" content=\"article\" \/>\n<meta property=\"og:title\" content=\"Comprar Servilletero de porcelana Star Red de GreenGate - Inhala\" \/>\n<meta property=\"og:description\" content=\"El servilletero de porcelana STAR RED es un complemento muy original de GreenGate. Caf\u00e9s, t\u00e9s, infusiones, Rooibos, chocolates, galletas y chocolates.\" \/>\n<meta property=\"og:url\" content=\"https:\/\/inhala.net\/es\/productes\/servilletero-de-porcelana-star-red-de-greengate\/\" \/>\n<meta property=\"og:site_name\" content=\"Inhala\" \/>\n<meta property=\"article:modified_time\" content=\"2024-09-26T10:36:50+00:00\" \/>\n<meta property=\"og:image\" content=\"https:\/\/inhala.net\/wp-content\/uploads\/2021\/04\/servilletero-porcelana-estrellas-Star-Red-argolla-GreenGate-Inhala-Cafes-Tes-Chocolates-Granollers-Barcelona.jpg\" \/>\n\t<meta property=\"og:image:width\" content=\"1404\" \/>\n\t<meta property=\"og:image:height\" content=\"1791\" \/>\n\t<meta property=\"og:image:type\" content=\"image\/jpeg\" \/>\n<meta name=\"twitter:card\" content=\"summary_large_image\" \/>\n<script type=\"application\/ld+json\" class=\"yoast-schema-graph\">{\"@context\":\"https:\\\/\\\/schema.org\",\"@graph\":[{\"@type\":\"WebPage\",\"@id\":\"https:\\\/\\\/inhala.net\\\/es\\\/productes\\\/servilletero-de-porcelana-star-red-de-greengate\\\/\",\"url\":\"https:\\\/\\\/inhala.net\\\/es\\\/productes\\\/servilletero-de-porcelana-star-red-de-greengate\\\/\",\"name\":\"Comprar Servilletero de porcelana Star Red de GreenGate - Inhala\",\"isPartOf\":{\"@id\":\"https:\\\/\\\/inhala.net\\\/#website\"},\"primaryImageOfPage\":{\"@id\":\"https:\\\/\\\/inhala.net\\\/es\\\/productes\\\/servilletero-de-porcelana-star-red-de-greengate\\\/#primaryimage\"},\"image\":{\"@id\":\"https:\\\/\\\/inhala.net\\\/es\\\/productes\\\/servilletero-de-porcelana-star-red-de-greengate\\\/#primaryimage\"},\"thumbnailUrl\":\"https:\\\/\\\/inhala.net\\\/wp-content\\\/uploads\\\/2021\\\/04\\\/servilletero-porcelana-estrellas-Star-Red-argolla-GreenGate-Inhala-Cafes-Tes-Chocolates-Granollers-Barcelona.jpg\",\"datePublished\":\"2021-04-29T15:02:37+00:00\",\"dateModified\":\"2024-09-26T10:36:50+00:00\",\"description\":\"El servilletero de porcelana STAR RED es un complemento muy original de GreenGate. Caf\u00e9s, t\u00e9s, infusiones, Rooibos, chocolates, galletas y chocolates.\",\"breadcrumb\":{\"@id\":\"https:\\\/\\\/inhala.net\\\/es\\\/productes\\\/servilletero-de-porcelana-star-red-de-greengate\\\/#breadcrumb\"},\"inLanguage\":\"es\",\"potentialAction\":[{\"@type\":\"ReadAction\",\"target\":[\"https:\\\/\\\/inhala.net\\\/es\\\/productes\\\/servilletero-de-porcelana-star-red-de-greengate\\\/\"]}]},{\"@type\":\"ImageObject\",\"inLanguage\":\"es\",\"@id\":\"https:\\\/\\\/inhala.net\\\/es\\\/productes\\\/servilletero-de-porcelana-star-red-de-greengate\\\/#primaryimage\",\"url\":\"https:\\\/\\\/inhala.net\\\/wp-content\\\/uploads\\\/2021\\\/04\\\/servilletero-porcelana-estrellas-Star-Red-argolla-GreenGate-Inhala-Cafes-Tes-Chocolates-Granollers-Barcelona.jpg\",\"contentUrl\":\"https:\\\/\\\/inhala.net\\\/wp-content\\\/uploads\\\/2021\\\/04\\\/servilletero-porcelana-estrellas-Star-Red-argolla-GreenGate-Inhala-Cafes-Tes-Chocolates-Granollers-Barcelona.jpg\",\"width\":1404,\"height\":1791,\"caption\":\"L'argolla servilleter de porcelana pels tovallons Star Red\u00a0\u00e9s un complement molt original de GreenGate. Tamb\u00e9 es pot utilitzar per presentar els \\\"ous passats per aigua\\\" en els teus esmorzars saludables. Medeix 4,5 cm. de di\u00e0metre x 3,5 cm. d' alt. L' estampat Star Red \u00e9s alegre i molt viu, combinable amb molts colors i dissenys d' aquesta firma danesa que tant ens agrada. De GreenGate tamb\u00e9 tenim un altre model de servilleter, m\u00e9s festiu, daurat, pots veure'l aqu\u00ed. A INHALA som punt de venda de GreenGate, tamb\u00e9 hi podreu trobar tasses i latte cups, teteres, estovalles, davantals per nenes i mamis, gots, plats, bowls de melamina i molt m\u00e9s. Caf\u00e8s, tes i infusions, Rooibos, xocolates, galetes, melmelades, confitures i panettones a Granollers.\"},{\"@type\":\"BreadcrumbList\",\"@id\":\"https:\\\/\\\/inhala.net\\\/es\\\/productes\\\/servilletero-de-porcelana-star-red-de-greengate\\\/#breadcrumb\",\"itemListElement\":[{\"@type\":\"ListItem\",\"position\":1,\"name\":\"Inici\",\"item\":\"https:\\\/\\\/inhala.net\\\/es\\\/inicio\\\/\"},{\"@type\":\"ListItem\",\"position\":2,\"name\":\"Productos\",\"item\":\"https:\\\/\\\/inhala.net\\\/es\\\/product\\\/\"},{\"@type\":\"ListItem\",\"position\":3,\"name\":\"Servilletero de porcelana Star Red de GreenGate\"}]},{\"@type\":\"WebSite\",\"@id\":\"https:\\\/\\\/inhala.net\\\/#website\",\"url\":\"https:\\\/\\\/inhala.net\\\/\",\"name\":\"Inhala\",\"description\":\"Coffee & Tea | Invade los sentidos\",\"potentialAction\":[{\"@type\":\"SearchAction\",\"target\":{\"@type\":\"EntryPoint\",\"urlTemplate\":\"https:\\\/\\\/inhala.net\\\/?s={search_term_string}\"},\"query-input\":{\"@type\":\"PropertyValueSpecification\",\"valueRequired\":true,\"valueName\":\"search_term_string\"}}],\"inLanguage\":\"es\"}]}<\/script>\n<!-- \/ Yoast SEO plugin. -->","yoast_head_json":{"title":"Comprar Servilletero de porcelana Star Red de GreenGate - Inhala","description":"El servilletero de porcelana STAR RED es un complemento muy original de GreenGate. Caf\u00e9s, t\u00e9s, infusiones, Rooibos, chocolates, galletas y chocolates.","robots":{"index":"index","follow":"follow","max-snippet":"max-snippet:-1","max-image-preview":"max-image-preview:large","max-video-preview":"max-video-preview:-1"},"canonical":"https:\/\/inhala.net\/es\/productes\/servilletero-de-porcelana-star-red-de-greengate\/","og_locale":"es_ES","og_type":"article","og_title":"Comprar Servilletero de porcelana Star Red de GreenGate - Inhala","og_description":"El servilletero de porcelana STAR RED es un complemento muy original de GreenGate. Caf\u00e9s, t\u00e9s, infusiones, Rooibos, chocolates, galletas y chocolates.","og_url":"https:\/\/inhala.net\/es\/productes\/servilletero-de-porcelana-star-red-de-greengate\/","og_site_name":"Inhala","article_modified_time":"2024-09-26T10:36:50+00:00","og_image":[{"width":1404,"height":1791,"url":"https:\/\/inhala.net\/wp-content\/uploads\/2021\/04\/servilletero-porcelana-estrellas-Star-Red-argolla-GreenGate-Inhala-Cafes-Tes-Chocolates-Granollers-Barcelona.jpg","type":"image\/jpeg"}],"twitter_card":"summary_large_image","schema":{"@context":"https:\/\/schema.org","@graph":[{"@type":"WebPage","@id":"https:\/\/inhala.net\/es\/productes\/servilletero-de-porcelana-star-red-de-greengate\/","url":"https:\/\/inhala.net\/es\/productes\/servilletero-de-porcelana-star-red-de-greengate\/","name":"Comprar Servilletero de porcelana Star Red de GreenGate - Inhala","isPartOf":{"@id":"https:\/\/inhala.net\/#website"},"primaryImageOfPage":{"@id":"https:\/\/inhala.net\/es\/productes\/servilletero-de-porcelana-star-red-de-greengate\/#primaryimage"},"image":{"@id":"https:\/\/inhala.net\/es\/productes\/servilletero-de-porcelana-star-red-de-greengate\/#primaryimage"},"thumbnailUrl":"https:\/\/inhala.net\/wp-content\/uploads\/2021\/04\/servilletero-porcelana-estrellas-Star-Red-argolla-GreenGate-Inhala-Cafes-Tes-Chocolates-Granollers-Barcelona.jpg","datePublished":"2021-04-29T15:02:37+00:00","dateModified":"2024-09-26T10:36:50+00:00","description":"El servilletero de porcelana STAR RED es un complemento muy original de GreenGate. Caf\u00e9s, t\u00e9s, infusiones, Rooibos, chocolates, galletas y chocolates.","breadcrumb":{"@id":"https:\/\/inhala.net\/es\/productes\/servilletero-de-porcelana-star-red-de-greengate\/#breadcrumb"},"inLanguage":"es","potentialAction":[{"@type":"ReadAction","target":["https:\/\/inhala.net\/es\/productes\/servilletero-de-porcelana-star-red-de-greengate\/"]}]},{"@type":"ImageObject","inLanguage":"es","@id":"https:\/\/inhala.net\/es\/productes\/servilletero-de-porcelana-star-red-de-greengate\/#primaryimage","url":"https:\/\/inhala.net\/wp-content\/uploads\/2021\/04\/servilletero-porcelana-estrellas-Star-Red-argolla-GreenGate-Inhala-Cafes-Tes-Chocolates-Granollers-Barcelona.jpg","contentUrl":"https:\/\/inhala.net\/wp-content\/uploads\/2021\/04\/servilletero-porcelana-estrellas-Star-Red-argolla-GreenGate-Inhala-Cafes-Tes-Chocolates-Granollers-Barcelona.jpg","width":1404,"height":1791,"caption":"L'argolla servilleter de porcelana pels tovallons Star Red\u00a0\u00e9s un complement molt original de GreenGate. Tamb\u00e9 es pot utilitzar per presentar els \"ous passats per aigua\" en els teus esmorzars saludables. Medeix 4,5 cm. de di\u00e0metre x 3,5 cm. d' alt. L' estampat Star Red \u00e9s alegre i molt viu, combinable amb molts colors i dissenys d' aquesta firma danesa que tant ens agrada. De GreenGate tamb\u00e9 tenim un altre model de servilleter, m\u00e9s festiu, daurat, pots veure'l aqu\u00ed. A INHALA som punt de venda de GreenGate, tamb\u00e9 hi podreu trobar tasses i latte cups, teteres, estovalles, davantals per nenes i mamis, gots, plats, bowls de melamina i molt m\u00e9s. Caf\u00e8s, tes i infusions, Rooibos, xocolates, galetes, melmelades, confitures i panettones a Granollers."},{"@type":"BreadcrumbList","@id":"https:\/\/inhala.net\/es\/productes\/servilletero-de-porcelana-star-red-de-greengate\/#breadcrumb","itemListElement":[{"@type":"ListItem","position":1,"name":"Inici","item":"https:\/\/inhala.net\/es\/inicio\/"},{"@type":"ListItem","position":2,"name":"Productos","item":"https:\/\/inhala.net\/es\/product\/"},{"@type":"ListItem","position":3,"name":"Servilletero de porcelana Star Red de GreenGate"}]},{"@type":"WebSite","@id":"https:\/\/inhala.net\/#website","url":"https:\/\/inhala.net\/","name":"Inhala","description":"Coffee & Tea | Invade los sentidos","potentialAction":[{"@type":"SearchAction","target":{"@type":"EntryPoint","urlTemplate":"https:\/\/inhala.net\/?s={search_term_string}"},"query-input":{"@type":"PropertyValueSpecification","valueRequired":true,"valueName":"search_term_string"}}],"inLanguage":"es"}]}},"_links":{"self":[{"href":"https:\/\/inhala.net\/es\/wp-json\/wp\/v2\/product\/29881","targetHints":{"allow":["GET"]}}],"collection":[{"href":"https:\/\/inhala.net\/es\/wp-json\/wp\/v2\/product"}],"about":[{"href":"https:\/\/inhala.net\/es\/wp-json\/wp\/v2\/types\/product"}],"replies":[{"embeddable":true,"href":"https:\/\/inhala.net\/es\/wp-json\/wp\/v2\/comments?post=29881"}],"wp:featuredmedia":[{"embeddable":true,"href":"https:\/\/inhala.net\/es\/wp-json\/wp\/v2\/media\/42042"}],"wp:attachment":[{"href":"https:\/\/inhala.net\/es\/wp-json\/wp\/v2\/media?parent=29881"}],"wp:term":[{"taxonomy":"product_brand","embeddable":true,"href":"https:\/\/inhala.net\/es\/wp-json\/wp\/v2\/product_brand?post=29881"},{"taxonomy":"product_cat","embeddable":true,"href":"https:\/\/inhala.net\/es\/wp-json\/wp\/v2\/product_cat?post=29881"},{"taxonomy":"product_tag","embeddable":true,"href":"https:\/\/inhala.net\/es\/wp-json\/wp\/v2\/product_tag?post=29881"}],"curies":[{"name":"wp","href":"https:\/\/api.w.org\/{rel}","templated":true}]}}