{"id":30018,"date":"2021-04-29T16:17:05","date_gmt":"2021-04-29T15:17:05","guid":{"rendered":"https:\/\/inhala.net\/producte\/jarra-plug-de-kinto-en-color-blanco-de-12-litros\/"},"modified":"2025-09-10T12:59:07","modified_gmt":"2025-09-10T11:59:07","slug":"jarra-plug-de-kinto-en-color-blanco-de-12-litros","status":"publish","type":"product","link":"https:\/\/inhala.net\/es\/productes\/jarra-plug-de-kinto-en-color-blanco-de-12-litros\/","title":{"rendered":"Jarra PLUG de Kinto en color blanco de 1&#8217;2 litros"},"content":{"rendered":"<p>La <strong>jarra\u00a0PLUG<\/strong>\u00a0de\u00a0<strong>Kinto<\/strong>\u00a0de <strong>1&#8217;2 litros<\/strong> de capacidad es fant\u00e1stica para preparar<strong> \u201ct\u00e9 fr\u00edo\u201d <\/strong>o<strong> caf\u00e9 fr\u00edo.<\/strong><\/p>\n","protected":false},"excerpt":{"rendered":"<p>La <strong>jarra\u00a0PLUG<\/strong>\u00a0de\u00a0<strong>Kinto<\/strong>\u00a0de <strong>1&#8217;2 litros<\/strong> de capacidad es fant\u00e1stica para preparar<strong> \u201ct\u00e9 fr\u00edo\u201d <\/strong>o<strong> caf\u00e9 fr\u00edo<\/strong>\u00a0(aunque no lleva filtro), tambi\u00e9n para perfumar agua con frutas (lim\u00f3n, lima, naranja) e hierbas arom\u00e1ticas.<\/p>\n<p><strong>KINTO<\/strong>\u00a0es una exclusiva firma japonesa especializada en art\u00edculos y complementos para preparar y servir\u00a0<strong>caf\u00e9s<\/strong>,<strong> t\u00e9s <\/strong>e<strong>\u00a0infusiones.<\/strong><\/p>\n<p>Esta jarra est\u00e1 fabricada con material pl\u00e1stico transparent (resina MS, resina ABS) es ideal para conservar en la nevera el\u00a0<strong>t\u00e9 fr\u00edo <\/strong>o cualquier<strong> receta de verano<\/strong>. Como cierra herm\u00e9ticamente,\u00a0se\u00a0puede poner<strong>\u00a0<\/strong>de manera horizontal.<\/p>\n<p>Material muy resistente.<\/p>\n<p>Te explicamos<strong> c\u00f3mo preparar <\/strong>la<strong> \u201cmaceraci\u00f3n en fr\u00edo\u201d ?<\/strong><\/p>\n<p><em>Pon\u00a0<strong>4 cucharadas<\/strong>\u00a0de postre rases (o 1 m\u00e1s al gusto) de tu\u00a0<strong>t\u00e9 favorito<\/strong>, llena la jarra con agua (a temperatura ambiente).<\/em><\/p>\n<p><em>Ponla en la nevera un m\u00ednimo de <strong>6 horas.<\/strong><\/em><\/p>\n<p><em>Ya tienes a punto tu t\u00e9 fr\u00edo para disfrutarlo.<\/em><\/p>\n<p>En<a href=\"http:\/\/inhala.net\/es\"><strong> INHALA Caf\u00e9s y T\u00e9s<\/strong>\u00a0<\/a>te proponenos una selecci\u00f3n de\u00a0<strong>t\u00e9s, rooibos, tisanas <\/strong>e\u00a0<strong>infusiones<\/strong>\u00a0de\u00a0<strong>frutas<\/strong>\u00a0ideales para preparar en fr\u00edo (o en caliente). Estamos en Portalet, 9 de Granollers, Barcelona.<\/p>\n<p><strong>DISPONIBLE <\/strong>SOLO EN COLOR<strong> BLANCO.<\/strong><\/p>\n<p>&nbsp;<\/p>\n<p>&nbsp;<\/p>\n","protected":false},"featured_media":28065,"comment_status":"open","ping_status":"closed","template":"","meta":{"inline_featured_image":false},"product_brand":[],"product_cat":[216],"product_tag":[1065,808,492,623,494,632],"class_list":{"0":"post-30018","1":"product","2":"type-product","3":"status-publish","4":"has-post-thumbnail","6":"product_cat-tazas","7":"product_tag-gerra-es","8":"product_tag-iced-tea-es","9":"product_tag-infusion","10":"product_tag-kinto","11":"product_tag-tes-es","12":"product_tag-verano","14":"first","15":"outofstock","16":"taxable","17":"shipping-taxable","18":"purchasable","19":"product-type-simple"},"yoast_head":"<!-- This site is optimized with the Yoast SEO plugin v27.3 - https:\/\/yoast.com\/product\/yoast-seo-wordpress\/ -->\n<title>Comprar Jarra PLUG de Kinto en color blanco de 1&#039;2 litros - Inhala<\/title>\n<meta name=\"description\" content=\"La jarra\u00a0PLUG\u00a0de\u00a0Kinto\u00a0de 1&#039;2 litros es fant\u00e1stica para preparar \u201ct\u00e9 fr\u00edo\u201d, somos INHALA Caf\u00e9s y T\u00e9s, Granollers, Barcelona.\" \/>\n<meta name=\"robots\" content=\"index, follow, max-snippet:-1, max-image-preview:large, max-video-preview:-1\" \/>\n<link rel=\"canonical\" href=\"https:\/\/inhala.net\/es\/productes\/jarra-plug-de-kinto-en-color-blanco-de-12-litros\/\" \/>\n<meta property=\"og:locale\" content=\"es_ES\" \/>\n<meta property=\"og:type\" content=\"article\" \/>\n<meta property=\"og:title\" content=\"Comprar Jarra PLUG de Kinto en color blanco de 1&#039;2 litros - Inhala\" \/>\n<meta property=\"og:description\" content=\"La jarra\u00a0PLUG\u00a0de\u00a0Kinto\u00a0de 1&#039;2 litros es fant\u00e1stica para preparar \u201ct\u00e9 fr\u00edo\u201d, somos INHALA Caf\u00e9s y T\u00e9s, Granollers, Barcelona.\" \/>\n<meta property=\"og:url\" content=\"https:\/\/inhala.net\/es\/productes\/jarra-plug-de-kinto-en-color-blanco-de-12-litros\/\" \/>\n<meta property=\"og:site_name\" content=\"Inhala\" \/>\n<meta property=\"article:modified_time\" content=\"2025-09-10T11:59:07+00:00\" \/>\n<meta property=\"og:image\" content=\"https:\/\/inhala.net\/wp-content\/uploads\/2021\/04\/jarra-plug-kinto-12-lit-inhala-cafes-tes-barcelona.jpg\" \/>\n\t<meta property=\"og:image:width\" content=\"600\" \/>\n\t<meta property=\"og:image:height\" content=\"600\" \/>\n\t<meta property=\"og:image:type\" content=\"image\/jpeg\" \/>\n<meta name=\"twitter:card\" content=\"summary_large_image\" \/>\n<meta name=\"twitter:label1\" content=\"Tiempo de lectura\" \/>\n\t<meta name=\"twitter:data1\" content=\"1 minuto\" \/>\n<script type=\"application\/ld+json\" class=\"yoast-schema-graph\">{\"@context\":\"https:\\\/\\\/schema.org\",\"@graph\":[{\"@type\":\"WebPage\",\"@id\":\"https:\\\/\\\/inhala.net\\\/es\\\/productes\\\/jarra-plug-de-kinto-en-color-blanco-de-12-litros\\\/\",\"url\":\"https:\\\/\\\/inhala.net\\\/es\\\/productes\\\/jarra-plug-de-kinto-en-color-blanco-de-12-litros\\\/\",\"name\":\"Comprar Jarra PLUG de Kinto en color blanco de 1'2 litros - Inhala\",\"isPartOf\":{\"@id\":\"https:\\\/\\\/inhala.net\\\/#website\"},\"primaryImageOfPage\":{\"@id\":\"https:\\\/\\\/inhala.net\\\/es\\\/productes\\\/jarra-plug-de-kinto-en-color-blanco-de-12-litros\\\/#primaryimage\"},\"image\":{\"@id\":\"https:\\\/\\\/inhala.net\\\/es\\\/productes\\\/jarra-plug-de-kinto-en-color-blanco-de-12-litros\\\/#primaryimage\"},\"thumbnailUrl\":\"https:\\\/\\\/inhala.net\\\/wp-content\\\/uploads\\\/2021\\\/04\\\/jarra-plug-kinto-12-lit-inhala-cafes-tes-barcelona.jpg\",\"datePublished\":\"2021-04-29T15:17:05+00:00\",\"dateModified\":\"2025-09-10T11:59:07+00:00\",\"description\":\"La jarra\u00a0PLUG\u00a0de\u00a0Kinto\u00a0de 1'2 litros es fant\u00e1stica para preparar \u201ct\u00e9 fr\u00edo\u201d, somos INHALA Caf\u00e9s y T\u00e9s, Granollers, Barcelona.\",\"breadcrumb\":{\"@id\":\"https:\\\/\\\/inhala.net\\\/es\\\/productes\\\/jarra-plug-de-kinto-en-color-blanco-de-12-litros\\\/#breadcrumb\"},\"inLanguage\":\"es\",\"potentialAction\":[{\"@type\":\"ReadAction\",\"target\":[\"https:\\\/\\\/inhala.net\\\/es\\\/productes\\\/jarra-plug-de-kinto-en-color-blanco-de-12-litros\\\/\"]}]},{\"@type\":\"ImageObject\",\"inLanguage\":\"es\",\"@id\":\"https:\\\/\\\/inhala.net\\\/es\\\/productes\\\/jarra-plug-de-kinto-en-color-blanco-de-12-litros\\\/#primaryimage\",\"url\":\"https:\\\/\\\/inhala.net\\\/wp-content\\\/uploads\\\/2021\\\/04\\\/jarra-plug-kinto-12-lit-inhala-cafes-tes-barcelona.jpg\",\"contentUrl\":\"https:\\\/\\\/inhala.net\\\/wp-content\\\/uploads\\\/2021\\\/04\\\/jarra-plug-kinto-12-lit-inhala-cafes-tes-barcelona.jpg\",\"width\":600,\"height\":600},{\"@type\":\"BreadcrumbList\",\"@id\":\"https:\\\/\\\/inhala.net\\\/es\\\/productes\\\/jarra-plug-de-kinto-en-color-blanco-de-12-litros\\\/#breadcrumb\",\"itemListElement\":[{\"@type\":\"ListItem\",\"position\":1,\"name\":\"Inici\",\"item\":\"https:\\\/\\\/inhala.net\\\/es\\\/inicio\\\/\"},{\"@type\":\"ListItem\",\"position\":2,\"name\":\"Productos\",\"item\":\"https:\\\/\\\/inhala.net\\\/es\\\/product\\\/\"},{\"@type\":\"ListItem\",\"position\":3,\"name\":\"Jarra PLUG de Kinto en color blanco de 1&#8217;2 litros\"}]},{\"@type\":\"WebSite\",\"@id\":\"https:\\\/\\\/inhala.net\\\/#website\",\"url\":\"https:\\\/\\\/inhala.net\\\/\",\"name\":\"Inhala\",\"description\":\"Coffee & Tea | Invade los sentidos\",\"potentialAction\":[{\"@type\":\"SearchAction\",\"target\":{\"@type\":\"EntryPoint\",\"urlTemplate\":\"https:\\\/\\\/inhala.net\\\/?s={search_term_string}\"},\"query-input\":{\"@type\":\"PropertyValueSpecification\",\"valueRequired\":true,\"valueName\":\"search_term_string\"}}],\"inLanguage\":\"es\"}]}<\/script>\n<!-- \/ Yoast SEO plugin. -->","yoast_head_json":{"title":"Comprar Jarra PLUG de Kinto en color blanco de 1'2 litros - Inhala","description":"La jarra\u00a0PLUG\u00a0de\u00a0Kinto\u00a0de 1'2 litros es fant\u00e1stica para preparar \u201ct\u00e9 fr\u00edo\u201d, somos INHALA Caf\u00e9s y T\u00e9s, Granollers, Barcelona.","robots":{"index":"index","follow":"follow","max-snippet":"max-snippet:-1","max-image-preview":"max-image-preview:large","max-video-preview":"max-video-preview:-1"},"canonical":"https:\/\/inhala.net\/es\/productes\/jarra-plug-de-kinto-en-color-blanco-de-12-litros\/","og_locale":"es_ES","og_type":"article","og_title":"Comprar Jarra PLUG de Kinto en color blanco de 1'2 litros - Inhala","og_description":"La jarra\u00a0PLUG\u00a0de\u00a0Kinto\u00a0de 1'2 litros es fant\u00e1stica para preparar \u201ct\u00e9 fr\u00edo\u201d, somos INHALA Caf\u00e9s y T\u00e9s, Granollers, Barcelona.","og_url":"https:\/\/inhala.net\/es\/productes\/jarra-plug-de-kinto-en-color-blanco-de-12-litros\/","og_site_name":"Inhala","article_modified_time":"2025-09-10T11:59:07+00:00","og_image":[{"width":600,"height":600,"url":"https:\/\/inhala.net\/wp-content\/uploads\/2021\/04\/jarra-plug-kinto-12-lit-inhala-cafes-tes-barcelona.jpg","type":"image\/jpeg"}],"twitter_card":"summary_large_image","twitter_misc":{"Tiempo de lectura":"1 minuto"},"schema":{"@context":"https:\/\/schema.org","@graph":[{"@type":"WebPage","@id":"https:\/\/inhala.net\/es\/productes\/jarra-plug-de-kinto-en-color-blanco-de-12-litros\/","url":"https:\/\/inhala.net\/es\/productes\/jarra-plug-de-kinto-en-color-blanco-de-12-litros\/","name":"Comprar Jarra PLUG de Kinto en color blanco de 1'2 litros - Inhala","isPartOf":{"@id":"https:\/\/inhala.net\/#website"},"primaryImageOfPage":{"@id":"https:\/\/inhala.net\/es\/productes\/jarra-plug-de-kinto-en-color-blanco-de-12-litros\/#primaryimage"},"image":{"@id":"https:\/\/inhala.net\/es\/productes\/jarra-plug-de-kinto-en-color-blanco-de-12-litros\/#primaryimage"},"thumbnailUrl":"https:\/\/inhala.net\/wp-content\/uploads\/2021\/04\/jarra-plug-kinto-12-lit-inhala-cafes-tes-barcelona.jpg","datePublished":"2021-04-29T15:17:05+00:00","dateModified":"2025-09-10T11:59:07+00:00","description":"La jarra\u00a0PLUG\u00a0de\u00a0Kinto\u00a0de 1'2 litros es fant\u00e1stica para preparar \u201ct\u00e9 fr\u00edo\u201d, somos INHALA Caf\u00e9s y T\u00e9s, Granollers, Barcelona.","breadcrumb":{"@id":"https:\/\/inhala.net\/es\/productes\/jarra-plug-de-kinto-en-color-blanco-de-12-litros\/#breadcrumb"},"inLanguage":"es","potentialAction":[{"@type":"ReadAction","target":["https:\/\/inhala.net\/es\/productes\/jarra-plug-de-kinto-en-color-blanco-de-12-litros\/"]}]},{"@type":"ImageObject","inLanguage":"es","@id":"https:\/\/inhala.net\/es\/productes\/jarra-plug-de-kinto-en-color-blanco-de-12-litros\/#primaryimage","url":"https:\/\/inhala.net\/wp-content\/uploads\/2021\/04\/jarra-plug-kinto-12-lit-inhala-cafes-tes-barcelona.jpg","contentUrl":"https:\/\/inhala.net\/wp-content\/uploads\/2021\/04\/jarra-plug-kinto-12-lit-inhala-cafes-tes-barcelona.jpg","width":600,"height":600},{"@type":"BreadcrumbList","@id":"https:\/\/inhala.net\/es\/productes\/jarra-plug-de-kinto-en-color-blanco-de-12-litros\/#breadcrumb","itemListElement":[{"@type":"ListItem","position":1,"name":"Inici","item":"https:\/\/inhala.net\/es\/inicio\/"},{"@type":"ListItem","position":2,"name":"Productos","item":"https:\/\/inhala.net\/es\/product\/"},{"@type":"ListItem","position":3,"name":"Jarra PLUG de Kinto en color blanco de 1&#8217;2 litros"}]},{"@type":"WebSite","@id":"https:\/\/inhala.net\/#website","url":"https:\/\/inhala.net\/","name":"Inhala","description":"Coffee & Tea | Invade los sentidos","potentialAction":[{"@type":"SearchAction","target":{"@type":"EntryPoint","urlTemplate":"https:\/\/inhala.net\/?s={search_term_string}"},"query-input":{"@type":"PropertyValueSpecification","valueRequired":true,"valueName":"search_term_string"}}],"inLanguage":"es"}]}},"_links":{"self":[{"href":"https:\/\/inhala.net\/es\/wp-json\/wp\/v2\/product\/30018","targetHints":{"allow":["GET"]}}],"collection":[{"href":"https:\/\/inhala.net\/es\/wp-json\/wp\/v2\/product"}],"about":[{"href":"https:\/\/inhala.net\/es\/wp-json\/wp\/v2\/types\/product"}],"replies":[{"embeddable":true,"href":"https:\/\/inhala.net\/es\/wp-json\/wp\/v2\/comments?post=30018"}],"wp:featuredmedia":[{"embeddable":true,"href":"https:\/\/inhala.net\/es\/wp-json\/wp\/v2\/media\/28065"}],"wp:attachment":[{"href":"https:\/\/inhala.net\/es\/wp-json\/wp\/v2\/media?parent=30018"}],"wp:term":[{"taxonomy":"product_brand","embeddable":true,"href":"https:\/\/inhala.net\/es\/wp-json\/wp\/v2\/product_brand?post=30018"},{"taxonomy":"product_cat","embeddable":true,"href":"https:\/\/inhala.net\/es\/wp-json\/wp\/v2\/product_cat?post=30018"},{"taxonomy":"product_tag","embeddable":true,"href":"https:\/\/inhala.net\/es\/wp-json\/wp\/v2\/product_tag?post=30018"}],"curies":[{"name":"wp","href":"https:\/\/api.w.org\/{rel}","templated":true}]}}