{"id":30100,"date":"2021-04-29T16:05:33","date_gmt":"2021-04-29T15:05:33","guid":{"rendered":"https:\/\/inhala.net\/producte\/galletas-de-limon-y-chocolate-blanco-de-crabtree-evelyn-200-gramos\/"},"modified":"2026-04-01T16:16:47","modified_gmt":"2026-04-01T15:16:47","slug":"cafe-masai-blend-250-grs","status":"publish","type":"product","link":"https:\/\/inhala.net\/es\/productes\/cafe-masai-blend-250-grs\/","title":{"rendered":"Caf\u00e9 Masai Blend 250 grs."},"content":{"rendered":"<p>El caf\u00e9 Masai Blend es un cl\u00e1sico en nuestra selecci\u00f3n de caf\u00e9s.<\/p>\n<p>Se trata de un blend perfecto para los amantes del espresso de toda la vida.<\/p>\n","protected":false},"excerpt":{"rendered":"<p>El\u00a0<strong>caf\u00e9 Masai Blend <\/strong>es uno de nuestros caf\u00e9s\u00a0m\u00e1s cl\u00e1sicos y no puede faltar en nuestra<span style=\"color: #333300;\"> selecci\u00f3n de caf\u00e9s<\/span> ya que nos lo segu\u00eds pidiendo despu\u00e9s de tantos a\u00f1os recordando nuestro querida cafeter\u00eda La Mercantil Cafetera &amp; Colonials.<\/p>\n<p>Este caf\u00e9 es una combinaci\u00f3n de caf\u00e9s de <strong>Brasil<\/strong>,\u00a0<strong>Colombia<\/strong> y <strong>Kenia<\/strong> dando una taza muy equilibrada con un postgusto intenso haciendo que sea un caf\u00e9 ideal para preparar lattes, machiattos, cappuccinos, flat white y &#8220;cortados&#8221;.<\/p>\n<p>Nuestros caf\u00e9s estan tostados de manera &#8220;<strong>natural<\/strong>&#8221; y los podemos moler a tu gusto dependiendo de la cafetera o m\u00e9todo que utilices:<\/p>\n<ul>\n<li><strong>Cafetera Espresso\u00a0<\/strong>(molienda fina)<\/li>\n<li><strong>Cafetera French Press <\/strong>o<strong> \u00e9mbolo <\/strong>(prensa francesa) (molienda gruesa)<\/li>\n<li><strong>Cafetera Moka\u00a0<\/strong>(punto de molido intermedio)<\/li>\n<\/ul>\n<p>\u00bfC\u00f3mo lo prefieres?<\/p>\n<p>Nuestros caf\u00e9s son servidos en paquetes de 250 grs. de papel <strong>biodegradable <\/strong>con un cierre muy pr\u00e1ctico.<\/p>\n<p>\u00bfSabes que tenemos otros blends de la casa? Te presentamos al\u00a0<span style=\"color: #800000;\"><strong>Massala Blend<\/strong><\/span>\u00a0con caf\u00e9 de \u00cdndia y el <a href=\"https:\/\/inhala.net\/es\/productes\/cafe-moka-blend-250-grs\/\"><span style=\"color: #800000;\"><strong>Moka Blend<\/strong><\/span>\u00a0<\/a>con caf\u00e9 de Etiopia como protagonista adem\u00e1s de los especiales\u00a0<span style=\"color: #800000;\"><a style=\"color: #800000;\" href=\"https:\/\/inhala.net\/es\/productes\/cafe-en-grano-kopi-indonesia-fincafe-250-grs\/\"><strong>Kopi blend\u00a0<\/strong>de Indonesia<\/a><\/span>,\u00a0<a href=\"https:\/\/inhala.net\/es\/productes\/cafe-en-grano-ye-afrika-buna-de-fincafe-250-grs\/\"><strong><span style=\"color: #800000;\">Y\u00e9 Afrika Buna<\/span>\u00a0<\/strong><\/a>y el\u00a0<span style=\"color: #800000;\"><strong>Classico Espresso<\/strong><\/span>\u00a0blend.<\/p>\n<p>En<a href=\"https:\/\/inhala.net\/es\/product\/\">\u00a0<span style=\"color: #800000;\"><strong>INHALA<\/strong><\/span>\u00a0<\/a>vas a encontrar una selecci\u00f3n de\u00a0<a href=\"https:\/\/inhala.net\/es\/categorias\/cafes-es\/\"><strong>caf\u00e9s<\/strong>\u00a0acabados de tostar<\/a>,<a href=\"\/?product_cat=tes-infusiones\">\u00a0<strong>t\u00e9s<\/strong>,\u00a0<strong>Rooibos<\/strong>\u00a0e\u00a0<strong>infusione<\/strong><strong>s<\/strong><\/a>,\u00a0<a href=\"https:\/\/inhala.net\/es\/categorias\/galletas-y-chocolates\/\"><strong>galletas<\/strong>\u00a0y\u00a0<strong>chocolates<\/strong><\/a> de especialidad y tazas muy bonitas.<\/p>\n<p><em>Podemos preparar un bonito pack de regalo.\u00a0<\/em><\/p>\n<p>Entra en nuestra <span style=\"color: #800000;\">tienda Online\u00a0<strong>INHALA <\/strong><\/span>y disfruta de nuestra selecci\u00f3n de producto.<\/p>\n<p>Te esperamos en Portalet, 9 de Granollers, Barcelona.<\/p>\n<p>&nbsp;<\/p>\n<p>&nbsp;<\/p>\n","protected":false},"featured_media":43127,"comment_status":"open","ping_status":"closed","template":"","meta":{"inline_featured_image":false},"product_brand":[],"product_cat":[214],"product_tag":[571,3807,1622,4325,1141,1531,850,3381,2154,2157],"class_list":{"0":"post-30100","1":"product","2":"type-product","3":"status-publish","4":"has-post-thumbnail","6":"product_cat-cafes-es","7":"product_tag-cafe-es","8":"product_tag-cafe-despecialitat-es","9":"product_tag-cafe-de-especialidad","10":"product_tag-classico-espresso","11":"product_tag-coffee-lover-es","12":"product_tag-coffee-time-es","13":"product_tag-kenya","14":"product_tag-masai-blend-es","15":"product_tag-massala-blend","16":"product_tag-moka-blend-es","18":"first","19":"instock","20":"taxable","21":"shipping-taxable","22":"purchasable","23":"product-type-simple"},"yoast_head":"<!-- This site is optimized with the Yoast SEO plugin v27.3 - https:\/\/yoast.com\/product\/yoast-seo-wordpress\/ -->\n<title>Caf\u00e9 Masai Blend 250 grs. - Inhala<\/title>\n<meta name=\"description\" content=\"Caf\u00e9 en grano Masai Blend en paquete de 250 grs. Entra en nuestra tienda Online\u00a0INHALA y disfruta de nuestra selecci\u00f3n de productos.\" \/>\n<meta name=\"robots\" content=\"index, follow, max-snippet:-1, max-image-preview:large, max-video-preview:-1\" \/>\n<link rel=\"canonical\" href=\"https:\/\/inhala.net\/es\/productes\/cafe-masai-blend-250-grs\/\" \/>\n<meta property=\"og:locale\" content=\"es_ES\" \/>\n<meta property=\"og:type\" content=\"article\" \/>\n<meta property=\"og:title\" content=\"Caf\u00e9 Masai Blend 250 grs. - Inhala\" \/>\n<meta property=\"og:description\" content=\"Caf\u00e9 en grano Masai Blend en paquete de 250 grs. Entra en nuestra tienda Online\u00a0INHALA y disfruta de nuestra selecci\u00f3n de productos.\" \/>\n<meta property=\"og:url\" content=\"https:\/\/inhala.net\/es\/productes\/cafe-masai-blend-250-grs\/\" \/>\n<meta property=\"og:site_name\" content=\"Inhala\" \/>\n<meta property=\"article:modified_time\" content=\"2026-04-01T15:16:47+00:00\" \/>\n<meta property=\"og:image\" content=\"https:\/\/inhala.net\/wp-content\/uploads\/2021\/04\/cafe-masai-blend-kenia-Inhala-cafes-y-Tes-Granollers-Barcelona.jpg\" \/>\n\t<meta property=\"og:image:width\" content=\"1036\" \/>\n\t<meta property=\"og:image:height\" content=\"1791\" \/>\n\t<meta property=\"og:image:type\" content=\"image\/jpeg\" \/>\n<meta name=\"twitter:card\" content=\"summary_large_image\" \/>\n<script type=\"application\/ld+json\" class=\"yoast-schema-graph\">{\"@context\":\"https:\\\/\\\/schema.org\",\"@graph\":[{\"@type\":\"WebPage\",\"@id\":\"https:\\\/\\\/inhala.net\\\/es\\\/productes\\\/cafe-masai-blend-250-grs\\\/\",\"url\":\"https:\\\/\\\/inhala.net\\\/es\\\/productes\\\/cafe-masai-blend-250-grs\\\/\",\"name\":\"Caf\u00e9 Masai Blend 250 grs. - Inhala\",\"isPartOf\":{\"@id\":\"https:\\\/\\\/inhala.net\\\/#website\"},\"primaryImageOfPage\":{\"@id\":\"https:\\\/\\\/inhala.net\\\/es\\\/productes\\\/cafe-masai-blend-250-grs\\\/#primaryimage\"},\"image\":{\"@id\":\"https:\\\/\\\/inhala.net\\\/es\\\/productes\\\/cafe-masai-blend-250-grs\\\/#primaryimage\"},\"thumbnailUrl\":\"https:\\\/\\\/inhala.net\\\/wp-content\\\/uploads\\\/2021\\\/04\\\/cafe-masai-blend-kenia-Inhala-cafes-y-Tes-Granollers-Barcelona.jpg\",\"datePublished\":\"2021-04-29T15:05:33+00:00\",\"dateModified\":\"2026-04-01T15:16:47+00:00\",\"description\":\"Caf\u00e9 en grano Masai Blend en paquete de 250 grs. Entra en nuestra tienda Online\u00a0INHALA y disfruta de nuestra selecci\u00f3n de productos.\",\"breadcrumb\":{\"@id\":\"https:\\\/\\\/inhala.net\\\/es\\\/productes\\\/cafe-masai-blend-250-grs\\\/#breadcrumb\"},\"inLanguage\":\"es\",\"potentialAction\":[{\"@type\":\"ReadAction\",\"target\":[\"https:\\\/\\\/inhala.net\\\/es\\\/productes\\\/cafe-masai-blend-250-grs\\\/\"]}]},{\"@type\":\"ImageObject\",\"inLanguage\":\"es\",\"@id\":\"https:\\\/\\\/inhala.net\\\/es\\\/productes\\\/cafe-masai-blend-250-grs\\\/#primaryimage\",\"url\":\"https:\\\/\\\/inhala.net\\\/wp-content\\\/uploads\\\/2021\\\/04\\\/cafe-masai-blend-kenia-Inhala-cafes-y-Tes-Granollers-Barcelona.jpg\",\"contentUrl\":\"https:\\\/\\\/inhala.net\\\/wp-content\\\/uploads\\\/2021\\\/04\\\/cafe-masai-blend-kenia-Inhala-cafes-y-Tes-Granollers-Barcelona.jpg\",\"width\":1036,\"height\":1791,\"caption\":\"El\u00a0caf\u00e8 Masai \u00e9s un dels nostres blends m\u00e9s cl\u00e0ssics ja que el seguim tenint des dels nostres inicis a La Mercantil Cafetera & Colonials. Aquest caf\u00e8 \u00e9s una combinaci\u00f3 de caf\u00e8s de Brasil, Colombia i Kenya que d\u00f3na una tassa molt equilibrada amb un postgust intens fent que sigui un caf\u00e8 ideal per preparar qualsevol recepta. Caf\u00e8\u00a0torrat 100%\u00a0per proc\u00e9s\u00a0natural. El servim en gra,\u00a0acabat de torrar,\u00a0per\u00f2\u00a0el podem moldre en 3 punts de m\u00f2lta diferents depenent de la cafetera o m\u00e8tode que facis servir: Cafetera Espresso (fi) Cafetera French Press \u00f3 \u00e8mbol (gruixut) Cafetera Moka (intermig) Com el prefereixes? Servim els nostres caf\u00e8s en paquets de\u00a0250 grams. en bosses de paper\u00a0biodegradable\u00a0amb una tanca molt pr\u00e0ctica. Aprofitem per presentar-te els altres coffee blends de INHALA, el Massala Blend i el Moka Blend. Tria aqu\u00ed\u00a0el\u00a0caf\u00e8\u00a0que m\u00e9s us agradi. Si vols, et podem preparar un pack de regal ben bonic amb caf\u00e8s, tes, infusions, delicioses galetes i xocolates! Entra a la nostra botiga Online o vine a veure'ns a Portalet, 9 de Granollers, Barcelona. El\u00a0caf\u00e8 Masai Blend es uno de nuestros caf\u00e9s\u00a0m\u00e1s cl\u00e1sicos y no puede faltar en nuestra selecci\u00f3n de caf\u00e9s puesto que nos lo segu\u00eds pidiendo despu\u00e9s de tantos a\u00f1os recordando nuestra querida cafeter\u00eda \\\"La Mercantil Cafetera & Colonials\\\". Este caf\u00e9 es una combinaci\u00f3n de caf\u00e9s de Brasil,\u00a0Colombia y Kenia dando una taza muy equilibrada con postgusto intenso haciendo que sea un caf\u00e9 ideal para preparar lattes, frapp\u00e9s, machiattos, cappuccinos, flat white y nuestro apreciado \\\"cortado\\\". Nuestros caf\u00e9s estan tostados de manera natural\u00a0y los podemos moler al gusto dependiendo de la cafetera o m\u00e9todo utilizado: Cafetera Espresso, molienda fina Cafetera French Press (prensa francesa) molienda gruesa Cafetera Moka, molido intermedio \u00bfC\u00f3mo lo prefieres? Nuestros caf\u00e9s son servidos en paquetes de 250 gramos y en bolsas de papel biodegradable con un cierre muy pr\u00e1ctico. \u00bfSabes que tenemos otros blends de la casa? Nuestros coffee blends\u00a0son el\u00a0Masai Blend\u00a0con caf\u00e9 de Kenia y el Moka Blend\u00a0con caf\u00e9 de Etiopia como protagonista adem\u00e1s de los especiales Kopi blend\u00a0de Indonesia,\u00a0Y\u00e9 Afrika Buna\u00a0y el\u00a0Classico Espresso\u00a0blend. En\u00a0INHALA\u00a0vas a encontrar una selecci\u00f3n de\u00a0caf\u00e9s\u00a0acabados de tostar,\u00a0t\u00e9s,\u00a0Rooibos\u00a0e\u00a0infusiones,\u00a0galletas\u00a0y\u00a0chocolates\u00a0de especialidad. Te esperamos en Portalet, 9 de Granollers, Barcelona. \u00bfHas visto esas tazas tan chulas? Son de GreenGate. Podemos preparar un bonito pack de regalo con ellas. Entra en nuestra tienda Online\u00a0INHALA y disfruta de nuestra selecci\u00f3n de productos.\"},{\"@type\":\"BreadcrumbList\",\"@id\":\"https:\\\/\\\/inhala.net\\\/es\\\/productes\\\/cafe-masai-blend-250-grs\\\/#breadcrumb\",\"itemListElement\":[{\"@type\":\"ListItem\",\"position\":1,\"name\":\"Inici\",\"item\":\"https:\\\/\\\/inhala.net\\\/es\\\/inicio\\\/\"},{\"@type\":\"ListItem\",\"position\":2,\"name\":\"Productos\",\"item\":\"https:\\\/\\\/inhala.net\\\/es\\\/product\\\/\"},{\"@type\":\"ListItem\",\"position\":3,\"name\":\"Caf\u00e9 Masai Blend 250 grs.\"}]},{\"@type\":\"WebSite\",\"@id\":\"https:\\\/\\\/inhala.net\\\/#website\",\"url\":\"https:\\\/\\\/inhala.net\\\/\",\"name\":\"Inhala\",\"description\":\"Coffee & Tea | Invade los sentidos\",\"potentialAction\":[{\"@type\":\"SearchAction\",\"target\":{\"@type\":\"EntryPoint\",\"urlTemplate\":\"https:\\\/\\\/inhala.net\\\/?s={search_term_string}\"},\"query-input\":{\"@type\":\"PropertyValueSpecification\",\"valueRequired\":true,\"valueName\":\"search_term_string\"}}],\"inLanguage\":\"es\"}]}<\/script>\n<!-- \/ Yoast SEO plugin. -->","yoast_head_json":{"title":"Caf\u00e9 Masai Blend 250 grs. - Inhala","description":"Caf\u00e9 en grano Masai Blend en paquete de 250 grs. Entra en nuestra tienda Online\u00a0INHALA y disfruta de nuestra selecci\u00f3n de productos.","robots":{"index":"index","follow":"follow","max-snippet":"max-snippet:-1","max-image-preview":"max-image-preview:large","max-video-preview":"max-video-preview:-1"},"canonical":"https:\/\/inhala.net\/es\/productes\/cafe-masai-blend-250-grs\/","og_locale":"es_ES","og_type":"article","og_title":"Caf\u00e9 Masai Blend 250 grs. - Inhala","og_description":"Caf\u00e9 en grano Masai Blend en paquete de 250 grs. Entra en nuestra tienda Online\u00a0INHALA y disfruta de nuestra selecci\u00f3n de productos.","og_url":"https:\/\/inhala.net\/es\/productes\/cafe-masai-blend-250-grs\/","og_site_name":"Inhala","article_modified_time":"2026-04-01T15:16:47+00:00","og_image":[{"width":1036,"height":1791,"url":"https:\/\/inhala.net\/wp-content\/uploads\/2021\/04\/cafe-masai-blend-kenia-Inhala-cafes-y-Tes-Granollers-Barcelona.jpg","type":"image\/jpeg"}],"twitter_card":"summary_large_image","schema":{"@context":"https:\/\/schema.org","@graph":[{"@type":"WebPage","@id":"https:\/\/inhala.net\/es\/productes\/cafe-masai-blend-250-grs\/","url":"https:\/\/inhala.net\/es\/productes\/cafe-masai-blend-250-grs\/","name":"Caf\u00e9 Masai Blend 250 grs. - Inhala","isPartOf":{"@id":"https:\/\/inhala.net\/#website"},"primaryImageOfPage":{"@id":"https:\/\/inhala.net\/es\/productes\/cafe-masai-blend-250-grs\/#primaryimage"},"image":{"@id":"https:\/\/inhala.net\/es\/productes\/cafe-masai-blend-250-grs\/#primaryimage"},"thumbnailUrl":"https:\/\/inhala.net\/wp-content\/uploads\/2021\/04\/cafe-masai-blend-kenia-Inhala-cafes-y-Tes-Granollers-Barcelona.jpg","datePublished":"2021-04-29T15:05:33+00:00","dateModified":"2026-04-01T15:16:47+00:00","description":"Caf\u00e9 en grano Masai Blend en paquete de 250 grs. Entra en nuestra tienda Online\u00a0INHALA y disfruta de nuestra selecci\u00f3n de productos.","breadcrumb":{"@id":"https:\/\/inhala.net\/es\/productes\/cafe-masai-blend-250-grs\/#breadcrumb"},"inLanguage":"es","potentialAction":[{"@type":"ReadAction","target":["https:\/\/inhala.net\/es\/productes\/cafe-masai-blend-250-grs\/"]}]},{"@type":"ImageObject","inLanguage":"es","@id":"https:\/\/inhala.net\/es\/productes\/cafe-masai-blend-250-grs\/#primaryimage","url":"https:\/\/inhala.net\/wp-content\/uploads\/2021\/04\/cafe-masai-blend-kenia-Inhala-cafes-y-Tes-Granollers-Barcelona.jpg","contentUrl":"https:\/\/inhala.net\/wp-content\/uploads\/2021\/04\/cafe-masai-blend-kenia-Inhala-cafes-y-Tes-Granollers-Barcelona.jpg","width":1036,"height":1791,"caption":"El\u00a0caf\u00e8 Masai \u00e9s un dels nostres blends m\u00e9s cl\u00e0ssics ja que el seguim tenint des dels nostres inicis a La Mercantil Cafetera & Colonials. Aquest caf\u00e8 \u00e9s una combinaci\u00f3 de caf\u00e8s de Brasil, Colombia i Kenya que d\u00f3na una tassa molt equilibrada amb un postgust intens fent que sigui un caf\u00e8 ideal per preparar qualsevol recepta. Caf\u00e8\u00a0torrat 100%\u00a0per proc\u00e9s\u00a0natural. El servim en gra,\u00a0acabat de torrar,\u00a0per\u00f2\u00a0el podem moldre en 3 punts de m\u00f2lta diferents depenent de la cafetera o m\u00e8tode que facis servir: Cafetera Espresso (fi) Cafetera French Press \u00f3 \u00e8mbol (gruixut) Cafetera Moka (intermig) Com el prefereixes? Servim els nostres caf\u00e8s en paquets de\u00a0250 grams. en bosses de paper\u00a0biodegradable\u00a0amb una tanca molt pr\u00e0ctica. Aprofitem per presentar-te els altres coffee blends de INHALA, el Massala Blend i el Moka Blend. Tria aqu\u00ed\u00a0el\u00a0caf\u00e8\u00a0que m\u00e9s us agradi. Si vols, et podem preparar un pack de regal ben bonic amb caf\u00e8s, tes, infusions, delicioses galetes i xocolates! Entra a la nostra botiga Online o vine a veure'ns a Portalet, 9 de Granollers, Barcelona. El\u00a0caf\u00e8 Masai Blend es uno de nuestros caf\u00e9s\u00a0m\u00e1s cl\u00e1sicos y no puede faltar en nuestra selecci\u00f3n de caf\u00e9s puesto que nos lo segu\u00eds pidiendo despu\u00e9s de tantos a\u00f1os recordando nuestra querida cafeter\u00eda \"La Mercantil Cafetera & Colonials\". Este caf\u00e9 es una combinaci\u00f3n de caf\u00e9s de Brasil,\u00a0Colombia y Kenia dando una taza muy equilibrada con postgusto intenso haciendo que sea un caf\u00e9 ideal para preparar lattes, frapp\u00e9s, machiattos, cappuccinos, flat white y nuestro apreciado \"cortado\". Nuestros caf\u00e9s estan tostados de manera natural\u00a0y los podemos moler al gusto dependiendo de la cafetera o m\u00e9todo utilizado: Cafetera Espresso, molienda fina Cafetera French Press (prensa francesa) molienda gruesa Cafetera Moka, molido intermedio \u00bfC\u00f3mo lo prefieres? Nuestros caf\u00e9s son servidos en paquetes de 250 gramos y en bolsas de papel biodegradable con un cierre muy pr\u00e1ctico. \u00bfSabes que tenemos otros blends de la casa? Nuestros coffee blends\u00a0son el\u00a0Masai Blend\u00a0con caf\u00e9 de Kenia y el Moka Blend\u00a0con caf\u00e9 de Etiopia como protagonista adem\u00e1s de los especiales Kopi blend\u00a0de Indonesia,\u00a0Y\u00e9 Afrika Buna\u00a0y el\u00a0Classico Espresso\u00a0blend. En\u00a0INHALA\u00a0vas a encontrar una selecci\u00f3n de\u00a0caf\u00e9s\u00a0acabados de tostar,\u00a0t\u00e9s,\u00a0Rooibos\u00a0e\u00a0infusiones,\u00a0galletas\u00a0y\u00a0chocolates\u00a0de especialidad. Te esperamos en Portalet, 9 de Granollers, Barcelona. \u00bfHas visto esas tazas tan chulas? Son de GreenGate. Podemos preparar un bonito pack de regalo con ellas. Entra en nuestra tienda Online\u00a0INHALA y disfruta de nuestra selecci\u00f3n de productos."},{"@type":"BreadcrumbList","@id":"https:\/\/inhala.net\/es\/productes\/cafe-masai-blend-250-grs\/#breadcrumb","itemListElement":[{"@type":"ListItem","position":1,"name":"Inici","item":"https:\/\/inhala.net\/es\/inicio\/"},{"@type":"ListItem","position":2,"name":"Productos","item":"https:\/\/inhala.net\/es\/product\/"},{"@type":"ListItem","position":3,"name":"Caf\u00e9 Masai Blend 250 grs."}]},{"@type":"WebSite","@id":"https:\/\/inhala.net\/#website","url":"https:\/\/inhala.net\/","name":"Inhala","description":"Coffee & Tea | Invade los sentidos","potentialAction":[{"@type":"SearchAction","target":{"@type":"EntryPoint","urlTemplate":"https:\/\/inhala.net\/?s={search_term_string}"},"query-input":{"@type":"PropertyValueSpecification","valueRequired":true,"valueName":"search_term_string"}}],"inLanguage":"es"}]}},"_links":{"self":[{"href":"https:\/\/inhala.net\/es\/wp-json\/wp\/v2\/product\/30100","targetHints":{"allow":["GET"]}}],"collection":[{"href":"https:\/\/inhala.net\/es\/wp-json\/wp\/v2\/product"}],"about":[{"href":"https:\/\/inhala.net\/es\/wp-json\/wp\/v2\/types\/product"}],"replies":[{"embeddable":true,"href":"https:\/\/inhala.net\/es\/wp-json\/wp\/v2\/comments?post=30100"}],"wp:featuredmedia":[{"embeddable":true,"href":"https:\/\/inhala.net\/es\/wp-json\/wp\/v2\/media\/43127"}],"wp:attachment":[{"href":"https:\/\/inhala.net\/es\/wp-json\/wp\/v2\/media?parent=30100"}],"wp:term":[{"taxonomy":"product_brand","embeddable":true,"href":"https:\/\/inhala.net\/es\/wp-json\/wp\/v2\/product_brand?post=30100"},{"taxonomy":"product_cat","embeddable":true,"href":"https:\/\/inhala.net\/es\/wp-json\/wp\/v2\/product_cat?post=30100"},{"taxonomy":"product_tag","embeddable":true,"href":"https:\/\/inhala.net\/es\/wp-json\/wp\/v2\/product_tag?post=30100"}],"curies":[{"name":"wp","href":"https:\/\/api.w.org\/{rel}","templated":true}]}}