{"id":30117,"date":"2021-04-29T16:14:06","date_gmt":"2021-04-29T15:14:06","guid":{"rendered":"https:\/\/inhala.net\/producte\/panettone-tradicional-glaseado-de-albertengo-de-1-kg\/"},"modified":"2024-01-08T20:44:06","modified_gmt":"2024-01-08T19:44:06","slug":"panettone-tradicional-glaseado-de-albertengo-1-kg","status":"publish","type":"product","link":"https:\/\/inhala.net\/es\/productes\/panettone-tradicional-glaseado-de-albertengo-1-kg\/","title":{"rendered":"Panettone Tradicional glaseado Albertengo de 1 kg."},"content":{"rendered":"<p>Panettone Tradicional glaseado de Albertengo de 1 kg.<\/p>\n","protected":false},"excerpt":{"rendered":"<p>El\u00a0<strong>Panettone Tradicional glaseado<\/strong>\u00a0de<strong>\u00a0<\/strong>Albertengo ya ha llegado a <strong>INHALA <\/strong>por<strong> Navidad.<\/strong><\/p>\n<p>Desde hace m\u00e1s de 28 a\u00f1os, los <strong>panettone Albertengo<\/strong> no pueden faltar en la selecci\u00f3n de Navidad de nuestra tienda.<\/p>\n<p>Trozos peque\u00f1os de <strong>naranja confitada<\/strong>, uvas pasas, almendras y avellanas del\u00a0<strong>Piemonte<\/strong>, os podemos asegurar que su<strong> aroma<\/strong>\u00a0y sabor son exquisitos.<\/p>\n<p>Regalar un <a href=\"https:\/\/inhala.net\/es\/product\/?s=panettone&amp;post_type=product\"><strong>panettones Albertengo<\/strong> <\/a>siempre es una muy buena opci\u00f3n para un <strong>regalo perfecto<\/strong>.<\/p>\n<p>En\u00a0<a href=\"http:\/\/inhala.net\/es\"><strong>INHALA Caf\u00e9s y T\u00e9s<\/strong><\/a>\u00a0tambi\u00e9n hemos elegido otros\u00a0<a href=\"https:\/\/inhala.net\/product\/?s=panettone&amp;post_type=product\"><strong>panettones<\/strong><\/a>\u00a0para las fiestas de Navidad:<\/p>\n<p style=\"text-align: center;\"><b>Lim\u00f3n<\/b><\/p>\n<p style=\"text-align: center;\"><a href=\"https:\/\/inhala.net\/es\/shop\/mermeladas\/panettone-de-chocolate-albertengo-1-kg\/\"><b>Chocolate<\/b><\/a><\/p>\n<p style=\"text-align: center;\"><strong>Moscato<\/strong><\/p>\n<p style=\"text-align: center;\"><strong>Chocolate y Naranja<\/strong><\/p>\n<p style=\"text-align: center;\"><strong>Amarena y Chocolate<\/strong><\/p>\n<p style=\"text-align: center;\"><strong>Chocolate y Caf\u00e9<\/strong><\/p>\n<p style=\"text-align: center;\"><strong>Pandoro<\/strong><\/p>\n<p style=\"text-align: center;\"><a href=\"https:\/\/inhala.net\/es\/productes\/panettone-con-crema-de-marrons-glaces-de-albertengo-1-kg\/\"><strong>Crema <\/strong>de <strong>&#8220;Marrons Glac\u00e9s&#8221;<\/strong><\/a><\/p>\n<p>&nbsp;<\/p>\n<p>Un trozo de cualquier de estos<strong> panettone<\/strong> ser\u00e1 el acompa\u00f1ante perfecto para un <strong>caf\u00e9 o t\u00e9<\/strong> en una sobremesa o en el desayuno.<\/p>\n<p>Estos panettones son ideales para hacer un regalo ya que su sabor enamora a qui\u00e9n lo prueba.<\/p>\n<p>Ah, se nos olvidaba decirte que cuando llega la Primavera, nos llega<strong><a href=\"https:\/\/inhala.net\/product\/?s=Colomba&amp;post_type=product\">\u00a0la Colomba.<\/a><\/strong><\/p>\n<p>Estamos en Portalet, 9 de Granollers, Barcelona.<\/p>\n<p>&nbsp;<\/p>\n","protected":false},"featured_media":27831,"comment_status":"open","ping_status":"closed","template":"","meta":{"inline_featured_image":false},"product_brand":[],"product_cat":[215],"product_tag":[835,571,1531,542,794,429,887,484],"class_list":{"0":"post-30117","1":"product","2":"type-product","3":"status-publish","4":"has-post-thumbnail","6":"product_cat-mermeladas-confituras-panettones-y-colombas","7":"product_tag-albertengo","8":"product_tag-cafe-es","9":"product_tag-coffee-time-es","10":"product_tag-desayuno","11":"product_tag-merienda","12":"product_tag-navidad","13":"product_tag-panettone-es","14":"product_tag-teatime","16":"first","17":"outofstock","18":"taxable","19":"shipping-taxable","20":"purchasable","21":"product-type-simple"},"yoast_head":"<!-- This site is optimized with the Yoast SEO plugin v27.3 - https:\/\/yoast.com\/product\/yoast-seo-wordpress\/ -->\n<title>Comprar Panettone Tradicional glaseado Albertengo 1 kg. - Inhala<\/title>\n<meta name=\"description\" content=\"El\u00a0Panettone Tradicional glaseado\u00a0de\u00a0Albertengo ya ha llegado a INHALA por Navidad como ocurre desde hace m\u00e1s de 28 a\u00f1os, los panettone Albertengo.\" \/>\n<meta name=\"robots\" content=\"index, follow, max-snippet:-1, max-image-preview:large, max-video-preview:-1\" \/>\n<link rel=\"canonical\" href=\"https:\/\/inhala.net\/es\/productes\/panettone-tradicional-glaseado-de-albertengo-1-kg\/\" \/>\n<meta property=\"og:locale\" content=\"es_ES\" \/>\n<meta property=\"og:type\" content=\"article\" \/>\n<meta property=\"og:title\" content=\"Comprar Panettone Tradicional glaseado Albertengo 1 kg. - Inhala\" \/>\n<meta property=\"og:description\" content=\"El\u00a0Panettone Tradicional glaseado\u00a0de\u00a0Albertengo ya ha llegado a INHALA por Navidad como ocurre desde hace m\u00e1s de 28 a\u00f1os, los panettone Albertengo.\" \/>\n<meta property=\"og:url\" content=\"https:\/\/inhala.net\/es\/productes\/panettone-tradicional-glaseado-de-albertengo-1-kg\/\" \/>\n<meta property=\"og:site_name\" content=\"Inhala\" \/>\n<meta property=\"article:modified_time\" content=\"2024-01-08T19:44:06+00:00\" \/>\n<meta property=\"og:image\" content=\"https:\/\/inhala.net\/wp-content\/uploads\/2021\/04\/panettone-classico-albertengo-inhala-granollers-barcelona.png\" \/>\n\t<meta property=\"og:image:width\" content=\"700\" \/>\n\t<meta property=\"og:image:height\" content=\"450\" \/>\n\t<meta property=\"og:image:type\" content=\"image\/png\" \/>\n<meta name=\"twitter:card\" content=\"summary_large_image\" \/>\n<script type=\"application\/ld+json\" class=\"yoast-schema-graph\">{\"@context\":\"https:\\\/\\\/schema.org\",\"@graph\":[{\"@type\":\"WebPage\",\"@id\":\"https:\\\/\\\/inhala.net\\\/es\\\/productes\\\/panettone-tradicional-glaseado-de-albertengo-1-kg\\\/\",\"url\":\"https:\\\/\\\/inhala.net\\\/es\\\/productes\\\/panettone-tradicional-glaseado-de-albertengo-1-kg\\\/\",\"name\":\"Comprar Panettone Tradicional glaseado Albertengo 1 kg. - Inhala\",\"isPartOf\":{\"@id\":\"https:\\\/\\\/inhala.net\\\/#website\"},\"primaryImageOfPage\":{\"@id\":\"https:\\\/\\\/inhala.net\\\/es\\\/productes\\\/panettone-tradicional-glaseado-de-albertengo-1-kg\\\/#primaryimage\"},\"image\":{\"@id\":\"https:\\\/\\\/inhala.net\\\/es\\\/productes\\\/panettone-tradicional-glaseado-de-albertengo-1-kg\\\/#primaryimage\"},\"thumbnailUrl\":\"https:\\\/\\\/inhala.net\\\/wp-content\\\/uploads\\\/2021\\\/04\\\/panettone-classico-albertengo-inhala-granollers-barcelona.png\",\"datePublished\":\"2021-04-29T15:14:06+00:00\",\"dateModified\":\"2024-01-08T19:44:06+00:00\",\"description\":\"El\u00a0Panettone Tradicional glaseado\u00a0de\u00a0Albertengo ya ha llegado a INHALA por Navidad como ocurre desde hace m\u00e1s de 28 a\u00f1os, los panettone Albertengo.\",\"breadcrumb\":{\"@id\":\"https:\\\/\\\/inhala.net\\\/es\\\/productes\\\/panettone-tradicional-glaseado-de-albertengo-1-kg\\\/#breadcrumb\"},\"inLanguage\":\"es\",\"potentialAction\":[{\"@type\":\"ReadAction\",\"target\":[\"https:\\\/\\\/inhala.net\\\/es\\\/productes\\\/panettone-tradicional-glaseado-de-albertengo-1-kg\\\/\"]}]},{\"@type\":\"ImageObject\",\"inLanguage\":\"es\",\"@id\":\"https:\\\/\\\/inhala.net\\\/es\\\/productes\\\/panettone-tradicional-glaseado-de-albertengo-1-kg\\\/#primaryimage\",\"url\":\"https:\\\/\\\/inhala.net\\\/wp-content\\\/uploads\\\/2021\\\/04\\\/panettone-classico-albertengo-inhala-granollers-barcelona.png\",\"contentUrl\":\"https:\\\/\\\/inhala.net\\\/wp-content\\\/uploads\\\/2021\\\/04\\\/panettone-classico-albertengo-inhala-granollers-barcelona.png\",\"width\":700,\"height\":450,\"caption\":\"El\u00a0Panettone Tradicional glassejat d'\u00a0Albertengo ja ha arribat a\u00a0INHALA\u00a0i ja\u00a0fa m\u00e9s de 20 anys que no pot faltar en la nostra selecci\u00f3 de productes de\u00a0Nadal. Hi anir\u00e0s trobant trossets de pell de taronja confitada, panses i un glassejat espectacular d'ametlles i avellanes del Piemonte et faran salivar. Regalar un d'aquests panettones sempre et far\u00e0 quedar molt b\u00e9! Tamb\u00e9 hem triat els seg\u00fcents\u00a0Panettones\u00a0per aquestes Festes: Al Limone\u00a0 Xocolata Moscato Xocolata i Taronja Pandoro Crema de \\\"Marrons Glac\u00e9s\\\" Un trosset d\u2019aquest panettone \u00e9s l\u2019acompanyant perfecte per un bon\u00a0caf\u00e8,\u00a0te o infusi\u00f3. Ah, se\u2019ns oblidava, per Primavera arriba\u00a0la Colomba! A\u00a0INHALA Caf\u00e8s i Tes, Portalet, 9, Granollers, Barcelona.\"},{\"@type\":\"BreadcrumbList\",\"@id\":\"https:\\\/\\\/inhala.net\\\/es\\\/productes\\\/panettone-tradicional-glaseado-de-albertengo-1-kg\\\/#breadcrumb\",\"itemListElement\":[{\"@type\":\"ListItem\",\"position\":1,\"name\":\"Inici\",\"item\":\"https:\\\/\\\/inhala.net\\\/es\\\/inicio\\\/\"},{\"@type\":\"ListItem\",\"position\":2,\"name\":\"Productos\",\"item\":\"https:\\\/\\\/inhala.net\\\/es\\\/product\\\/\"},{\"@type\":\"ListItem\",\"position\":3,\"name\":\"Panettone Tradicional glaseado Albertengo de 1 kg.\"}]},{\"@type\":\"WebSite\",\"@id\":\"https:\\\/\\\/inhala.net\\\/#website\",\"url\":\"https:\\\/\\\/inhala.net\\\/\",\"name\":\"Inhala\",\"description\":\"Coffee & Tea | Invade los sentidos\",\"potentialAction\":[{\"@type\":\"SearchAction\",\"target\":{\"@type\":\"EntryPoint\",\"urlTemplate\":\"https:\\\/\\\/inhala.net\\\/?s={search_term_string}\"},\"query-input\":{\"@type\":\"PropertyValueSpecification\",\"valueRequired\":true,\"valueName\":\"search_term_string\"}}],\"inLanguage\":\"es\"}]}<\/script>\n<!-- \/ Yoast SEO plugin. -->","yoast_head_json":{"title":"Comprar Panettone Tradicional glaseado Albertengo 1 kg. - Inhala","description":"El\u00a0Panettone Tradicional glaseado\u00a0de\u00a0Albertengo ya ha llegado a INHALA por Navidad como ocurre desde hace m\u00e1s de 28 a\u00f1os, los panettone Albertengo.","robots":{"index":"index","follow":"follow","max-snippet":"max-snippet:-1","max-image-preview":"max-image-preview:large","max-video-preview":"max-video-preview:-1"},"canonical":"https:\/\/inhala.net\/es\/productes\/panettone-tradicional-glaseado-de-albertengo-1-kg\/","og_locale":"es_ES","og_type":"article","og_title":"Comprar Panettone Tradicional glaseado Albertengo 1 kg. - Inhala","og_description":"El\u00a0Panettone Tradicional glaseado\u00a0de\u00a0Albertengo ya ha llegado a INHALA por Navidad como ocurre desde hace m\u00e1s de 28 a\u00f1os, los panettone Albertengo.","og_url":"https:\/\/inhala.net\/es\/productes\/panettone-tradicional-glaseado-de-albertengo-1-kg\/","og_site_name":"Inhala","article_modified_time":"2024-01-08T19:44:06+00:00","og_image":[{"width":700,"height":450,"url":"https:\/\/inhala.net\/wp-content\/uploads\/2021\/04\/panettone-classico-albertengo-inhala-granollers-barcelona.png","type":"image\/png"}],"twitter_card":"summary_large_image","schema":{"@context":"https:\/\/schema.org","@graph":[{"@type":"WebPage","@id":"https:\/\/inhala.net\/es\/productes\/panettone-tradicional-glaseado-de-albertengo-1-kg\/","url":"https:\/\/inhala.net\/es\/productes\/panettone-tradicional-glaseado-de-albertengo-1-kg\/","name":"Comprar Panettone Tradicional glaseado Albertengo 1 kg. - Inhala","isPartOf":{"@id":"https:\/\/inhala.net\/#website"},"primaryImageOfPage":{"@id":"https:\/\/inhala.net\/es\/productes\/panettone-tradicional-glaseado-de-albertengo-1-kg\/#primaryimage"},"image":{"@id":"https:\/\/inhala.net\/es\/productes\/panettone-tradicional-glaseado-de-albertengo-1-kg\/#primaryimage"},"thumbnailUrl":"https:\/\/inhala.net\/wp-content\/uploads\/2021\/04\/panettone-classico-albertengo-inhala-granollers-barcelona.png","datePublished":"2021-04-29T15:14:06+00:00","dateModified":"2024-01-08T19:44:06+00:00","description":"El\u00a0Panettone Tradicional glaseado\u00a0de\u00a0Albertengo ya ha llegado a INHALA por Navidad como ocurre desde hace m\u00e1s de 28 a\u00f1os, los panettone Albertengo.","breadcrumb":{"@id":"https:\/\/inhala.net\/es\/productes\/panettone-tradicional-glaseado-de-albertengo-1-kg\/#breadcrumb"},"inLanguage":"es","potentialAction":[{"@type":"ReadAction","target":["https:\/\/inhala.net\/es\/productes\/panettone-tradicional-glaseado-de-albertengo-1-kg\/"]}]},{"@type":"ImageObject","inLanguage":"es","@id":"https:\/\/inhala.net\/es\/productes\/panettone-tradicional-glaseado-de-albertengo-1-kg\/#primaryimage","url":"https:\/\/inhala.net\/wp-content\/uploads\/2021\/04\/panettone-classico-albertengo-inhala-granollers-barcelona.png","contentUrl":"https:\/\/inhala.net\/wp-content\/uploads\/2021\/04\/panettone-classico-albertengo-inhala-granollers-barcelona.png","width":700,"height":450,"caption":"El\u00a0Panettone Tradicional glassejat d'\u00a0Albertengo ja ha arribat a\u00a0INHALA\u00a0i ja\u00a0fa m\u00e9s de 20 anys que no pot faltar en la nostra selecci\u00f3 de productes de\u00a0Nadal. Hi anir\u00e0s trobant trossets de pell de taronja confitada, panses i un glassejat espectacular d'ametlles i avellanes del Piemonte et faran salivar. Regalar un d'aquests panettones sempre et far\u00e0 quedar molt b\u00e9! Tamb\u00e9 hem triat els seg\u00fcents\u00a0Panettones\u00a0per aquestes Festes: Al Limone\u00a0 Xocolata Moscato Xocolata i Taronja Pandoro Crema de \"Marrons Glac\u00e9s\" Un trosset d\u2019aquest panettone \u00e9s l\u2019acompanyant perfecte per un bon\u00a0caf\u00e8,\u00a0te o infusi\u00f3. Ah, se\u2019ns oblidava, per Primavera arriba\u00a0la Colomba! A\u00a0INHALA Caf\u00e8s i Tes, Portalet, 9, Granollers, Barcelona."},{"@type":"BreadcrumbList","@id":"https:\/\/inhala.net\/es\/productes\/panettone-tradicional-glaseado-de-albertengo-1-kg\/#breadcrumb","itemListElement":[{"@type":"ListItem","position":1,"name":"Inici","item":"https:\/\/inhala.net\/es\/inicio\/"},{"@type":"ListItem","position":2,"name":"Productos","item":"https:\/\/inhala.net\/es\/product\/"},{"@type":"ListItem","position":3,"name":"Panettone Tradicional glaseado Albertengo de 1 kg."}]},{"@type":"WebSite","@id":"https:\/\/inhala.net\/#website","url":"https:\/\/inhala.net\/","name":"Inhala","description":"Coffee & Tea | Invade los sentidos","potentialAction":[{"@type":"SearchAction","target":{"@type":"EntryPoint","urlTemplate":"https:\/\/inhala.net\/?s={search_term_string}"},"query-input":{"@type":"PropertyValueSpecification","valueRequired":true,"valueName":"search_term_string"}}],"inLanguage":"es"}]}},"_links":{"self":[{"href":"https:\/\/inhala.net\/es\/wp-json\/wp\/v2\/product\/30117","targetHints":{"allow":["GET"]}}],"collection":[{"href":"https:\/\/inhala.net\/es\/wp-json\/wp\/v2\/product"}],"about":[{"href":"https:\/\/inhala.net\/es\/wp-json\/wp\/v2\/types\/product"}],"replies":[{"embeddable":true,"href":"https:\/\/inhala.net\/es\/wp-json\/wp\/v2\/comments?post=30117"}],"wp:featuredmedia":[{"embeddable":true,"href":"https:\/\/inhala.net\/es\/wp-json\/wp\/v2\/media\/27831"}],"wp:attachment":[{"href":"https:\/\/inhala.net\/es\/wp-json\/wp\/v2\/media?parent=30117"}],"wp:term":[{"taxonomy":"product_brand","embeddable":true,"href":"https:\/\/inhala.net\/es\/wp-json\/wp\/v2\/product_brand?post=30117"},{"taxonomy":"product_cat","embeddable":true,"href":"https:\/\/inhala.net\/es\/wp-json\/wp\/v2\/product_cat?post=30117"},{"taxonomy":"product_tag","embeddable":true,"href":"https:\/\/inhala.net\/es\/wp-json\/wp\/v2\/product_tag?post=30117"}],"curies":[{"name":"wp","href":"https:\/\/api.w.org\/{rel}","templated":true}]}}