{"id":31265,"date":"2021-08-21T11:31:32","date_gmt":"2021-08-21T10:31:32","guid":{"rendered":"https:\/\/inhala.net\/productes\/rajola-de-xocolata-amb-llet-vainilla-de-madagascar-46-cacau-bio-de-chocolate-organiko\/"},"modified":"2022-09-02T18:26:06","modified_gmt":"2022-09-02T17:26:06","slug":"tableta-de-chocolate-con-leche-vainilla-de-madagascar-46-cacao-bio-de-chocolate-organiko","status":"publish","type":"product","link":"https:\/\/inhala.net\/es\/productes\/tableta-de-chocolate-con-leche-vainilla-de-madagascar-46-cacao-bio-de-chocolate-organiko\/","title":{"rendered":"Tableta de Chocolate con Leche VAINILLA de Madagascar 46% cacao bio de Chocolate Organiko"},"content":{"rendered":"<p>La tableta de\u00a0<strong>Chocolate con Leche <\/strong>con\u00a0<strong>VAINILLA <\/strong>de<strong> Madagascar 46% cacao<\/strong> biol\u00f3gico de <strong>Chocolate Organiko.<\/strong><\/p>\n","protected":false},"excerpt":{"rendered":"<p>La tableta de\u00a0<strong>Chocolate con Leche <\/strong>con\u00a0<strong>VAINILLA <\/strong>de<strong> Madagascar 46% cacao<\/strong> biol\u00f3gico de <strong>Chocolate Organiko<\/strong> es perfecta compa\u00f1\u00eda de una taza de <strong>caf\u00e9<\/strong>,<strong> infusi\u00f3n <\/strong>o<strong> t\u00e9<\/strong>.<\/p>\n<p>Este chocolate es de <strong>Calidad Premium<\/strong> y est\u00e1 elaborado en Espa\u00f1a con cacao org\u00e1nico de <strong>Rep\u00fablica Dominicana<\/strong>.<\/p>\n<p>Tiene un sabor de cacao intenso.<\/p>\n<p>Peso neto: 70 gramos.<\/p>\n<p><strong>NO CONT\u00c9 GLUTEN<\/strong>.<\/p>\n<div><strong>Ingredientes<\/strong>: az\u00facar de ca\u00f1a*, manteca de cacao*, <strong>leche<\/strong> entera en polvo*, cacao* (46% cacao m\u00ednimo), 0,3% vainilla*, emulgente: lecitina de <strong>soja<\/strong>*.<\/div>\n<div>\n<div class=\"content\">\n<h5>* De producci\u00f3n ecol\u00f3gica.<\/h5>\n<\/div>\n<p><span class=\"title\">Alergenos: contiene <\/span>soja o ingredientes a base de soja y leche (inclu\u00edda la lactosa), posible presencia de trazas de almendra, avellana y pistacho.<\/p>\n<p>En <a href=\"http:\/\/inhala.net\/es\"><strong>INHALA<\/strong><strong> Caf\u00e9s y T\u00e9s <\/strong><\/a>te ofrecemos una selecci\u00f3n de <strong>chocolates <\/strong>de<strong>\u00a0Chocolate Organiko<\/strong> como el de <a href=\"https:\/\/inhala.net\/es\/productes\/tableta-de-chocolate-con-leche-36-de-cacao-con-canela-vainilla-y-chili-de-chocolate-organiko-70-gramos\/\"><strong>Canela,<\/strong> <strong>Vainilla y Chili<\/strong><\/a>,\u00a0 el <a href=\"https:\/\/inhala.net\/es\/productes\/tableta-de-chocolate-negro-70-de-cacao-con-menta-de-chocolate-organiko-70-gramos\/\">Chocolate Negro y <strong>Menta<\/strong><\/a>, el <a href=\"https:\/\/inhala.net\/es\/productes\/tableta-de-chocolate-negro-70-de-cacao-con-sal-de-ibiza-de-chocolate-organiko-70-gramos\/\"><strong>Chocolate Negro<\/strong>\u00a0\u00a0<strong>70%<\/strong> con <strong>Sal de Ibiza<\/strong><\/a>, el <strong>Chocolate blanco <\/strong>con <strong>Lim\u00f3n <\/strong>y<strong> Canela.<\/strong><\/p>\n<\/div>\n<div><\/div>\n","protected":false},"featured_media":31259,"comment_status":"open","ping_status":"closed","template":"","meta":{"inline_featured_image":false},"product_brand":[],"product_cat":[220],"product_tag":[1858,535,2009,2010,1653,551],"class_list":{"0":"post-31265","1":"product","2":"type-product","3":"status-publish","4":"has-post-thumbnail","6":"product_cat-galletas-y-chocolates","7":"product_tag-bio-es","8":"product_tag-chocolate","9":"product_tag-chocolate-organiko-es","10":"product_tag-madagascar-es","11":"product_tag-rajola-es","12":"product_tag-vainilla-es","14":"first","15":"instock","16":"taxable","17":"shipping-taxable","18":"purchasable","19":"product-type-simple"},"yoast_head":"<!-- This site is optimized with the Yoast SEO plugin v27.3 - https:\/\/yoast.com\/product\/yoast-seo-wordpress\/ -->\n<title>Comprar Tableta Chocolate Leche VAINILLA Madagascar - Inhala<\/title>\n<meta name=\"description\" content=\"La tableta de\u00a0Chocolate con Leche con\u00a0VAINILLA de Madagascar 46% cacao biol\u00f3gico de Chocolate Organiko en INHALA Caf\u00e9s y T\u00e9s, Granollers.\" \/>\n<meta name=\"robots\" content=\"index, follow, max-snippet:-1, max-image-preview:large, max-video-preview:-1\" \/>\n<link rel=\"canonical\" href=\"https:\/\/inhala.net\/es\/productes\/tableta-de-chocolate-con-leche-vainilla-de-madagascar-46-cacao-bio-de-chocolate-organiko\/\" \/>\n<meta property=\"og:locale\" content=\"es_ES\" \/>\n<meta property=\"og:type\" content=\"article\" \/>\n<meta property=\"og:title\" content=\"Comprar Tableta Chocolate Leche VAINILLA Madagascar - Inhala\" \/>\n<meta property=\"og:description\" content=\"La tableta de\u00a0Chocolate con Leche con\u00a0VAINILLA de Madagascar 46% cacao biol\u00f3gico de Chocolate Organiko en INHALA Caf\u00e9s y T\u00e9s, Granollers.\" \/>\n<meta property=\"og:url\" content=\"https:\/\/inhala.net\/es\/productes\/tableta-de-chocolate-con-leche-vainilla-de-madagascar-46-cacao-bio-de-chocolate-organiko\/\" \/>\n<meta property=\"og:site_name\" content=\"Inhala\" \/>\n<meta property=\"article:modified_time\" content=\"2022-09-02T17:26:06+00:00\" \/>\n<meta property=\"og:image\" content=\"https:\/\/inhala.net\/wp-content\/uploads\/2021\/08\/rajola-xocolata-llet-vainilla-madagascar-chocolate-organiko-Inhala-cafes-y-tes.jpg\" \/>\n\t<meta property=\"og:image:width\" content=\"600\" \/>\n\t<meta property=\"og:image:height\" content=\"645\" \/>\n\t<meta property=\"og:image:type\" content=\"image\/jpeg\" \/>\n<meta name=\"twitter:card\" content=\"summary_large_image\" \/>\n<meta name=\"twitter:label1\" content=\"Tiempo de lectura\" \/>\n\t<meta name=\"twitter:data1\" content=\"1 minuto\" \/>\n<script type=\"application\/ld+json\" class=\"yoast-schema-graph\">{\"@context\":\"https:\\\/\\\/schema.org\",\"@graph\":[{\"@type\":\"WebPage\",\"@id\":\"https:\\\/\\\/inhala.net\\\/es\\\/productes\\\/tableta-de-chocolate-con-leche-vainilla-de-madagascar-46-cacao-bio-de-chocolate-organiko\\\/\",\"url\":\"https:\\\/\\\/inhala.net\\\/es\\\/productes\\\/tableta-de-chocolate-con-leche-vainilla-de-madagascar-46-cacao-bio-de-chocolate-organiko\\\/\",\"name\":\"Comprar Tableta Chocolate Leche VAINILLA Madagascar - Inhala\",\"isPartOf\":{\"@id\":\"https:\\\/\\\/inhala.net\\\/#website\"},\"primaryImageOfPage\":{\"@id\":\"https:\\\/\\\/inhala.net\\\/es\\\/productes\\\/tableta-de-chocolate-con-leche-vainilla-de-madagascar-46-cacao-bio-de-chocolate-organiko\\\/#primaryimage\"},\"image\":{\"@id\":\"https:\\\/\\\/inhala.net\\\/es\\\/productes\\\/tableta-de-chocolate-con-leche-vainilla-de-madagascar-46-cacao-bio-de-chocolate-organiko\\\/#primaryimage\"},\"thumbnailUrl\":\"https:\\\/\\\/inhala.net\\\/wp-content\\\/uploads\\\/2021\\\/08\\\/rajola-xocolata-llet-vainilla-madagascar-chocolate-organiko-Inhala-cafes-y-tes.jpg\",\"datePublished\":\"2021-08-21T10:31:32+00:00\",\"dateModified\":\"2022-09-02T17:26:06+00:00\",\"description\":\"La tableta de\u00a0Chocolate con Leche con\u00a0VAINILLA de Madagascar 46% cacao biol\u00f3gico de Chocolate Organiko en INHALA Caf\u00e9s y T\u00e9s, Granollers.\",\"breadcrumb\":{\"@id\":\"https:\\\/\\\/inhala.net\\\/es\\\/productes\\\/tableta-de-chocolate-con-leche-vainilla-de-madagascar-46-cacao-bio-de-chocolate-organiko\\\/#breadcrumb\"},\"inLanguage\":\"es\",\"potentialAction\":[{\"@type\":\"ReadAction\",\"target\":[\"https:\\\/\\\/inhala.net\\\/es\\\/productes\\\/tableta-de-chocolate-con-leche-vainilla-de-madagascar-46-cacao-bio-de-chocolate-organiko\\\/\"]}]},{\"@type\":\"ImageObject\",\"inLanguage\":\"es\",\"@id\":\"https:\\\/\\\/inhala.net\\\/es\\\/productes\\\/tableta-de-chocolate-con-leche-vainilla-de-madagascar-46-cacao-bio-de-chocolate-organiko\\\/#primaryimage\",\"url\":\"https:\\\/\\\/inhala.net\\\/wp-content\\\/uploads\\\/2021\\\/08\\\/rajola-xocolata-llet-vainilla-madagascar-chocolate-organiko-Inhala-cafes-y-tes.jpg\",\"contentUrl\":\"https:\\\/\\\/inhala.net\\\/wp-content\\\/uploads\\\/2021\\\/08\\\/rajola-xocolata-llet-vainilla-madagascar-chocolate-organiko-Inhala-cafes-y-tes.jpg\",\"width\":600,\"height\":645,\"caption\":\"Rajola de xocolate amb llet amb Vainilla de Madascar de Chocolate Organiko a INHALA Caf\u00e8s i Tes.\"},{\"@type\":\"BreadcrumbList\",\"@id\":\"https:\\\/\\\/inhala.net\\\/es\\\/productes\\\/tableta-de-chocolate-con-leche-vainilla-de-madagascar-46-cacao-bio-de-chocolate-organiko\\\/#breadcrumb\",\"itemListElement\":[{\"@type\":\"ListItem\",\"position\":1,\"name\":\"Inici\",\"item\":\"https:\\\/\\\/inhala.net\\\/es\\\/inicio\\\/\"},{\"@type\":\"ListItem\",\"position\":2,\"name\":\"Productos\",\"item\":\"https:\\\/\\\/inhala.net\\\/es\\\/product\\\/\"},{\"@type\":\"ListItem\",\"position\":3,\"name\":\"Tableta de Chocolate con Leche VAINILLA de Madagascar 46% cacao bio de Chocolate Organiko\"}]},{\"@type\":\"WebSite\",\"@id\":\"https:\\\/\\\/inhala.net\\\/#website\",\"url\":\"https:\\\/\\\/inhala.net\\\/\",\"name\":\"Inhala\",\"description\":\"Coffee & Tea | Invade los sentidos\",\"potentialAction\":[{\"@type\":\"SearchAction\",\"target\":{\"@type\":\"EntryPoint\",\"urlTemplate\":\"https:\\\/\\\/inhala.net\\\/?s={search_term_string}\"},\"query-input\":{\"@type\":\"PropertyValueSpecification\",\"valueRequired\":true,\"valueName\":\"search_term_string\"}}],\"inLanguage\":\"es\"}]}<\/script>\n<!-- \/ Yoast SEO plugin. -->","yoast_head_json":{"title":"Comprar Tableta Chocolate Leche VAINILLA Madagascar - Inhala","description":"La tableta de\u00a0Chocolate con Leche con\u00a0VAINILLA de Madagascar 46% cacao biol\u00f3gico de Chocolate Organiko en INHALA Caf\u00e9s y T\u00e9s, Granollers.","robots":{"index":"index","follow":"follow","max-snippet":"max-snippet:-1","max-image-preview":"max-image-preview:large","max-video-preview":"max-video-preview:-1"},"canonical":"https:\/\/inhala.net\/es\/productes\/tableta-de-chocolate-con-leche-vainilla-de-madagascar-46-cacao-bio-de-chocolate-organiko\/","og_locale":"es_ES","og_type":"article","og_title":"Comprar Tableta Chocolate Leche VAINILLA Madagascar - Inhala","og_description":"La tableta de\u00a0Chocolate con Leche con\u00a0VAINILLA de Madagascar 46% cacao biol\u00f3gico de Chocolate Organiko en INHALA Caf\u00e9s y T\u00e9s, Granollers.","og_url":"https:\/\/inhala.net\/es\/productes\/tableta-de-chocolate-con-leche-vainilla-de-madagascar-46-cacao-bio-de-chocolate-organiko\/","og_site_name":"Inhala","article_modified_time":"2022-09-02T17:26:06+00:00","og_image":[{"width":600,"height":645,"url":"https:\/\/inhala.net\/wp-content\/uploads\/2021\/08\/rajola-xocolata-llet-vainilla-madagascar-chocolate-organiko-Inhala-cafes-y-tes.jpg","type":"image\/jpeg"}],"twitter_card":"summary_large_image","twitter_misc":{"Tiempo de lectura":"1 minuto"},"schema":{"@context":"https:\/\/schema.org","@graph":[{"@type":"WebPage","@id":"https:\/\/inhala.net\/es\/productes\/tableta-de-chocolate-con-leche-vainilla-de-madagascar-46-cacao-bio-de-chocolate-organiko\/","url":"https:\/\/inhala.net\/es\/productes\/tableta-de-chocolate-con-leche-vainilla-de-madagascar-46-cacao-bio-de-chocolate-organiko\/","name":"Comprar Tableta Chocolate Leche VAINILLA Madagascar - Inhala","isPartOf":{"@id":"https:\/\/inhala.net\/#website"},"primaryImageOfPage":{"@id":"https:\/\/inhala.net\/es\/productes\/tableta-de-chocolate-con-leche-vainilla-de-madagascar-46-cacao-bio-de-chocolate-organiko\/#primaryimage"},"image":{"@id":"https:\/\/inhala.net\/es\/productes\/tableta-de-chocolate-con-leche-vainilla-de-madagascar-46-cacao-bio-de-chocolate-organiko\/#primaryimage"},"thumbnailUrl":"https:\/\/inhala.net\/wp-content\/uploads\/2021\/08\/rajola-xocolata-llet-vainilla-madagascar-chocolate-organiko-Inhala-cafes-y-tes.jpg","datePublished":"2021-08-21T10:31:32+00:00","dateModified":"2022-09-02T17:26:06+00:00","description":"La tableta de\u00a0Chocolate con Leche con\u00a0VAINILLA de Madagascar 46% cacao biol\u00f3gico de Chocolate Organiko en INHALA Caf\u00e9s y T\u00e9s, Granollers.","breadcrumb":{"@id":"https:\/\/inhala.net\/es\/productes\/tableta-de-chocolate-con-leche-vainilla-de-madagascar-46-cacao-bio-de-chocolate-organiko\/#breadcrumb"},"inLanguage":"es","potentialAction":[{"@type":"ReadAction","target":["https:\/\/inhala.net\/es\/productes\/tableta-de-chocolate-con-leche-vainilla-de-madagascar-46-cacao-bio-de-chocolate-organiko\/"]}]},{"@type":"ImageObject","inLanguage":"es","@id":"https:\/\/inhala.net\/es\/productes\/tableta-de-chocolate-con-leche-vainilla-de-madagascar-46-cacao-bio-de-chocolate-organiko\/#primaryimage","url":"https:\/\/inhala.net\/wp-content\/uploads\/2021\/08\/rajola-xocolata-llet-vainilla-madagascar-chocolate-organiko-Inhala-cafes-y-tes.jpg","contentUrl":"https:\/\/inhala.net\/wp-content\/uploads\/2021\/08\/rajola-xocolata-llet-vainilla-madagascar-chocolate-organiko-Inhala-cafes-y-tes.jpg","width":600,"height":645,"caption":"Rajola de xocolate amb llet amb Vainilla de Madascar de Chocolate Organiko a INHALA Caf\u00e8s i Tes."},{"@type":"BreadcrumbList","@id":"https:\/\/inhala.net\/es\/productes\/tableta-de-chocolate-con-leche-vainilla-de-madagascar-46-cacao-bio-de-chocolate-organiko\/#breadcrumb","itemListElement":[{"@type":"ListItem","position":1,"name":"Inici","item":"https:\/\/inhala.net\/es\/inicio\/"},{"@type":"ListItem","position":2,"name":"Productos","item":"https:\/\/inhala.net\/es\/product\/"},{"@type":"ListItem","position":3,"name":"Tableta de Chocolate con Leche VAINILLA de Madagascar 46% cacao bio de Chocolate Organiko"}]},{"@type":"WebSite","@id":"https:\/\/inhala.net\/#website","url":"https:\/\/inhala.net\/","name":"Inhala","description":"Coffee & Tea | Invade los sentidos","potentialAction":[{"@type":"SearchAction","target":{"@type":"EntryPoint","urlTemplate":"https:\/\/inhala.net\/?s={search_term_string}"},"query-input":{"@type":"PropertyValueSpecification","valueRequired":true,"valueName":"search_term_string"}}],"inLanguage":"es"}]}},"_links":{"self":[{"href":"https:\/\/inhala.net\/es\/wp-json\/wp\/v2\/product\/31265","targetHints":{"allow":["GET"]}}],"collection":[{"href":"https:\/\/inhala.net\/es\/wp-json\/wp\/v2\/product"}],"about":[{"href":"https:\/\/inhala.net\/es\/wp-json\/wp\/v2\/types\/product"}],"replies":[{"embeddable":true,"href":"https:\/\/inhala.net\/es\/wp-json\/wp\/v2\/comments?post=31265"}],"wp:featuredmedia":[{"embeddable":true,"href":"https:\/\/inhala.net\/es\/wp-json\/wp\/v2\/media\/31259"}],"wp:attachment":[{"href":"https:\/\/inhala.net\/es\/wp-json\/wp\/v2\/media?parent=31265"}],"wp:term":[{"taxonomy":"product_brand","embeddable":true,"href":"https:\/\/inhala.net\/es\/wp-json\/wp\/v2\/product_brand?post=31265"},{"taxonomy":"product_cat","embeddable":true,"href":"https:\/\/inhala.net\/es\/wp-json\/wp\/v2\/product_cat?post=31265"},{"taxonomy":"product_tag","embeddable":true,"href":"https:\/\/inhala.net\/es\/wp-json\/wp\/v2\/product_tag?post=31265"}],"curies":[{"name":"wp","href":"https:\/\/api.w.org\/{rel}","templated":true}]}}