{"id":32102,"date":"2021-12-02T19:18:26","date_gmt":"2021-12-02T18:18:26","guid":{"rendered":"https:\/\/inhala.net\/productes\/estovalles-de-coto-rigmor-grey-de-greengate-145-cm-x-250-cm\/"},"modified":"2026-01-15T18:38:57","modified_gmt":"2026-01-15T17:38:57","slug":"mantel-corazones-we-are-love-de-algodon-150-cm-x-270-cm","status":"publish","type":"product","link":"https:\/\/inhala.net\/es\/productes\/mantel-corazones-we-are-love-de-algodon-150-cm-x-270-cm\/","title":{"rendered":"Mantel corazones &#8220;We are Love&#8221; de algod\u00f3n 150 cm. x 270 cm."},"content":{"rendered":"<p>En <a href=\"http:\/\/inhala.net\/\"><strong>INHALA Caf\u00e9s y T\u00e9s<\/strong><\/a> somos punto de venta de<strong> Blanc Maricl\u00f3<\/strong>, firma italiana muy exclusiva.<\/p>\n<p>&nbsp;<\/p>\n","protected":false},"excerpt":{"rendered":"<p>El <strong>mantel<\/strong> de algod\u00f3n con corazones &#8220;We are Love&#8221; de Blanc Maricl\u00f3 mide 150 cm. x 270 cm.<\/p>\n<p>Estilo rom\u00e1ntico, sencillo muy elegante, ideal para vestir una mesa de sobremesa de caf\u00e9s y t\u00e9s.<\/p>\n<p>Tambi\u00e9n tenemos disponibles las <strong><span style=\"color: #800000;\">servilletas<\/span> <\/strong>con el mismo estampado que miden 40 cm. x 40 cm.<\/p>\n<p>En <span style=\"color: #800000;\"><a style=\"color: #800000;\" href=\"http:\/\/inhala.net\/es\"><strong>INHALA Caf\u00e9s y T\u00e9s<\/strong><\/a><\/span> somos punto de venta de<strong> Blanc Maricl\u00f3<\/strong>, firma italiana muy exclusiva de la Toscana, tambi\u00e9n tenemos ottros art\u00edculos preciosos de esta firma como unas <strong>copas de vidrio<\/strong>, tazas de caf\u00e9, tazas de t\u00e9, platos, bandejas, etc.<\/p>\n<p>Si est\u00e1s buscando alg\u00fan art\u00edculo en especial, aqu\u00ed estamos para ayudarte a encontrarlo.<\/p>\n<p>Contacta con nosotras por email <strong>info@inhala.net<\/strong> o <strong>938794805<\/strong><\/p>\n<p>&nbsp;<\/p>\n","protected":false},"featured_media":39470,"comment_status":"open","ping_status":"closed","template":"","meta":{"inline_featured_image":false},"product_brand":[],"product_cat":[219,3735],"product_tag":[680,547,3331,2013,845,866,1460,564],"class_list":{"0":"post-32102","1":"product","2":"type-product","3":"status-publish","4":"has-post-thumbnail","6":"product_cat-ambiente-en-la-mesa","7":"product_cat-san-valentin","8":"product_tag-algodon","9":"product_tag-ambiente","10":"product_tag-blanc-mariclo","11":"product_tag-cors-es","12":"product_tag-decoracion-es","13":"product_tag-estovalles-es","14":"product_tag-heart-es-2","15":"product_tag-san-valentin","17":"first","18":"outofstock","19":"taxable","20":"shipping-taxable","21":"purchasable","22":"product-type-simple"},"yoast_head":"<!-- This site is optimized with the Yoast SEO plugin v27.3 - https:\/\/yoast.com\/product\/yoast-seo-wordpress\/ -->\n<title>Comprar Mantel Mantel corazones We are Love 150 x 270 - Inhala<\/title>\n<meta name=\"description\" content=\"El mantel con corazones &quot;We are Love&quot; de algod\u00f3n Blanc Maricl\u00f3 mide 150 cm. x 270 cm. En INHALA Caf\u00e9s y T\u00e9s, Portalet, 9, Granollers, Barcelona.\" \/>\n<meta name=\"robots\" content=\"index, follow, max-snippet:-1, max-image-preview:large, max-video-preview:-1\" \/>\n<link rel=\"canonical\" href=\"https:\/\/inhala.net\/es\/productes\/mantel-corazones-we-are-love-de-algodon-150-cm-x-270-cm\/\" \/>\n<meta property=\"og:locale\" content=\"es_ES\" \/>\n<meta property=\"og:type\" content=\"article\" \/>\n<meta property=\"og:title\" content=\"Comprar Mantel Mantel corazones We are Love 150 x 270 - Inhala\" \/>\n<meta property=\"og:description\" content=\"El mantel con corazones &quot;We are Love&quot; de algod\u00f3n Blanc Maricl\u00f3 mide 150 cm. x 270 cm. En INHALA Caf\u00e9s y T\u00e9s, Portalet, 9, Granollers, Barcelona.\" \/>\n<meta property=\"og:url\" content=\"https:\/\/inhala.net\/es\/productes\/mantel-corazones-we-are-love-de-algodon-150-cm-x-270-cm\/\" \/>\n<meta property=\"og:site_name\" content=\"Inhala\" \/>\n<meta property=\"article:modified_time\" content=\"2026-01-15T17:38:57+00:00\" \/>\n<meta property=\"og:image\" content=\"https:\/\/inhala.net\/wp-content\/uploads\/2021\/12\/mantel-estovalles-corazones-We-are-love-Blanc-Mariclo-Inhala-cafes-y-Tes-Granollers-Barcelona-1-scaled.jpg\" \/>\n\t<meta property=\"og:image:width\" content=\"1738\" \/>\n\t<meta property=\"og:image:height\" content=\"2560\" \/>\n\t<meta property=\"og:image:type\" content=\"image\/jpeg\" \/>\n<meta name=\"twitter:card\" content=\"summary_large_image\" \/>\n<meta name=\"twitter:label1\" content=\"Tiempo de lectura\" \/>\n\t<meta name=\"twitter:data1\" content=\"1 minuto\" \/>\n<script type=\"application\/ld+json\" class=\"yoast-schema-graph\">{\"@context\":\"https:\\\/\\\/schema.org\",\"@graph\":[{\"@type\":\"WebPage\",\"@id\":\"https:\\\/\\\/inhala.net\\\/es\\\/productes\\\/mantel-corazones-we-are-love-de-algodon-150-cm-x-270-cm\\\/\",\"url\":\"https:\\\/\\\/inhala.net\\\/es\\\/productes\\\/mantel-corazones-we-are-love-de-algodon-150-cm-x-270-cm\\\/\",\"name\":\"Comprar Mantel Mantel corazones We are Love 150 x 270 - Inhala\",\"isPartOf\":{\"@id\":\"https:\\\/\\\/inhala.net\\\/#website\"},\"primaryImageOfPage\":{\"@id\":\"https:\\\/\\\/inhala.net\\\/es\\\/productes\\\/mantel-corazones-we-are-love-de-algodon-150-cm-x-270-cm\\\/#primaryimage\"},\"image\":{\"@id\":\"https:\\\/\\\/inhala.net\\\/es\\\/productes\\\/mantel-corazones-we-are-love-de-algodon-150-cm-x-270-cm\\\/#primaryimage\"},\"thumbnailUrl\":\"https:\\\/\\\/inhala.net\\\/wp-content\\\/uploads\\\/2021\\\/12\\\/mantel-estovalles-corazones-We-are-love-Blanc-Mariclo-Inhala-cafes-y-Tes-Granollers-Barcelona-1-scaled.jpg\",\"datePublished\":\"2021-12-02T18:18:26+00:00\",\"dateModified\":\"2026-01-15T17:38:57+00:00\",\"description\":\"El mantel con corazones \\\"We are Love\\\" de algod\u00f3n Blanc Maricl\u00f3 mide 150 cm. x 270 cm. En INHALA Caf\u00e9s y T\u00e9s, Portalet, 9, Granollers, Barcelona.\",\"breadcrumb\":{\"@id\":\"https:\\\/\\\/inhala.net\\\/es\\\/productes\\\/mantel-corazones-we-are-love-de-algodon-150-cm-x-270-cm\\\/#breadcrumb\"},\"inLanguage\":\"es\",\"potentialAction\":[{\"@type\":\"ReadAction\",\"target\":[\"https:\\\/\\\/inhala.net\\\/es\\\/productes\\\/mantel-corazones-we-are-love-de-algodon-150-cm-x-270-cm\\\/\"]}]},{\"@type\":\"ImageObject\",\"inLanguage\":\"es\",\"@id\":\"https:\\\/\\\/inhala.net\\\/es\\\/productes\\\/mantel-corazones-we-are-love-de-algodon-150-cm-x-270-cm\\\/#primaryimage\",\"url\":\"https:\\\/\\\/inhala.net\\\/wp-content\\\/uploads\\\/2021\\\/12\\\/mantel-estovalles-corazones-We-are-love-Blanc-Mariclo-Inhala-cafes-y-Tes-Granollers-Barcelona-1-scaled.jpg\",\"contentUrl\":\"https:\\\/\\\/inhala.net\\\/wp-content\\\/uploads\\\/2021\\\/12\\\/mantel-estovalles-corazones-We-are-love-Blanc-Mariclo-Inhala-cafes-y-Tes-Granollers-Barcelona-1-scaled.jpg\",\"width\":1738,\"height\":2560,\"caption\":\"Les estovalles \\\"We are Love\\\" amb cors medeix 150 cm. x 270 cm. i s\u00f3n de cot\u00f3 100%. El seu estampat en cors petits de color vermell \u00e9s ideal per a cada dia i per a qualsevol estil de decoraci\u00f3. Senzilles i molt elegants a la vegada. \u00c9s bonic vestir la teva taula de caf\u00e8s i tes amb estovalles com aquesta. Tamb\u00e9 tenim els tovallons que li fan conjunt i medeixen 40 cm. x 40 cm. A\u00a0INHALA Caf\u00e8s i Tes\u00a0som punt de venda de Blanc Maricl\u00f3, firma italiana molt exclusiva. Si est\u00e0s buscant alguna cosa en especial, aqu\u00ed estem per ajudar-te. Si necessites algun aclariment, pots contactar amb nosaltres a\u00a0info@inhala.net\u00a0o al\u00a0938794805.\"},{\"@type\":\"BreadcrumbList\",\"@id\":\"https:\\\/\\\/inhala.net\\\/es\\\/productes\\\/mantel-corazones-we-are-love-de-algodon-150-cm-x-270-cm\\\/#breadcrumb\",\"itemListElement\":[{\"@type\":\"ListItem\",\"position\":1,\"name\":\"Inici\",\"item\":\"https:\\\/\\\/inhala.net\\\/es\\\/inicio\\\/\"},{\"@type\":\"ListItem\",\"position\":2,\"name\":\"Productos\",\"item\":\"https:\\\/\\\/inhala.net\\\/es\\\/product\\\/\"},{\"@type\":\"ListItem\",\"position\":3,\"name\":\"Mantel corazones &#8220;We are Love&#8221; de algod\u00f3n 150 cm. x 270 cm.\"}]},{\"@type\":\"WebSite\",\"@id\":\"https:\\\/\\\/inhala.net\\\/#website\",\"url\":\"https:\\\/\\\/inhala.net\\\/\",\"name\":\"Inhala\",\"description\":\"Coffee & Tea | Invade los sentidos\",\"potentialAction\":[{\"@type\":\"SearchAction\",\"target\":{\"@type\":\"EntryPoint\",\"urlTemplate\":\"https:\\\/\\\/inhala.net\\\/?s={search_term_string}\"},\"query-input\":{\"@type\":\"PropertyValueSpecification\",\"valueRequired\":true,\"valueName\":\"search_term_string\"}}],\"inLanguage\":\"es\"}]}<\/script>\n<!-- \/ Yoast SEO plugin. -->","yoast_head_json":{"title":"Comprar Mantel Mantel corazones We are Love 150 x 270 - Inhala","description":"El mantel con corazones \"We are Love\" de algod\u00f3n Blanc Maricl\u00f3 mide 150 cm. x 270 cm. En INHALA Caf\u00e9s y T\u00e9s, Portalet, 9, Granollers, Barcelona.","robots":{"index":"index","follow":"follow","max-snippet":"max-snippet:-1","max-image-preview":"max-image-preview:large","max-video-preview":"max-video-preview:-1"},"canonical":"https:\/\/inhala.net\/es\/productes\/mantel-corazones-we-are-love-de-algodon-150-cm-x-270-cm\/","og_locale":"es_ES","og_type":"article","og_title":"Comprar Mantel Mantel corazones We are Love 150 x 270 - Inhala","og_description":"El mantel con corazones \"We are Love\" de algod\u00f3n Blanc Maricl\u00f3 mide 150 cm. x 270 cm. En INHALA Caf\u00e9s y T\u00e9s, Portalet, 9, Granollers, Barcelona.","og_url":"https:\/\/inhala.net\/es\/productes\/mantel-corazones-we-are-love-de-algodon-150-cm-x-270-cm\/","og_site_name":"Inhala","article_modified_time":"2026-01-15T17:38:57+00:00","og_image":[{"width":1738,"height":2560,"url":"https:\/\/inhala.net\/wp-content\/uploads\/2021\/12\/mantel-estovalles-corazones-We-are-love-Blanc-Mariclo-Inhala-cafes-y-Tes-Granollers-Barcelona-1-scaled.jpg","type":"image\/jpeg"}],"twitter_card":"summary_large_image","twitter_misc":{"Tiempo de lectura":"1 minuto"},"schema":{"@context":"https:\/\/schema.org","@graph":[{"@type":"WebPage","@id":"https:\/\/inhala.net\/es\/productes\/mantel-corazones-we-are-love-de-algodon-150-cm-x-270-cm\/","url":"https:\/\/inhala.net\/es\/productes\/mantel-corazones-we-are-love-de-algodon-150-cm-x-270-cm\/","name":"Comprar Mantel Mantel corazones We are Love 150 x 270 - Inhala","isPartOf":{"@id":"https:\/\/inhala.net\/#website"},"primaryImageOfPage":{"@id":"https:\/\/inhala.net\/es\/productes\/mantel-corazones-we-are-love-de-algodon-150-cm-x-270-cm\/#primaryimage"},"image":{"@id":"https:\/\/inhala.net\/es\/productes\/mantel-corazones-we-are-love-de-algodon-150-cm-x-270-cm\/#primaryimage"},"thumbnailUrl":"https:\/\/inhala.net\/wp-content\/uploads\/2021\/12\/mantel-estovalles-corazones-We-are-love-Blanc-Mariclo-Inhala-cafes-y-Tes-Granollers-Barcelona-1-scaled.jpg","datePublished":"2021-12-02T18:18:26+00:00","dateModified":"2026-01-15T17:38:57+00:00","description":"El mantel con corazones \"We are Love\" de algod\u00f3n Blanc Maricl\u00f3 mide 150 cm. x 270 cm. En INHALA Caf\u00e9s y T\u00e9s, Portalet, 9, Granollers, Barcelona.","breadcrumb":{"@id":"https:\/\/inhala.net\/es\/productes\/mantel-corazones-we-are-love-de-algodon-150-cm-x-270-cm\/#breadcrumb"},"inLanguage":"es","potentialAction":[{"@type":"ReadAction","target":["https:\/\/inhala.net\/es\/productes\/mantel-corazones-we-are-love-de-algodon-150-cm-x-270-cm\/"]}]},{"@type":"ImageObject","inLanguage":"es","@id":"https:\/\/inhala.net\/es\/productes\/mantel-corazones-we-are-love-de-algodon-150-cm-x-270-cm\/#primaryimage","url":"https:\/\/inhala.net\/wp-content\/uploads\/2021\/12\/mantel-estovalles-corazones-We-are-love-Blanc-Mariclo-Inhala-cafes-y-Tes-Granollers-Barcelona-1-scaled.jpg","contentUrl":"https:\/\/inhala.net\/wp-content\/uploads\/2021\/12\/mantel-estovalles-corazones-We-are-love-Blanc-Mariclo-Inhala-cafes-y-Tes-Granollers-Barcelona-1-scaled.jpg","width":1738,"height":2560,"caption":"Les estovalles \"We are Love\" amb cors medeix 150 cm. x 270 cm. i s\u00f3n de cot\u00f3 100%. El seu estampat en cors petits de color vermell \u00e9s ideal per a cada dia i per a qualsevol estil de decoraci\u00f3. Senzilles i molt elegants a la vegada. \u00c9s bonic vestir la teva taula de caf\u00e8s i tes amb estovalles com aquesta. Tamb\u00e9 tenim els tovallons que li fan conjunt i medeixen 40 cm. x 40 cm. A\u00a0INHALA Caf\u00e8s i Tes\u00a0som punt de venda de Blanc Maricl\u00f3, firma italiana molt exclusiva. Si est\u00e0s buscant alguna cosa en especial, aqu\u00ed estem per ajudar-te. Si necessites algun aclariment, pots contactar amb nosaltres a\u00a0info@inhala.net\u00a0o al\u00a0938794805."},{"@type":"BreadcrumbList","@id":"https:\/\/inhala.net\/es\/productes\/mantel-corazones-we-are-love-de-algodon-150-cm-x-270-cm\/#breadcrumb","itemListElement":[{"@type":"ListItem","position":1,"name":"Inici","item":"https:\/\/inhala.net\/es\/inicio\/"},{"@type":"ListItem","position":2,"name":"Productos","item":"https:\/\/inhala.net\/es\/product\/"},{"@type":"ListItem","position":3,"name":"Mantel corazones &#8220;We are Love&#8221; de algod\u00f3n 150 cm. x 270 cm."}]},{"@type":"WebSite","@id":"https:\/\/inhala.net\/#website","url":"https:\/\/inhala.net\/","name":"Inhala","description":"Coffee & Tea | Invade los sentidos","potentialAction":[{"@type":"SearchAction","target":{"@type":"EntryPoint","urlTemplate":"https:\/\/inhala.net\/?s={search_term_string}"},"query-input":{"@type":"PropertyValueSpecification","valueRequired":true,"valueName":"search_term_string"}}],"inLanguage":"es"}]}},"_links":{"self":[{"href":"https:\/\/inhala.net\/es\/wp-json\/wp\/v2\/product\/32102","targetHints":{"allow":["GET"]}}],"collection":[{"href":"https:\/\/inhala.net\/es\/wp-json\/wp\/v2\/product"}],"about":[{"href":"https:\/\/inhala.net\/es\/wp-json\/wp\/v2\/types\/product"}],"replies":[{"embeddable":true,"href":"https:\/\/inhala.net\/es\/wp-json\/wp\/v2\/comments?post=32102"}],"wp:featuredmedia":[{"embeddable":true,"href":"https:\/\/inhala.net\/es\/wp-json\/wp\/v2\/media\/39470"}],"wp:attachment":[{"href":"https:\/\/inhala.net\/es\/wp-json\/wp\/v2\/media?parent=32102"}],"wp:term":[{"taxonomy":"product_brand","embeddable":true,"href":"https:\/\/inhala.net\/es\/wp-json\/wp\/v2\/product_brand?post=32102"},{"taxonomy":"product_cat","embeddable":true,"href":"https:\/\/inhala.net\/es\/wp-json\/wp\/v2\/product_cat?post=32102"},{"taxonomy":"product_tag","embeddable":true,"href":"https:\/\/inhala.net\/es\/wp-json\/wp\/v2\/product_tag?post=32102"}],"curies":[{"name":"wp","href":"https:\/\/api.w.org\/{rel}","templated":true}]}}