{"id":33557,"date":"2022-05-21T10:39:54","date_gmt":"2022-05-21T09:39:54","guid":{"rendered":"https:\/\/inhala.net\/productes\/cafe-aromatitzat-a-la-vainilla-paquet-de-250-grams\/"},"modified":"2026-03-28T20:37:41","modified_gmt":"2026-03-28T19:37:41","slug":"cafe-aromatizado-a-la-vainilla-250-grs","status":"publish","type":"product","link":"https:\/\/inhala.net\/es\/productes\/cafe-aromatizado-a-la-vainilla-250-grs\/","title":{"rendered":"Caf\u00e9 aromatizado a la Vainilla 250 grs"},"content":{"rendered":"<p>El <strong>caf\u00e9<\/strong> aromatizado a la <strong>vainilla<\/strong> es ideal para preparar recetas con caf\u00e9.<\/p>\n<p>Batidos, smoothies, tiramis\u00f9, cappuccinos, etc.<\/p>\n<p>Tambi\u00e9n tenemos <span style=\"color: #800000;\"><em>Caf\u00e9 a la <strong>Avellana<span style=\"color: #000000;\">, <\/span><\/strong>al <strong>Caramelo<\/strong><\/em><\/span> y <span style=\"color: #800080;\"><em><span style=\"color: #800000;\">Caf\u00e9 al <strong>Chocolate<\/strong>.<\/span><\/em><\/span><\/p>\n","protected":false},"excerpt":{"rendered":"<p>El <strong>caf\u00e9<\/strong> aromatizado a la <strong>vainilla<\/strong> es ideal para aquellos amantes de recetas dulces con caf\u00e9: batidos, smoothies, tiramis\u00f9, cappuccinos, &#8220;cortados&#8221; especiales.<\/p>\n<p>Como todos nuestros caf\u00e9s, lo vendemos en grano, aunque lo podemos moler &#8220;al momento&#8221; seg\u00fan el tipo de cafetera que quieras utilizar para prepararlo: Moka, espresso, filtro, Aeropress, Chemex, French press.<\/p>\n<p>D\u00e9ja en comentarios cu\u00e1l es tu opci\u00f3n y lo vamos a moler justo al preparar tu pedido, cuando abras tu paquete, su aroma te alucinar\u00e1.<\/p>\n<p>Tambi\u00e9n tenemos <span style=\"color: #800000;\"><em>Caf\u00e9 a la <strong>Avellana<span style=\"color: #000000;\">, <\/span><\/strong>al <strong>Caramelo<\/strong><\/em><\/span> y <a href=\"https:\/\/inhala.net\/es\/productes\/cafe-aromatizado-al-chocolate-250-grs\/\"><span style=\"color: #800080;\"><em><span style=\"color: #800000;\">Caf\u00e9 al <strong>Chocolate<\/strong><\/span><\/em><\/span><\/a>.<\/p>\n<p>Y siempre nuestra selecci\u00f3n de caf\u00e9s reci\u00e9n tostados aqu\u00ed te esperan.<\/p>\n<p>En\u00a0<strong><a href=\"https:\/\/inhala.net\/es\"><span style=\"color: #800000;\">INHALA<\/span> <\/a><\/strong>vas a encontrar una selecci\u00f3n de\u00a0<a href=\"https:\/\/inhala.net\/es\/categorias\/cafes-es\/\"><strong>caf\u00e9s<\/strong>\u00a0reci\u00e9n tostados<\/a>,\u00a0<strong><a href=\"\/?product_cat=tes-infusiones\"><span style=\"color: #800000;\">t\u00e9s<\/span>, <span style=\"color: #800000;\">Rooibos <\/span><\/a><\/strong><a href=\"\/?product_cat=tes-infusiones\">e<\/a><strong><a href=\"\/?product_cat=tes-infusiones\"><span style=\"color: #800000;\"> infusiones<\/span><\/a><\/strong>,\u00a0<strong><a href=\"https:\/\/inhala.net\/es\/categorias\/galletas-y-chocolates\/\">chocolates\u00a0<\/a><\/strong><a href=\"https:\/\/inhala.net\/es\/categorias\/galletas-y-chocolates\/\">y<\/a><strong><a href=\"https:\/\/inhala.net\/es\/categorias\/galletas-y-chocolates\/\">\u00a0galletas.<\/a><\/strong><\/p>\n<p>Estamos en Portalet, 9, Granollers, Barcelona.<\/p>\n","protected":false},"featured_media":33551,"comment_status":"open","ping_status":"closed","template":"","meta":{"inline_featured_image":false},"product_brand":[],"product_cat":[214],"product_tag":[2330,2991,837,571,2992,1492,535,2064,1141,551],"class_list":{"0":"post-33557","1":"product","2":"type-product","3":"status-publish","4":"has-post-thumbnail","6":"product_cat-cafes-es","7":"product_tag-aromatitzat-es","8":"product_tag-aromatizado","9":"product_tag-avellana-es","10":"product_tag-cafe-es","11":"product_tag-cafe-aromatizado","12":"product_tag-cafe-en-grano","13":"product_tag-chocolate","14":"product_tag-coffee-addict-es","15":"product_tag-coffee-lover-es","16":"product_tag-vainilla-es","18":"first","19":"instock","20":"taxable","21":"shipping-taxable","22":"purchasable","23":"product-type-simple"},"yoast_head":"<!-- This site is optimized with the Yoast SEO plugin v27.3 - https:\/\/yoast.com\/product\/yoast-seo-wordpress\/ -->\n<title>Caf\u00e9 aromatizado a la Vainilla, 250 grs - Inhala<\/title>\n<meta name=\"description\" content=\"El caf\u00e9 aromatizado a la vainilla es ideal para recetas dulces con caf\u00e9: smoothies, tiramis\u00f9, cappuccinos. INHALA Caf\u00e9s y T\u00e9s, Portalet, 9, Granollers.\" \/>\n<meta name=\"robots\" content=\"index, follow, max-snippet:-1, max-image-preview:large, max-video-preview:-1\" \/>\n<link rel=\"canonical\" href=\"https:\/\/inhala.net\/es\/productes\/cafe-aromatizado-a-la-vainilla-250-grs\/\" \/>\n<meta property=\"og:locale\" content=\"es_ES\" \/>\n<meta property=\"og:type\" content=\"article\" \/>\n<meta property=\"og:title\" content=\"Caf\u00e9 aromatizado a la Vainilla, 250 grs - Inhala\" \/>\n<meta property=\"og:description\" content=\"El caf\u00e9 aromatizado a la vainilla es ideal para recetas dulces con caf\u00e9: smoothies, tiramis\u00f9, cappuccinos. INHALA Caf\u00e9s y T\u00e9s, Portalet, 9, Granollers.\" \/>\n<meta property=\"og:url\" content=\"https:\/\/inhala.net\/es\/productes\/cafe-aromatizado-a-la-vainilla-250-grs\/\" \/>\n<meta property=\"og:site_name\" content=\"Inhala\" \/>\n<meta property=\"article:modified_time\" content=\"2026-03-28T19:37:41+00:00\" \/>\n<meta property=\"og:image\" content=\"https:\/\/inhala.net\/wp-content\/uploads\/2022\/05\/cafe-aromatizado-a-la-vainilla-avellana-chocolate-xoco-Inhala-Cafes-y-Tes-Granollers-Barcelona-.jpg\" \/>\n\t<meta property=\"og:image:width\" content=\"740\" \/>\n\t<meta property=\"og:image:height\" content=\"756\" \/>\n\t<meta property=\"og:image:type\" content=\"image\/jpeg\" \/>\n<meta name=\"twitter:card\" content=\"summary_large_image\" \/>\n<meta name=\"twitter:label1\" content=\"Tiempo de lectura\" \/>\n\t<meta name=\"twitter:data1\" content=\"1 minuto\" \/>\n<script type=\"application\/ld+json\" class=\"yoast-schema-graph\">{\"@context\":\"https:\\\/\\\/schema.org\",\"@graph\":[{\"@type\":\"WebPage\",\"@id\":\"https:\\\/\\\/inhala.net\\\/es\\\/productes\\\/cafe-aromatizado-a-la-vainilla-250-grs\\\/\",\"url\":\"https:\\\/\\\/inhala.net\\\/es\\\/productes\\\/cafe-aromatizado-a-la-vainilla-250-grs\\\/\",\"name\":\"Caf\u00e9 aromatizado a la Vainilla, 250 grs - Inhala\",\"isPartOf\":{\"@id\":\"https:\\\/\\\/inhala.net\\\/#website\"},\"primaryImageOfPage\":{\"@id\":\"https:\\\/\\\/inhala.net\\\/es\\\/productes\\\/cafe-aromatizado-a-la-vainilla-250-grs\\\/#primaryimage\"},\"image\":{\"@id\":\"https:\\\/\\\/inhala.net\\\/es\\\/productes\\\/cafe-aromatizado-a-la-vainilla-250-grs\\\/#primaryimage\"},\"thumbnailUrl\":\"https:\\\/\\\/inhala.net\\\/wp-content\\\/uploads\\\/2022\\\/05\\\/cafe-aromatizado-a-la-vainilla-avellana-chocolate-xoco-Inhala-Cafes-y-Tes-Granollers-Barcelona-.jpg\",\"datePublished\":\"2022-05-21T09:39:54+00:00\",\"dateModified\":\"2026-03-28T19:37:41+00:00\",\"description\":\"El caf\u00e9 aromatizado a la vainilla es ideal para recetas dulces con caf\u00e9: smoothies, tiramis\u00f9, cappuccinos. INHALA Caf\u00e9s y T\u00e9s, Portalet, 9, Granollers.\",\"breadcrumb\":{\"@id\":\"https:\\\/\\\/inhala.net\\\/es\\\/productes\\\/cafe-aromatizado-a-la-vainilla-250-grs\\\/#breadcrumb\"},\"inLanguage\":\"es\",\"potentialAction\":[{\"@type\":\"ReadAction\",\"target\":[\"https:\\\/\\\/inhala.net\\\/es\\\/productes\\\/cafe-aromatizado-a-la-vainilla-250-grs\\\/\"]}]},{\"@type\":\"ImageObject\",\"inLanguage\":\"es\",\"@id\":\"https:\\\/\\\/inhala.net\\\/es\\\/productes\\\/cafe-aromatizado-a-la-vainilla-250-grs\\\/#primaryimage\",\"url\":\"https:\\\/\\\/inhala.net\\\/wp-content\\\/uploads\\\/2022\\\/05\\\/cafe-aromatizado-a-la-vainilla-avellana-chocolate-xoco-Inhala-Cafes-y-Tes-Granollers-Barcelona-.jpg\",\"contentUrl\":\"https:\\\/\\\/inhala.net\\\/wp-content\\\/uploads\\\/2022\\\/05\\\/cafe-aromatizado-a-la-vainilla-avellana-chocolate-xoco-Inhala-Cafes-y-Tes-Granollers-Barcelona-.jpg\",\"width\":740,\"height\":756,\"caption\":\"Caf\u00e8 aromatitzat a la vainilla, xocolata, avellana a Inhala Caf\u00e8s i Tes, Granollers, Barcelona.\"},{\"@type\":\"BreadcrumbList\",\"@id\":\"https:\\\/\\\/inhala.net\\\/es\\\/productes\\\/cafe-aromatizado-a-la-vainilla-250-grs\\\/#breadcrumb\",\"itemListElement\":[{\"@type\":\"ListItem\",\"position\":1,\"name\":\"Inici\",\"item\":\"https:\\\/\\\/inhala.net\\\/es\\\/inicio\\\/\"},{\"@type\":\"ListItem\",\"position\":2,\"name\":\"Productos\",\"item\":\"https:\\\/\\\/inhala.net\\\/es\\\/product\\\/\"},{\"@type\":\"ListItem\",\"position\":3,\"name\":\"Caf\u00e9 aromatizado a la Vainilla 250 grs\"}]},{\"@type\":\"WebSite\",\"@id\":\"https:\\\/\\\/inhala.net\\\/#website\",\"url\":\"https:\\\/\\\/inhala.net\\\/\",\"name\":\"Inhala\",\"description\":\"Coffee & Tea | Invade los sentidos\",\"potentialAction\":[{\"@type\":\"SearchAction\",\"target\":{\"@type\":\"EntryPoint\",\"urlTemplate\":\"https:\\\/\\\/inhala.net\\\/?s={search_term_string}\"},\"query-input\":{\"@type\":\"PropertyValueSpecification\",\"valueRequired\":true,\"valueName\":\"search_term_string\"}}],\"inLanguage\":\"es\"}]}<\/script>\n<!-- \/ Yoast SEO plugin. -->","yoast_head_json":{"title":"Caf\u00e9 aromatizado a la Vainilla, 250 grs - Inhala","description":"El caf\u00e9 aromatizado a la vainilla es ideal para recetas dulces con caf\u00e9: smoothies, tiramis\u00f9, cappuccinos. INHALA Caf\u00e9s y T\u00e9s, Portalet, 9, Granollers.","robots":{"index":"index","follow":"follow","max-snippet":"max-snippet:-1","max-image-preview":"max-image-preview:large","max-video-preview":"max-video-preview:-1"},"canonical":"https:\/\/inhala.net\/es\/productes\/cafe-aromatizado-a-la-vainilla-250-grs\/","og_locale":"es_ES","og_type":"article","og_title":"Caf\u00e9 aromatizado a la Vainilla, 250 grs - Inhala","og_description":"El caf\u00e9 aromatizado a la vainilla es ideal para recetas dulces con caf\u00e9: smoothies, tiramis\u00f9, cappuccinos. INHALA Caf\u00e9s y T\u00e9s, Portalet, 9, Granollers.","og_url":"https:\/\/inhala.net\/es\/productes\/cafe-aromatizado-a-la-vainilla-250-grs\/","og_site_name":"Inhala","article_modified_time":"2026-03-28T19:37:41+00:00","og_image":[{"width":740,"height":756,"url":"https:\/\/inhala.net\/wp-content\/uploads\/2022\/05\/cafe-aromatizado-a-la-vainilla-avellana-chocolate-xoco-Inhala-Cafes-y-Tes-Granollers-Barcelona-.jpg","type":"image\/jpeg"}],"twitter_card":"summary_large_image","twitter_misc":{"Tiempo de lectura":"1 minuto"},"schema":{"@context":"https:\/\/schema.org","@graph":[{"@type":"WebPage","@id":"https:\/\/inhala.net\/es\/productes\/cafe-aromatizado-a-la-vainilla-250-grs\/","url":"https:\/\/inhala.net\/es\/productes\/cafe-aromatizado-a-la-vainilla-250-grs\/","name":"Caf\u00e9 aromatizado a la Vainilla, 250 grs - Inhala","isPartOf":{"@id":"https:\/\/inhala.net\/#website"},"primaryImageOfPage":{"@id":"https:\/\/inhala.net\/es\/productes\/cafe-aromatizado-a-la-vainilla-250-grs\/#primaryimage"},"image":{"@id":"https:\/\/inhala.net\/es\/productes\/cafe-aromatizado-a-la-vainilla-250-grs\/#primaryimage"},"thumbnailUrl":"https:\/\/inhala.net\/wp-content\/uploads\/2022\/05\/cafe-aromatizado-a-la-vainilla-avellana-chocolate-xoco-Inhala-Cafes-y-Tes-Granollers-Barcelona-.jpg","datePublished":"2022-05-21T09:39:54+00:00","dateModified":"2026-03-28T19:37:41+00:00","description":"El caf\u00e9 aromatizado a la vainilla es ideal para recetas dulces con caf\u00e9: smoothies, tiramis\u00f9, cappuccinos. INHALA Caf\u00e9s y T\u00e9s, Portalet, 9, Granollers.","breadcrumb":{"@id":"https:\/\/inhala.net\/es\/productes\/cafe-aromatizado-a-la-vainilla-250-grs\/#breadcrumb"},"inLanguage":"es","potentialAction":[{"@type":"ReadAction","target":["https:\/\/inhala.net\/es\/productes\/cafe-aromatizado-a-la-vainilla-250-grs\/"]}]},{"@type":"ImageObject","inLanguage":"es","@id":"https:\/\/inhala.net\/es\/productes\/cafe-aromatizado-a-la-vainilla-250-grs\/#primaryimage","url":"https:\/\/inhala.net\/wp-content\/uploads\/2022\/05\/cafe-aromatizado-a-la-vainilla-avellana-chocolate-xoco-Inhala-Cafes-y-Tes-Granollers-Barcelona-.jpg","contentUrl":"https:\/\/inhala.net\/wp-content\/uploads\/2022\/05\/cafe-aromatizado-a-la-vainilla-avellana-chocolate-xoco-Inhala-Cafes-y-Tes-Granollers-Barcelona-.jpg","width":740,"height":756,"caption":"Caf\u00e8 aromatitzat a la vainilla, xocolata, avellana a Inhala Caf\u00e8s i Tes, Granollers, Barcelona."},{"@type":"BreadcrumbList","@id":"https:\/\/inhala.net\/es\/productes\/cafe-aromatizado-a-la-vainilla-250-grs\/#breadcrumb","itemListElement":[{"@type":"ListItem","position":1,"name":"Inici","item":"https:\/\/inhala.net\/es\/inicio\/"},{"@type":"ListItem","position":2,"name":"Productos","item":"https:\/\/inhala.net\/es\/product\/"},{"@type":"ListItem","position":3,"name":"Caf\u00e9 aromatizado a la Vainilla 250 grs"}]},{"@type":"WebSite","@id":"https:\/\/inhala.net\/#website","url":"https:\/\/inhala.net\/","name":"Inhala","description":"Coffee & Tea | Invade los sentidos","potentialAction":[{"@type":"SearchAction","target":{"@type":"EntryPoint","urlTemplate":"https:\/\/inhala.net\/?s={search_term_string}"},"query-input":{"@type":"PropertyValueSpecification","valueRequired":true,"valueName":"search_term_string"}}],"inLanguage":"es"}]}},"_links":{"self":[{"href":"https:\/\/inhala.net\/es\/wp-json\/wp\/v2\/product\/33557","targetHints":{"allow":["GET"]}}],"collection":[{"href":"https:\/\/inhala.net\/es\/wp-json\/wp\/v2\/product"}],"about":[{"href":"https:\/\/inhala.net\/es\/wp-json\/wp\/v2\/types\/product"}],"replies":[{"embeddable":true,"href":"https:\/\/inhala.net\/es\/wp-json\/wp\/v2\/comments?post=33557"}],"wp:featuredmedia":[{"embeddable":true,"href":"https:\/\/inhala.net\/es\/wp-json\/wp\/v2\/media\/33551"}],"wp:attachment":[{"href":"https:\/\/inhala.net\/es\/wp-json\/wp\/v2\/media?parent=33557"}],"wp:term":[{"taxonomy":"product_brand","embeddable":true,"href":"https:\/\/inhala.net\/es\/wp-json\/wp\/v2\/product_brand?post=33557"},{"taxonomy":"product_cat","embeddable":true,"href":"https:\/\/inhala.net\/es\/wp-json\/wp\/v2\/product_cat?post=33557"},{"taxonomy":"product_tag","embeddable":true,"href":"https:\/\/inhala.net\/es\/wp-json\/wp\/v2\/product_tag?post=33557"}],"curies":[{"name":"wp","href":"https:\/\/api.w.org\/{rel}","templated":true}]}}