{"id":35048,"date":"2022-10-14T16:49:52","date_gmt":"2022-10-14T15:49:52","guid":{"rendered":"https:\/\/inhala.net\/productes\/capsules-de-cafe-recargables-caffettino-en-capsa-de-4-unitats-compatibles-per-dolce-gusto\/"},"modified":"2023-08-22T17:05:10","modified_gmt":"2023-08-22T16:05:10","slug":"capsulas-de-cafe-recargables-caffettino-en-caja-de-4-unidades-compatibles-para-dolce-gusto","status":"publish","type":"product","link":"https:\/\/inhala.net\/es\/productes\/capsulas-de-cafe-recargables-caffettino-en-caja-de-4-unidades-compatibles-para-dolce-gusto\/","title":{"rendered":"C\u00e1psulas de caf\u00e9 recargables CAFFETTINO en caja de 4 unidades, compatibles para &#8220;Dolce Gusto&#8221;"},"content":{"rendered":"<p>Las <strong>c\u00e1psulas <\/strong>de <strong>caf\u00e9 recargables CAFFETTINO<\/strong> para &#8220;Dolce Gusto&#8221; en caja con <strong>4 unidades <\/strong>y una <strong>cuchara<\/strong> medidora para poderlas rellenar.<\/p>\n","protected":false},"excerpt":{"rendered":"<p>Las <strong>c\u00e1psulas <\/strong>de <strong>caf\u00e9 recargables CAFFETTINO<\/strong> para &#8220;<strong>Dolce Gusto<\/strong>&#8221; van en una caja con <strong>4 unidades<\/strong> y una <strong>cuchara<\/strong> medidora para poderlas rellenar. Cada c\u00e1psula se puede reutilizar unas 100 veces aproximadamente.<\/p>\n<p>Con las c\u00e1psulas\u00a0<strong>Caffettino<\/strong> puedes utilizar el caf\u00e9 que tu quieras, eso s\u00ed, debe estar molido para cafetera espresso (fino).<\/p>\n<p>Su dise\u00f1o \u00fanico permite que el agua ingrese libremente al interior de la c\u00e1psula, sin utilizar el sistema perforador de la m\u00e1quina.<\/p>\n<p>Una vez dentro, el agua se mezcla con el caf\u00e9 y recorre un sistema de conductos que tiene la tapa, hasta llegar al orificio de salida. Este sistema permite que el agua tenga contacto con el caf\u00e9 de manera uniforme y cuando se eleva la presi\u00f3n en el interior de la c\u00e1psula, comienza a salir el caf\u00e9, logrando extraer todo su aroma y cuerpo.<\/p>\n<p>Las c\u00e1psulas\u00a0<strong>Caffettino<\/strong> son la opci\u00f3n m\u00e1s econ\u00f3mica y ecol\u00f3gica de utilizar tu cafetera de c\u00e1psulas. Con 250 gramos de caf\u00e9 podr\u00e1s preparar entre 40 y 50 caf\u00e9s. S\u00f3lo necesitas caf\u00e9 molido express para usarlas.<\/p>\n<p>Son\u00a0<strong>eco-friendly<\/strong>, es una buena alternativa y el <strong>medio ambiente<\/strong>\u00a0lo agradecer\u00e1, ya que cada c\u00e1psula puede reutilizarse m\u00e1s de 100 veces.<\/p>\n<p>Una vez se agoten y dejen de funcionar, siempre las puedes tirar en el contenedor del <strong>pl\u00e1stico<\/strong>.<\/p>\n<p>Cada vez que rellenas una\u00a0<strong>c\u00e1psula Caffettino <\/strong>ser\u00e1\u00a0una c\u00e1psula menos contaminar\u00e1 el Medio Ambiente.<\/p>\n<p>Tambi\u00e9n tenemos las mismas c\u00e7apsulas pero para cafeteras <a href=\"https:\/\/inhala.net\/es\/productes\/capsulas-de-cafe-recargables-caffettino-caja-con-4-unidades\/\">sistema<strong> &#8220;Nespresso&#8221;<\/strong><\/a>.<\/p>\n<p>En\u00a0<a href=\"http:\/\/inhala.net\/es\"><strong>INHALA<\/strong><\/a>\u00a0puedes encontrar selectos\u00a0<a href=\"https:\/\/inhala.net\/es\/categorias\/cafes-es\/\"><strong>caf\u00e9s<\/strong><\/a>,<strong>\u00a0<a href=\"https:\/\/inhala.net\/es\/categorias\/tes-infusiones\/\">t\u00e9s<\/a><\/strong>,<strong>\u00a0chocolates\u00a0<\/strong>y\u00a0<strong>galletas<\/strong>, estamos en Portalet, 9, Granollers, Barcelona.<\/p>\n<p>&nbsp;<\/p>\n","protected":false},"featured_media":35066,"comment_status":"open","ping_status":"closed","template":"","meta":{"inline_featured_image":false},"product_brand":[],"product_cat":[214],"product_tag":[571,2576,957,2577,2578],"class_list":{"0":"post-35048","1":"product","2":"type-product","3":"status-publish","4":"has-post-thumbnail","6":"product_cat-cafes-es","7":"product_tag-cafe-es","8":"product_tag-caffettino-es","9":"product_tag-capsules-es","10":"product_tag-dolce-gusto-es","11":"product_tag-recargables-es","13":"first","14":"instock","15":"taxable","16":"shipping-taxable","17":"purchasable","18":"product-type-simple"},"yoast_head":"<!-- This site is optimized with the Yoast SEO plugin v27.3 - https:\/\/yoast.com\/product\/yoast-seo-wordpress\/ -->\n<title>Comprar C\u00e1psulas caf\u00e9 CAFFETTINO para &quot;Dolce Gusto&quot;- Inhala<\/title>\n<meta name=\"description\" content=\"Las c\u00e1psulas de caf\u00e9 recargables CAFFETTINO para &quot;Dolce Gusto&quot; van en una caja con 4 unidades y una cuchara medidora. INHALA Caf\u00e9s y T\u00e9s, Granollers.\" \/>\n<meta name=\"robots\" content=\"index, follow, max-snippet:-1, max-image-preview:large, max-video-preview:-1\" \/>\n<link rel=\"canonical\" href=\"https:\/\/inhala.net\/es\/productes\/capsulas-de-cafe-recargables-caffettino-en-caja-de-4-unidades-compatibles-para-dolce-gusto\/\" \/>\n<meta property=\"og:locale\" content=\"es_ES\" \/>\n<meta property=\"og:type\" content=\"article\" \/>\n<meta property=\"og:title\" content=\"Comprar C\u00e1psulas caf\u00e9 CAFFETTINO para &quot;Dolce Gusto&quot;- Inhala\" \/>\n<meta property=\"og:description\" content=\"Las c\u00e1psulas de caf\u00e9 recargables CAFFETTINO para &quot;Dolce Gusto&quot; van en una caja con 4 unidades y una cuchara medidora. INHALA Caf\u00e9s y T\u00e9s, Granollers.\" \/>\n<meta property=\"og:url\" content=\"https:\/\/inhala.net\/es\/productes\/capsulas-de-cafe-recargables-caffettino-en-caja-de-4-unidades-compatibles-para-dolce-gusto\/\" \/>\n<meta property=\"og:site_name\" content=\"Inhala\" \/>\n<meta property=\"article:modified_time\" content=\"2023-08-22T16:05:10+00:00\" \/>\n<meta property=\"og:image\" content=\"https:\/\/inhala.net\/wp-content\/uploads\/2022\/10\/capsulas-recargables-compatibles-Dolce-Gusto-Caffettino-pack-de-4-inhala-coffee-granollers-barcelona.jpg\" \/>\n\t<meta property=\"og:image:width\" content=\"720\" \/>\n\t<meta property=\"og:image:height\" content=\"1173\" \/>\n\t<meta property=\"og:image:type\" content=\"image\/jpeg\" \/>\n<meta name=\"twitter:card\" content=\"summary_large_image\" \/>\n<script type=\"application\/ld+json\" class=\"yoast-schema-graph\">{\"@context\":\"https:\\\/\\\/schema.org\",\"@graph\":[{\"@type\":\"WebPage\",\"@id\":\"https:\\\/\\\/inhala.net\\\/es\\\/productes\\\/capsulas-de-cafe-recargables-caffettino-en-caja-de-4-unidades-compatibles-para-dolce-gusto\\\/\",\"url\":\"https:\\\/\\\/inhala.net\\\/es\\\/productes\\\/capsulas-de-cafe-recargables-caffettino-en-caja-de-4-unidades-compatibles-para-dolce-gusto\\\/\",\"name\":\"Comprar C\u00e1psulas caf\u00e9 CAFFETTINO para \\\"Dolce Gusto\\\"- Inhala\",\"isPartOf\":{\"@id\":\"https:\\\/\\\/inhala.net\\\/#website\"},\"primaryImageOfPage\":{\"@id\":\"https:\\\/\\\/inhala.net\\\/es\\\/productes\\\/capsulas-de-cafe-recargables-caffettino-en-caja-de-4-unidades-compatibles-para-dolce-gusto\\\/#primaryimage\"},\"image\":{\"@id\":\"https:\\\/\\\/inhala.net\\\/es\\\/productes\\\/capsulas-de-cafe-recargables-caffettino-en-caja-de-4-unidades-compatibles-para-dolce-gusto\\\/#primaryimage\"},\"thumbnailUrl\":\"https:\\\/\\\/inhala.net\\\/wp-content\\\/uploads\\\/2022\\\/10\\\/capsulas-recargables-compatibles-Dolce-Gusto-Caffettino-pack-de-4-inhala-coffee-granollers-barcelona.jpg\",\"datePublished\":\"2022-10-14T15:49:52+00:00\",\"dateModified\":\"2023-08-22T16:05:10+00:00\",\"description\":\"Las c\u00e1psulas de caf\u00e9 recargables CAFFETTINO para \\\"Dolce Gusto\\\" van en una caja con 4 unidades y una cuchara medidora. INHALA Caf\u00e9s y T\u00e9s, Granollers.\",\"breadcrumb\":{\"@id\":\"https:\\\/\\\/inhala.net\\\/es\\\/productes\\\/capsulas-de-cafe-recargables-caffettino-en-caja-de-4-unidades-compatibles-para-dolce-gusto\\\/#breadcrumb\"},\"inLanguage\":\"es\",\"potentialAction\":[{\"@type\":\"ReadAction\",\"target\":[\"https:\\\/\\\/inhala.net\\\/es\\\/productes\\\/capsulas-de-cafe-recargables-caffettino-en-caja-de-4-unidades-compatibles-para-dolce-gusto\\\/\"]}]},{\"@type\":\"ImageObject\",\"inLanguage\":\"es\",\"@id\":\"https:\\\/\\\/inhala.net\\\/es\\\/productes\\\/capsulas-de-cafe-recargables-caffettino-en-caja-de-4-unidades-compatibles-para-dolce-gusto\\\/#primaryimage\",\"url\":\"https:\\\/\\\/inhala.net\\\/wp-content\\\/uploads\\\/2022\\\/10\\\/capsulas-recargables-compatibles-Dolce-Gusto-Caffettino-pack-de-4-inhala-coffee-granollers-barcelona.jpg\",\"contentUrl\":\"https:\\\/\\\/inhala.net\\\/wp-content\\\/uploads\\\/2022\\\/10\\\/capsulas-recargables-compatibles-Dolce-Gusto-Caffettino-pack-de-4-inhala-coffee-granollers-barcelona.jpg\",\"width\":720,\"height\":1173,\"caption\":\"Les c\u00e0psules de caf\u00e8 recargables CAFFETTINO per \\\"Dolce Gusto\\\" van en una capsa de 4 unitats i una cullera mesuradora per omplir-les. Cada c\u00e0psula es pot reutilitzar unes 100 vegades aproximadament. Amb aquestes c\u00e0psules pots utilitzar el caf\u00e8 que m\u00e9s t\u2019agradi en cafeteres \u201csistema Dolce Gusto\u201d. Com funcionen? El seu disseny permet que l\u2019 aigua entri dins la c\u00e0psula sense necessitat de perforar-la. Un cop dins, l\u2019 aigua es barreja amb el caf\u00e8 d\u2019 una manera uniforme i circula per uns conductes de la tapa fins arribar a la sortida i fent una bona extracci\u00f3 aconseguint un caf\u00e8 amb molt de cos. Les c\u00e0psules Caffettino s\u00f3n l\u2019opci\u00f3 m\u00e9s econ\u00f2mica i ecol\u00f2gica si tens una cafetera de c\u00e0psules. En realitat, pots fer entre 40 i 50 caf\u00e8s amb uns 250 grs de caf\u00e8 m\u00f2lt. Pregunta\u2019ns com i t\u2019ho explicarem. S\u00f3n eco-friendly, utilitzant aquestes c\u00e0psules, el medi ambient ho agra\u00efr\u00e0, doncs cada c\u00e0psula pot ser re-utilitzada m\u00e9s de 100 vegades. Un cop deixin de funcionar, aquestes c\u00e0psules es poden reciclar com qualsevol pl\u00e0stic. Cada rec\u00e0rrega amb Caffettino ser\u00e0 una c\u00e0psula menys contaminant el Medi Ambient. A INHALA Caf\u00e8s i Tes t\u2019 oferim caf\u00e8s, tes i xocolates molt selectes.\"},{\"@type\":\"BreadcrumbList\",\"@id\":\"https:\\\/\\\/inhala.net\\\/es\\\/productes\\\/capsulas-de-cafe-recargables-caffettino-en-caja-de-4-unidades-compatibles-para-dolce-gusto\\\/#breadcrumb\",\"itemListElement\":[{\"@type\":\"ListItem\",\"position\":1,\"name\":\"Inici\",\"item\":\"https:\\\/\\\/inhala.net\\\/es\\\/inicio\\\/\"},{\"@type\":\"ListItem\",\"position\":2,\"name\":\"Productos\",\"item\":\"https:\\\/\\\/inhala.net\\\/es\\\/product\\\/\"},{\"@type\":\"ListItem\",\"position\":3,\"name\":\"C\u00e1psulas de caf\u00e9 recargables CAFFETTINO en caja de 4 unidades, compatibles para &#8220;Dolce Gusto&#8221;\"}]},{\"@type\":\"WebSite\",\"@id\":\"https:\\\/\\\/inhala.net\\\/#website\",\"url\":\"https:\\\/\\\/inhala.net\\\/\",\"name\":\"Inhala\",\"description\":\"Coffee & Tea | Invade los sentidos\",\"potentialAction\":[{\"@type\":\"SearchAction\",\"target\":{\"@type\":\"EntryPoint\",\"urlTemplate\":\"https:\\\/\\\/inhala.net\\\/?s={search_term_string}\"},\"query-input\":{\"@type\":\"PropertyValueSpecification\",\"valueRequired\":true,\"valueName\":\"search_term_string\"}}],\"inLanguage\":\"es\"}]}<\/script>\n<!-- \/ Yoast SEO plugin. -->","yoast_head_json":{"title":"Comprar C\u00e1psulas caf\u00e9 CAFFETTINO para \"Dolce Gusto\"- Inhala","description":"Las c\u00e1psulas de caf\u00e9 recargables CAFFETTINO para \"Dolce Gusto\" van en una caja con 4 unidades y una cuchara medidora. INHALA Caf\u00e9s y T\u00e9s, Granollers.","robots":{"index":"index","follow":"follow","max-snippet":"max-snippet:-1","max-image-preview":"max-image-preview:large","max-video-preview":"max-video-preview:-1"},"canonical":"https:\/\/inhala.net\/es\/productes\/capsulas-de-cafe-recargables-caffettino-en-caja-de-4-unidades-compatibles-para-dolce-gusto\/","og_locale":"es_ES","og_type":"article","og_title":"Comprar C\u00e1psulas caf\u00e9 CAFFETTINO para \"Dolce Gusto\"- Inhala","og_description":"Las c\u00e1psulas de caf\u00e9 recargables CAFFETTINO para \"Dolce Gusto\" van en una caja con 4 unidades y una cuchara medidora. INHALA Caf\u00e9s y T\u00e9s, Granollers.","og_url":"https:\/\/inhala.net\/es\/productes\/capsulas-de-cafe-recargables-caffettino-en-caja-de-4-unidades-compatibles-para-dolce-gusto\/","og_site_name":"Inhala","article_modified_time":"2023-08-22T16:05:10+00:00","og_image":[{"width":720,"height":1173,"url":"https:\/\/inhala.net\/wp-content\/uploads\/2022\/10\/capsulas-recargables-compatibles-Dolce-Gusto-Caffettino-pack-de-4-inhala-coffee-granollers-barcelona.jpg","type":"image\/jpeg"}],"twitter_card":"summary_large_image","schema":{"@context":"https:\/\/schema.org","@graph":[{"@type":"WebPage","@id":"https:\/\/inhala.net\/es\/productes\/capsulas-de-cafe-recargables-caffettino-en-caja-de-4-unidades-compatibles-para-dolce-gusto\/","url":"https:\/\/inhala.net\/es\/productes\/capsulas-de-cafe-recargables-caffettino-en-caja-de-4-unidades-compatibles-para-dolce-gusto\/","name":"Comprar C\u00e1psulas caf\u00e9 CAFFETTINO para \"Dolce Gusto\"- Inhala","isPartOf":{"@id":"https:\/\/inhala.net\/#website"},"primaryImageOfPage":{"@id":"https:\/\/inhala.net\/es\/productes\/capsulas-de-cafe-recargables-caffettino-en-caja-de-4-unidades-compatibles-para-dolce-gusto\/#primaryimage"},"image":{"@id":"https:\/\/inhala.net\/es\/productes\/capsulas-de-cafe-recargables-caffettino-en-caja-de-4-unidades-compatibles-para-dolce-gusto\/#primaryimage"},"thumbnailUrl":"https:\/\/inhala.net\/wp-content\/uploads\/2022\/10\/capsulas-recargables-compatibles-Dolce-Gusto-Caffettino-pack-de-4-inhala-coffee-granollers-barcelona.jpg","datePublished":"2022-10-14T15:49:52+00:00","dateModified":"2023-08-22T16:05:10+00:00","description":"Las c\u00e1psulas de caf\u00e9 recargables CAFFETTINO para \"Dolce Gusto\" van en una caja con 4 unidades y una cuchara medidora. INHALA Caf\u00e9s y T\u00e9s, Granollers.","breadcrumb":{"@id":"https:\/\/inhala.net\/es\/productes\/capsulas-de-cafe-recargables-caffettino-en-caja-de-4-unidades-compatibles-para-dolce-gusto\/#breadcrumb"},"inLanguage":"es","potentialAction":[{"@type":"ReadAction","target":["https:\/\/inhala.net\/es\/productes\/capsulas-de-cafe-recargables-caffettino-en-caja-de-4-unidades-compatibles-para-dolce-gusto\/"]}]},{"@type":"ImageObject","inLanguage":"es","@id":"https:\/\/inhala.net\/es\/productes\/capsulas-de-cafe-recargables-caffettino-en-caja-de-4-unidades-compatibles-para-dolce-gusto\/#primaryimage","url":"https:\/\/inhala.net\/wp-content\/uploads\/2022\/10\/capsulas-recargables-compatibles-Dolce-Gusto-Caffettino-pack-de-4-inhala-coffee-granollers-barcelona.jpg","contentUrl":"https:\/\/inhala.net\/wp-content\/uploads\/2022\/10\/capsulas-recargables-compatibles-Dolce-Gusto-Caffettino-pack-de-4-inhala-coffee-granollers-barcelona.jpg","width":720,"height":1173,"caption":"Les c\u00e0psules de caf\u00e8 recargables CAFFETTINO per \"Dolce Gusto\" van en una capsa de 4 unitats i una cullera mesuradora per omplir-les. Cada c\u00e0psula es pot reutilitzar unes 100 vegades aproximadament. Amb aquestes c\u00e0psules pots utilitzar el caf\u00e8 que m\u00e9s t\u2019agradi en cafeteres \u201csistema Dolce Gusto\u201d. Com funcionen? El seu disseny permet que l\u2019 aigua entri dins la c\u00e0psula sense necessitat de perforar-la. Un cop dins, l\u2019 aigua es barreja amb el caf\u00e8 d\u2019 una manera uniforme i circula per uns conductes de la tapa fins arribar a la sortida i fent una bona extracci\u00f3 aconseguint un caf\u00e8 amb molt de cos. Les c\u00e0psules Caffettino s\u00f3n l\u2019opci\u00f3 m\u00e9s econ\u00f2mica i ecol\u00f2gica si tens una cafetera de c\u00e0psules. En realitat, pots fer entre 40 i 50 caf\u00e8s amb uns 250 grs de caf\u00e8 m\u00f2lt. Pregunta\u2019ns com i t\u2019ho explicarem. S\u00f3n eco-friendly, utilitzant aquestes c\u00e0psules, el medi ambient ho agra\u00efr\u00e0, doncs cada c\u00e0psula pot ser re-utilitzada m\u00e9s de 100 vegades. Un cop deixin de funcionar, aquestes c\u00e0psules es poden reciclar com qualsevol pl\u00e0stic. Cada rec\u00e0rrega amb Caffettino ser\u00e0 una c\u00e0psula menys contaminant el Medi Ambient. A INHALA Caf\u00e8s i Tes t\u2019 oferim caf\u00e8s, tes i xocolates molt selectes."},{"@type":"BreadcrumbList","@id":"https:\/\/inhala.net\/es\/productes\/capsulas-de-cafe-recargables-caffettino-en-caja-de-4-unidades-compatibles-para-dolce-gusto\/#breadcrumb","itemListElement":[{"@type":"ListItem","position":1,"name":"Inici","item":"https:\/\/inhala.net\/es\/inicio\/"},{"@type":"ListItem","position":2,"name":"Productos","item":"https:\/\/inhala.net\/es\/product\/"},{"@type":"ListItem","position":3,"name":"C\u00e1psulas de caf\u00e9 recargables CAFFETTINO en caja de 4 unidades, compatibles para &#8220;Dolce Gusto&#8221;"}]},{"@type":"WebSite","@id":"https:\/\/inhala.net\/#website","url":"https:\/\/inhala.net\/","name":"Inhala","description":"Coffee & Tea | Invade los sentidos","potentialAction":[{"@type":"SearchAction","target":{"@type":"EntryPoint","urlTemplate":"https:\/\/inhala.net\/?s={search_term_string}"},"query-input":{"@type":"PropertyValueSpecification","valueRequired":true,"valueName":"search_term_string"}}],"inLanguage":"es"}]}},"_links":{"self":[{"href":"https:\/\/inhala.net\/es\/wp-json\/wp\/v2\/product\/35048","targetHints":{"allow":["GET"]}}],"collection":[{"href":"https:\/\/inhala.net\/es\/wp-json\/wp\/v2\/product"}],"about":[{"href":"https:\/\/inhala.net\/es\/wp-json\/wp\/v2\/types\/product"}],"replies":[{"embeddable":true,"href":"https:\/\/inhala.net\/es\/wp-json\/wp\/v2\/comments?post=35048"}],"wp:featuredmedia":[{"embeddable":true,"href":"https:\/\/inhala.net\/es\/wp-json\/wp\/v2\/media\/35066"}],"wp:attachment":[{"href":"https:\/\/inhala.net\/es\/wp-json\/wp\/v2\/media?parent=35048"}],"wp:term":[{"taxonomy":"product_brand","embeddable":true,"href":"https:\/\/inhala.net\/es\/wp-json\/wp\/v2\/product_brand?post=35048"},{"taxonomy":"product_cat","embeddable":true,"href":"https:\/\/inhala.net\/es\/wp-json\/wp\/v2\/product_cat?post=35048"},{"taxonomy":"product_tag","embeddable":true,"href":"https:\/\/inhala.net\/es\/wp-json\/wp\/v2\/product_tag?post=35048"}],"curies":[{"name":"wp","href":"https:\/\/api.w.org\/{rel}","templated":true}]}}