{"id":38399,"date":"2023-09-07T12:12:23","date_gmt":"2023-09-07T11:12:23","guid":{"rendered":"https:\/\/inhala.net\/productes\/tassa-latte-cup-abella-white-de-greengate\/"},"modified":"2024-11-16T14:38:11","modified_gmt":"2024-11-16T13:38:11","slug":"panettone-con-pistacho-y-chocolate-de-vergani-750-grs","status":"publish","type":"product","link":"https:\/\/inhala.net\/es\/productes\/panettone-con-pistacho-y-chocolate-de-vergani-750-grs\/","title":{"rendered":"Panettone con &#8220;Pistacho y Chocolate&#8221; de Vergani, 750 grs."},"content":{"rendered":"<p>Panettone con &#8220;Pistacho y Chocolate&#8221; de Vergani, 750 grs.<\/p>\n<p>Vergani elabora panettones y pandoros desde 1944 en Milano, Italia.<\/p>\n","protected":false},"excerpt":{"rendered":"<p>El Panettone con &#8220;Pistacho y Chocolate&#8221; de Vergani es ideal para acompa\u00f1ar tus momentos de <strong>caf\u00e9s y t\u00e9s<\/strong>\u00a0tanto en un desayuno como en una merienda \u00abespecial\u00bb.<\/p>\n<p>Elaborado por Vergani en Milano, Italia.<\/p>\n<p>Si eres un &#8220;pistacho lover&#8221; \u00a1vas a enloquecer!<\/p>\n<p>Vienen presentado con un packaging muy r\u00fastico que ya te hace pensar en un producto artesano tradicional.<\/p>\n<p>\u00bfQuieres conocer otros panettones de nuestra selecci\u00f3n? Pincha<a href=\"https:\/\/inhala.net\/es\/?s=panettones&amp;post_type=product\"><strong>\u00a0aqu\u00ed<\/strong><\/a>.<\/p>\n<p><em>Podemos preparar un bonito pack de regalo y siempre nos ajustaremos a tu presupuesto.<\/em><\/p>\n<p>Entra en nuestra\u00a0<strong><a href=\"https:\/\/inhala.net\/es\">tienda Online<\/a>\u00a0<\/strong>y date un paseo, deseamos que te guste mucho.<\/p>\n<p>En\u00a0<a href=\"http:\/\/inhala.net\/es\"><strong>INHALA Caf\u00e9s y T\u00e9s<\/strong><\/a> somos punto de venta de <span style=\"color: #800000;\">panettones Vergani<\/span>, <span style=\"color: #800000;\">Albertengo<\/span> y <span style=\"color: #800000;\">Fiasconaro<\/span>.<\/p>\n<p>Nos puedes encontrar en Portalet, 9 de Granollers, Barcelona.<\/p>\n<p>&nbsp;<\/p>\n","protected":false},"featured_media":42469,"comment_status":"open","ping_status":"closed","template":"","meta":{"inline_featured_image":false},"product_brand":[],"product_cat":[215,3498],"product_tag":[535,1828,2860,429,887,3694],"class_list":{"0":"post-38399","1":"product","2":"type-product","3":"status-publish","4":"has-post-thumbnail","6":"product_cat-mermeladas-confituras-panettones-y-colombas","7":"product_cat-navidad","8":"product_tag-chocolate","9":"product_tag-christmas-es-2","10":"product_tag-festuc-es","11":"product_tag-navidad","12":"product_tag-panettone-es","13":"product_tag-vergani-es","15":"first","16":"outofstock","17":"taxable","18":"shipping-taxable","19":"purchasable","20":"product-type-simple"},"yoast_head":"<!-- This site is optimized with the Yoast SEO plugin v27.3 - https:\/\/yoast.com\/product\/yoast-seo-wordpress\/ -->\n<title>Comprar Panettone &quot;Pistacho y Chocolate&quot; de Vergani - Inhala<\/title>\n<meta name=\"description\" content=\"Panettone con &quot;Pistacho y Chocolate&quot; de Vergani, 750 grs. en INHALA Caf\u00e9s y T\u00e9s somos punto de venta de panettones Vergani, Albertengo y Fiasconaro.\" \/>\n<meta name=\"robots\" content=\"index, follow, max-snippet:-1, max-image-preview:large, max-video-preview:-1\" \/>\n<link rel=\"canonical\" href=\"https:\/\/inhala.net\/es\/productes\/panettone-con-pistacho-y-chocolate-de-vergani-750-grs\/\" \/>\n<meta property=\"og:locale\" content=\"es_ES\" \/>\n<meta property=\"og:type\" content=\"article\" \/>\n<meta property=\"og:title\" content=\"Comprar Panettone &quot;Pistacho y Chocolate&quot; de Vergani - Inhala\" \/>\n<meta property=\"og:description\" content=\"Panettone con &quot;Pistacho y Chocolate&quot; de Vergani, 750 grs. en INHALA Caf\u00e9s y T\u00e9s somos punto de venta de panettones Vergani, Albertengo y Fiasconaro.\" \/>\n<meta property=\"og:url\" content=\"https:\/\/inhala.net\/es\/productes\/panettone-con-pistacho-y-chocolate-de-vergani-750-grs\/\" \/>\n<meta property=\"og:site_name\" content=\"Inhala\" \/>\n<meta property=\"article:modified_time\" content=\"2024-11-16T13:38:11+00:00\" \/>\n<meta property=\"og:image\" content=\"https:\/\/inhala.net\/wp-content\/uploads\/2023\/09\/panettone-pistacho-chocolate-festuc-xocolata-Vergani-Inhala-Cafes-y-Tes-Granollers-Barcelona-2.jpeg\" \/>\n\t<meta property=\"og:image:width\" content=\"1215\" \/>\n\t<meta property=\"og:image:height\" content=\"1766\" \/>\n\t<meta property=\"og:image:type\" content=\"image\/jpeg\" \/>\n<meta name=\"twitter:card\" content=\"summary_large_image\" \/>\n<script type=\"application\/ld+json\" class=\"yoast-schema-graph\">{\"@context\":\"https:\\\/\\\/schema.org\",\"@graph\":[{\"@type\":\"WebPage\",\"@id\":\"https:\\\/\\\/inhala.net\\\/es\\\/productes\\\/panettone-con-pistacho-y-chocolate-de-vergani-750-grs\\\/\",\"url\":\"https:\\\/\\\/inhala.net\\\/es\\\/productes\\\/panettone-con-pistacho-y-chocolate-de-vergani-750-grs\\\/\",\"name\":\"Comprar Panettone \\\"Pistacho y Chocolate\\\" de Vergani - Inhala\",\"isPartOf\":{\"@id\":\"https:\\\/\\\/inhala.net\\\/#website\"},\"primaryImageOfPage\":{\"@id\":\"https:\\\/\\\/inhala.net\\\/es\\\/productes\\\/panettone-con-pistacho-y-chocolate-de-vergani-750-grs\\\/#primaryimage\"},\"image\":{\"@id\":\"https:\\\/\\\/inhala.net\\\/es\\\/productes\\\/panettone-con-pistacho-y-chocolate-de-vergani-750-grs\\\/#primaryimage\"},\"thumbnailUrl\":\"https:\\\/\\\/inhala.net\\\/wp-content\\\/uploads\\\/2023\\\/09\\\/panettone-pistacho-chocolate-festuc-xocolata-Vergani-Inhala-Cafes-y-Tes-Granollers-Barcelona-2.jpeg\",\"datePublished\":\"2023-09-07T11:12:23+00:00\",\"dateModified\":\"2024-11-16T13:38:11+00:00\",\"description\":\"Panettone con \\\"Pistacho y Chocolate\\\" de Vergani, 750 grs. en INHALA Caf\u00e9s y T\u00e9s somos punto de venta de panettones Vergani, Albertengo y Fiasconaro.\",\"breadcrumb\":{\"@id\":\"https:\\\/\\\/inhala.net\\\/es\\\/productes\\\/panettone-con-pistacho-y-chocolate-de-vergani-750-grs\\\/#breadcrumb\"},\"inLanguage\":\"es\",\"potentialAction\":[{\"@type\":\"ReadAction\",\"target\":[\"https:\\\/\\\/inhala.net\\\/es\\\/productes\\\/panettone-con-pistacho-y-chocolate-de-vergani-750-grs\\\/\"]}]},{\"@type\":\"ImageObject\",\"inLanguage\":\"es\",\"@id\":\"https:\\\/\\\/inhala.net\\\/es\\\/productes\\\/panettone-con-pistacho-y-chocolate-de-vergani-750-grs\\\/#primaryimage\",\"url\":\"https:\\\/\\\/inhala.net\\\/wp-content\\\/uploads\\\/2023\\\/09\\\/panettone-pistacho-chocolate-festuc-xocolata-Vergani-Inhala-Cafes-y-Tes-Granollers-Barcelona-2.jpeg\",\"contentUrl\":\"https:\\\/\\\/inhala.net\\\/wp-content\\\/uploads\\\/2023\\\/09\\\/panettone-pistacho-chocolate-festuc-xocolata-Vergani-Inhala-Cafes-y-Tes-Granollers-Barcelona-2.jpeg\",\"width\":1215,\"height\":1766,\"caption\":\"El Panettone amb \u201cFestuc i Xocolata\u201d de Vergani \u00e9s ideal pels amants de la xocolata i del pistatxo. Pesa 750 grams. Vergani elabora panettones i pandoros des de 1944 a Milano, Italia. Aquests panettones s\u00f3n ideals per regalar juntament amb\u00a0confitures, xocolates, tes\u00a0i\u00a0caf\u00e8s. Si vols, et podem preparar un pack de regal ben bonic! Aquests panettones s\u00f3n ideals per fer un regal car el seu sabor enamora a qui el tasta. Tampoc poden faltar els panettones Albertengo que ens arriben directament des de Torino, aquests\u00a0panettones\u00a0s\u00f3n imprescindibles per Nadal:\u00a0Xocolata,\u00a0Xocolata\u00a0i\u00a0Taronja, Gran\u00a0Moscato,\u00a0al Limone\u00a0i sempre hi ha alguna recepta per poder sorprendre. Un trosset de\u00a0panettone\u00a0\u00e9s l\u2019acompanyant perfecte per un bon\u00a0caf\u00e8,\u00a0te\u00a0o\u00a0infusi\u00f3. A\u00a0INHALA Caf\u00e8s i Tes\u00a0fa\u00a0molts anys que som punt de venda de panettones i pandoros Albertengo, Fiasconaro i Vergani, s\u00f3n protagonistes de moltes sobretaules. Estem a Portalet, 9 de Granollers, Barcelona, ens veiem aviat? Entra a la nostra\u00a0botiga Online\u00a0i deixa\u2019t portar.\"},{\"@type\":\"BreadcrumbList\",\"@id\":\"https:\\\/\\\/inhala.net\\\/es\\\/productes\\\/panettone-con-pistacho-y-chocolate-de-vergani-750-grs\\\/#breadcrumb\",\"itemListElement\":[{\"@type\":\"ListItem\",\"position\":1,\"name\":\"Inici\",\"item\":\"https:\\\/\\\/inhala.net\\\/es\\\/inicio\\\/\"},{\"@type\":\"ListItem\",\"position\":2,\"name\":\"Productos\",\"item\":\"https:\\\/\\\/inhala.net\\\/es\\\/product\\\/\"},{\"@type\":\"ListItem\",\"position\":3,\"name\":\"Panettone con &#8220;Pistacho y Chocolate&#8221; de Vergani, 750 grs.\"}]},{\"@type\":\"WebSite\",\"@id\":\"https:\\\/\\\/inhala.net\\\/#website\",\"url\":\"https:\\\/\\\/inhala.net\\\/\",\"name\":\"Inhala\",\"description\":\"Coffee & Tea | Invade los sentidos\",\"potentialAction\":[{\"@type\":\"SearchAction\",\"target\":{\"@type\":\"EntryPoint\",\"urlTemplate\":\"https:\\\/\\\/inhala.net\\\/?s={search_term_string}\"},\"query-input\":{\"@type\":\"PropertyValueSpecification\",\"valueRequired\":true,\"valueName\":\"search_term_string\"}}],\"inLanguage\":\"es\"}]}<\/script>\n<!-- \/ Yoast SEO plugin. -->","yoast_head_json":{"title":"Comprar Panettone \"Pistacho y Chocolate\" de Vergani - Inhala","description":"Panettone con \"Pistacho y Chocolate\" de Vergani, 750 grs. en INHALA Caf\u00e9s y T\u00e9s somos punto de venta de panettones Vergani, Albertengo y Fiasconaro.","robots":{"index":"index","follow":"follow","max-snippet":"max-snippet:-1","max-image-preview":"max-image-preview:large","max-video-preview":"max-video-preview:-1"},"canonical":"https:\/\/inhala.net\/es\/productes\/panettone-con-pistacho-y-chocolate-de-vergani-750-grs\/","og_locale":"es_ES","og_type":"article","og_title":"Comprar Panettone \"Pistacho y Chocolate\" de Vergani - Inhala","og_description":"Panettone con \"Pistacho y Chocolate\" de Vergani, 750 grs. en INHALA Caf\u00e9s y T\u00e9s somos punto de venta de panettones Vergani, Albertengo y Fiasconaro.","og_url":"https:\/\/inhala.net\/es\/productes\/panettone-con-pistacho-y-chocolate-de-vergani-750-grs\/","og_site_name":"Inhala","article_modified_time":"2024-11-16T13:38:11+00:00","og_image":[{"width":1215,"height":1766,"url":"https:\/\/inhala.net\/wp-content\/uploads\/2023\/09\/panettone-pistacho-chocolate-festuc-xocolata-Vergani-Inhala-Cafes-y-Tes-Granollers-Barcelona-2.jpeg","type":"image\/jpeg"}],"twitter_card":"summary_large_image","schema":{"@context":"https:\/\/schema.org","@graph":[{"@type":"WebPage","@id":"https:\/\/inhala.net\/es\/productes\/panettone-con-pistacho-y-chocolate-de-vergani-750-grs\/","url":"https:\/\/inhala.net\/es\/productes\/panettone-con-pistacho-y-chocolate-de-vergani-750-grs\/","name":"Comprar Panettone \"Pistacho y Chocolate\" de Vergani - Inhala","isPartOf":{"@id":"https:\/\/inhala.net\/#website"},"primaryImageOfPage":{"@id":"https:\/\/inhala.net\/es\/productes\/panettone-con-pistacho-y-chocolate-de-vergani-750-grs\/#primaryimage"},"image":{"@id":"https:\/\/inhala.net\/es\/productes\/panettone-con-pistacho-y-chocolate-de-vergani-750-grs\/#primaryimage"},"thumbnailUrl":"https:\/\/inhala.net\/wp-content\/uploads\/2023\/09\/panettone-pistacho-chocolate-festuc-xocolata-Vergani-Inhala-Cafes-y-Tes-Granollers-Barcelona-2.jpeg","datePublished":"2023-09-07T11:12:23+00:00","dateModified":"2024-11-16T13:38:11+00:00","description":"Panettone con \"Pistacho y Chocolate\" de Vergani, 750 grs. en INHALA Caf\u00e9s y T\u00e9s somos punto de venta de panettones Vergani, Albertengo y Fiasconaro.","breadcrumb":{"@id":"https:\/\/inhala.net\/es\/productes\/panettone-con-pistacho-y-chocolate-de-vergani-750-grs\/#breadcrumb"},"inLanguage":"es","potentialAction":[{"@type":"ReadAction","target":["https:\/\/inhala.net\/es\/productes\/panettone-con-pistacho-y-chocolate-de-vergani-750-grs\/"]}]},{"@type":"ImageObject","inLanguage":"es","@id":"https:\/\/inhala.net\/es\/productes\/panettone-con-pistacho-y-chocolate-de-vergani-750-grs\/#primaryimage","url":"https:\/\/inhala.net\/wp-content\/uploads\/2023\/09\/panettone-pistacho-chocolate-festuc-xocolata-Vergani-Inhala-Cafes-y-Tes-Granollers-Barcelona-2.jpeg","contentUrl":"https:\/\/inhala.net\/wp-content\/uploads\/2023\/09\/panettone-pistacho-chocolate-festuc-xocolata-Vergani-Inhala-Cafes-y-Tes-Granollers-Barcelona-2.jpeg","width":1215,"height":1766,"caption":"El Panettone amb \u201cFestuc i Xocolata\u201d de Vergani \u00e9s ideal pels amants de la xocolata i del pistatxo. Pesa 750 grams. Vergani elabora panettones i pandoros des de 1944 a Milano, Italia. Aquests panettones s\u00f3n ideals per regalar juntament amb\u00a0confitures, xocolates, tes\u00a0i\u00a0caf\u00e8s. Si vols, et podem preparar un pack de regal ben bonic! Aquests panettones s\u00f3n ideals per fer un regal car el seu sabor enamora a qui el tasta. Tampoc poden faltar els panettones Albertengo que ens arriben directament des de Torino, aquests\u00a0panettones\u00a0s\u00f3n imprescindibles per Nadal:\u00a0Xocolata,\u00a0Xocolata\u00a0i\u00a0Taronja, Gran\u00a0Moscato,\u00a0al Limone\u00a0i sempre hi ha alguna recepta per poder sorprendre. Un trosset de\u00a0panettone\u00a0\u00e9s l\u2019acompanyant perfecte per un bon\u00a0caf\u00e8,\u00a0te\u00a0o\u00a0infusi\u00f3. A\u00a0INHALA Caf\u00e8s i Tes\u00a0fa\u00a0molts anys que som punt de venda de panettones i pandoros Albertengo, Fiasconaro i Vergani, s\u00f3n protagonistes de moltes sobretaules. Estem a Portalet, 9 de Granollers, Barcelona, ens veiem aviat? Entra a la nostra\u00a0botiga Online\u00a0i deixa\u2019t portar."},{"@type":"BreadcrumbList","@id":"https:\/\/inhala.net\/es\/productes\/panettone-con-pistacho-y-chocolate-de-vergani-750-grs\/#breadcrumb","itemListElement":[{"@type":"ListItem","position":1,"name":"Inici","item":"https:\/\/inhala.net\/es\/inicio\/"},{"@type":"ListItem","position":2,"name":"Productos","item":"https:\/\/inhala.net\/es\/product\/"},{"@type":"ListItem","position":3,"name":"Panettone con &#8220;Pistacho y Chocolate&#8221; de Vergani, 750 grs."}]},{"@type":"WebSite","@id":"https:\/\/inhala.net\/#website","url":"https:\/\/inhala.net\/","name":"Inhala","description":"Coffee & Tea | Invade los sentidos","potentialAction":[{"@type":"SearchAction","target":{"@type":"EntryPoint","urlTemplate":"https:\/\/inhala.net\/?s={search_term_string}"},"query-input":{"@type":"PropertyValueSpecification","valueRequired":true,"valueName":"search_term_string"}}],"inLanguage":"es"}]}},"_links":{"self":[{"href":"https:\/\/inhala.net\/es\/wp-json\/wp\/v2\/product\/38399","targetHints":{"allow":["GET"]}}],"collection":[{"href":"https:\/\/inhala.net\/es\/wp-json\/wp\/v2\/product"}],"about":[{"href":"https:\/\/inhala.net\/es\/wp-json\/wp\/v2\/types\/product"}],"replies":[{"embeddable":true,"href":"https:\/\/inhala.net\/es\/wp-json\/wp\/v2\/comments?post=38399"}],"wp:featuredmedia":[{"embeddable":true,"href":"https:\/\/inhala.net\/es\/wp-json\/wp\/v2\/media\/42469"}],"wp:attachment":[{"href":"https:\/\/inhala.net\/es\/wp-json\/wp\/v2\/media?parent=38399"}],"wp:term":[{"taxonomy":"product_brand","embeddable":true,"href":"https:\/\/inhala.net\/es\/wp-json\/wp\/v2\/product_brand?post=38399"},{"taxonomy":"product_cat","embeddable":true,"href":"https:\/\/inhala.net\/es\/wp-json\/wp\/v2\/product_cat?post=38399"},{"taxonomy":"product_tag","embeddable":true,"href":"https:\/\/inhala.net\/es\/wp-json\/wp\/v2\/product_tag?post=38399"}],"curies":[{"name":"wp","href":"https:\/\/api.w.org\/{rel}","templated":true}]}}