{"id":40661,"date":"2024-05-27T16:45:29","date_gmt":"2024-05-27T15:45:29","guid":{"rendered":"https:\/\/inhala.net\/?post_type=product&#038;p=40661"},"modified":"2026-04-11T16:25:55","modified_gmt":"2026-04-11T15:25:55","slug":"cafe-kopi-indonesia-fincafe-en-grano-250-grs","status":"publish","type":"product","link":"https:\/\/inhala.net\/es\/productes\/cafe-kopi-indonesia-fincafe-en-grano-250-grs\/","title":{"rendered":"Caf\u00e9 &#8220;Kopi Indonesia&#8221; Fincaf\u00e9 en grano 250 grs"},"content":{"rendered":"<p>Caf\u00e9 Kopi Indonesia Fincaf\u00e9 en grano \u00bfo lo prefieres molido?<\/p>\n<p>Nuestros\u00a0<a href=\"https:\/\/inhala.net\/es\/categorias\/cafes-es\/\"><strong><span style=\"color: #800000;\">caf\u00e9s<\/span>,<\/strong> siempre reci\u00e9n tostados<\/a>.<\/p>\n<p>&nbsp;<\/p>\n","protected":false},"excerpt":{"rendered":"<p>El caf\u00e9 <strong>Kopi Indonesia Fincaf\u00e9<\/strong> es un coffee blend de caf\u00e9s ar\u00e1bica de Indonesia tostado &#8220;natural&#8221; de manera artesanal.<\/p>\n<p>Todo el aut\u00e9ntico sabor del caf\u00e9 de Indonesia en tu taza pues se trata de un blend de dos <span style=\"color: #800000;\">caf\u00e9s de Sumatra<\/span> con perfiles diferentes y un <span style=\"color: #800000;\">caf\u00e9 de Pap\u00faa Nueva Guinea<\/span>.<\/p>\n<p>Caf\u00e9s &#8220;lavados&#8221; y despulpados con la t\u00e9cnica \u201cGiling basah\u201d.<\/p>\n<p>Nota de Cata:<\/p>\n<p>Se trata de un caf\u00e9 arom\u00e1ticamente complejo con notas florales, fondo afrutado y notas finales sutilmente especiadas, cuerpo pronunciado, acidez progresiva y delicada con presencia de notas dulce que transportan a su postgusto intenso y largo.<\/p>\n<p>Matiz retronasal de car\u00e1cter floral.<\/p>\n<p>Se presenta en bolsa de 250 grs.<\/p>\n<p>\u00bfQuieres conocer otros caf\u00e9s del <strong><span style=\"color: #800000;\">proyecto Fincaf\u00e9<\/span><\/strong>? Mira <a href=\"https:\/\/inhala.net\/es\/?s=Fincaf%C3%A9&amp;post_type=product\"><strong>aqu\u00ed<\/strong><\/a>.<\/p>\n<p>Este caf\u00e9 es ideal para cualquier m\u00e9todo de preparaci\u00f3n: espresso, filtro, french press y Moka.<\/p>\n<p>Nuestros caf\u00e9s son servidos en paquetes de 250 grs.<\/p>\n<p>\u00bfSabes que tenemos otros blends de la casa? Nuestros coffee blends son el <strong><a href=\"https:\/\/inhala.net\/es\/productes\/cafe-massala-blend-250-grs\/\"><span style=\"color: #800000;\">Massala Blend<\/span><\/a><\/strong>, el <a href=\"https:\/\/inhala.net\/es\/productes\/cafe-masai-blend-250-grs\/\"><span style=\"color: #800000;\"><strong>Masai Blend<\/strong><\/span>\u00a0<\/a>con caf\u00e9 de Kenia y el\u00a0<span style=\"color: #800000;\"><a style=\"color: #800000;\" href=\"https:\/\/inhala.net\/es\/productes\/cafe-moka-blend-250-grs\/\"><strong>Moka Blend<\/strong>\u00a0<\/a><\/span>con caf\u00e9 de Etiopia como protagonista adem\u00e1s del <a href=\"https:\/\/inhala.net\/es\/productes\/cafe-en-grano-ye-afrika-buna-de-fincafe-250-grs\/\"><strong><span style=\"color: #800000;\">Y\u00e9 Afrika Buna<\/span>\u00a0<\/strong><\/a>y el\u00a0<span style=\"color: #800000;\"><strong>Classico Espresso<\/strong><\/span>\u00a0blend.<\/p>\n<p>En\u00a0<a href=\"https:\/\/inhala.net\/es\/product\/\"><span style=\"color: #800000;\"><strong>INHALA<\/strong>\u00a0<\/span><\/a>vas a encontrar una selecci\u00f3n de\u00a0<a href=\"https:\/\/inhala.net\/es\/categories\/cafes-es\/\"><span style=\"color: #800000;\"><strong>caf\u00e9s<\/strong><\/span>\u00a0acabados de tostar<\/a>, selecci\u00f3n de\u00a0<span style=\"color: #800000;\"><a style=\"color: #800000;\" href=\"https:\/\/inhala.net\/es\/categorias\/tes-rooibos-e-infusiones\/\"><strong>t\u00e9s, Rooibos<\/strong>\u00a0<span style=\"color: #333300;\">e<\/span>\u00a0<strong>infusiones<\/strong><\/a><\/span>,\u00a0<strong><a href=\"https:\/\/inhala.net\/es\/categorias\/galletas-y-chocolates\/\"><span style=\"color: #800000;\">chocolate<\/span>s<\/a><\/strong><a href=\"https:\/\/inhala.net\/es\/categorias\/galletas-y-chocolates\/\">, mermeladas <\/a><a href=\"https:\/\/inhala.net\/es\/categorias\/galletas-y-chocolates\/\">y\u00a0<\/a><a href=\"https:\/\/inhala.net\/es\/categorias\/galletas-y-chocolates\/\">deliciosas<\/a><strong><a href=\"https:\/\/inhala.net\/es\/categorias\/galletas-y-chocolates\/\">\u00a0galletas.<\/a><\/strong><\/p>\n<p>Te esperamos en Portalet, 9 de Granollers, Barcelona.<\/p>\n<p>&nbsp;<\/p>\n","protected":false},"featured_media":40778,"comment_status":"open","ping_status":"closed","template":"","meta":{"inline_featured_image":false},"product_brand":[],"product_cat":[214],"product_tag":[1622,1140,1141,2336,2384,3372,3624,1886],"class_list":{"0":"post-40661","1":"product","2":"type-product","3":"status-publish","4":"has-post-thumbnail","6":"product_cat-cafes-es","7":"product_tag-cafe-de-especialidad","8":"product_tag-coffee-blend-es","9":"product_tag-coffee-lover-es","10":"product_tag-fincafe-es","11":"product_tag-indonesia-es","12":"product_tag-kopi","13":"product_tag-papua-nueva-guinea","14":"product_tag-sumatra-es","16":"first","17":"instock","18":"taxable","19":"shipping-taxable","20":"purchasable","21":"product-type-simple"},"yoast_head":"<!-- This site is optimized with the Yoast SEO plugin v27.3 - https:\/\/yoast.com\/product\/yoast-seo-wordpress\/ -->\n<title>Caf\u00e9 &quot;Kopi Indonesia&quot; Fincaf\u00e9 en grano 250 grs - Inhala<\/title>\n<meta name=\"description\" content=\"Caf\u00e9 Kopi Indonesia Fincaf\u00e9 en grano 250 grs \u00bfo lo prefieres molido? En INHALA Caf\u00e9s y T\u00e9s, Portalet, 9 de Granollers, Barcelona. www.inhala.net\" \/>\n<meta name=\"robots\" content=\"index, follow, max-snippet:-1, max-image-preview:large, max-video-preview:-1\" \/>\n<link rel=\"canonical\" href=\"https:\/\/inhala.net\/es\/productes\/cafe-kopi-indonesia-fincafe-en-grano-250-grs\/\" \/>\n<meta property=\"og:locale\" content=\"es_ES\" \/>\n<meta property=\"og:type\" content=\"article\" \/>\n<meta property=\"og:title\" content=\"Caf\u00e9 &quot;Kopi Indonesia&quot; Fincaf\u00e9 en grano 250 grs - Inhala\" \/>\n<meta property=\"og:description\" content=\"Caf\u00e9 Kopi Indonesia Fincaf\u00e9 en grano 250 grs \u00bfo lo prefieres molido? En INHALA Caf\u00e9s y T\u00e9s, Portalet, 9 de Granollers, Barcelona. www.inhala.net\" \/>\n<meta property=\"og:url\" content=\"https:\/\/inhala.net\/es\/productes\/cafe-kopi-indonesia-fincafe-en-grano-250-grs\/\" \/>\n<meta property=\"og:site_name\" content=\"Inhala\" \/>\n<meta property=\"article:modified_time\" content=\"2026-04-11T15:25:55+00:00\" \/>\n<meta property=\"og:image\" content=\"https:\/\/inhala.net\/wp-content\/uploads\/2024\/05\/cafe-Kopi-Indonesia-Fincafe-Inhala-Cafes-y-Tes-Granollers-Barcelona.jpg\" \/>\n\t<meta property=\"og:image:width\" content=\"1039\" \/>\n\t<meta property=\"og:image:height\" content=\"1132\" \/>\n\t<meta property=\"og:image:type\" content=\"image\/jpeg\" \/>\n<meta name=\"twitter:card\" content=\"summary_large_image\" \/>\n<script type=\"application\/ld+json\" class=\"yoast-schema-graph\">{\"@context\":\"https:\\\/\\\/schema.org\",\"@graph\":[{\"@type\":\"WebPage\",\"@id\":\"https:\\\/\\\/inhala.net\\\/es\\\/productes\\\/cafe-kopi-indonesia-fincafe-en-grano-250-grs\\\/\",\"url\":\"https:\\\/\\\/inhala.net\\\/es\\\/productes\\\/cafe-kopi-indonesia-fincafe-en-grano-250-grs\\\/\",\"name\":\"Caf\u00e9 \\\"Kopi Indonesia\\\" Fincaf\u00e9 en grano 250 grs - Inhala\",\"isPartOf\":{\"@id\":\"https:\\\/\\\/inhala.net\\\/#website\"},\"primaryImageOfPage\":{\"@id\":\"https:\\\/\\\/inhala.net\\\/es\\\/productes\\\/cafe-kopi-indonesia-fincafe-en-grano-250-grs\\\/#primaryimage\"},\"image\":{\"@id\":\"https:\\\/\\\/inhala.net\\\/es\\\/productes\\\/cafe-kopi-indonesia-fincafe-en-grano-250-grs\\\/#primaryimage\"},\"thumbnailUrl\":\"https:\\\/\\\/inhala.net\\\/wp-content\\\/uploads\\\/2024\\\/05\\\/cafe-Kopi-Indonesia-Fincafe-Inhala-Cafes-y-Tes-Granollers-Barcelona.jpg\",\"datePublished\":\"2024-05-27T15:45:29+00:00\",\"dateModified\":\"2026-04-11T15:25:55+00:00\",\"description\":\"Caf\u00e9 Kopi Indonesia Fincaf\u00e9 en grano 250 grs \u00bfo lo prefieres molido? En INHALA Caf\u00e9s y T\u00e9s, Portalet, 9 de Granollers, Barcelona. www.inhala.net\",\"breadcrumb\":{\"@id\":\"https:\\\/\\\/inhala.net\\\/es\\\/productes\\\/cafe-kopi-indonesia-fincafe-en-grano-250-grs\\\/#breadcrumb\"},\"inLanguage\":\"es\",\"potentialAction\":[{\"@type\":\"ReadAction\",\"target\":[\"https:\\\/\\\/inhala.net\\\/es\\\/productes\\\/cafe-kopi-indonesia-fincafe-en-grano-250-grs\\\/\"]}]},{\"@type\":\"ImageObject\",\"inLanguage\":\"es\",\"@id\":\"https:\\\/\\\/inhala.net\\\/es\\\/productes\\\/cafe-kopi-indonesia-fincafe-en-grano-250-grs\\\/#primaryimage\",\"url\":\"https:\\\/\\\/inhala.net\\\/wp-content\\\/uploads\\\/2024\\\/05\\\/cafe-Kopi-Indonesia-Fincafe-Inhala-Cafes-y-Tes-Granollers-Barcelona.jpg\",\"contentUrl\":\"https:\\\/\\\/inhala.net\\\/wp-content\\\/uploads\\\/2024\\\/05\\\/cafe-Kopi-Indonesia-Fincafe-Inhala-Cafes-y-Tes-Granollers-Barcelona.jpg\",\"width\":1039,\"height\":1132,\"caption\":\"El caf\u00e9 en grano Kopi Indonesia Fincaf\u00e9 es un blend de caf\u00e9s ar\u00e1bica de Indonesia. Se presenta en bolsa de 250 gramos. \u00bfQuieres conocer otros caf\u00e9s del proyecto Fincaf\u00e9? Mira aqu\u00ed. En INHALA Caf\u00e9s y T\u00e9s, Portalet, 9 de Granollers, Barcelona.\"},{\"@type\":\"BreadcrumbList\",\"@id\":\"https:\\\/\\\/inhala.net\\\/es\\\/productes\\\/cafe-kopi-indonesia-fincafe-en-grano-250-grs\\\/#breadcrumb\",\"itemListElement\":[{\"@type\":\"ListItem\",\"position\":1,\"name\":\"Inici\",\"item\":\"https:\\\/\\\/inhala.net\\\/es\\\/inicio\\\/\"},{\"@type\":\"ListItem\",\"position\":2,\"name\":\"Productos\",\"item\":\"https:\\\/\\\/inhala.net\\\/es\\\/product\\\/\"},{\"@type\":\"ListItem\",\"position\":3,\"name\":\"Caf\u00e9 &#8220;Kopi Indonesia&#8221; Fincaf\u00e9 en grano 250 grs\"}]},{\"@type\":\"WebSite\",\"@id\":\"https:\\\/\\\/inhala.net\\\/#website\",\"url\":\"https:\\\/\\\/inhala.net\\\/\",\"name\":\"Inhala\",\"description\":\"Coffee & Tea | Invade los sentidos\",\"potentialAction\":[{\"@type\":\"SearchAction\",\"target\":{\"@type\":\"EntryPoint\",\"urlTemplate\":\"https:\\\/\\\/inhala.net\\\/?s={search_term_string}\"},\"query-input\":{\"@type\":\"PropertyValueSpecification\",\"valueRequired\":true,\"valueName\":\"search_term_string\"}}],\"inLanguage\":\"es\"}]}<\/script>\n<!-- \/ Yoast SEO plugin. -->","yoast_head_json":{"title":"Caf\u00e9 \"Kopi Indonesia\" Fincaf\u00e9 en grano 250 grs - Inhala","description":"Caf\u00e9 Kopi Indonesia Fincaf\u00e9 en grano 250 grs \u00bfo lo prefieres molido? En INHALA Caf\u00e9s y T\u00e9s, Portalet, 9 de Granollers, Barcelona. www.inhala.net","robots":{"index":"index","follow":"follow","max-snippet":"max-snippet:-1","max-image-preview":"max-image-preview:large","max-video-preview":"max-video-preview:-1"},"canonical":"https:\/\/inhala.net\/es\/productes\/cafe-kopi-indonesia-fincafe-en-grano-250-grs\/","og_locale":"es_ES","og_type":"article","og_title":"Caf\u00e9 \"Kopi Indonesia\" Fincaf\u00e9 en grano 250 grs - Inhala","og_description":"Caf\u00e9 Kopi Indonesia Fincaf\u00e9 en grano 250 grs \u00bfo lo prefieres molido? En INHALA Caf\u00e9s y T\u00e9s, Portalet, 9 de Granollers, Barcelona. www.inhala.net","og_url":"https:\/\/inhala.net\/es\/productes\/cafe-kopi-indonesia-fincafe-en-grano-250-grs\/","og_site_name":"Inhala","article_modified_time":"2026-04-11T15:25:55+00:00","og_image":[{"width":1039,"height":1132,"url":"https:\/\/inhala.net\/wp-content\/uploads\/2024\/05\/cafe-Kopi-Indonesia-Fincafe-Inhala-Cafes-y-Tes-Granollers-Barcelona.jpg","type":"image\/jpeg"}],"twitter_card":"summary_large_image","schema":{"@context":"https:\/\/schema.org","@graph":[{"@type":"WebPage","@id":"https:\/\/inhala.net\/es\/productes\/cafe-kopi-indonesia-fincafe-en-grano-250-grs\/","url":"https:\/\/inhala.net\/es\/productes\/cafe-kopi-indonesia-fincafe-en-grano-250-grs\/","name":"Caf\u00e9 \"Kopi Indonesia\" Fincaf\u00e9 en grano 250 grs - Inhala","isPartOf":{"@id":"https:\/\/inhala.net\/#website"},"primaryImageOfPage":{"@id":"https:\/\/inhala.net\/es\/productes\/cafe-kopi-indonesia-fincafe-en-grano-250-grs\/#primaryimage"},"image":{"@id":"https:\/\/inhala.net\/es\/productes\/cafe-kopi-indonesia-fincafe-en-grano-250-grs\/#primaryimage"},"thumbnailUrl":"https:\/\/inhala.net\/wp-content\/uploads\/2024\/05\/cafe-Kopi-Indonesia-Fincafe-Inhala-Cafes-y-Tes-Granollers-Barcelona.jpg","datePublished":"2024-05-27T15:45:29+00:00","dateModified":"2026-04-11T15:25:55+00:00","description":"Caf\u00e9 Kopi Indonesia Fincaf\u00e9 en grano 250 grs \u00bfo lo prefieres molido? En INHALA Caf\u00e9s y T\u00e9s, Portalet, 9 de Granollers, Barcelona. www.inhala.net","breadcrumb":{"@id":"https:\/\/inhala.net\/es\/productes\/cafe-kopi-indonesia-fincafe-en-grano-250-grs\/#breadcrumb"},"inLanguage":"es","potentialAction":[{"@type":"ReadAction","target":["https:\/\/inhala.net\/es\/productes\/cafe-kopi-indonesia-fincafe-en-grano-250-grs\/"]}]},{"@type":"ImageObject","inLanguage":"es","@id":"https:\/\/inhala.net\/es\/productes\/cafe-kopi-indonesia-fincafe-en-grano-250-grs\/#primaryimage","url":"https:\/\/inhala.net\/wp-content\/uploads\/2024\/05\/cafe-Kopi-Indonesia-Fincafe-Inhala-Cafes-y-Tes-Granollers-Barcelona.jpg","contentUrl":"https:\/\/inhala.net\/wp-content\/uploads\/2024\/05\/cafe-Kopi-Indonesia-Fincafe-Inhala-Cafes-y-Tes-Granollers-Barcelona.jpg","width":1039,"height":1132,"caption":"El caf\u00e9 en grano Kopi Indonesia Fincaf\u00e9 es un blend de caf\u00e9s ar\u00e1bica de Indonesia. Se presenta en bolsa de 250 gramos. \u00bfQuieres conocer otros caf\u00e9s del proyecto Fincaf\u00e9? Mira aqu\u00ed. En INHALA Caf\u00e9s y T\u00e9s, Portalet, 9 de Granollers, Barcelona."},{"@type":"BreadcrumbList","@id":"https:\/\/inhala.net\/es\/productes\/cafe-kopi-indonesia-fincafe-en-grano-250-grs\/#breadcrumb","itemListElement":[{"@type":"ListItem","position":1,"name":"Inici","item":"https:\/\/inhala.net\/es\/inicio\/"},{"@type":"ListItem","position":2,"name":"Productos","item":"https:\/\/inhala.net\/es\/product\/"},{"@type":"ListItem","position":3,"name":"Caf\u00e9 &#8220;Kopi Indonesia&#8221; Fincaf\u00e9 en grano 250 grs"}]},{"@type":"WebSite","@id":"https:\/\/inhala.net\/#website","url":"https:\/\/inhala.net\/","name":"Inhala","description":"Coffee & Tea | Invade los sentidos","potentialAction":[{"@type":"SearchAction","target":{"@type":"EntryPoint","urlTemplate":"https:\/\/inhala.net\/?s={search_term_string}"},"query-input":{"@type":"PropertyValueSpecification","valueRequired":true,"valueName":"search_term_string"}}],"inLanguage":"es"}]}},"_links":{"self":[{"href":"https:\/\/inhala.net\/es\/wp-json\/wp\/v2\/product\/40661","targetHints":{"allow":["GET"]}}],"collection":[{"href":"https:\/\/inhala.net\/es\/wp-json\/wp\/v2\/product"}],"about":[{"href":"https:\/\/inhala.net\/es\/wp-json\/wp\/v2\/types\/product"}],"replies":[{"embeddable":true,"href":"https:\/\/inhala.net\/es\/wp-json\/wp\/v2\/comments?post=40661"}],"wp:featuredmedia":[{"embeddable":true,"href":"https:\/\/inhala.net\/es\/wp-json\/wp\/v2\/media\/40778"}],"wp:attachment":[{"href":"https:\/\/inhala.net\/es\/wp-json\/wp\/v2\/media?parent=40661"}],"wp:term":[{"taxonomy":"product_brand","embeddable":true,"href":"https:\/\/inhala.net\/es\/wp-json\/wp\/v2\/product_brand?post=40661"},{"taxonomy":"product_cat","embeddable":true,"href":"https:\/\/inhala.net\/es\/wp-json\/wp\/v2\/product_cat?post=40661"},{"taxonomy":"product_tag","embeddable":true,"href":"https:\/\/inhala.net\/es\/wp-json\/wp\/v2\/product_tag?post=40661"}],"curies":[{"name":"wp","href":"https:\/\/api.w.org\/{rel}","templated":true}]}}