{"id":42127,"date":"2024-09-30T19:03:07","date_gmt":"2024-09-30T18:03:07","guid":{"rendered":"https:\/\/inhala.net\/?post_type=product&#038;p=42127"},"modified":"2025-03-29T19:35:45","modified_gmt":"2025-03-29T18:35:45","slug":"te-negro-chai-black-tea-de-english-tea-shop-20-bolsitas-individuales","status":"publish","type":"product","link":"https:\/\/inhala.net\/es\/productes\/te-negro-chai-black-tea-de-english-tea-shop-20-bolsitas-individuales\/","title":{"rendered":"T\u00e9 negro &#8220;Chai Black Tea&#8221; de English Tea Shop, 20 bolsitas individuales"},"content":{"rendered":"<p>El t\u00e9 negro Chai Black Tea de English Tea Shop es ideal para tomar solo o con leche.<\/p>\n","protected":false},"excerpt":{"rendered":"<p>El <strong>t\u00e9 negro Black Chai<\/strong> de English Tea Shop viene presentado en una caja con 20 bolsitas individuales y sus ingredientes son t\u00e9 negro (33%), jengibre, canela, clavo de olor, c\u00farcuma, nuez moscada, pimienta negra, mac\u00eds y cardamomo.<\/p>\n<p>El <strong>Chai<\/strong> es la bebida tradicional de la \u00cdndia, se trata de un <span style=\"color: #800000;\">t\u00e9 negro<\/span> con muchas especias, leche bien caliente y un poco dulce.<\/p>\n<p>Deja infusionar durante 3-4 minutos en agua a 95\u00baC, si te gusta m\u00e1s intenso, d\u00e9jalo unos minutos m\u00e1s.<\/p>\n<p>A\u00f1ade leche de vaca o vegetal a tu gusto, cierra los ojos&#8230;<\/p>\n<p>Con el <span style=\"color: #800000;\">Chai de English Tea Shop<\/span> ser\u00e1 muy f\u00e1cil transportarte a India mientras tomas este especiado t\u00e9.<\/p>\n<p>Cada caja contiene\u00a0<strong>20 bolsitas\u00a0<\/strong>presentadas\u00a0<strong>individualmente<\/strong> con un dise\u00f1o moderno y muy cuidado.<\/p>\n<p>En\u00a0<strong>I<\/strong><a href=\"http:\/\/inhala.net\/es\"><strong>NHALA Caf\u00e9s y T\u00e9s<\/strong><\/a>\u00a0somos punto de venta de\u00a0<a href=\"https:\/\/inhala.net\/?s=english+tea+shop&amp;post_type=product\"><strong>English Tea Shop<\/strong><\/a>, tenemos<em><a href=\"https:\/\/inhala.net\/es\/?s=English+Teashop&amp;post_type=product\">\u00a0m\u00e1s de 15 variedades<\/a><\/em>\u00a0a elegir.<\/p>\n<p>Tomar un t\u00e9 o infusi\u00f3n en una taza bonita hace que tu\u00a0<strong>tea time<\/strong>\u00a0sea mucho m\u00e1s especial.<\/p>\n<p>\u00bfHas visto qu\u00e9 <a href=\"https:\/\/inhala.net\/es\/productes\/taza-sin-asa-latte-cup-junia-white-de-greengate\/\"><span style=\"color: #800000;\"><strong>taza<\/strong>\u00a0tan bonita de\u00a0<strong>GreenGate<\/strong><\/span><\/a> acompa\u00f1a a este <span style=\"color: #800000;\"><strong>t\u00e9 Chai<\/strong><\/span>? Es el modelo <strong>Junia White<\/strong>, preciosa&#8230;<\/p>\n<p>Si quieres ver otras tazas de GreenGate, mira\u00a0<a href=\"https:\/\/inhala.net\/es\/?s=taza+greengate&amp;post_type=product\"><strong>aqu\u00ed<\/strong><\/a>.<\/p>\n<p>Podemos preparar regalos muy originales combinando alguna taza con alg\u00fan chocolate, caf\u00e9 o t\u00e9.<\/p>\n<p>Te esperamos en Portalet, 9 de Granollers, Barcelona con la mejor selecci\u00f3n de\u00a0<strong><a href=\"https:\/\/inhala.net\/categories\/cafes\/\">caf\u00e9s<\/a><\/strong>,\u00a0<strong><a href=\"https:\/\/inhala.net\/categories\/tes-i-infusions\/\">t\u00e9s, infusiones<\/a><\/strong>,\u00a0<strong><a href=\"https:\/\/inhala.net\/categories\/galetes-i-xocolates\/\">galletas, chocolates<\/a><\/strong>\u00a0y muchos complementos para la mesa y cocina.<\/p>\n<p>Si no puedes venir a nuestra tienda y elegir, te podemos sugerir ideas y una vez preparado, lo enviaremos d\u00f3nde t\u00fa nos digas.<\/p>\n<p>&nbsp;<\/p>\n","protected":false},"featured_media":42128,"comment_status":"closed","ping_status":"closed","template":"","meta":{"inline_featured_image":false},"product_brand":[],"product_cat":[3113,389],"product_tag":[536,1921,579,2333,1231,2406,580,566,708,888,2239,673],"class_list":{"0":"post-42127","1":"product","2":"type-product","3":"status-publish","4":"has-post-thumbnail","6":"product_cat-greengate","7":"product_cat-tes-rooibos-e-infusiones","8":"product_tag-canela","9":"product_tag-cardamomo","10":"product_tag-chai-es","11":"product_tag-clavo-de-olor","12":"product_tag-curcuma-es","13":"product_tag-english-tea-shop-es","14":"product_tag-especias","15":"product_tag-india","16":"product_tag-invierno","17":"product_tag-jengibre","18":"product_tag-pimienta-negra","19":"product_tag-te-negro","21":"first","22":"instock","23":"taxable","24":"shipping-taxable","25":"purchasable","26":"product-type-simple"},"yoast_head":"<!-- This site is optimized with the Yoast SEO plugin v27.3 - https:\/\/yoast.com\/product\/yoast-seo-wordpress\/ -->\n<title>Comprar T\u00e9 negro Chai Black Tea de English Tea Shop - Inhala<\/title>\n<meta name=\"description\" content=\"En INHALA te esperamos con la mejor selecci\u00f3n de\u00a0caf\u00e9s,\u00a0t\u00e9s, infusiones,\u00a0galletas, chocolates\u00a0y muchos complementos para la mesa y cocina.\" \/>\n<meta name=\"robots\" content=\"index, follow, max-snippet:-1, max-image-preview:large, max-video-preview:-1\" \/>\n<link rel=\"canonical\" href=\"https:\/\/inhala.net\/es\/productes\/te-negro-chai-black-tea-de-english-tea-shop-20-bolsitas-individuales\/\" \/>\n<meta property=\"og:locale\" content=\"es_ES\" \/>\n<meta property=\"og:type\" content=\"article\" \/>\n<meta property=\"og:title\" content=\"Comprar T\u00e9 negro Chai Black Tea de English Tea Shop - Inhala\" \/>\n<meta property=\"og:description\" content=\"En INHALA te esperamos con la mejor selecci\u00f3n de\u00a0caf\u00e9s,\u00a0t\u00e9s, infusiones,\u00a0galletas, chocolates\u00a0y muchos complementos para la mesa y cocina.\" \/>\n<meta property=\"og:url\" content=\"https:\/\/inhala.net\/es\/productes\/te-negro-chai-black-tea-de-english-tea-shop-20-bolsitas-individuales\/\" \/>\n<meta property=\"og:site_name\" content=\"Inhala\" \/>\n<meta property=\"article:modified_time\" content=\"2025-03-29T18:35:45+00:00\" \/>\n<meta property=\"og:image\" content=\"https:\/\/inhala.net\/wp-content\/uploads\/2024\/09\/te-negro-Chai-con-especias-tea-time-English-TeaShop-taza-latte-cup-GreenGate-Inhala-Cafes-y-Tes-Granollers-Barcelona.jpg\" \/>\n\t<meta property=\"og:image:width\" content=\"1461\" \/>\n\t<meta property=\"og:image:height\" content=\"1201\" \/>\n\t<meta property=\"og:image:type\" content=\"image\/jpeg\" \/>\n<meta name=\"twitter:card\" content=\"summary_large_image\" \/>\n<script type=\"application\/ld+json\" class=\"yoast-schema-graph\">{\"@context\":\"https:\\\/\\\/schema.org\",\"@graph\":[{\"@type\":\"WebPage\",\"@id\":\"https:\\\/\\\/inhala.net\\\/es\\\/productes\\\/te-negro-chai-black-tea-de-english-tea-shop-20-bolsitas-individuales\\\/\",\"url\":\"https:\\\/\\\/inhala.net\\\/es\\\/productes\\\/te-negro-chai-black-tea-de-english-tea-shop-20-bolsitas-individuales\\\/\",\"name\":\"Comprar T\u00e9 negro Chai Black Tea de English Tea Shop - Inhala\",\"isPartOf\":{\"@id\":\"https:\\\/\\\/inhala.net\\\/#website\"},\"primaryImageOfPage\":{\"@id\":\"https:\\\/\\\/inhala.net\\\/es\\\/productes\\\/te-negro-chai-black-tea-de-english-tea-shop-20-bolsitas-individuales\\\/#primaryimage\"},\"image\":{\"@id\":\"https:\\\/\\\/inhala.net\\\/es\\\/productes\\\/te-negro-chai-black-tea-de-english-tea-shop-20-bolsitas-individuales\\\/#primaryimage\"},\"thumbnailUrl\":\"https:\\\/\\\/inhala.net\\\/wp-content\\\/uploads\\\/2024\\\/09\\\/te-negro-Chai-con-especias-tea-time-English-TeaShop-taza-latte-cup-GreenGate-Inhala-Cafes-y-Tes-Granollers-Barcelona.jpg\",\"datePublished\":\"2024-09-30T18:03:07+00:00\",\"dateModified\":\"2025-03-29T18:35:45+00:00\",\"description\":\"En INHALA te esperamos con la mejor selecci\u00f3n de\u00a0caf\u00e9s,\u00a0t\u00e9s, infusiones,\u00a0galletas, chocolates\u00a0y muchos complementos para la mesa y cocina.\",\"breadcrumb\":{\"@id\":\"https:\\\/\\\/inhala.net\\\/es\\\/productes\\\/te-negro-chai-black-tea-de-english-tea-shop-20-bolsitas-individuales\\\/#breadcrumb\"},\"inLanguage\":\"es\",\"potentialAction\":[{\"@type\":\"ReadAction\",\"target\":[\"https:\\\/\\\/inhala.net\\\/es\\\/productes\\\/te-negro-chai-black-tea-de-english-tea-shop-20-bolsitas-individuales\\\/\"]}]},{\"@type\":\"ImageObject\",\"inLanguage\":\"es\",\"@id\":\"https:\\\/\\\/inhala.net\\\/es\\\/productes\\\/te-negro-chai-black-tea-de-english-tea-shop-20-bolsitas-individuales\\\/#primaryimage\",\"url\":\"https:\\\/\\\/inhala.net\\\/wp-content\\\/uploads\\\/2024\\\/09\\\/te-negro-Chai-con-especias-tea-time-English-TeaShop-taza-latte-cup-GreenGate-Inhala-Cafes-y-Tes-Granollers-Barcelona.jpg\",\"contentUrl\":\"https:\\\/\\\/inhala.net\\\/wp-content\\\/uploads\\\/2024\\\/09\\\/te-negro-Chai-con-especias-tea-time-English-TeaShop-taza-latte-cup-GreenGate-Inhala-Cafes-y-Tes-Granollers-Barcelona.jpg\",\"width\":1461,\"height\":1201,\"caption\":\"El t\u00e9 negro Black Chai de English Tea Shop viene presentado en una caja con 20 bolsitas individuales y sus ingredientes son t\u00e9 negro, canela, jengibre, clavo y pimienta negra. El Chai es la bebida tradicional de la \u00cdndia, un t\u00e9 negro con muchas especias, leche bien caliente y un poco dulce. Con el Chai de English Tea Shop ser\u00e1 muy f\u00e1cil transportarte mientras tomas este especiado t\u00e9. Deja infusionar durante 3-4 minutos en agua a 95\u00baC, si te gusta m\u00e1s intenso, d\u00e9jalo unos minutos m\u00e1s. A\u00f1ade leche de vaca o vegetal a tu gusto, cierra los ojos... Cada caja contiene\u00a020 bolsitas\u00a0presentadas\u00a0individualmente con un dise\u00f1o moderno y muy cuidado. En\u00a0INHALA Caf\u00e9s y T\u00e9s\u00a0somos punto de venta de\u00a0English Tea Shop, tenemos\u00a0m\u00e1s de 15 variedades\u00a0a elegir. Tomar un t\u00e9 o infusi\u00f3n en una taza bonita hace que tu\u00a0tea time\u00a0sea mucho m\u00e1s especial. \u00bfHas visto qu\u00e9 taza\u00a0tan bonita de\u00a0GreenGate acompa\u00f1a a este t\u00e9 Chai? Si quieres ver otras tazas de GreenGate, mira\u00a0aqu\u00ed. Podemos preparar regalos muy originales combinando alguna taza con alg\u00fan chocolate, caf\u00e9 o t\u00e9. Te esperamos en Portalet, 9 de Granollers, Barcelona con la mejor selecci\u00f3n de\u00a0caf\u00e9s,\u00a0t\u00e9s, infusiones,\u00a0galletas, chocolates\u00a0y muchos complementos para la mesa y cocina. Si no puedes venir a nuestra tienda y elegir, te podemos sugerir ideas y una vez preparado, lo enviaremos d\u00f3nde t\u00fa nos digas.\"},{\"@type\":\"BreadcrumbList\",\"@id\":\"https:\\\/\\\/inhala.net\\\/es\\\/productes\\\/te-negro-chai-black-tea-de-english-tea-shop-20-bolsitas-individuales\\\/#breadcrumb\",\"itemListElement\":[{\"@type\":\"ListItem\",\"position\":1,\"name\":\"Inici\",\"item\":\"https:\\\/\\\/inhala.net\\\/es\\\/inicio\\\/\"},{\"@type\":\"ListItem\",\"position\":2,\"name\":\"Productos\",\"item\":\"https:\\\/\\\/inhala.net\\\/es\\\/product\\\/\"},{\"@type\":\"ListItem\",\"position\":3,\"name\":\"T\u00e9 negro &#8220;Chai Black Tea&#8221; de English Tea Shop, 20 bolsitas individuales\"}]},{\"@type\":\"WebSite\",\"@id\":\"https:\\\/\\\/inhala.net\\\/#website\",\"url\":\"https:\\\/\\\/inhala.net\\\/\",\"name\":\"Inhala\",\"description\":\"Coffee & Tea | Invade los sentidos\",\"potentialAction\":[{\"@type\":\"SearchAction\",\"target\":{\"@type\":\"EntryPoint\",\"urlTemplate\":\"https:\\\/\\\/inhala.net\\\/?s={search_term_string}\"},\"query-input\":{\"@type\":\"PropertyValueSpecification\",\"valueRequired\":true,\"valueName\":\"search_term_string\"}}],\"inLanguage\":\"es\"}]}<\/script>\n<!-- \/ Yoast SEO plugin. -->","yoast_head_json":{"title":"Comprar T\u00e9 negro Chai Black Tea de English Tea Shop - Inhala","description":"En INHALA te esperamos con la mejor selecci\u00f3n de\u00a0caf\u00e9s,\u00a0t\u00e9s, infusiones,\u00a0galletas, chocolates\u00a0y muchos complementos para la mesa y cocina.","robots":{"index":"index","follow":"follow","max-snippet":"max-snippet:-1","max-image-preview":"max-image-preview:large","max-video-preview":"max-video-preview:-1"},"canonical":"https:\/\/inhala.net\/es\/productes\/te-negro-chai-black-tea-de-english-tea-shop-20-bolsitas-individuales\/","og_locale":"es_ES","og_type":"article","og_title":"Comprar T\u00e9 negro Chai Black Tea de English Tea Shop - Inhala","og_description":"En INHALA te esperamos con la mejor selecci\u00f3n de\u00a0caf\u00e9s,\u00a0t\u00e9s, infusiones,\u00a0galletas, chocolates\u00a0y muchos complementos para la mesa y cocina.","og_url":"https:\/\/inhala.net\/es\/productes\/te-negro-chai-black-tea-de-english-tea-shop-20-bolsitas-individuales\/","og_site_name":"Inhala","article_modified_time":"2025-03-29T18:35:45+00:00","og_image":[{"width":1461,"height":1201,"url":"https:\/\/inhala.net\/wp-content\/uploads\/2024\/09\/te-negro-Chai-con-especias-tea-time-English-TeaShop-taza-latte-cup-GreenGate-Inhala-Cafes-y-Tes-Granollers-Barcelona.jpg","type":"image\/jpeg"}],"twitter_card":"summary_large_image","schema":{"@context":"https:\/\/schema.org","@graph":[{"@type":"WebPage","@id":"https:\/\/inhala.net\/es\/productes\/te-negro-chai-black-tea-de-english-tea-shop-20-bolsitas-individuales\/","url":"https:\/\/inhala.net\/es\/productes\/te-negro-chai-black-tea-de-english-tea-shop-20-bolsitas-individuales\/","name":"Comprar T\u00e9 negro Chai Black Tea de English Tea Shop - Inhala","isPartOf":{"@id":"https:\/\/inhala.net\/#website"},"primaryImageOfPage":{"@id":"https:\/\/inhala.net\/es\/productes\/te-negro-chai-black-tea-de-english-tea-shop-20-bolsitas-individuales\/#primaryimage"},"image":{"@id":"https:\/\/inhala.net\/es\/productes\/te-negro-chai-black-tea-de-english-tea-shop-20-bolsitas-individuales\/#primaryimage"},"thumbnailUrl":"https:\/\/inhala.net\/wp-content\/uploads\/2024\/09\/te-negro-Chai-con-especias-tea-time-English-TeaShop-taza-latte-cup-GreenGate-Inhala-Cafes-y-Tes-Granollers-Barcelona.jpg","datePublished":"2024-09-30T18:03:07+00:00","dateModified":"2025-03-29T18:35:45+00:00","description":"En INHALA te esperamos con la mejor selecci\u00f3n de\u00a0caf\u00e9s,\u00a0t\u00e9s, infusiones,\u00a0galletas, chocolates\u00a0y muchos complementos para la mesa y cocina.","breadcrumb":{"@id":"https:\/\/inhala.net\/es\/productes\/te-negro-chai-black-tea-de-english-tea-shop-20-bolsitas-individuales\/#breadcrumb"},"inLanguage":"es","potentialAction":[{"@type":"ReadAction","target":["https:\/\/inhala.net\/es\/productes\/te-negro-chai-black-tea-de-english-tea-shop-20-bolsitas-individuales\/"]}]},{"@type":"ImageObject","inLanguage":"es","@id":"https:\/\/inhala.net\/es\/productes\/te-negro-chai-black-tea-de-english-tea-shop-20-bolsitas-individuales\/#primaryimage","url":"https:\/\/inhala.net\/wp-content\/uploads\/2024\/09\/te-negro-Chai-con-especias-tea-time-English-TeaShop-taza-latte-cup-GreenGate-Inhala-Cafes-y-Tes-Granollers-Barcelona.jpg","contentUrl":"https:\/\/inhala.net\/wp-content\/uploads\/2024\/09\/te-negro-Chai-con-especias-tea-time-English-TeaShop-taza-latte-cup-GreenGate-Inhala-Cafes-y-Tes-Granollers-Barcelona.jpg","width":1461,"height":1201,"caption":"El t\u00e9 negro Black Chai de English Tea Shop viene presentado en una caja con 20 bolsitas individuales y sus ingredientes son t\u00e9 negro, canela, jengibre, clavo y pimienta negra. El Chai es la bebida tradicional de la \u00cdndia, un t\u00e9 negro con muchas especias, leche bien caliente y un poco dulce. Con el Chai de English Tea Shop ser\u00e1 muy f\u00e1cil transportarte mientras tomas este especiado t\u00e9. Deja infusionar durante 3-4 minutos en agua a 95\u00baC, si te gusta m\u00e1s intenso, d\u00e9jalo unos minutos m\u00e1s. A\u00f1ade leche de vaca o vegetal a tu gusto, cierra los ojos... Cada caja contiene\u00a020 bolsitas\u00a0presentadas\u00a0individualmente con un dise\u00f1o moderno y muy cuidado. En\u00a0INHALA Caf\u00e9s y T\u00e9s\u00a0somos punto de venta de\u00a0English Tea Shop, tenemos\u00a0m\u00e1s de 15 variedades\u00a0a elegir. Tomar un t\u00e9 o infusi\u00f3n en una taza bonita hace que tu\u00a0tea time\u00a0sea mucho m\u00e1s especial. \u00bfHas visto qu\u00e9 taza\u00a0tan bonita de\u00a0GreenGate acompa\u00f1a a este t\u00e9 Chai? Si quieres ver otras tazas de GreenGate, mira\u00a0aqu\u00ed. Podemos preparar regalos muy originales combinando alguna taza con alg\u00fan chocolate, caf\u00e9 o t\u00e9. Te esperamos en Portalet, 9 de Granollers, Barcelona con la mejor selecci\u00f3n de\u00a0caf\u00e9s,\u00a0t\u00e9s, infusiones,\u00a0galletas, chocolates\u00a0y muchos complementos para la mesa y cocina. Si no puedes venir a nuestra tienda y elegir, te podemos sugerir ideas y una vez preparado, lo enviaremos d\u00f3nde t\u00fa nos digas."},{"@type":"BreadcrumbList","@id":"https:\/\/inhala.net\/es\/productes\/te-negro-chai-black-tea-de-english-tea-shop-20-bolsitas-individuales\/#breadcrumb","itemListElement":[{"@type":"ListItem","position":1,"name":"Inici","item":"https:\/\/inhala.net\/es\/inicio\/"},{"@type":"ListItem","position":2,"name":"Productos","item":"https:\/\/inhala.net\/es\/product\/"},{"@type":"ListItem","position":3,"name":"T\u00e9 negro &#8220;Chai Black Tea&#8221; de English Tea Shop, 20 bolsitas individuales"}]},{"@type":"WebSite","@id":"https:\/\/inhala.net\/#website","url":"https:\/\/inhala.net\/","name":"Inhala","description":"Coffee & Tea | Invade los sentidos","potentialAction":[{"@type":"SearchAction","target":{"@type":"EntryPoint","urlTemplate":"https:\/\/inhala.net\/?s={search_term_string}"},"query-input":{"@type":"PropertyValueSpecification","valueRequired":true,"valueName":"search_term_string"}}],"inLanguage":"es"}]}},"_links":{"self":[{"href":"https:\/\/inhala.net\/es\/wp-json\/wp\/v2\/product\/42127","targetHints":{"allow":["GET"]}}],"collection":[{"href":"https:\/\/inhala.net\/es\/wp-json\/wp\/v2\/product"}],"about":[{"href":"https:\/\/inhala.net\/es\/wp-json\/wp\/v2\/types\/product"}],"replies":[{"embeddable":true,"href":"https:\/\/inhala.net\/es\/wp-json\/wp\/v2\/comments?post=42127"}],"wp:featuredmedia":[{"embeddable":true,"href":"https:\/\/inhala.net\/es\/wp-json\/wp\/v2\/media\/42128"}],"wp:attachment":[{"href":"https:\/\/inhala.net\/es\/wp-json\/wp\/v2\/media?parent=42127"}],"wp:term":[{"taxonomy":"product_brand","embeddable":true,"href":"https:\/\/inhala.net\/es\/wp-json\/wp\/v2\/product_brand?post=42127"},{"taxonomy":"product_cat","embeddable":true,"href":"https:\/\/inhala.net\/es\/wp-json\/wp\/v2\/product_cat?post=42127"},{"taxonomy":"product_tag","embeddable":true,"href":"https:\/\/inhala.net\/es\/wp-json\/wp\/v2\/product_tag?post=42127"}],"curies":[{"name":"wp","href":"https:\/\/api.w.org\/{rel}","templated":true}]}}