{"id":42839,"date":"2025-02-22T13:00:09","date_gmt":"2025-02-22T12:00:09","guid":{"rendered":"https:\/\/inhala.net\/?post_type=product&#038;p=42839"},"modified":"2026-01-03T16:43:54","modified_gmt":"2026-01-03T15:43:54","slug":"infusion-mandarina-chai-fruit-tea-100-grs","status":"publish","type":"product","link":"https:\/\/inhala.net\/es\/productes\/infusion-mandarina-chai-fruit-tea-100-grs\/","title":{"rendered":"Infusi\u00f3n &#8220;Mandarina Chai&#8221; fruit tea 100 grs."},"content":{"rendered":"<p>Infusi\u00f3n &#8220;Mandarina Chai&#8221; fruit tea 100 grs.<\/p>\n<p>Entra en\u00a0<a href=\"https:\/\/inhala.net\/es\"><strong>nuestra tienda<\/strong><\/a>\u00a0y d\u00e9jate seducir por el aroma de nuestros\u00a0<strong>t\u00e9s\u00a0<\/strong>y\u00a0<strong>caf\u00e9s<\/strong>, estamos en Portalet, 9 de Granollers, Barcelona.<\/p>\n","protected":false},"excerpt":{"rendered":"<p>La infusi\u00f3n &#8220;Mandarina Chai&#8221; es una opci\u00f3n de infusi\u00f3n especiada sin cafe\u00edna (te\u00edna) para poder tomar en cualquier momento del dia.<\/p>\n<p>Se trata de una combinaci\u00f3n de mandarina, naranja, manzana y especias como el jengibre, curcuma, canela, pimienta negra, clavo de olor, cardamomo, an\u00eds, comino y hinojo.<\/p>\n<p>\u00a1Un Chai super afrutado!<\/p>\n<p>No contiene cafe\u00edna.<\/p>\n<p>Apto para vegetarianos y veganos.<\/p>\n<p>En nuestra tienda tambi\u00e9n podr\u00e1s encontrar<a href=\"https:\/\/inhala.net\/es\/productes\/kashmir-chai-te-negro-con-especias-100-gramos\/\"><strong> Kashmir Chai<\/strong><\/a>,\u00a0<a href=\"https:\/\/inhala.net\/es\/productes\/te-negro-massala-chai-100-gramos\/\"><span style=\"color: #800000;\"><strong>Massala Chai<\/strong><\/span><\/a>,<a href=\"https:\/\/inhala.net\/es\/productes\/te-verde-chai-galleta-de-especias-paquete-de-100-gramos\/\">\u00a0T\u00e9 verde<strong>\u00a0Chai<\/strong><\/a>,<strong>\u00a0<a href=\"https:\/\/inhala.net\/es\/productes\/rooibos-spicy-con-canela-y-cardamomo-en-paquete-de-100-gramos\/\"><span style=\"color: #800000;\">Rooibos Spicy<\/span><\/a>,<\/strong><a href=\"https:\/\/inhala.net\/es\/productes\/te-pu-erh-chai-con-especias-y-naranja-100-gramos\/\"><strong>\u00a0Pu-erh Chai<\/strong><\/a>, incluso un<strong><a href=\"https:\/\/inhala.net\/es\/productes\/matcha-chai-bio-te-verde-en-polvo-con-especias-en-lata-de-30-gramos\/\">\u00a0t\u00e9 Matcha Chai<\/a>.<\/strong><\/p>\n<p>Tambi\u00e9n te encantar\u00e1n las especias para Chai para tomar un Chai sin cafe\u00edna o bien para poder a\u00f1adir a cualquier variedad de t\u00e9 y disfrutar de una taza bien especiada.<\/p>\n<p>En\u00a0<strong><a href=\"https:\/\/inhala.net\/es\">INHALA Caf\u00e9s y T\u00e9s<\/a><\/strong>\u00a0te ofrecemos una selecta carta de\u00a0<strong>t\u00e9s <\/strong>e<strong>\u00a0infusiones<\/strong>, aqu\u00ed estamos para aconsejarte y ayudarte a elegir.<\/p>\n<p>Aqu\u00ed te esperamos, en Portalet, 9 de Granollers, Barcelona.<\/p>\n<p>&nbsp;<\/p>\n","protected":false},"featured_media":42841,"comment_status":"closed","ping_status":"closed","template":"","meta":{"inline_featured_image":false},"product_brand":[],"product_cat":[389],"product_tag":[1508,536,579,2890,1231,1133,888,3767,3766,1161,1222,1582],"class_list":{"0":"post-42839","1":"product","2":"type-product","3":"status-publish","4":"has-post-thumbnail","6":"product_cat-tes-rooibos-e-infusiones","7":"product_tag-caffeine-free-es","8":"product_tag-canela","9":"product_tag-chai-es","10":"product_tag-citricos","11":"product_tag-curcuma-es","12":"product_tag-fruit-tea-es","13":"product_tag-jengibre","14":"product_tag-mandarina","15":"product_tag-mandarina-chai","16":"product_tag-pimienta","17":"product_tag-tea-lover-es","18":"product_tag-tea-time-es","20":"first","21":"outofstock","22":"taxable","23":"shipping-taxable","24":"purchasable","25":"product-type-simple"},"yoast_head":"<!-- This site is optimized with the Yoast SEO plugin v27.3 - https:\/\/yoast.com\/product\/yoast-seo-wordpress\/ -->\n<title>Comprar Infusi\u00f3n &quot;Mandarina Chai&quot; fruit tea 100 grs. - Inhala<\/title>\n<meta name=\"description\" content=\"Infusi\u00f3n &quot;Mandarina Chai&quot; fruit tea 100 grs. En\u00a0INHALA Caf\u00e9s y T\u00e9s\u00a0te ofrecemos una selecta carta de\u00a0t\u00e9s e\u00a0infusiones, chocolates selectos.\" \/>\n<meta name=\"robots\" content=\"index, follow, max-snippet:-1, max-image-preview:large, max-video-preview:-1\" \/>\n<link rel=\"canonical\" href=\"https:\/\/inhala.net\/es\/productes\/infusion-mandarina-chai-fruit-tea-100-grs\/\" \/>\n<meta property=\"og:locale\" content=\"es_ES\" \/>\n<meta property=\"og:type\" content=\"article\" \/>\n<meta property=\"og:title\" content=\"Comprar Infusi\u00f3n &quot;Mandarina Chai&quot; fruit tea 100 grs. - Inhala\" \/>\n<meta property=\"og:description\" content=\"Infusi\u00f3n &quot;Mandarina Chai&quot; fruit tea 100 grs. En\u00a0INHALA Caf\u00e9s y T\u00e9s\u00a0te ofrecemos una selecta carta de\u00a0t\u00e9s e\u00a0infusiones, chocolates selectos.\" \/>\n<meta property=\"og:url\" content=\"https:\/\/inhala.net\/es\/productes\/infusion-mandarina-chai-fruit-tea-100-grs\/\" \/>\n<meta property=\"og:site_name\" content=\"Inhala\" \/>\n<meta property=\"article:modified_time\" content=\"2026-01-03T15:43:54+00:00\" \/>\n<meta property=\"og:image\" content=\"https:\/\/inhala.net\/wp-content\/uploads\/2025\/02\/Infusion-Mandarina-Chai-fruit-tea-100-grs.-Inhala-Cafes-Tes-Chocolates-Granollers-Barcelona-3.jpeg\" \/>\n\t<meta property=\"og:image:width\" content=\"1512\" \/>\n\t<meta property=\"og:image:height\" content=\"1944\" \/>\n\t<meta property=\"og:image:type\" content=\"image\/jpeg\" \/>\n<meta name=\"twitter:card\" content=\"summary_large_image\" \/>\n<script type=\"application\/ld+json\" class=\"yoast-schema-graph\">{\"@context\":\"https:\\\/\\\/schema.org\",\"@graph\":[{\"@type\":\"WebPage\",\"@id\":\"https:\\\/\\\/inhala.net\\\/es\\\/productes\\\/infusion-mandarina-chai-fruit-tea-100-grs\\\/\",\"url\":\"https:\\\/\\\/inhala.net\\\/es\\\/productes\\\/infusion-mandarina-chai-fruit-tea-100-grs\\\/\",\"name\":\"Comprar Infusi\u00f3n \\\"Mandarina Chai\\\" fruit tea 100 grs. - Inhala\",\"isPartOf\":{\"@id\":\"https:\\\/\\\/inhala.net\\\/#website\"},\"primaryImageOfPage\":{\"@id\":\"https:\\\/\\\/inhala.net\\\/es\\\/productes\\\/infusion-mandarina-chai-fruit-tea-100-grs\\\/#primaryimage\"},\"image\":{\"@id\":\"https:\\\/\\\/inhala.net\\\/es\\\/productes\\\/infusion-mandarina-chai-fruit-tea-100-grs\\\/#primaryimage\"},\"thumbnailUrl\":\"https:\\\/\\\/inhala.net\\\/wp-content\\\/uploads\\\/2025\\\/02\\\/Infusion-Mandarina-Chai-fruit-tea-100-grs.-Inhala-Cafes-Tes-Chocolates-Granollers-Barcelona-3.jpeg\",\"datePublished\":\"2025-02-22T12:00:09+00:00\",\"dateModified\":\"2026-01-03T15:43:54+00:00\",\"description\":\"Infusi\u00f3n \\\"Mandarina Chai\\\" fruit tea 100 grs. En\u00a0INHALA Caf\u00e9s y T\u00e9s\u00a0te ofrecemos una selecta carta de\u00a0t\u00e9s e\u00a0infusiones, chocolates selectos.\",\"breadcrumb\":{\"@id\":\"https:\\\/\\\/inhala.net\\\/es\\\/productes\\\/infusion-mandarina-chai-fruit-tea-100-grs\\\/#breadcrumb\"},\"inLanguage\":\"es\",\"potentialAction\":[{\"@type\":\"ReadAction\",\"target\":[\"https:\\\/\\\/inhala.net\\\/es\\\/productes\\\/infusion-mandarina-chai-fruit-tea-100-grs\\\/\"]}]},{\"@type\":\"ImageObject\",\"inLanguage\":\"es\",\"@id\":\"https:\\\/\\\/inhala.net\\\/es\\\/productes\\\/infusion-mandarina-chai-fruit-tea-100-grs\\\/#primaryimage\",\"url\":\"https:\\\/\\\/inhala.net\\\/wp-content\\\/uploads\\\/2025\\\/02\\\/Infusion-Mandarina-Chai-fruit-tea-100-grs.-Inhala-Cafes-Tes-Chocolates-Granollers-Barcelona-3.jpeg\",\"contentUrl\":\"https:\\\/\\\/inhala.net\\\/wp-content\\\/uploads\\\/2025\\\/02\\\/Infusion-Mandarina-Chai-fruit-tea-100-grs.-Inhala-Cafes-Tes-Chocolates-Granollers-Barcelona-3.jpeg\",\"width\":1512,\"height\":1944,\"caption\":\"La infusi\u00f3n \\\"Mandarina Chai\\\" es una opci\u00f3n de infusi\u00f3n especiada sin cafe\u00edna (te\u00edna) para poder tomar en cualquier momento del dia. Se trata de una combinaci\u00f3n de mandarina, naranja, manzana y especias como el jengibre, la canela, pimienta negra, clavo de olor, cardamomo, an\u00eds, comino y hinojo. \u00a1Un Chai super afrutado! No contiene cafe\u00edna. Apto para vegetarianos y veganos. En nuestra tienda tambi\u00e9n podr\u00e1s encontrar Kashmir Chai,\u00a0Massala Chai,\u00a0T\u00e9 verde\u00a0Chai,\u00a0Rooibos Spicy,\u00a0Pu-erh Chai, incluso un\u00a0t\u00e9 Matcha Chai. En\u00a0INHALA Caf\u00e9s y T\u00e9s\u00a0te ofrecemos una selecta carta de\u00a0t\u00e9s e\u00a0infusiones, aqu\u00ed estamos para aconsejarte y ayudarte a elegir. Aqu\u00ed te esperamos, en Portalet, 9 de Granollers, Barcelona.\"},{\"@type\":\"BreadcrumbList\",\"@id\":\"https:\\\/\\\/inhala.net\\\/es\\\/productes\\\/infusion-mandarina-chai-fruit-tea-100-grs\\\/#breadcrumb\",\"itemListElement\":[{\"@type\":\"ListItem\",\"position\":1,\"name\":\"Inici\",\"item\":\"https:\\\/\\\/inhala.net\\\/es\\\/inicio\\\/\"},{\"@type\":\"ListItem\",\"position\":2,\"name\":\"Productos\",\"item\":\"https:\\\/\\\/inhala.net\\\/es\\\/product\\\/\"},{\"@type\":\"ListItem\",\"position\":3,\"name\":\"Infusi\u00f3n &#8220;Mandarina Chai&#8221; fruit tea 100 grs.\"}]},{\"@type\":\"WebSite\",\"@id\":\"https:\\\/\\\/inhala.net\\\/#website\",\"url\":\"https:\\\/\\\/inhala.net\\\/\",\"name\":\"Inhala\",\"description\":\"Coffee & Tea | Invade los sentidos\",\"potentialAction\":[{\"@type\":\"SearchAction\",\"target\":{\"@type\":\"EntryPoint\",\"urlTemplate\":\"https:\\\/\\\/inhala.net\\\/?s={search_term_string}\"},\"query-input\":{\"@type\":\"PropertyValueSpecification\",\"valueRequired\":true,\"valueName\":\"search_term_string\"}}],\"inLanguage\":\"es\"}]}<\/script>\n<!-- \/ Yoast SEO plugin. -->","yoast_head_json":{"title":"Comprar Infusi\u00f3n \"Mandarina Chai\" fruit tea 100 grs. - Inhala","description":"Infusi\u00f3n \"Mandarina Chai\" fruit tea 100 grs. En\u00a0INHALA Caf\u00e9s y T\u00e9s\u00a0te ofrecemos una selecta carta de\u00a0t\u00e9s e\u00a0infusiones, chocolates selectos.","robots":{"index":"index","follow":"follow","max-snippet":"max-snippet:-1","max-image-preview":"max-image-preview:large","max-video-preview":"max-video-preview:-1"},"canonical":"https:\/\/inhala.net\/es\/productes\/infusion-mandarina-chai-fruit-tea-100-grs\/","og_locale":"es_ES","og_type":"article","og_title":"Comprar Infusi\u00f3n \"Mandarina Chai\" fruit tea 100 grs. - Inhala","og_description":"Infusi\u00f3n \"Mandarina Chai\" fruit tea 100 grs. En\u00a0INHALA Caf\u00e9s y T\u00e9s\u00a0te ofrecemos una selecta carta de\u00a0t\u00e9s e\u00a0infusiones, chocolates selectos.","og_url":"https:\/\/inhala.net\/es\/productes\/infusion-mandarina-chai-fruit-tea-100-grs\/","og_site_name":"Inhala","article_modified_time":"2026-01-03T15:43:54+00:00","og_image":[{"width":1512,"height":1944,"url":"https:\/\/inhala.net\/wp-content\/uploads\/2025\/02\/Infusion-Mandarina-Chai-fruit-tea-100-grs.-Inhala-Cafes-Tes-Chocolates-Granollers-Barcelona-3.jpeg","type":"image\/jpeg"}],"twitter_card":"summary_large_image","schema":{"@context":"https:\/\/schema.org","@graph":[{"@type":"WebPage","@id":"https:\/\/inhala.net\/es\/productes\/infusion-mandarina-chai-fruit-tea-100-grs\/","url":"https:\/\/inhala.net\/es\/productes\/infusion-mandarina-chai-fruit-tea-100-grs\/","name":"Comprar Infusi\u00f3n \"Mandarina Chai\" fruit tea 100 grs. - Inhala","isPartOf":{"@id":"https:\/\/inhala.net\/#website"},"primaryImageOfPage":{"@id":"https:\/\/inhala.net\/es\/productes\/infusion-mandarina-chai-fruit-tea-100-grs\/#primaryimage"},"image":{"@id":"https:\/\/inhala.net\/es\/productes\/infusion-mandarina-chai-fruit-tea-100-grs\/#primaryimage"},"thumbnailUrl":"https:\/\/inhala.net\/wp-content\/uploads\/2025\/02\/Infusion-Mandarina-Chai-fruit-tea-100-grs.-Inhala-Cafes-Tes-Chocolates-Granollers-Barcelona-3.jpeg","datePublished":"2025-02-22T12:00:09+00:00","dateModified":"2026-01-03T15:43:54+00:00","description":"Infusi\u00f3n \"Mandarina Chai\" fruit tea 100 grs. En\u00a0INHALA Caf\u00e9s y T\u00e9s\u00a0te ofrecemos una selecta carta de\u00a0t\u00e9s e\u00a0infusiones, chocolates selectos.","breadcrumb":{"@id":"https:\/\/inhala.net\/es\/productes\/infusion-mandarina-chai-fruit-tea-100-grs\/#breadcrumb"},"inLanguage":"es","potentialAction":[{"@type":"ReadAction","target":["https:\/\/inhala.net\/es\/productes\/infusion-mandarina-chai-fruit-tea-100-grs\/"]}]},{"@type":"ImageObject","inLanguage":"es","@id":"https:\/\/inhala.net\/es\/productes\/infusion-mandarina-chai-fruit-tea-100-grs\/#primaryimage","url":"https:\/\/inhala.net\/wp-content\/uploads\/2025\/02\/Infusion-Mandarina-Chai-fruit-tea-100-grs.-Inhala-Cafes-Tes-Chocolates-Granollers-Barcelona-3.jpeg","contentUrl":"https:\/\/inhala.net\/wp-content\/uploads\/2025\/02\/Infusion-Mandarina-Chai-fruit-tea-100-grs.-Inhala-Cafes-Tes-Chocolates-Granollers-Barcelona-3.jpeg","width":1512,"height":1944,"caption":"La infusi\u00f3n \"Mandarina Chai\" es una opci\u00f3n de infusi\u00f3n especiada sin cafe\u00edna (te\u00edna) para poder tomar en cualquier momento del dia. Se trata de una combinaci\u00f3n de mandarina, naranja, manzana y especias como el jengibre, la canela, pimienta negra, clavo de olor, cardamomo, an\u00eds, comino y hinojo. \u00a1Un Chai super afrutado! No contiene cafe\u00edna. Apto para vegetarianos y veganos. En nuestra tienda tambi\u00e9n podr\u00e1s encontrar Kashmir Chai,\u00a0Massala Chai,\u00a0T\u00e9 verde\u00a0Chai,\u00a0Rooibos Spicy,\u00a0Pu-erh Chai, incluso un\u00a0t\u00e9 Matcha Chai. En\u00a0INHALA Caf\u00e9s y T\u00e9s\u00a0te ofrecemos una selecta carta de\u00a0t\u00e9s e\u00a0infusiones, aqu\u00ed estamos para aconsejarte y ayudarte a elegir. Aqu\u00ed te esperamos, en Portalet, 9 de Granollers, Barcelona."},{"@type":"BreadcrumbList","@id":"https:\/\/inhala.net\/es\/productes\/infusion-mandarina-chai-fruit-tea-100-grs\/#breadcrumb","itemListElement":[{"@type":"ListItem","position":1,"name":"Inici","item":"https:\/\/inhala.net\/es\/inicio\/"},{"@type":"ListItem","position":2,"name":"Productos","item":"https:\/\/inhala.net\/es\/product\/"},{"@type":"ListItem","position":3,"name":"Infusi\u00f3n &#8220;Mandarina Chai&#8221; fruit tea 100 grs."}]},{"@type":"WebSite","@id":"https:\/\/inhala.net\/#website","url":"https:\/\/inhala.net\/","name":"Inhala","description":"Coffee & Tea | Invade los sentidos","potentialAction":[{"@type":"SearchAction","target":{"@type":"EntryPoint","urlTemplate":"https:\/\/inhala.net\/?s={search_term_string}"},"query-input":{"@type":"PropertyValueSpecification","valueRequired":true,"valueName":"search_term_string"}}],"inLanguage":"es"}]}},"_links":{"self":[{"href":"https:\/\/inhala.net\/es\/wp-json\/wp\/v2\/product\/42839","targetHints":{"allow":["GET"]}}],"collection":[{"href":"https:\/\/inhala.net\/es\/wp-json\/wp\/v2\/product"}],"about":[{"href":"https:\/\/inhala.net\/es\/wp-json\/wp\/v2\/types\/product"}],"replies":[{"embeddable":true,"href":"https:\/\/inhala.net\/es\/wp-json\/wp\/v2\/comments?post=42839"}],"wp:featuredmedia":[{"embeddable":true,"href":"https:\/\/inhala.net\/es\/wp-json\/wp\/v2\/media\/42841"}],"wp:attachment":[{"href":"https:\/\/inhala.net\/es\/wp-json\/wp\/v2\/media?parent=42839"}],"wp:term":[{"taxonomy":"product_brand","embeddable":true,"href":"https:\/\/inhala.net\/es\/wp-json\/wp\/v2\/product_brand?post=42839"},{"taxonomy":"product_cat","embeddable":true,"href":"https:\/\/inhala.net\/es\/wp-json\/wp\/v2\/product_cat?post=42839"},{"taxonomy":"product_tag","embeddable":true,"href":"https:\/\/inhala.net\/es\/wp-json\/wp\/v2\/product_tag?post=42839"}],"curies":[{"name":"wp","href":"https:\/\/api.w.org\/{rel}","templated":true}]}}