{"id":42900,"date":"2025-03-07T13:23:36","date_gmt":"2025-03-07T12:23:36","guid":{"rendered":"https:\/\/inhala.net\/?post_type=product&#038;p=42900"},"modified":"2025-07-01T12:13:43","modified_gmt":"2025-07-01T11:13:43","slug":"cafe-colombia-santa-marta-sierra-nevada-kogui-250-grs","status":"publish","type":"product","link":"https:\/\/inhala.net\/es\/productes\/cafe-colombia-santa-marta-sierra-nevada-kogui-250-grs\/","title":{"rendered":"Caf\u00e9 Colombia Santa Marta, Sierra Nevada &#8220;Kogui&#8221; 250 grs"},"content":{"rendered":"<p>Caf\u00e9 Colombia Santa Marta, Sierra Nevada &#8220;Kogui&#8221; 250 grs.<\/p>\n<p>Has visto los<a href=\"https:\/\/inhala.net\/es\/?s=Lakrids&amp;post_type=product\"><span style=\"color: #800000;\"> bombones <strong>Lakrids<\/strong><\/span><\/a> que le acompa\u00f1an?<\/p>\n","protected":false},"excerpt":{"rendered":"<p>El caf\u00e9 de <strong><span style=\"color: #800000;\">Colombia Santa Marta Sierra Nevada &#8220;Kogui&#8221;<\/span><\/strong> es producido por la <span style=\"color: #800000;\">Comunidad ind\u00edgena <strong>Kogui<\/strong><\/span> que cultiva este caf\u00e9 de manera ancestral con un respeto profundo por la Naturaleza.<\/p>\n<p>Se trata de un caf\u00e9 Ar\u00e1bica, proceso lavado.<\/p>\n<p>Variedades: Castillo, Caturra, Tabi y Colombia.<\/p>\n<p>Crece a una altitud de 1600 mts.<\/p>\n<p>Caf\u00e9 con notas achocolatadas, baja acidez, con cuerpo y largo postgusto.<\/p>\n<p>Puntuaci\u00f3n 82\/100.<\/p>\n<p>Se presenta en bolsa de 250 gramos.<\/p>\n<p>Este caf\u00e9 es ideal para cualquier m\u00e9todo de preparaci\u00f3n: espresso, filtro, french press y Moka.<\/p>\n<p>En\u00a0<strong><span style=\"color: #800000;\"><a style=\"color: #800000;\" href=\"https:\/\/inhala.net\/es\">INHALA Caf\u00e9s y T\u00e9s\u00a0<\/a><\/span><\/strong>vas a encontrar una selecci\u00f3n de\u00a0<a href=\"https:\/\/inhala.net\/es\/categorias\/cafes-es\/\"><strong>caf\u00e9s<\/strong>\u00a0reci\u00e9n tostados<\/a>,\u00a0<strong><a href=\"https:\/\/inhala.net\/es\/categorias\/tes-infusiones\/\">t\u00e9s<\/a><\/strong>,\u00a0<strong><a href=\"https:\/\/inhala.net\/es\/categorias\/galletas-y-chocolates\/\">chocolates\u00a0<\/a><\/strong><a href=\"https:\/\/inhala.net\/es\/categorias\/galletas-y-chocolates\/\">y<\/a><strong><a href=\"https:\/\/inhala.net\/es\/categorias\/galletas-y-chocolates\/\">\u00a0galletas.<\/a><\/strong><\/p>\n<p>Caf\u00e9 en grano que podremos moler seg\u00fan el m\u00e9todo de preparaci\u00f3n que prefieras.<\/p>\n<p>Estamos en\u00a0Portalet, 9 de Granollers, Barcelona.<\/p>\n<p>&nbsp;<\/p>\n","protected":false},"featured_media":42902,"comment_status":"closed","ping_status":"closed","template":"","meta":{"inline_featured_image":false},"product_brand":[],"product_cat":[214],"product_tag":[571,1622,3512,1141,2274,3785],"class_list":{"0":"post-42900","1":"product","2":"type-product","3":"status-publish","4":"has-post-thumbnail","6":"product_cat-cafes-es","7":"product_tag-cafe-es","8":"product_tag-cafe-de-especialidad","9":"product_tag-cafes-en-grano","10":"product_tag-coffee-lover-es","11":"product_tag-colombia-es","12":"product_tag-colombia-santa-marta","14":"first","15":"instock","16":"taxable","17":"shipping-taxable","18":"purchasable","19":"product-type-simple"},"yoast_head":"<!-- This site is optimized with the Yoast SEO plugin v27.3 - https:\/\/yoast.com\/product\/yoast-seo-wordpress\/ -->\n<title>Comprar Caf\u00e9 Colombia Santa Marta &quot;Kogui&quot; 250 grs - Inhala<\/title>\n<meta name=\"description\" content=\"Caf\u00e9 Colombia Santa Marta Sierra Nevada Comunidad &quot;Kogui&quot; 250 grs. En\u00a0INHALA Caf\u00e9s y T\u00e9s, Portalet, 9 de Granollers, Barcelona. www.inhala.net\/es\" \/>\n<meta name=\"robots\" content=\"index, follow, max-snippet:-1, max-image-preview:large, max-video-preview:-1\" \/>\n<link rel=\"canonical\" href=\"https:\/\/inhala.net\/es\/productes\/cafe-colombia-santa-marta-sierra-nevada-kogui-250-grs\/\" \/>\n<meta property=\"og:locale\" content=\"es_ES\" \/>\n<meta property=\"og:type\" content=\"article\" \/>\n<meta property=\"og:title\" content=\"Comprar Caf\u00e9 Colombia Santa Marta &quot;Kogui&quot; 250 grs - Inhala\" \/>\n<meta property=\"og:description\" content=\"Caf\u00e9 Colombia Santa Marta Sierra Nevada Comunidad &quot;Kogui&quot; 250 grs. En\u00a0INHALA Caf\u00e9s y T\u00e9s, Portalet, 9 de Granollers, Barcelona. www.inhala.net\/es\" \/>\n<meta property=\"og:url\" content=\"https:\/\/inhala.net\/es\/productes\/cafe-colombia-santa-marta-sierra-nevada-kogui-250-grs\/\" \/>\n<meta property=\"og:site_name\" content=\"Inhala\" \/>\n<meta property=\"article:modified_time\" content=\"2025-07-01T11:13:43+00:00\" \/>\n<meta property=\"og:image\" content=\"https:\/\/inhala.net\/wp-content\/uploads\/2025\/03\/cafe-en-grano-colombia-santa-marta-Kogui-Inhala-Cafes-y-Tes-Granollers-Barcelona.jpg\" \/>\n\t<meta property=\"og:image:width\" content=\"1814\" \/>\n\t<meta property=\"og:image:height\" content=\"1994\" \/>\n\t<meta property=\"og:image:type\" content=\"image\/jpeg\" \/>\n<meta name=\"twitter:card\" content=\"summary_large_image\" \/>\n<script type=\"application\/ld+json\" class=\"yoast-schema-graph\">{\"@context\":\"https:\\\/\\\/schema.org\",\"@graph\":[{\"@type\":\"WebPage\",\"@id\":\"https:\\\/\\\/inhala.net\\\/es\\\/productes\\\/cafe-colombia-santa-marta-sierra-nevada-kogui-250-grs\\\/\",\"url\":\"https:\\\/\\\/inhala.net\\\/es\\\/productes\\\/cafe-colombia-santa-marta-sierra-nevada-kogui-250-grs\\\/\",\"name\":\"Comprar Caf\u00e9 Colombia Santa Marta \\\"Kogui\\\" 250 grs - Inhala\",\"isPartOf\":{\"@id\":\"https:\\\/\\\/inhala.net\\\/#website\"},\"primaryImageOfPage\":{\"@id\":\"https:\\\/\\\/inhala.net\\\/es\\\/productes\\\/cafe-colombia-santa-marta-sierra-nevada-kogui-250-grs\\\/#primaryimage\"},\"image\":{\"@id\":\"https:\\\/\\\/inhala.net\\\/es\\\/productes\\\/cafe-colombia-santa-marta-sierra-nevada-kogui-250-grs\\\/#primaryimage\"},\"thumbnailUrl\":\"https:\\\/\\\/inhala.net\\\/wp-content\\\/uploads\\\/2025\\\/03\\\/cafe-en-grano-colombia-santa-marta-Kogui-Inhala-Cafes-y-Tes-Granollers-Barcelona.jpg\",\"datePublished\":\"2025-03-07T12:23:36+00:00\",\"dateModified\":\"2025-07-01T11:13:43+00:00\",\"description\":\"Caf\u00e9 Colombia Santa Marta Sierra Nevada Comunidad \\\"Kogui\\\" 250 grs. En\u00a0INHALA Caf\u00e9s y T\u00e9s, Portalet, 9 de Granollers, Barcelona. www.inhala.net\\\/es\",\"breadcrumb\":{\"@id\":\"https:\\\/\\\/inhala.net\\\/es\\\/productes\\\/cafe-colombia-santa-marta-sierra-nevada-kogui-250-grs\\\/#breadcrumb\"},\"inLanguage\":\"es\",\"potentialAction\":[{\"@type\":\"ReadAction\",\"target\":[\"https:\\\/\\\/inhala.net\\\/es\\\/productes\\\/cafe-colombia-santa-marta-sierra-nevada-kogui-250-grs\\\/\"]}]},{\"@type\":\"ImageObject\",\"inLanguage\":\"es\",\"@id\":\"https:\\\/\\\/inhala.net\\\/es\\\/productes\\\/cafe-colombia-santa-marta-sierra-nevada-kogui-250-grs\\\/#primaryimage\",\"url\":\"https:\\\/\\\/inhala.net\\\/wp-content\\\/uploads\\\/2025\\\/03\\\/cafe-en-grano-colombia-santa-marta-Kogui-Inhala-Cafes-y-Tes-Granollers-Barcelona.jpg\",\"contentUrl\":\"https:\\\/\\\/inhala.net\\\/wp-content\\\/uploads\\\/2025\\\/03\\\/cafe-en-grano-colombia-santa-marta-Kogui-Inhala-Cafes-y-Tes-Granollers-Barcelona.jpg\",\"width\":1814,\"height\":1994,\"caption\":\"Caf\u00e9 Colombia Santa Marta Sierra Nevada \\\"Kogui\\\" 250 grs Se presenta en bolsa de 250 gramos. Todo el sabor del caf\u00e9 de Indonesia en tu taza. \u00bfQuieres conocer otros caf\u00e9s del proyecto Fincaf\u00e9? Mira\u00a0aqu\u00ed. Este caf\u00e9 es ideal para cualquier m\u00e9todo de preparaci\u00f3n: espresso, filtro, french press y Moka. En\u00a0INHALA Caf\u00e9s y T\u00e9s, Portalet, 9 de Granollers, Barcelona.\"},{\"@type\":\"BreadcrumbList\",\"@id\":\"https:\\\/\\\/inhala.net\\\/es\\\/productes\\\/cafe-colombia-santa-marta-sierra-nevada-kogui-250-grs\\\/#breadcrumb\",\"itemListElement\":[{\"@type\":\"ListItem\",\"position\":1,\"name\":\"Inici\",\"item\":\"https:\\\/\\\/inhala.net\\\/es\\\/inicio\\\/\"},{\"@type\":\"ListItem\",\"position\":2,\"name\":\"Productos\",\"item\":\"https:\\\/\\\/inhala.net\\\/es\\\/product\\\/\"},{\"@type\":\"ListItem\",\"position\":3,\"name\":\"Caf\u00e9 Colombia Santa Marta, Sierra Nevada &#8220;Kogui&#8221; 250 grs\"}]},{\"@type\":\"WebSite\",\"@id\":\"https:\\\/\\\/inhala.net\\\/#website\",\"url\":\"https:\\\/\\\/inhala.net\\\/\",\"name\":\"Inhala\",\"description\":\"Coffee & Tea | Invade los sentidos\",\"potentialAction\":[{\"@type\":\"SearchAction\",\"target\":{\"@type\":\"EntryPoint\",\"urlTemplate\":\"https:\\\/\\\/inhala.net\\\/?s={search_term_string}\"},\"query-input\":{\"@type\":\"PropertyValueSpecification\",\"valueRequired\":true,\"valueName\":\"search_term_string\"}}],\"inLanguage\":\"es\"}]}<\/script>\n<!-- \/ Yoast SEO plugin. -->","yoast_head_json":{"title":"Comprar Caf\u00e9 Colombia Santa Marta \"Kogui\" 250 grs - Inhala","description":"Caf\u00e9 Colombia Santa Marta Sierra Nevada Comunidad \"Kogui\" 250 grs. En\u00a0INHALA Caf\u00e9s y T\u00e9s, Portalet, 9 de Granollers, Barcelona. www.inhala.net\/es","robots":{"index":"index","follow":"follow","max-snippet":"max-snippet:-1","max-image-preview":"max-image-preview:large","max-video-preview":"max-video-preview:-1"},"canonical":"https:\/\/inhala.net\/es\/productes\/cafe-colombia-santa-marta-sierra-nevada-kogui-250-grs\/","og_locale":"es_ES","og_type":"article","og_title":"Comprar Caf\u00e9 Colombia Santa Marta \"Kogui\" 250 grs - Inhala","og_description":"Caf\u00e9 Colombia Santa Marta Sierra Nevada Comunidad \"Kogui\" 250 grs. En\u00a0INHALA Caf\u00e9s y T\u00e9s, Portalet, 9 de Granollers, Barcelona. www.inhala.net\/es","og_url":"https:\/\/inhala.net\/es\/productes\/cafe-colombia-santa-marta-sierra-nevada-kogui-250-grs\/","og_site_name":"Inhala","article_modified_time":"2025-07-01T11:13:43+00:00","og_image":[{"width":1814,"height":1994,"url":"https:\/\/inhala.net\/wp-content\/uploads\/2025\/03\/cafe-en-grano-colombia-santa-marta-Kogui-Inhala-Cafes-y-Tes-Granollers-Barcelona.jpg","type":"image\/jpeg"}],"twitter_card":"summary_large_image","schema":{"@context":"https:\/\/schema.org","@graph":[{"@type":"WebPage","@id":"https:\/\/inhala.net\/es\/productes\/cafe-colombia-santa-marta-sierra-nevada-kogui-250-grs\/","url":"https:\/\/inhala.net\/es\/productes\/cafe-colombia-santa-marta-sierra-nevada-kogui-250-grs\/","name":"Comprar Caf\u00e9 Colombia Santa Marta \"Kogui\" 250 grs - Inhala","isPartOf":{"@id":"https:\/\/inhala.net\/#website"},"primaryImageOfPage":{"@id":"https:\/\/inhala.net\/es\/productes\/cafe-colombia-santa-marta-sierra-nevada-kogui-250-grs\/#primaryimage"},"image":{"@id":"https:\/\/inhala.net\/es\/productes\/cafe-colombia-santa-marta-sierra-nevada-kogui-250-grs\/#primaryimage"},"thumbnailUrl":"https:\/\/inhala.net\/wp-content\/uploads\/2025\/03\/cafe-en-grano-colombia-santa-marta-Kogui-Inhala-Cafes-y-Tes-Granollers-Barcelona.jpg","datePublished":"2025-03-07T12:23:36+00:00","dateModified":"2025-07-01T11:13:43+00:00","description":"Caf\u00e9 Colombia Santa Marta Sierra Nevada Comunidad \"Kogui\" 250 grs. En\u00a0INHALA Caf\u00e9s y T\u00e9s, Portalet, 9 de Granollers, Barcelona. www.inhala.net\/es","breadcrumb":{"@id":"https:\/\/inhala.net\/es\/productes\/cafe-colombia-santa-marta-sierra-nevada-kogui-250-grs\/#breadcrumb"},"inLanguage":"es","potentialAction":[{"@type":"ReadAction","target":["https:\/\/inhala.net\/es\/productes\/cafe-colombia-santa-marta-sierra-nevada-kogui-250-grs\/"]}]},{"@type":"ImageObject","inLanguage":"es","@id":"https:\/\/inhala.net\/es\/productes\/cafe-colombia-santa-marta-sierra-nevada-kogui-250-grs\/#primaryimage","url":"https:\/\/inhala.net\/wp-content\/uploads\/2025\/03\/cafe-en-grano-colombia-santa-marta-Kogui-Inhala-Cafes-y-Tes-Granollers-Barcelona.jpg","contentUrl":"https:\/\/inhala.net\/wp-content\/uploads\/2025\/03\/cafe-en-grano-colombia-santa-marta-Kogui-Inhala-Cafes-y-Tes-Granollers-Barcelona.jpg","width":1814,"height":1994,"caption":"Caf\u00e9 Colombia Santa Marta Sierra Nevada \"Kogui\" 250 grs Se presenta en bolsa de 250 gramos. Todo el sabor del caf\u00e9 de Indonesia en tu taza. \u00bfQuieres conocer otros caf\u00e9s del proyecto Fincaf\u00e9? Mira\u00a0aqu\u00ed. Este caf\u00e9 es ideal para cualquier m\u00e9todo de preparaci\u00f3n: espresso, filtro, french press y Moka. En\u00a0INHALA Caf\u00e9s y T\u00e9s, Portalet, 9 de Granollers, Barcelona."},{"@type":"BreadcrumbList","@id":"https:\/\/inhala.net\/es\/productes\/cafe-colombia-santa-marta-sierra-nevada-kogui-250-grs\/#breadcrumb","itemListElement":[{"@type":"ListItem","position":1,"name":"Inici","item":"https:\/\/inhala.net\/es\/inicio\/"},{"@type":"ListItem","position":2,"name":"Productos","item":"https:\/\/inhala.net\/es\/product\/"},{"@type":"ListItem","position":3,"name":"Caf\u00e9 Colombia Santa Marta, Sierra Nevada &#8220;Kogui&#8221; 250 grs"}]},{"@type":"WebSite","@id":"https:\/\/inhala.net\/#website","url":"https:\/\/inhala.net\/","name":"Inhala","description":"Coffee & Tea | Invade los sentidos","potentialAction":[{"@type":"SearchAction","target":{"@type":"EntryPoint","urlTemplate":"https:\/\/inhala.net\/?s={search_term_string}"},"query-input":{"@type":"PropertyValueSpecification","valueRequired":true,"valueName":"search_term_string"}}],"inLanguage":"es"}]}},"_links":{"self":[{"href":"https:\/\/inhala.net\/es\/wp-json\/wp\/v2\/product\/42900","targetHints":{"allow":["GET"]}}],"collection":[{"href":"https:\/\/inhala.net\/es\/wp-json\/wp\/v2\/product"}],"about":[{"href":"https:\/\/inhala.net\/es\/wp-json\/wp\/v2\/types\/product"}],"replies":[{"embeddable":true,"href":"https:\/\/inhala.net\/es\/wp-json\/wp\/v2\/comments?post=42900"}],"wp:featuredmedia":[{"embeddable":true,"href":"https:\/\/inhala.net\/es\/wp-json\/wp\/v2\/media\/42902"}],"wp:attachment":[{"href":"https:\/\/inhala.net\/es\/wp-json\/wp\/v2\/media?parent=42900"}],"wp:term":[{"taxonomy":"product_brand","embeddable":true,"href":"https:\/\/inhala.net\/es\/wp-json\/wp\/v2\/product_brand?post=42900"},{"taxonomy":"product_cat","embeddable":true,"href":"https:\/\/inhala.net\/es\/wp-json\/wp\/v2\/product_cat?post=42900"},{"taxonomy":"product_tag","embeddable":true,"href":"https:\/\/inhala.net\/es\/wp-json\/wp\/v2\/product_tag?post=42900"}],"curies":[{"name":"wp","href":"https:\/\/api.w.org\/{rel}","templated":true}]}}