{"id":43142,"date":"2025-05-08T12:22:09","date_gmt":"2025-05-08T11:22:09","guid":{"rendered":"https:\/\/inhala.net\/?post_type=product&#038;p=43142"},"modified":"2025-05-09T17:42:07","modified_gmt":"2025-05-09T16:42:07","slug":"cafe-honduras-ocotepeque-mujeres-cafeteras-250-grs","status":"publish","type":"product","link":"https:\/\/inhala.net\/es\/productes\/cafe-honduras-ocotepeque-mujeres-cafeteras-250-grs\/","title":{"rendered":"Caf\u00e9 Honduras Ocotepeque &#8220;Mujeres Cafeteras&#8221; 250 grs."},"content":{"rendered":"<p>Caf\u00e9 Honduras Ocotepeque &#8220;Mujeres Cafeteras&#8221; 250 grs.<\/p>\n","protected":false},"excerpt":{"rendered":"<p>Caf\u00e9 Honduras Ocotepeque &#8220;Mujeres Cafeteras&#8221; en grano, paquete 250 grs., lo podemos moler a tu gusto.<\/p>\n<p>Ocotepeque es el departamento m\u00e1s occidental de Honduras.<\/p>\n<p>El productor es Amprocal &#8220;Asociaci\u00f3n de Mujeres Productoras de Caf\u00e9 La Labor&#8221; integrada por m\u00e1s de 160 mujeres productoras de caf\u00e9.<\/p>\n<p>EthicHub.<\/p>\n<p>Varietal: Pacas, Catuai amarillo, Parainema, Caturra, Ihcaf\u00e9 y Lempira.<\/p>\n<p>Crece entre 1470 &#8211; 1650 msnm.<\/p>\n<p>Proceso lavado.<\/p>\n<p>Notas de melocot\u00f3n, miel, frutas de hueso.<\/p>\n<p>Su acidez m\u00e1lica que le da frescura, cuerpo sedoso y postgusto duradero, un caf\u00e9 muy agradable preparado con cualquier m\u00e9todo.<\/p>\n<p>Un caf\u00e9 perfecto para preparar en Filtro, french press, Moka y espresso.<\/p>\n<p>En\u00a0<strong><a href=\"https:\/\/inhala.net\/es\">INHALA Caf\u00e9s y T\u00e9s\u00a0<\/a><\/strong>vas a encontrar una selecci\u00f3n de\u00a0<span style=\"color: #800000;\"><a style=\"color: #800000;\" href=\"https:\/\/inhala.net\/es\/categorias\/cafes-es\/\"><strong>caf\u00e9s<\/strong>\u00a0reci\u00e9n tostados<\/a><\/span>,\u00a0<span style=\"color: #800000;\"><strong><a style=\"color: #800000;\" href=\"https:\/\/inhala.net\/es\/categorias\/tes-infusiones\/\">t\u00e9s<\/a><\/strong><\/span>,\u00a0<strong><a href=\"https:\/\/inhala.net\/es\/categorias\/galletas-y-chocolates\/\"><span style=\"color: #800000;\">chocolates<\/span>\u00a0<\/a><\/strong><a href=\"https:\/\/inhala.net\/es\/categorias\/galletas-y-chocolates\/\">y<\/a><strong><a href=\"https:\/\/inhala.net\/es\/categorias\/galletas-y-chocolates\/\">\u00a0<span style=\"color: #800000;\">galletas<\/span>.<\/a><\/strong><\/p>\n<p>Caf\u00e9 en grano que podremos moler seg\u00fan el m\u00e9todo de preparaci\u00f3n que prefieras.<\/p>\n<p>Viajamos tomando caf\u00e9 y estamos en Portalet, 9 de Granollers, Barcelona.<\/p>\n<p>&nbsp;<\/p>\n","protected":false},"featured_media":43143,"comment_status":"closed","ping_status":"closed","template":"","meta":{"inline_featured_image":false},"product_brand":[],"product_cat":[214],"product_tag":[571,1622,2064,1141,1362,3857,3858],"class_list":{"0":"post-43142","1":"product","2":"type-product","3":"status-publish","4":"has-post-thumbnail","6":"product_cat-cafes-es","7":"product_tag-cafe-es","8":"product_tag-cafe-de-especialidad","9":"product_tag-coffee-addict-es","10":"product_tag-coffee-lover-es","11":"product_tag-honduras","12":"product_tag-mujeres-cafeteras","13":"product_tag-ocotepeque-es","15":"first","16":"instock","17":"taxable","18":"shipping-taxable","19":"purchasable","20":"product-type-simple"},"yoast_head":"<!-- This site is optimized with the Yoast SEO plugin v27.3 - https:\/\/yoast.com\/product\/yoast-seo-wordpress\/ -->\n<title>Comprar Caf\u00e9 Honduras Ocotepeque &quot;Mujeres Cafeteras&quot; 250 grs. - Inhala<\/title>\n<meta name=\"description\" content=\"Caf\u00e9 Honduras Ocotepeque &quot;Mujeres Cafeteras&quot; 250 grs. En\u00a0INHALA Caf\u00e9s y T\u00e9s\u00a0vas a encontrar caf\u00e9s\u00a0reci\u00e9n tostados,\u00a0t\u00e9s,\u00a0chocolates\u00a0y\u00a0galletas.\" \/>\n<meta name=\"robots\" content=\"index, follow, max-snippet:-1, max-image-preview:large, max-video-preview:-1\" \/>\n<link rel=\"canonical\" href=\"https:\/\/inhala.net\/es\/productes\/cafe-honduras-ocotepeque-mujeres-cafeteras-250-grs\/\" \/>\n<meta property=\"og:locale\" content=\"es_ES\" \/>\n<meta property=\"og:type\" content=\"article\" \/>\n<meta property=\"og:title\" content=\"Comprar Caf\u00e9 Honduras Ocotepeque &quot;Mujeres Cafeteras&quot; 250 grs. - Inhala\" \/>\n<meta property=\"og:description\" content=\"Caf\u00e9 Honduras Ocotepeque &quot;Mujeres Cafeteras&quot; 250 grs. En\u00a0INHALA Caf\u00e9s y T\u00e9s\u00a0vas a encontrar caf\u00e9s\u00a0reci\u00e9n tostados,\u00a0t\u00e9s,\u00a0chocolates\u00a0y\u00a0galletas.\" \/>\n<meta property=\"og:url\" content=\"https:\/\/inhala.net\/es\/productes\/cafe-honduras-ocotepeque-mujeres-cafeteras-250-grs\/\" \/>\n<meta property=\"og:site_name\" content=\"Inhala\" \/>\n<meta property=\"article:modified_time\" content=\"2025-05-09T16:42:07+00:00\" \/>\n<meta property=\"og:image\" content=\"https:\/\/inhala.net\/wp-content\/uploads\/2025\/05\/cafe-Honduras-Ocotepeque-Mujeres-Cafeteras-Ethichub-Inhala-Cafes-y-Tes-Granollers-Barcelona.jpeg\" \/>\n\t<meta property=\"og:image:width\" content=\"1983\" \/>\n\t<meta property=\"og:image:height\" content=\"1988\" \/>\n\t<meta property=\"og:image:type\" content=\"image\/jpeg\" \/>\n<meta name=\"twitter:card\" content=\"summary_large_image\" \/>\n<script type=\"application\/ld+json\" class=\"yoast-schema-graph\">{\"@context\":\"https:\\\/\\\/schema.org\",\"@graph\":[{\"@type\":\"WebPage\",\"@id\":\"https:\\\/\\\/inhala.net\\\/es\\\/productes\\\/cafe-honduras-ocotepeque-mujeres-cafeteras-250-grs\\\/\",\"url\":\"https:\\\/\\\/inhala.net\\\/es\\\/productes\\\/cafe-honduras-ocotepeque-mujeres-cafeteras-250-grs\\\/\",\"name\":\"Comprar Caf\u00e9 Honduras Ocotepeque \\\"Mujeres Cafeteras\\\" 250 grs. - Inhala\",\"isPartOf\":{\"@id\":\"https:\\\/\\\/inhala.net\\\/#website\"},\"primaryImageOfPage\":{\"@id\":\"https:\\\/\\\/inhala.net\\\/es\\\/productes\\\/cafe-honduras-ocotepeque-mujeres-cafeteras-250-grs\\\/#primaryimage\"},\"image\":{\"@id\":\"https:\\\/\\\/inhala.net\\\/es\\\/productes\\\/cafe-honduras-ocotepeque-mujeres-cafeteras-250-grs\\\/#primaryimage\"},\"thumbnailUrl\":\"https:\\\/\\\/inhala.net\\\/wp-content\\\/uploads\\\/2025\\\/05\\\/cafe-Honduras-Ocotepeque-Mujeres-Cafeteras-Ethichub-Inhala-Cafes-y-Tes-Granollers-Barcelona.jpeg\",\"datePublished\":\"2025-05-08T11:22:09+00:00\",\"dateModified\":\"2025-05-09T16:42:07+00:00\",\"description\":\"Caf\u00e9 Honduras Ocotepeque \\\"Mujeres Cafeteras\\\" 250 grs. En\u00a0INHALA Caf\u00e9s y T\u00e9s\u00a0vas a encontrar caf\u00e9s\u00a0reci\u00e9n tostados,\u00a0t\u00e9s,\u00a0chocolates\u00a0y\u00a0galletas.\",\"breadcrumb\":{\"@id\":\"https:\\\/\\\/inhala.net\\\/es\\\/productes\\\/cafe-honduras-ocotepeque-mujeres-cafeteras-250-grs\\\/#breadcrumb\"},\"inLanguage\":\"es\",\"potentialAction\":[{\"@type\":\"ReadAction\",\"target\":[\"https:\\\/\\\/inhala.net\\\/es\\\/productes\\\/cafe-honduras-ocotepeque-mujeres-cafeteras-250-grs\\\/\"]}]},{\"@type\":\"ImageObject\",\"inLanguage\":\"es\",\"@id\":\"https:\\\/\\\/inhala.net\\\/es\\\/productes\\\/cafe-honduras-ocotepeque-mujeres-cafeteras-250-grs\\\/#primaryimage\",\"url\":\"https:\\\/\\\/inhala.net\\\/wp-content\\\/uploads\\\/2025\\\/05\\\/cafe-Honduras-Ocotepeque-Mujeres-Cafeteras-Ethichub-Inhala-Cafes-y-Tes-Granollers-Barcelona.jpeg\",\"contentUrl\":\"https:\\\/\\\/inhala.net\\\/wp-content\\\/uploads\\\/2025\\\/05\\\/cafe-Honduras-Ocotepeque-Mujeres-Cafeteras-Ethichub-Inhala-Cafes-y-Tes-Granollers-Barcelona.jpeg\",\"width\":1983,\"height\":1988,\"caption\":\"Caf\u00e9 Honduras Ocotepeque \\\"Mujeres Cafeteras\\\" en grano, paquete 250 grs., lo podemos moler a tu gusto. Ocotepeque es el departamento m\u00e1s oocidental de Honduras. Productor Amprocal \\\"Asociaci\u00f3n de Mujeres productoras de Caf\u00e9 La Labor\\\". EthicHub. Varietal: Pacas, Catuai amarillo, Parainema, Caturra, Ihcaf\u00e9 y Lempira. Crece entre 1470 - 1650 msnm. Proceso lavado. Notas de melocot\u00f3n, miel, frutas de hueso. Su acidez m\u00e1lica que le da frescura, cuerpo sedoso y postgusto duradero, un caf\u00e9 muy agradable preparado con cualquier m\u00e9todo. Filtro, french press, Moka y espresso. En\u00a0INHALA Caf\u00e9s y T\u00e9s\u00a0vas a encontrar una selecci\u00f3n de\u00a0caf\u00e9s\u00a0reci\u00e9n tostados,\u00a0t\u00e9s,\u00a0chocolates\u00a0y\u00a0galletas. Caf\u00e9 en grano que podremos moler seg\u00fan el m\u00e9todo de preparaci\u00f3n que prefieras. Estamos en\u00a0Portalet, 9 de Granollers, Barcelona.\"},{\"@type\":\"BreadcrumbList\",\"@id\":\"https:\\\/\\\/inhala.net\\\/es\\\/productes\\\/cafe-honduras-ocotepeque-mujeres-cafeteras-250-grs\\\/#breadcrumb\",\"itemListElement\":[{\"@type\":\"ListItem\",\"position\":1,\"name\":\"Inici\",\"item\":\"https:\\\/\\\/inhala.net\\\/es\\\/inicio\\\/\"},{\"@type\":\"ListItem\",\"position\":2,\"name\":\"Productos\",\"item\":\"https:\\\/\\\/inhala.net\\\/es\\\/product\\\/\"},{\"@type\":\"ListItem\",\"position\":3,\"name\":\"Caf\u00e9 Honduras Ocotepeque &#8220;Mujeres Cafeteras&#8221; 250 grs.\"}]},{\"@type\":\"WebSite\",\"@id\":\"https:\\\/\\\/inhala.net\\\/#website\",\"url\":\"https:\\\/\\\/inhala.net\\\/\",\"name\":\"Inhala\",\"description\":\"Coffee & Tea | Invade los sentidos\",\"potentialAction\":[{\"@type\":\"SearchAction\",\"target\":{\"@type\":\"EntryPoint\",\"urlTemplate\":\"https:\\\/\\\/inhala.net\\\/?s={search_term_string}\"},\"query-input\":{\"@type\":\"PropertyValueSpecification\",\"valueRequired\":true,\"valueName\":\"search_term_string\"}}],\"inLanguage\":\"es\"}]}<\/script>\n<!-- \/ Yoast SEO plugin. -->","yoast_head_json":{"title":"Comprar Caf\u00e9 Honduras Ocotepeque \"Mujeres Cafeteras\" 250 grs. - Inhala","description":"Caf\u00e9 Honduras Ocotepeque \"Mujeres Cafeteras\" 250 grs. En\u00a0INHALA Caf\u00e9s y T\u00e9s\u00a0vas a encontrar caf\u00e9s\u00a0reci\u00e9n tostados,\u00a0t\u00e9s,\u00a0chocolates\u00a0y\u00a0galletas.","robots":{"index":"index","follow":"follow","max-snippet":"max-snippet:-1","max-image-preview":"max-image-preview:large","max-video-preview":"max-video-preview:-1"},"canonical":"https:\/\/inhala.net\/es\/productes\/cafe-honduras-ocotepeque-mujeres-cafeteras-250-grs\/","og_locale":"es_ES","og_type":"article","og_title":"Comprar Caf\u00e9 Honduras Ocotepeque \"Mujeres Cafeteras\" 250 grs. - Inhala","og_description":"Caf\u00e9 Honduras Ocotepeque \"Mujeres Cafeteras\" 250 grs. En\u00a0INHALA Caf\u00e9s y T\u00e9s\u00a0vas a encontrar caf\u00e9s\u00a0reci\u00e9n tostados,\u00a0t\u00e9s,\u00a0chocolates\u00a0y\u00a0galletas.","og_url":"https:\/\/inhala.net\/es\/productes\/cafe-honduras-ocotepeque-mujeres-cafeteras-250-grs\/","og_site_name":"Inhala","article_modified_time":"2025-05-09T16:42:07+00:00","og_image":[{"width":1983,"height":1988,"url":"https:\/\/inhala.net\/wp-content\/uploads\/2025\/05\/cafe-Honduras-Ocotepeque-Mujeres-Cafeteras-Ethichub-Inhala-Cafes-y-Tes-Granollers-Barcelona.jpeg","type":"image\/jpeg"}],"twitter_card":"summary_large_image","schema":{"@context":"https:\/\/schema.org","@graph":[{"@type":"WebPage","@id":"https:\/\/inhala.net\/es\/productes\/cafe-honduras-ocotepeque-mujeres-cafeteras-250-grs\/","url":"https:\/\/inhala.net\/es\/productes\/cafe-honduras-ocotepeque-mujeres-cafeteras-250-grs\/","name":"Comprar Caf\u00e9 Honduras Ocotepeque \"Mujeres Cafeteras\" 250 grs. - Inhala","isPartOf":{"@id":"https:\/\/inhala.net\/#website"},"primaryImageOfPage":{"@id":"https:\/\/inhala.net\/es\/productes\/cafe-honduras-ocotepeque-mujeres-cafeteras-250-grs\/#primaryimage"},"image":{"@id":"https:\/\/inhala.net\/es\/productes\/cafe-honduras-ocotepeque-mujeres-cafeteras-250-grs\/#primaryimage"},"thumbnailUrl":"https:\/\/inhala.net\/wp-content\/uploads\/2025\/05\/cafe-Honduras-Ocotepeque-Mujeres-Cafeteras-Ethichub-Inhala-Cafes-y-Tes-Granollers-Barcelona.jpeg","datePublished":"2025-05-08T11:22:09+00:00","dateModified":"2025-05-09T16:42:07+00:00","description":"Caf\u00e9 Honduras Ocotepeque \"Mujeres Cafeteras\" 250 grs. En\u00a0INHALA Caf\u00e9s y T\u00e9s\u00a0vas a encontrar caf\u00e9s\u00a0reci\u00e9n tostados,\u00a0t\u00e9s,\u00a0chocolates\u00a0y\u00a0galletas.","breadcrumb":{"@id":"https:\/\/inhala.net\/es\/productes\/cafe-honduras-ocotepeque-mujeres-cafeteras-250-grs\/#breadcrumb"},"inLanguage":"es","potentialAction":[{"@type":"ReadAction","target":["https:\/\/inhala.net\/es\/productes\/cafe-honduras-ocotepeque-mujeres-cafeteras-250-grs\/"]}]},{"@type":"ImageObject","inLanguage":"es","@id":"https:\/\/inhala.net\/es\/productes\/cafe-honduras-ocotepeque-mujeres-cafeteras-250-grs\/#primaryimage","url":"https:\/\/inhala.net\/wp-content\/uploads\/2025\/05\/cafe-Honduras-Ocotepeque-Mujeres-Cafeteras-Ethichub-Inhala-Cafes-y-Tes-Granollers-Barcelona.jpeg","contentUrl":"https:\/\/inhala.net\/wp-content\/uploads\/2025\/05\/cafe-Honduras-Ocotepeque-Mujeres-Cafeteras-Ethichub-Inhala-Cafes-y-Tes-Granollers-Barcelona.jpeg","width":1983,"height":1988,"caption":"Caf\u00e9 Honduras Ocotepeque \"Mujeres Cafeteras\" en grano, paquete 250 grs., lo podemos moler a tu gusto. Ocotepeque es el departamento m\u00e1s oocidental de Honduras. Productor Amprocal \"Asociaci\u00f3n de Mujeres productoras de Caf\u00e9 La Labor\". EthicHub. Varietal: Pacas, Catuai amarillo, Parainema, Caturra, Ihcaf\u00e9 y Lempira. Crece entre 1470 - 1650 msnm. Proceso lavado. Notas de melocot\u00f3n, miel, frutas de hueso. Su acidez m\u00e1lica que le da frescura, cuerpo sedoso y postgusto duradero, un caf\u00e9 muy agradable preparado con cualquier m\u00e9todo. Filtro, french press, Moka y espresso. En\u00a0INHALA Caf\u00e9s y T\u00e9s\u00a0vas a encontrar una selecci\u00f3n de\u00a0caf\u00e9s\u00a0reci\u00e9n tostados,\u00a0t\u00e9s,\u00a0chocolates\u00a0y\u00a0galletas. Caf\u00e9 en grano que podremos moler seg\u00fan el m\u00e9todo de preparaci\u00f3n que prefieras. Estamos en\u00a0Portalet, 9 de Granollers, Barcelona."},{"@type":"BreadcrumbList","@id":"https:\/\/inhala.net\/es\/productes\/cafe-honduras-ocotepeque-mujeres-cafeteras-250-grs\/#breadcrumb","itemListElement":[{"@type":"ListItem","position":1,"name":"Inici","item":"https:\/\/inhala.net\/es\/inicio\/"},{"@type":"ListItem","position":2,"name":"Productos","item":"https:\/\/inhala.net\/es\/product\/"},{"@type":"ListItem","position":3,"name":"Caf\u00e9 Honduras Ocotepeque &#8220;Mujeres Cafeteras&#8221; 250 grs."}]},{"@type":"WebSite","@id":"https:\/\/inhala.net\/#website","url":"https:\/\/inhala.net\/","name":"Inhala","description":"Coffee & Tea | Invade los sentidos","potentialAction":[{"@type":"SearchAction","target":{"@type":"EntryPoint","urlTemplate":"https:\/\/inhala.net\/?s={search_term_string}"},"query-input":{"@type":"PropertyValueSpecification","valueRequired":true,"valueName":"search_term_string"}}],"inLanguage":"es"}]}},"_links":{"self":[{"href":"https:\/\/inhala.net\/es\/wp-json\/wp\/v2\/product\/43142","targetHints":{"allow":["GET"]}}],"collection":[{"href":"https:\/\/inhala.net\/es\/wp-json\/wp\/v2\/product"}],"about":[{"href":"https:\/\/inhala.net\/es\/wp-json\/wp\/v2\/types\/product"}],"replies":[{"embeddable":true,"href":"https:\/\/inhala.net\/es\/wp-json\/wp\/v2\/comments?post=43142"}],"wp:featuredmedia":[{"embeddable":true,"href":"https:\/\/inhala.net\/es\/wp-json\/wp\/v2\/media\/43143"}],"wp:attachment":[{"href":"https:\/\/inhala.net\/es\/wp-json\/wp\/v2\/media?parent=43142"}],"wp:term":[{"taxonomy":"product_brand","embeddable":true,"href":"https:\/\/inhala.net\/es\/wp-json\/wp\/v2\/product_brand?post=43142"},{"taxonomy":"product_cat","embeddable":true,"href":"https:\/\/inhala.net\/es\/wp-json\/wp\/v2\/product_cat?post=43142"},{"taxonomy":"product_tag","embeddable":true,"href":"https:\/\/inhala.net\/es\/wp-json\/wp\/v2\/product_tag?post=43142"}],"curies":[{"name":"wp","href":"https:\/\/api.w.org\/{rel}","templated":true}]}}