{"id":43341,"date":"2025-06-06T10:15:39","date_gmt":"2025-06-06T09:15:39","guid":{"rendered":"https:\/\/inhala.net\/?post_type=product&#038;p=43341"},"modified":"2025-06-06T19:02:37","modified_gmt":"2025-06-06T18:02:37","slug":"cafe-congo-kawa-kabuya-250-grs","status":"publish","type":"product","link":"https:\/\/inhala.net\/es\/productes\/cafe-congo-kawa-kabuya-250-grs\/","title":{"rendered":"Caf\u00e9 Congo Kawa Kabuya 250 grs"},"content":{"rendered":"<p>Caf\u00e9 Congo Kawa Kabuya 250 grs en grano.<\/p>\n<p>\u00bfLo molemos? \u00bfQu\u00e9 m\u00e9todo utilizas?<\/p>\n","protected":false},"excerpt":{"rendered":"<p>Caf\u00e9 Congo Kawa Kabuya 250 grs.<\/p>\n<p>El productor es la Cooperativa Kawa Kabuya.<\/p>\n<p>Este caf\u00e9 Ar\u00e1bica crece entre 1450 y 1945 msnm.<\/p>\n<p>Proceso Lavado.<\/p>\n<p>Varietales: Bourbon, Catua\u00ed y RuiruIX.<\/p>\n<p>Nota de cata: achocolatado, frutos rojos y almendras tostadas.<\/p>\n<p>Puntuaci\u00f3n: 85,75<\/p>\n<p>El caf\u00e9 es la principal fuente de riqueza de Congo, aportando mejoras en la vivienda, escolarizaci\u00f3n de los hijos y en la salud.<\/p>\n<p>Nos encanta tener estos caf\u00e9s en nuestra selecci\u00f3n y <span style=\"color: #800000;\">poner en valor<\/span> el gran trabajo que se est\u00e1 haciendo en estos pa\u00edses de \u00c1frica.<\/p>\n<p>En\u00a0<strong><a href=\"https:\/\/inhala.net\/es\">INHALA Caf\u00e9s y T\u00e9s\u00a0<\/a><\/strong>encontrar\u00e1s\u00a0<a href=\"https:\/\/inhala.net\/es\/categorias\/cafes-es\/\"><strong>caf\u00e9s<\/strong>\u00a0reci\u00e9n tostados<\/a>,\u00a0<strong><a href=\"https:\/\/inhala.net\/es\/categorias\/tes-infusiones\/\">t\u00e9s<\/a><\/strong><a href=\"https:\/\/inhala.net\/es\/categorias\/tes-infusiones\/\">\u00a0e\u00a0<\/a><strong><a href=\"https:\/\/inhala.net\/es\/categorias\/tes-infusiones\/\">infusiones<\/a><\/strong>,\u00a0<strong><a href=\"https:\/\/inhala.net\/es\/categorias\/galletas-y-chocolates\/\">chocolates\u00a0<\/a><\/strong><a href=\"https:\/\/inhala.net\/es\/categorias\/galletas-y-chocolates\/\">selectos\u00a0<\/a><a href=\"https:\/\/inhala.net\/es\/categorias\/galletas-y-chocolates\/\">y\u00a0<\/a><a href=\"https:\/\/inhala.net\/es\/categorias\/galletas-y-chocolates\/\">deliciosas<\/a><strong><a href=\"https:\/\/inhala.net\/es\/categorias\/galletas-y-chocolates\/\">\u00a0galletas.<\/a><\/strong><\/p>\n<p>\u00bfHas visto la taza de rayas? Preciosa, acabada de llegar de Italia y con ese chocolate y el caf\u00e9 de Congo, podemos hacer un regalo perfecto a un coffee lover.<\/p>\n<p>&nbsp;<\/p>\n","protected":false},"featured_media":43344,"comment_status":"closed","ping_status":"closed","template":"","meta":{"inline_featured_image":false},"product_brand":[],"product_cat":[214],"product_tag":[3898,1492,1141,1652],"class_list":{"0":"post-43341","1":"product","2":"type-product","3":"status-publish","4":"has-post-thumbnail","6":"product_cat-cafes-es","7":"product_tag-cafe-de-africa","8":"product_tag-cafe-en-grano","9":"product_tag-coffee-lover-es","10":"product_tag-congo-es","12":"first","13":"instock","14":"taxable","15":"shipping-taxable","16":"purchasable","17":"product-type-simple"},"yoast_head":"<!-- This site is optimized with the Yoast SEO plugin v27.3 - https:\/\/yoast.com\/product\/yoast-seo-wordpress\/ -->\n<title>Comprar Caf\u00e9 Congo Kawa Kabuya 250 grs - Inhala<\/title>\n<meta name=\"description\" content=\"Caf\u00e9 Congo Kawa Kabuya 250 grs. en INHALA Caf\u00e9s y T\u00e9s encontrar\u00e1s caf\u00e9s reci\u00e9n tostados, t\u00e9s e infusiones, chocolates selectos y galletas.\" \/>\n<meta name=\"robots\" content=\"index, follow, max-snippet:-1, max-image-preview:large, max-video-preview:-1\" \/>\n<link rel=\"canonical\" href=\"https:\/\/inhala.net\/es\/productes\/cafe-congo-kawa-kabuya-250-grs\/\" \/>\n<meta property=\"og:locale\" content=\"es_ES\" \/>\n<meta property=\"og:type\" content=\"article\" \/>\n<meta property=\"og:title\" content=\"Comprar Caf\u00e9 Congo Kawa Kabuya 250 grs - Inhala\" \/>\n<meta property=\"og:description\" content=\"Caf\u00e9 Congo Kawa Kabuya 250 grs. en INHALA Caf\u00e9s y T\u00e9s encontrar\u00e1s caf\u00e9s reci\u00e9n tostados, t\u00e9s e infusiones, chocolates selectos y galletas.\" \/>\n<meta property=\"og:url\" content=\"https:\/\/inhala.net\/es\/productes\/cafe-congo-kawa-kabuya-250-grs\/\" \/>\n<meta property=\"og:site_name\" content=\"Inhala\" \/>\n<meta property=\"article:modified_time\" content=\"2025-06-06T18:02:37+00:00\" \/>\n<meta property=\"og:image\" content=\"https:\/\/inhala.net\/wp-content\/uploads\/2025\/06\/cafe-Congo-Kawa-Kabuya-INhala-Cafes-y-Tes-Granollers-Barcelona.jpeg\" \/>\n\t<meta property=\"og:image:width\" content=\"1621\" \/>\n\t<meta property=\"og:image:height\" content=\"1332\" \/>\n\t<meta property=\"og:image:type\" content=\"image\/jpeg\" \/>\n<meta name=\"twitter:card\" content=\"summary_large_image\" \/>\n<script type=\"application\/ld+json\" class=\"yoast-schema-graph\">{\"@context\":\"https:\\\/\\\/schema.org\",\"@graph\":[{\"@type\":\"WebPage\",\"@id\":\"https:\\\/\\\/inhala.net\\\/es\\\/productes\\\/cafe-congo-kawa-kabuya-250-grs\\\/\",\"url\":\"https:\\\/\\\/inhala.net\\\/es\\\/productes\\\/cafe-congo-kawa-kabuya-250-grs\\\/\",\"name\":\"Comprar Caf\u00e9 Congo Kawa Kabuya 250 grs - Inhala\",\"isPartOf\":{\"@id\":\"https:\\\/\\\/inhala.net\\\/#website\"},\"primaryImageOfPage\":{\"@id\":\"https:\\\/\\\/inhala.net\\\/es\\\/productes\\\/cafe-congo-kawa-kabuya-250-grs\\\/#primaryimage\"},\"image\":{\"@id\":\"https:\\\/\\\/inhala.net\\\/es\\\/productes\\\/cafe-congo-kawa-kabuya-250-grs\\\/#primaryimage\"},\"thumbnailUrl\":\"https:\\\/\\\/inhala.net\\\/wp-content\\\/uploads\\\/2025\\\/06\\\/cafe-Congo-Kawa-Kabuya-INhala-Cafes-y-Tes-Granollers-Barcelona.jpeg\",\"datePublished\":\"2025-06-06T09:15:39+00:00\",\"dateModified\":\"2025-06-06T18:02:37+00:00\",\"description\":\"Caf\u00e9 Congo Kawa Kabuya 250 grs. en INHALA Caf\u00e9s y T\u00e9s encontrar\u00e1s caf\u00e9s reci\u00e9n tostados, t\u00e9s e infusiones, chocolates selectos y galletas.\",\"breadcrumb\":{\"@id\":\"https:\\\/\\\/inhala.net\\\/es\\\/productes\\\/cafe-congo-kawa-kabuya-250-grs\\\/#breadcrumb\"},\"inLanguage\":\"es\",\"potentialAction\":[{\"@type\":\"ReadAction\",\"target\":[\"https:\\\/\\\/inhala.net\\\/es\\\/productes\\\/cafe-congo-kawa-kabuya-250-grs\\\/\"]}]},{\"@type\":\"ImageObject\",\"inLanguage\":\"es\",\"@id\":\"https:\\\/\\\/inhala.net\\\/es\\\/productes\\\/cafe-congo-kawa-kabuya-250-grs\\\/#primaryimage\",\"url\":\"https:\\\/\\\/inhala.net\\\/wp-content\\\/uploads\\\/2025\\\/06\\\/cafe-Congo-Kawa-Kabuya-INhala-Cafes-y-Tes-Granollers-Barcelona.jpeg\",\"contentUrl\":\"https:\\\/\\\/inhala.net\\\/wp-content\\\/uploads\\\/2025\\\/06\\\/cafe-Congo-Kawa-Kabuya-INhala-Cafes-y-Tes-Granollers-Barcelona.jpeg\",\"width\":1621,\"height\":1332,\"caption\":\"Caf\u00e9 Congo Kawa Kabuya 250 grs. El productor es la Cooperativa Kawa Kabuya. Este caf\u00e9 Ar\u00e1bica crece entre 1450 y 1945 msnm. Proceso Lavado. Nota de cata: achocolatado, frutos rojos y almendras tostadas. Puntuaci\u00f3n: 85,75 El caf\u00e9 es la principal fuente de riqueza de Congo, aportando mejoras en la vivienda, escolarizaci\u00f3n de los hijos y en la salud. Nos encanta tener estos caf\u00e9s en nuestra selecci\u00f3n y poner en valor el gran trabajo que se est\u00e1 haciendo en estos pa\u00edses de \u00c1frica. En\u00a0INHALA Caf\u00e9s y T\u00e9s\u00a0encontrar\u00e1s\u00a0caf\u00e9s\u00a0reci\u00e9n tostados,\u00a0t\u00e9s\u00a0e\u00a0infusiones,\u00a0chocolates\u00a0selectos\u00a0y\u00a0deliciosas\u00a0galletas. Estamos en Portalet, 9 de Granollers, Barcelona.\"},{\"@type\":\"BreadcrumbList\",\"@id\":\"https:\\\/\\\/inhala.net\\\/es\\\/productes\\\/cafe-congo-kawa-kabuya-250-grs\\\/#breadcrumb\",\"itemListElement\":[{\"@type\":\"ListItem\",\"position\":1,\"name\":\"Inici\",\"item\":\"https:\\\/\\\/inhala.net\\\/es\\\/inicio\\\/\"},{\"@type\":\"ListItem\",\"position\":2,\"name\":\"Productos\",\"item\":\"https:\\\/\\\/inhala.net\\\/es\\\/product\\\/\"},{\"@type\":\"ListItem\",\"position\":3,\"name\":\"Caf\u00e9 Congo Kawa Kabuya 250 grs\"}]},{\"@type\":\"WebSite\",\"@id\":\"https:\\\/\\\/inhala.net\\\/#website\",\"url\":\"https:\\\/\\\/inhala.net\\\/\",\"name\":\"Inhala\",\"description\":\"Coffee & Tea | Invade los sentidos\",\"potentialAction\":[{\"@type\":\"SearchAction\",\"target\":{\"@type\":\"EntryPoint\",\"urlTemplate\":\"https:\\\/\\\/inhala.net\\\/?s={search_term_string}\"},\"query-input\":{\"@type\":\"PropertyValueSpecification\",\"valueRequired\":true,\"valueName\":\"search_term_string\"}}],\"inLanguage\":\"es\"}]}<\/script>\n<!-- \/ Yoast SEO plugin. -->","yoast_head_json":{"title":"Comprar Caf\u00e9 Congo Kawa Kabuya 250 grs - Inhala","description":"Caf\u00e9 Congo Kawa Kabuya 250 grs. en INHALA Caf\u00e9s y T\u00e9s encontrar\u00e1s caf\u00e9s reci\u00e9n tostados, t\u00e9s e infusiones, chocolates selectos y galletas.","robots":{"index":"index","follow":"follow","max-snippet":"max-snippet:-1","max-image-preview":"max-image-preview:large","max-video-preview":"max-video-preview:-1"},"canonical":"https:\/\/inhala.net\/es\/productes\/cafe-congo-kawa-kabuya-250-grs\/","og_locale":"es_ES","og_type":"article","og_title":"Comprar Caf\u00e9 Congo Kawa Kabuya 250 grs - Inhala","og_description":"Caf\u00e9 Congo Kawa Kabuya 250 grs. en INHALA Caf\u00e9s y T\u00e9s encontrar\u00e1s caf\u00e9s reci\u00e9n tostados, t\u00e9s e infusiones, chocolates selectos y galletas.","og_url":"https:\/\/inhala.net\/es\/productes\/cafe-congo-kawa-kabuya-250-grs\/","og_site_name":"Inhala","article_modified_time":"2025-06-06T18:02:37+00:00","og_image":[{"width":1621,"height":1332,"url":"https:\/\/inhala.net\/wp-content\/uploads\/2025\/06\/cafe-Congo-Kawa-Kabuya-INhala-Cafes-y-Tes-Granollers-Barcelona.jpeg","type":"image\/jpeg"}],"twitter_card":"summary_large_image","schema":{"@context":"https:\/\/schema.org","@graph":[{"@type":"WebPage","@id":"https:\/\/inhala.net\/es\/productes\/cafe-congo-kawa-kabuya-250-grs\/","url":"https:\/\/inhala.net\/es\/productes\/cafe-congo-kawa-kabuya-250-grs\/","name":"Comprar Caf\u00e9 Congo Kawa Kabuya 250 grs - Inhala","isPartOf":{"@id":"https:\/\/inhala.net\/#website"},"primaryImageOfPage":{"@id":"https:\/\/inhala.net\/es\/productes\/cafe-congo-kawa-kabuya-250-grs\/#primaryimage"},"image":{"@id":"https:\/\/inhala.net\/es\/productes\/cafe-congo-kawa-kabuya-250-grs\/#primaryimage"},"thumbnailUrl":"https:\/\/inhala.net\/wp-content\/uploads\/2025\/06\/cafe-Congo-Kawa-Kabuya-INhala-Cafes-y-Tes-Granollers-Barcelona.jpeg","datePublished":"2025-06-06T09:15:39+00:00","dateModified":"2025-06-06T18:02:37+00:00","description":"Caf\u00e9 Congo Kawa Kabuya 250 grs. en INHALA Caf\u00e9s y T\u00e9s encontrar\u00e1s caf\u00e9s reci\u00e9n tostados, t\u00e9s e infusiones, chocolates selectos y galletas.","breadcrumb":{"@id":"https:\/\/inhala.net\/es\/productes\/cafe-congo-kawa-kabuya-250-grs\/#breadcrumb"},"inLanguage":"es","potentialAction":[{"@type":"ReadAction","target":["https:\/\/inhala.net\/es\/productes\/cafe-congo-kawa-kabuya-250-grs\/"]}]},{"@type":"ImageObject","inLanguage":"es","@id":"https:\/\/inhala.net\/es\/productes\/cafe-congo-kawa-kabuya-250-grs\/#primaryimage","url":"https:\/\/inhala.net\/wp-content\/uploads\/2025\/06\/cafe-Congo-Kawa-Kabuya-INhala-Cafes-y-Tes-Granollers-Barcelona.jpeg","contentUrl":"https:\/\/inhala.net\/wp-content\/uploads\/2025\/06\/cafe-Congo-Kawa-Kabuya-INhala-Cafes-y-Tes-Granollers-Barcelona.jpeg","width":1621,"height":1332,"caption":"Caf\u00e9 Congo Kawa Kabuya 250 grs. El productor es la Cooperativa Kawa Kabuya. Este caf\u00e9 Ar\u00e1bica crece entre 1450 y 1945 msnm. Proceso Lavado. Nota de cata: achocolatado, frutos rojos y almendras tostadas. Puntuaci\u00f3n: 85,75 El caf\u00e9 es la principal fuente de riqueza de Congo, aportando mejoras en la vivienda, escolarizaci\u00f3n de los hijos y en la salud. Nos encanta tener estos caf\u00e9s en nuestra selecci\u00f3n y poner en valor el gran trabajo que se est\u00e1 haciendo en estos pa\u00edses de \u00c1frica. En\u00a0INHALA Caf\u00e9s y T\u00e9s\u00a0encontrar\u00e1s\u00a0caf\u00e9s\u00a0reci\u00e9n tostados,\u00a0t\u00e9s\u00a0e\u00a0infusiones,\u00a0chocolates\u00a0selectos\u00a0y\u00a0deliciosas\u00a0galletas. Estamos en Portalet, 9 de Granollers, Barcelona."},{"@type":"BreadcrumbList","@id":"https:\/\/inhala.net\/es\/productes\/cafe-congo-kawa-kabuya-250-grs\/#breadcrumb","itemListElement":[{"@type":"ListItem","position":1,"name":"Inici","item":"https:\/\/inhala.net\/es\/inicio\/"},{"@type":"ListItem","position":2,"name":"Productos","item":"https:\/\/inhala.net\/es\/product\/"},{"@type":"ListItem","position":3,"name":"Caf\u00e9 Congo Kawa Kabuya 250 grs"}]},{"@type":"WebSite","@id":"https:\/\/inhala.net\/#website","url":"https:\/\/inhala.net\/","name":"Inhala","description":"Coffee & Tea | Invade los sentidos","potentialAction":[{"@type":"SearchAction","target":{"@type":"EntryPoint","urlTemplate":"https:\/\/inhala.net\/?s={search_term_string}"},"query-input":{"@type":"PropertyValueSpecification","valueRequired":true,"valueName":"search_term_string"}}],"inLanguage":"es"}]}},"_links":{"self":[{"href":"https:\/\/inhala.net\/es\/wp-json\/wp\/v2\/product\/43341","targetHints":{"allow":["GET"]}}],"collection":[{"href":"https:\/\/inhala.net\/es\/wp-json\/wp\/v2\/product"}],"about":[{"href":"https:\/\/inhala.net\/es\/wp-json\/wp\/v2\/types\/product"}],"replies":[{"embeddable":true,"href":"https:\/\/inhala.net\/es\/wp-json\/wp\/v2\/comments?post=43341"}],"wp:featuredmedia":[{"embeddable":true,"href":"https:\/\/inhala.net\/es\/wp-json\/wp\/v2\/media\/43344"}],"wp:attachment":[{"href":"https:\/\/inhala.net\/es\/wp-json\/wp\/v2\/media?parent=43341"}],"wp:term":[{"taxonomy":"product_brand","embeddable":true,"href":"https:\/\/inhala.net\/es\/wp-json\/wp\/v2\/product_brand?post=43341"},{"taxonomy":"product_cat","embeddable":true,"href":"https:\/\/inhala.net\/es\/wp-json\/wp\/v2\/product_cat?post=43341"},{"taxonomy":"product_tag","embeddable":true,"href":"https:\/\/inhala.net\/es\/wp-json\/wp\/v2\/product_tag?post=43341"}],"curies":[{"name":"wp","href":"https:\/\/api.w.org\/{rel}","templated":true}]}}